{"id":255,"date":"2026-03-08T14:50:43","date_gmt":"2026-03-08T07:50:43","guid":{"rendered":"https:\/\/dev.wptheme.store\/s\/wpshoppc\/product\/may-han-que-sieu-khoe-weldcom-maxi-200\/"},"modified":"2026-03-08T14:50:43","modified_gmt":"2026-03-08T07:50:43","slug":"may-han-que-sieu-khoe-weldcom-maxi-200","status":"publish","type":"product","link":"https:\/\/dev.wptheme.store\/s\/wpshoppc\/product\/may-han-que-sieu-khoe-weldcom-maxi-200\/","title":{"rendered":"M\u00e1y h\u00e0n que si\u00eau kho\u1ebb Weldcom MAXI 200"},"content":{"rendered":"<p class=\"mb-4 leading-relaxed\">M\u00e1y h\u00e0n que si\u00eau kho\u1ebb Weldcom MAXI 200 l\u00e0 m\u1ed9t trong nh\u1eefng s\u1ea3n ph\u1ea9m n\u1ed5i b\u1eadt trong d\u00f2ng m\u00e1y h\u00e0n c\u1ee7a th\u01b0\u01a1ng hi\u1ec7u Weldcom. V\u1edbi thi\u1ebft k\u1ebf ch\u1eafc ch\u1eafn v\u00e0 hi\u1ec7u su\u1ea5t l\u00e0m vi\u1ec7c cao, s\u1ea3n ph\u1ea9m n\u00e0y \u0111\u00e1p \u1ee9ng nhu c\u1ea7u h\u00e0n cho c\u1ea3 nh\u1eefng c\u00f4ng vi\u1ec7c nh\u1ecf l\u1ebb t\u1ea1i gia \u0111\u00ecnh v\u00e0 c\u00e1c d\u1ef1 \u00e1n c\u00f4ng nghi\u1ec7p l\u1edbn.<\/p>\n<h2 class=\"py-2 my-4 text-2xl font-bold border-green-500 border-y border-opacity-10\">T\u00ednh n\u0103ng n\u1ed5i b\u1eadt<\/h2>\n<p class=\"mb-4 leading-relaxed\">M\u00e1y h\u00e0n MAXI 200 \u0111\u01b0\u1ee3c trang b\u1ecb nhi\u1ec1u t\u00ednh n\u0103ng \u01b0u vi\u1ec7t, bao g\u1ed3m:<\/p>\n<ul class=\"mb-4 space-y-1 list-none\">\n<li class=\"flex items-center gap-3 leading-relaxed text-gray-800 \"><div class=\"flex items-center justify-center w-5 h-5 bg-red-100 rounded-full shrink-0\"><svg class=\"w-3 h-3 text-red-600\" fill=\"none\" stroke=\"currentColor\" stroke- viewBox=\"0 0 24 24\"><path stroke-linecap=\"round\" stroke-linejoin=\"round\" d=\"M5 13l4 4L19 7\" \/><\/svg><\/div><div class=\"flex-1\">Ph\u1ea1m vi \u0111i\u1ec1u ch\u1ec9nh d\u00f2ng h\u00e0n t\u1eeb 10-200A, cho ph\u00e9p ng\u01b0\u1eddi d\u00f9ng linh ho\u1ea1t trong vi\u1ec7c l\u1ef1a ch\u1ecdn m\u1ee9c c\u00f4ng su\u1ea5t ph\u00f9 h\u1ee3p.<\/div><\/li>\n<li class=\"flex items-center gap-3 leading-relaxed text-gray-800 \"><div class=\"flex items-center justify-center w-5 h-5 bg-red-100 rounded-full shrink-0\"><svg class=\"w-3 h-3 text-red-600\" fill=\"none\" stroke=\"currentColor\" stroke- viewBox=\"0 0 24 24\"><path stroke-linecap=\"round\" stroke-linejoin=\"round\" d=\"M5 13l4 4L19 7\" \/><\/svg><\/div><div class=\"flex-1\">C\u00f4ng su\u1ea5t \u0111\u1ecbnh m\u1ee9c l\u00ean t\u1edbi 6.6KW, \u0111\u1ea3m b\u1ea3o hi\u1ec7u su\u1ea5t l\u00e0m vi\u1ec7c \u1ed5n \u0111\u1ecbnh.<\/div><\/li>\n<li class=\"flex items-center gap-3 leading-relaxed text-gray-800 \"><div class=\"flex items-center justify-center w-5 h-5 bg-red-100 rounded-full shrink-0\"><svg class=\"w-3 h-3 text-red-600\" fill=\"none\" stroke=\"currentColor\" stroke- viewBox=\"0 0 24 24\"><path stroke-linecap=\"round\" stroke-linejoin=\"round\" d=\"M5 13l4 4L19 7\" \/><\/svg><\/div><div class=\"flex-1\">C\u1ea5p \u0111\u1ed9 b\u1ea3o v\u1ec7 IP23, gi\u00fap m\u00e1y ho\u1ea1t \u0111\u1ed9ng hi\u1ec7u qu\u1ea3 trong nhi\u1ec1u \u0111i\u1ec1u ki\u1ec7n m\u00f4i tr\u01b0\u1eddng kh\u00e1c nhau.<\/div><\/li>\n<\/ul>\n<h2 class=\"py-2 my-4 text-2xl font-bold border-green-500 border-y border-opacity-10\">L\u1ee3i \u00edch khi s\u1eed d\u1ee5ng<\/h2>\n<p class=\"mb-4 leading-relaxed\">S\u1eed d\u1ee5ng m\u00e1y h\u00e0n que Weldcom MAXI 200 mang l\u1ea1i nhi\u1ec1u l\u1ee3i \u00edch cho ng\u01b0\u1eddi d\u00f9ng:<\/p>\n<ul class=\"mb-4 space-y-1 list-none\">\n<li class=\"flex items-center gap-3 leading-relaxed text-gray-800 \"><div class=\"flex items-center justify-center w-5 h-5 bg-red-100 rounded-full shrink-0\"><svg class=\"w-3 h-3 text-red-600\" fill=\"none\" stroke=\"currentColor\" stroke- viewBox=\"0 0 24 24\"><path stroke-linecap=\"round\" stroke-linejoin=\"round\" d=\"M5 13l4 4L19 7\" \/><\/svg><\/div><div class=\"flex-1\">Ti\u1ebft ki\u1ec7m th\u1eddi gian v\u00e0 c\u00f4ng s\u1ee9c nh\u1edd v\u00e0o kh\u1ea3 n\u0103ng h\u00e0n nhanh ch\u00f3ng v\u00e0 ch\u00ednh x\u00e1c.<\/div><\/li>\n<li class=\"flex items-center gap-3 leading-relaxed text-gray-800 \"><div class=\"flex items-center justify-center w-5 h-5 bg-red-100 rounded-full shrink-0\"><svg class=\"w-3 h-3 text-red-600\" fill=\"none\" stroke=\"currentColor\" stroke- viewBox=\"0 0 24 24\"><path stroke-linecap=\"round\" stroke-linejoin=\"round\" d=\"M5 13l4 4L19 7\" \/><\/svg><\/div><div class=\"flex-1\">\u0110\u1ed9 b\u1ec1n cao, gi\u00fap gi\u1ea3m thi\u1ec3u chi ph\u00ed b\u1ea3o tr\u00ec v\u00e0 thay th\u1ebf thi\u1ebft b\u1ecb.<\/div><\/li>\n<li class=\"flex items-center gap-3 leading-relaxed text-gray-800 \"><div class=\"flex items-center justify-center w-5 h-5 bg-red-100 rounded-full shrink-0\"><svg class=\"w-3 h-3 text-red-600\" fill=\"none\" stroke=\"currentColor\" stroke- viewBox=\"0 0 24 24\"><path stroke-linecap=\"round\" stroke-linejoin=\"round\" d=\"M5 13l4 4L19 7\" \/><\/svg><\/div><div class=\"flex-1\">Thi\u1ebft k\u1ebf g\u1ecdn nh\u1eb9, d\u1ec5 d\u00e0ng di chuy\u1ec3n v\u00e0 s\u1eed d\u1ee5ng trong nhi\u1ec1u kh\u00f4ng gian kh\u00e1c nhau.<\/div><\/li>\n<\/ul>\n<h2 class=\"py-2 my-4 text-2xl font-bold border-green-500 border-y border-opacity-10\">\u1ee8ng d\u1ee5ng th\u1ef1c t\u1ebf<\/h2>\n<p class=\"mb-4 leading-relaxed\">M\u00e1y h\u00e0n MAXI 200 ph\u00f9 h\u1ee3p cho nhi\u1ec1u \u1ee9ng d\u1ee5ng kh\u00e1c nhau, bao g\u1ed3m:<\/p>\n<ul class=\"mb-4 space-y-1 list-none\">\n<li class=\"flex items-center gap-3 leading-relaxed text-gray-800 \"><div class=\"flex items-center justify-center w-5 h-5 bg-red-100 rounded-full shrink-0\"><svg class=\"w-3 h-3 text-red-600\" fill=\"none\" stroke=\"currentColor\" stroke- viewBox=\"0 0 24 24\"><path stroke-linecap=\"round\" stroke-linejoin=\"round\" d=\"M5 13l4 4L19 7\" \/><\/svg><\/div><div class=\"flex-1\">H\u00e0n c\u00e1c lo\u1ea1i kim lo\u1ea1i nh\u01b0 s\u1eaft, th\u00e9p, inox.<\/div><\/li>\n<li class=\"flex items-center gap-3 leading-relaxed text-gray-800 \"><div class=\"flex items-center justify-center w-5 h-5 bg-red-100 rounded-full shrink-0\"><svg class=\"w-3 h-3 text-red-600\" fill=\"none\" stroke=\"currentColor\" stroke- viewBox=\"0 0 24 24\"><path stroke-linecap=\"round\" stroke-linejoin=\"round\" d=\"M5 13l4 4L19 7\" \/><\/svg><\/div><div class=\"flex-1\">Th\u1ef1c hi\u1ec7n c\u00e1c c\u00f4ng vi\u1ec7c h\u00e0n trong ng\u00e0nh x\u00e2y d\u1ef1ng, s\u1eeda ch\u1eefa \u00f4 t\u00f4, v\u00e0 s\u1ea3n xu\u1ea5t c\u01a1 kh\u00ed.<\/div><\/li>\n<li class=\"flex items-center gap-3 leading-relaxed text-gray-800 \"><div class=\"flex items-center justify-center w-5 h-5 bg-red-100 rounded-full shrink-0\"><svg class=\"w-3 h-3 text-red-600\" fill=\"none\" stroke=\"currentColor\" stroke- viewBox=\"0 0 24 24\"><path stroke-linecap=\"round\" stroke-linejoin=\"round\" d=\"M5 13l4 4L19 7\" \/><\/svg><\/div><div class=\"flex-1\">H\u00e0n cho c\u00e1c d\u1ef1 \u00e1n DIY t\u1ea1i nh\u00e0.<\/div><\/li>\n<\/ul>\n<h2 class=\"py-2 my-4 text-2xl font-bold border-green-500 border-y border-opacity-10\">L\u01b0u \u00fd khi s\u1eed d\u1ee5ng<\/h2>\n<p class=\"mb-4 leading-relaxed\">Khi s\u1eed d\u1ee5ng m\u00e1y h\u00e0n que Weldcom MAXI 200, ng\u01b0\u1eddi d\u00f9ng c\u1ea7n l\u01b0u \u00fd:<\/p>\n<ul class=\"mb-4 space-y-1 list-none\">\n<li class=\"flex items-center gap-3 leading-relaxed text-gray-800 \"><div class=\"flex items-center justify-center w-5 h-5 bg-red-100 rounded-full shrink-0\"><svg class=\"w-3 h-3 text-red-600\" fill=\"none\" stroke=\"currentColor\" stroke- viewBox=\"0 0 24 24\"><path stroke-linecap=\"round\" stroke-linejoin=\"round\" d=\"M5 13l4 4L19 7\" \/><\/svg><\/div><div class=\"flex-1\">\u0110\u1ea3m b\u1ea3o ki\u1ec3m tra tem ch\u1ed1ng gi\u1ea3 v\u00e0 k\u00edch ho\u1ea1t b\u1ea3o h\u00e0nh \u0111i\u1ec7n t\u1eed \u0111\u1ec3 \u0111\u01b0\u1ee3c h\u1ed7 tr\u1ee3 t\u1ed1t nh\u1ea5t.<\/div><\/li>\n<li class=\"flex items-center gap-3 leading-relaxed text-gray-800 \"><div class=\"flex items-center justify-center w-5 h-5 bg-red-100 rounded-full shrink-0\"><svg class=\"w-3 h-3 text-red-600\" fill=\"none\" stroke=\"currentColor\" stroke- viewBox=\"0 0 24 24\"><path stroke-linecap=\"round\" stroke-linejoin=\"round\" d=\"M5 13l4 4L19 7\" \/><\/svg><\/div><div class=\"flex-1\">Th\u1ef1c hi\u1ec7n c\u00e1c bi\u1ec7n ph\u00e1p an to\u00e0n lao \u0111\u1ed9ng, nh\u01b0 \u0111eo k\u00ednh b\u1ea3o h\u1ed9 v\u00e0 g\u0103ng tay khi h\u00e0n.<\/div><\/li>\n<li class=\"flex items-center gap-3 leading-relaxed text-gray-800 \"><div class=\"flex items-center justify-center w-5 h-5 bg-red-100 rounded-full shrink-0\"><svg class=\"w-3 h-3 text-red-600\" fill=\"none\" stroke=\"currentColor\" stroke- viewBox=\"0 0 24 24\"><path stroke-linecap=\"round\" stroke-linejoin=\"round\" d=\"M5 13l4 4L19 7\" \/><\/svg><\/div><div class=\"flex-1\">Kh\u00f4ng \u0111\u1ec3 m\u00e1y ho\u1ea1t \u0111\u1ed9ng li\u00ean t\u1ee5c qu\u00e1 l\u00e2u \u0111\u1ec3 tr\u00e1nh qu\u00e1 nhi\u1ec7t.<\/div><\/li>\n<\/ul>\n","protected":false},"excerpt":{"rendered":"<p class=\"mb-4 leading-relaxed\">M\u00e1y h\u00e0n que si\u00eau kho\u1ebb Weldcom MAXI 200 l\u00e0 thi\u1ebft b\u1ecb l\u00fd t\u01b0\u1edfng cho c\u00e1c c\u00f4ng vi\u1ec7c h\u00e0n chuy\u00ean nghi\u1ec7p v\u1edbi hi\u1ec7u su\u1ea5t cao v\u00e0 \u0111\u1ed9 b\u1ec1n v\u01b0\u1ee3t tr\u1ed9i.<\/p>\n","protected":false},"featured_media":256,"template":"","meta":{"footnotes":""},"product_cat":[684,685],"product_tag":[],"ztteam_product_brand":[683],"class_list":["post-255","product","type-product","status-publish","has-post-thumbnail","hentry","product_cat-may-han-phu-kien","product_cat-may-han-que","ztteam_product_brand-weldcom"],"meta_box":{"_sku":"Maxi 200","_regular_price":"3950000","_sale_price":"","_price":"3950000","_stock_status":"instock","_stock":"","_manage_stock":"no","_weight":"","_length":"","_width":"","_height":"","_product_image_gallery":[],"_featured":"no","_visibility":"visible","_virtual":"no","_downloadable":"no","product_type":"simple","product_attributes":[],"color_variations":[],"size_variations":[],"storage_variations":[],"material_variations":[]},"price":"3950000","demo_url":"","_links":{"self":[{"href":"https:\/\/dev.wptheme.store\/s\/wpshoppc\/wp-json\/wp\/v2\/product\/255","targetHints":{"allow":["GET"]}}],"collection":[{"href":"https:\/\/dev.wptheme.store\/s\/wpshoppc\/wp-json\/wp\/v2\/product"}],"about":[{"href":"https:\/\/dev.wptheme.store\/s\/wpshoppc\/wp-json\/wp\/v2\/types\/product"}],"version-history":[{"count":0,"href":"https:\/\/dev.wptheme.store\/s\/wpshoppc\/wp-json\/wp\/v2\/product\/255\/revisions"}],"wp:featuredmedia":[{"embeddable":true,"href":"https:\/\/dev.wptheme.store\/s\/wpshoppc\/wp-json\/wp\/v2\/media\/256"}],"wp:attachment":[{"href":"https:\/\/dev.wptheme.store\/s\/wpshoppc\/wp-json\/wp\/v2\/media?parent=255"}],"wp:term":[{"taxonomy":"product_cat","embeddable":true,"href":"https:\/\/dev.wptheme.store\/s\/wpshoppc\/wp-json\/wp\/v2\/product_cat?post=255"},{"taxonomy":"product_tag","embeddable":true,"href":"https:\/\/dev.wptheme.store\/s\/wpshoppc\/wp-json\/wp\/v2\/product_tag?post=255"},{"taxonomy":"ztteam_product_brand","embeddable":true,"href":"https:\/\/dev.wptheme.store\/s\/wpshoppc\/wp-json\/wp\/v2\/ztteam_product_brand?post=255"}],"curies":[{"name":"wp","href":"https:\/\/api.w.org\/{rel}","templated":true}]}}