{"id":257,"date":"2026-03-08T14:50:44","date_gmt":"2026-03-08T07:50:44","guid":{"rendered":"https:\/\/dev.wptheme.store\/s\/wpshoppc\/product\/kinh-han-dien-tu-weldcom-w202a\/"},"modified":"2026-03-08T14:50:44","modified_gmt":"2026-03-08T07:50:44","slug":"kinh-han-dien-tu-weldcom-w202a","status":"publish","type":"product","link":"https:\/\/dev.wptheme.store\/s\/wpshoppc\/product\/kinh-han-dien-tu-weldcom-w202a\/","title":{"rendered":"K\u00ednh h\u00e0n \u0111i\u1ec7n t\u1eed Weldcom W202A"},"content":{"rendered":"<p class=\"mb-4 leading-relaxed\">K\u00ednh h\u00e0n \u0111i\u1ec7n t\u1eed Weldcom W202A l\u00e0 m\u1ed9t trong nh\u1eefng s\u1ea3n ph\u1ea9m n\u1ed5i b\u1eadt trong d\u00f2ng d\u1ee5ng c\u1ee5 b\u1ea3o h\u1ed9 h\u00e0n, \u0111\u01b0\u1ee3c thi\u1ebft k\u1ebf \u0111\u1ec3 b\u1ea3o v\u1ec7 m\u1eaft kh\u1ecfi t\u00e1c h\u1ea1i c\u1ee7a tia h\u00e0n v\u00e0 nhi\u1ec7t \u0111\u1ed9 cao. V\u1edbi ch\u1ea5t li\u1ec7u nh\u1ef1a cao c\u1ea5p, s\u1ea3n ph\u1ea9m mang l\u1ea1i \u0111\u1ed9 b\u1ec1n v\u00e0 s\u1ef1 tho\u1ea3i m\u00e1i cho ng\u01b0\u1eddi s\u1eed d\u1ee5ng.<\/p>\n<h2 class=\"py-2 my-4 text-2xl font-bold border-green-500 border-y border-opacity-10\">T\u00ednh n\u0103ng n\u1ed5i b\u1eadt<\/h2>\n<p class=\"mb-4 leading-relaxed\">K\u00ednh h\u00e0n Weldcom W202A \u0111\u01b0\u1ee3c trang b\u1ecb nhi\u1ec1u t\u00ednh n\u0103ng ti\u00ean ti\u1ebfn nh\u01b0:<\/p>\n<ul class=\"mb-4 space-y-1 list-none\">\n<li class=\"flex items-center gap-3 leading-relaxed text-gray-800 \"><div class=\"flex items-center justify-center w-5 h-5 bg-red-100 rounded-full shrink-0\"><svg class=\"w-3 h-3 text-red-600\" fill=\"none\" stroke=\"currentColor\" stroke- viewBox=\"0 0 24 24\"><path stroke-linecap=\"round\" stroke-linejoin=\"round\" d=\"M5 13l4 4L19 7\" \/><\/svg><\/div><div class=\"flex-1\">\u0110\u1ed9 s\u00e1ng DIN3 v\u00e0 \u0111\u1ed9 t\u1ed1i DIN11 gi\u00fap \u0111i\u1ec1u ch\u1ec9nh \u00e1nh s\u00e1ng t\u1ed1i \u01b0u.<\/div><\/li>\n<li class=\"flex items-center gap-3 leading-relaxed text-gray-800 \"><div class=\"flex items-center justify-center w-5 h-5 bg-red-100 rounded-full shrink-0\"><svg class=\"w-3 h-3 text-red-600\" fill=\"none\" stroke=\"currentColor\" stroke- viewBox=\"0 0 24 24\"><path stroke-linecap=\"round\" stroke-linejoin=\"round\" d=\"M5 13l4 4L19 7\" \/><\/svg><\/div><div class=\"flex-1\">Th\u1eddi gian tr\u1ec5 ch\u1ec9 t\u1eeb 0,1 &#8211; 0,3 gi\u00e2y, cung c\u1ea5p kh\u1ea3 n\u0103ng ph\u1ea3n \u1ee9ng nhanh ch\u00f3ng.<\/div><\/li>\n<li class=\"flex items-center gap-3 leading-relaxed text-gray-800 \"><div class=\"flex items-center justify-center w-5 h-5 bg-red-100 rounded-full shrink-0\"><svg class=\"w-3 h-3 text-red-600\" fill=\"none\" stroke=\"currentColor\" stroke- viewBox=\"0 0 24 24\"><path stroke-linecap=\"round\" stroke-linejoin=\"round\" d=\"M5 13l4 4L19 7\" \/><\/svg><\/div><div class=\"flex-1\">S\u1eed d\u1ee5ng ngu\u1ed3n n\u0103ng l\u01b0\u1ee3ng t\u1eeb pin s\u1ea1c v\u00e0 n\u0103ng l\u01b0\u1ee3ng m\u1eb7t tr\u1eddi, th\u00e2n thi\u1ec7n v\u1edbi m\u00f4i tr\u01b0\u1eddng.<\/div><\/li>\n<\/ul>\n<h2 class=\"py-2 my-4 text-2xl font-bold border-green-500 border-y border-opacity-10\">L\u1ee3i \u00edch khi s\u1eed d\u1ee5ng<\/h2>\n<p class=\"mb-4 leading-relaxed\">S\u1eed d\u1ee5ng k\u00ednh h\u00e0n \u0111i\u1ec7n t\u1eed Weldcom W202A gi\u00fap b\u1ea3o v\u1ec7 m\u1eaft hi\u1ec7u qu\u1ea3 tr\u01b0\u1edbc c\u00e1c tia UV v\u00e0 IR, \u0111\u1ed3ng th\u1eddi gi\u1ea3m thi\u1ec3u m\u1ecfi m\u1eaft khi l\u00e0m vi\u1ec7c l\u00e2u d\u00e0i. S\u1ea3n ph\u1ea9m nh\u1eb9 ch\u1ec9 100g, gi\u00fap ng\u01b0\u1eddi d\u00f9ng kh\u00f4ng c\u1ea3m th\u1ea5y n\u1eb7ng n\u1ec1 khi \u0111eo.<\/p>\n<h2 class=\"py-2 my-4 text-2xl font-bold border-green-500 border-y border-opacity-10\">\u1ee8ng d\u1ee5ng th\u1ef1c t\u1ebf<\/h2>\n<p class=\"mb-4 leading-relaxed\">K\u00ednh h\u00e0n Weldcom W202A r\u1ea5t ph\u00f9 h\u1ee3p cho c\u00e1c c\u00f4ng vi\u1ec7c h\u00e0n trong c\u00f4ng nghi\u1ec7p, x\u00e2y d\u1ef1ng v\u00e0 c\u1ea3 s\u1eed d\u1ee5ng t\u1ea1i nh\u00e0. \u0110\u00e2y l\u00e0 l\u1ef1a ch\u1ecdn l\u00fd t\u01b0\u1edfng cho th\u1ee3 h\u00e0n chuy\u00ean nghi\u1ec7p c\u0169ng nh\u01b0 nh\u1eefng ng\u01b0\u1eddi m\u1edbi b\u1eaft \u0111\u1ea7u.<\/p>\n<h2 class=\"py-2 my-4 text-2xl font-bold border-green-500 border-y border-opacity-10\">L\u01b0u \u00fd khi s\u1eed d\u1ee5ng<\/h2>\n<p class=\"mb-4 leading-relaxed\">Khi s\u1eed d\u1ee5ng k\u00ednh h\u00e0n, ng\u01b0\u1eddi d\u00f9ng c\u1ea7n l\u01b0u \u00fd:<\/p>\n<ul class=\"mb-4 space-y-1 list-none\">\n<li class=\"flex items-center gap-3 leading-relaxed text-gray-800 \"><div class=\"flex items-center justify-center w-5 h-5 bg-red-100 rounded-full shrink-0\"><svg class=\"w-3 h-3 text-red-600\" fill=\"none\" stroke=\"currentColor\" stroke- viewBox=\"0 0 24 24\"><path stroke-linecap=\"round\" stroke-linejoin=\"round\" d=\"M5 13l4 4L19 7\" \/><\/svg><\/div><div class=\"flex-1\">Ki\u1ec3m tra k\u1ef9 ch\u1ea5t l\u01b0\u1ee3ng k\u00ednh tr\u01b0\u1edbc khi s\u1eed d\u1ee5ng.<\/div><\/li>\n<li class=\"flex items-center gap-3 leading-relaxed text-gray-800 \"><div class=\"flex items-center justify-center w-5 h-5 bg-red-100 rounded-full shrink-0\"><svg class=\"w-3 h-3 text-red-600\" fill=\"none\" stroke=\"currentColor\" stroke- viewBox=\"0 0 24 24\"><path stroke-linecap=\"round\" stroke-linejoin=\"round\" d=\"M5 13l4 4L19 7\" \/><\/svg><\/div><div class=\"flex-1\">\u0110\u1ea3m b\u1ea3o k\u00ednh \u0111\u01b0\u1ee3c b\u1ea3o qu\u1ea3n \u0111\u00fang c\u00e1ch \u0111\u1ec3 k\u00e9o d\u00e0i tu\u1ed5i th\u1ecd.<\/div><\/li>\n<li class=\"flex items-center gap-3 leading-relaxed text-gray-800 \"><div class=\"flex items-center justify-center w-5 h-5 bg-red-100 rounded-full shrink-0\"><svg class=\"w-3 h-3 text-red-600\" fill=\"none\" stroke=\"currentColor\" stroke- viewBox=\"0 0 24 24\"><path stroke-linecap=\"round\" stroke-linejoin=\"round\" d=\"M5 13l4 4L19 7\" \/><\/svg><\/div><div class=\"flex-1\">Th\u01b0\u1eddng xuy\u00ean v\u1ec7 sinh k\u00ednh \u0111\u1ec3 \u0111\u1ea3m b\u1ea3o t\u1ea7m nh\u00ecn r\u00f5 r\u00e0ng.<\/div><\/li>\n<\/ul>\n","protected":false},"excerpt":{"rendered":"<p class=\"mb-4 leading-relaxed\">K\u00ednh h\u00e0n \u0111i\u1ec7n t\u1eed Weldcom W202A l\u00e0 thi\u1ebft b\u1ecb b\u1ea3o h\u1ed9 h\u00e0n ch\u1ea5t l\u01b0\u1ee3ng cao, gi\u00fap b\u1ea3o v\u1ec7 m\u1eaft hi\u1ec7u qu\u1ea3 trong qu\u00e1 tr\u00ecnh h\u00e0n. V\u1edbi nhi\u1ec1u t\u00ednh n\u0103ng v\u01b0\u1ee3t tr\u1ed9i, s\u1ea3n ph\u1ea9m n\u00e0y l\u00e0 l\u1ef1a ch\u1ecdn l\u00fd t\u01b0\u1edfng cho th\u1ee3 h\u00e0n chuy\u00ean nghi\u1ec7p v\u00e0 ng\u01b0\u1eddi d\u00f9ng gia \u0111\u00ecnh.<\/p>\n","protected":false},"featured_media":258,"template":"","meta":{"footnotes":""},"product_cat":[687,688,689,684,686],"product_tag":[],"ztteam_product_brand":[683],"class_list":["post-257","product","type-product","status-publish","has-post-thumbnail","hentry","product_cat-dung-cu-bao-ho-han","product_cat-dung-cu-bao-ve-mat","product_cat-kinh-han-dien-tu","product_cat-may-han-phu-kien","product_cat-phu-kien-han","ztteam_product_brand-weldcom"],"meta_box":{"_sku":"W202A","_regular_price":"197000","_sale_price":"","_price":"197000","_stock_status":"instock","_stock":"","_manage_stock":"no","_weight":"","_length":"","_width":"","_height":"","_product_image_gallery":[],"_featured":"no","_visibility":"visible","_virtual":"no","_downloadable":"no","product_type":"simple","product_attributes":[],"color_variations":[],"size_variations":[],"storage_variations":[],"material_variations":[]},"price":"197000","demo_url":"","_links":{"self":[{"href":"https:\/\/dev.wptheme.store\/s\/wpshoppc\/wp-json\/wp\/v2\/product\/257","targetHints":{"allow":["GET"]}}],"collection":[{"href":"https:\/\/dev.wptheme.store\/s\/wpshoppc\/wp-json\/wp\/v2\/product"}],"about":[{"href":"https:\/\/dev.wptheme.store\/s\/wpshoppc\/wp-json\/wp\/v2\/types\/product"}],"version-history":[{"count":0,"href":"https:\/\/dev.wptheme.store\/s\/wpshoppc\/wp-json\/wp\/v2\/product\/257\/revisions"}],"wp:featuredmedia":[{"embeddable":true,"href":"https:\/\/dev.wptheme.store\/s\/wpshoppc\/wp-json\/wp\/v2\/media\/258"}],"wp:attachment":[{"href":"https:\/\/dev.wptheme.store\/s\/wpshoppc\/wp-json\/wp\/v2\/media?parent=257"}],"wp:term":[{"taxonomy":"product_cat","embeddable":true,"href":"https:\/\/dev.wptheme.store\/s\/wpshoppc\/wp-json\/wp\/v2\/product_cat?post=257"},{"taxonomy":"product_tag","embeddable":true,"href":"https:\/\/dev.wptheme.store\/s\/wpshoppc\/wp-json\/wp\/v2\/product_tag?post=257"},{"taxonomy":"ztteam_product_brand","embeddable":true,"href":"https:\/\/dev.wptheme.store\/s\/wpshoppc\/wp-json\/wp\/v2\/ztteam_product_brand?post=257"}],"curies":[{"name":"wp","href":"https:\/\/api.w.org\/{rel}","templated":true}]}}