{"id":259,"date":"2026-03-08T14:50:45","date_gmt":"2026-03-08T07:50:45","guid":{"rendered":"https:\/\/dev.wptheme.store\/s\/wpshoppc\/product\/kinh-han-tu-dong-weldcom-w200a\/"},"modified":"2026-03-08T14:50:45","modified_gmt":"2026-03-08T07:50:45","slug":"kinh-han-tu-dong-weldcom-w200a","status":"publish","type":"product","link":"https:\/\/dev.wptheme.store\/s\/wpshoppc\/product\/kinh-han-tu-dong-weldcom-w200a\/","title":{"rendered":"K\u00ednh h\u00e0n t\u1ef1 \u0111\u1ed9ng Weldcom W200A"},"content":{"rendered":"<p class=\"mb-4 leading-relaxed\">K\u00ednh h\u00e0n t\u1ef1 \u0111\u1ed9ng Weldcom W200A l\u00e0 s\u1ea3n ph\u1ea9m l\u00fd t\u01b0\u1edfng d\u00e0nh cho nh\u1eefng ng\u01b0\u1eddi th\u1ee3 h\u00e0n chuy\u00ean nghi\u1ec7p v\u00e0 ng\u01b0\u1eddi s\u1eed d\u1ee5ng trong gia \u0111\u00ecnh. V\u1edbi kh\u1ea3 n\u0103ng t\u1ef1 \u0111\u1ed9ng \u0111i\u1ec1u ch\u1ec9nh \u0111\u1ed9 t\u1ed1i c\u1ee7a k\u00ednh, s\u1ea3n ph\u1ea9m gi\u00fap b\u1ea3o v\u1ec7 m\u1eaft kh\u1ecfi \u00e1nh s\u00e1ng ch\u00f3i v\u00e0 tia UV trong qu\u00e1 tr\u00ecnh h\u00e0n.<\/p>\n<h2 class=\"py-2 my-4 text-2xl font-bold border-green-500 border-y border-opacity-10\">T\u00ednh n\u0103ng n\u1ed5i b\u1eadt<\/h2>\n<p class=\"mb-4 leading-relaxed\">K\u00ednh h\u00e0n Weldcom W200A s\u1edf h\u1eefu nhi\u1ec1u t\u00ednh n\u0103ng v\u01b0\u1ee3t tr\u1ed9i:<\/p>\n<ul class=\"mb-4 space-y-1 list-none\">\n<li class=\"flex items-center gap-3 leading-relaxed text-gray-800 \"><div class=\"flex items-center justify-center w-5 h-5 bg-red-100 rounded-full shrink-0\"><svg class=\"w-3 h-3 text-red-600\" fill=\"none\" stroke=\"currentColor\" stroke- viewBox=\"0 0 24 24\"><path stroke-linecap=\"round\" stroke-linejoin=\"round\" d=\"M5 13l4 4L19 7\" \/><\/svg><\/div><div class=\"flex-1\">Chuy\u1ec3n \u0111\u1ed5i t\u1eeb s\u00e1ng sang t\u1ed1i ch\u1ec9 trong 0.5ms<\/div><\/li>\n<li class=\"flex items-center gap-3 leading-relaxed text-gray-800 \"><div class=\"flex items-center justify-center w-5 h-5 bg-red-100 rounded-full shrink-0\"><svg class=\"w-3 h-3 text-red-600\" fill=\"none\" stroke=\"currentColor\" stroke- viewBox=\"0 0 24 24\"><path stroke-linecap=\"round\" stroke-linejoin=\"round\" d=\"M5 13l4 4L19 7\" \/><\/svg><\/div><div class=\"flex-1\">Hai c\u1ea3m bi\u1ebfn gi\u00fap ph\u00e1t hi\u1ec7n ch\u00ednh x\u00e1c khi c\u00f3 \u00e1nh s\u00e1ng h\u00e0n<\/div><\/li>\n<li class=\"flex items-center gap-3 leading-relaxed text-gray-800 \"><div class=\"flex items-center justify-center w-5 h-5 bg-red-100 rounded-full shrink-0\"><svg class=\"w-3 h-3 text-red-600\" fill=\"none\" stroke=\"currentColor\" stroke- viewBox=\"0 0 24 24\"><path stroke-linecap=\"round\" stroke-linejoin=\"round\" d=\"M5 13l4 4L19 7\" \/><\/svg><\/div><div class=\"flex-1\">Ch\u1ea5t li\u1ec7u PP b\u1ec1n b\u1ec9, kh\u1ea3 n\u0103ng ch\u1ecbu nhi\u1ec7t t\u1ed1t<\/div><\/li>\n<\/ul>\n<h2 class=\"py-2 my-4 text-2xl font-bold border-green-500 border-y border-opacity-10\">L\u1ee3i \u00edch khi s\u1eed d\u1ee5ng<\/h2>\n<p class=\"mb-4 leading-relaxed\">S\u1eed d\u1ee5ng k\u00ednh h\u00e0n t\u1ef1 \u0111\u1ed9ng Weldcom W200A mang l\u1ea1i nhi\u1ec1u l\u1ee3i \u00edch:<\/p>\n<ul class=\"mb-4 space-y-1 list-none\">\n<li class=\"flex items-center gap-3 leading-relaxed text-gray-800 \"><div class=\"flex items-center justify-center w-5 h-5 bg-red-100 rounded-full shrink-0\"><svg class=\"w-3 h-3 text-red-600\" fill=\"none\" stroke=\"currentColor\" stroke- viewBox=\"0 0 24 24\"><path stroke-linecap=\"round\" stroke-linejoin=\"round\" d=\"M5 13l4 4L19 7\" \/><\/svg><\/div><div class=\"flex-1\">Gi\u1ea3m thi\u1ec3u nguy c\u01a1 t\u1ed5n th\u01b0\u01a1ng m\u1eaft do \u00e1nh s\u00e1ng ch\u00f3i v\u00e0 tia UV<\/div><\/li>\n<li class=\"flex items-center gap-3 leading-relaxed text-gray-800 \"><div class=\"flex items-center justify-center w-5 h-5 bg-red-100 rounded-full shrink-0\"><svg class=\"w-3 h-3 text-red-600\" fill=\"none\" stroke=\"currentColor\" stroke- viewBox=\"0 0 24 24\"><path stroke-linecap=\"round\" stroke-linejoin=\"round\" d=\"M5 13l4 4L19 7\" \/><\/svg><\/div><div class=\"flex-1\">T\u0103ng c\u01b0\u1eddng hi\u1ec7u su\u1ea5t l\u00e0m vi\u1ec7c nh\u1edd kh\u1ea3 n\u0103ng chuy\u1ec3n \u0111\u1ed5i nhanh<\/div><\/li>\n<li class=\"flex items-center gap-3 leading-relaxed text-gray-800 \"><div class=\"flex items-center justify-center w-5 h-5 bg-red-100 rounded-full shrink-0\"><svg class=\"w-3 h-3 text-red-600\" fill=\"none\" stroke=\"currentColor\" stroke- viewBox=\"0 0 24 24\"><path stroke-linecap=\"round\" stroke-linejoin=\"round\" d=\"M5 13l4 4L19 7\" \/><\/svg><\/div><div class=\"flex-1\">Thi\u1ebft k\u1ebf nh\u1eb9 nh\u00e0ng, tho\u1ea3i m\u00e1i khi \u0111eo trong th\u1eddi gian d\u00e0i<\/div><\/li>\n<\/ul>\n<h2 class=\"py-2 my-4 text-2xl font-bold border-green-500 border-y border-opacity-10\">\u1ee8ng d\u1ee5ng th\u1ef1c t\u1ebf<\/h2>\n<p class=\"mb-4 leading-relaxed\">K\u00ednh h\u00e0n Weldcom W200A ph\u00f9 h\u1ee3p cho nhi\u1ec1u \u1ee9ng d\u1ee5ng th\u1ef1c t\u1ebf nh\u01b0:<\/p>\n<ul class=\"mb-4 space-y-1 list-none\">\n<li class=\"flex items-center gap-3 leading-relaxed text-gray-800 \"><div class=\"flex items-center justify-center w-5 h-5 bg-red-100 rounded-full shrink-0\"><svg class=\"w-3 h-3 text-red-600\" fill=\"none\" stroke=\"currentColor\" stroke- viewBox=\"0 0 24 24\"><path stroke-linecap=\"round\" stroke-linejoin=\"round\" d=\"M5 13l4 4L19 7\" \/><\/svg><\/div><div class=\"flex-1\">H\u00e0n kim lo\u1ea1i trong x\u01b0\u1edfng s\u1ea3n xu\u1ea5t<\/div><\/li>\n<li class=\"flex items-center gap-3 leading-relaxed text-gray-800 \"><div class=\"flex items-center justify-center w-5 h-5 bg-red-100 rounded-full shrink-0\"><svg class=\"w-3 h-3 text-red-600\" fill=\"none\" stroke=\"currentColor\" stroke- viewBox=\"0 0 24 24\"><path stroke-linecap=\"round\" stroke-linejoin=\"round\" d=\"M5 13l4 4L19 7\" \/><\/svg><\/div><div class=\"flex-1\">S\u1eeda ch\u1eefa thi\u1ebft b\u1ecb \u0111i\u1ec7n trong gia \u0111\u00ecnh<\/div><\/li>\n<li class=\"flex items-center gap-3 leading-relaxed text-gray-800 \"><div class=\"flex items-center justify-center w-5 h-5 bg-red-100 rounded-full shrink-0\"><svg class=\"w-3 h-3 text-red-600\" fill=\"none\" stroke=\"currentColor\" stroke- viewBox=\"0 0 24 24\"><path stroke-linecap=\"round\" stroke-linejoin=\"round\" d=\"M5 13l4 4L19 7\" \/><\/svg><\/div><div class=\"flex-1\">C\u00e1c c\u00f4ng vi\u1ec7c DIY li\u00ean quan \u0111\u1ebfn h\u00e0n<\/div><\/li>\n<\/ul>\n<h2 class=\"py-2 my-4 text-2xl font-bold border-green-500 border-y border-opacity-10\">L\u01b0u \u00fd khi s\u1eed d\u1ee5ng<\/h2>\n<p class=\"mb-4 leading-relaxed\">\u0110\u1ec3 \u0111\u1ea3m b\u1ea3o an to\u00e0n v\u00e0 hi\u1ec7u qu\u1ea3 khi s\u1eed d\u1ee5ng k\u00ednh h\u00e0n Weldcom W200A, b\u1ea1n c\u1ea7n l\u01b0u \u00fd:<\/p>\n<ul class=\"mb-4 space-y-1 list-none\">\n<li class=\"flex items-center gap-3 leading-relaxed text-gray-800 \"><div class=\"flex items-center justify-center w-5 h-5 bg-red-100 rounded-full shrink-0\"><svg class=\"w-3 h-3 text-red-600\" fill=\"none\" stroke=\"currentColor\" stroke- viewBox=\"0 0 24 24\"><path stroke-linecap=\"round\" stroke-linejoin=\"round\" d=\"M5 13l4 4L19 7\" \/><\/svg><\/div><div class=\"flex-1\">Th\u01b0\u1eddng xuy\u00ean ki\u1ec3m tra k\u00ednh \u0111\u1ec3 \u0111\u1ea3m b\u1ea3o kh\u00f4ng b\u1ecb tr\u1ea7y x\u01b0\u1edbc<\/div><\/li>\n<li class=\"flex items-center gap-3 leading-relaxed text-gray-800 \"><div class=\"flex items-center justify-center w-5 h-5 bg-red-100 rounded-full shrink-0\"><svg class=\"w-3 h-3 text-red-600\" fill=\"none\" stroke=\"currentColor\" stroke- viewBox=\"0 0 24 24\"><path stroke-linecap=\"round\" stroke-linejoin=\"round\" d=\"M5 13l4 4L19 7\" \/><\/svg><\/div><div class=\"flex-1\">Kh\u00f4ng \u0111\u1ec3 k\u00ednh ti\u1ebfp x\u00fac v\u1edbi nhi\u1ec7t \u0111\u1ed9 qu\u00e1 cao<\/div><\/li>\n<li class=\"flex items-center gap-3 leading-relaxed text-gray-800 \"><div class=\"flex items-center justify-center w-5 h-5 bg-red-100 rounded-full shrink-0\"><svg class=\"w-3 h-3 text-red-600\" fill=\"none\" stroke=\"currentColor\" stroke- viewBox=\"0 0 24 24\"><path stroke-linecap=\"round\" stroke-linejoin=\"round\" d=\"M5 13l4 4L19 7\" \/><\/svg><\/div><div class=\"flex-1\">Ki\u1ec3m tra tem ch\u1ed1ng gi\u1ea3 v\u00e0 k\u00edch ho\u1ea1t b\u1ea3o h\u00e0nh \u0111i\u1ec7n t\u1eed n\u1ebfu c\u00f3<\/div><\/li>\n<\/ul>\n","protected":false},"excerpt":{"rendered":"<p class=\"mb-4 leading-relaxed\">K\u00ednh h\u00e0n t\u1ef1 \u0111\u1ed9ng Weldcom W200A cung c\u1ea5p s\u1ef1 b\u1ea3o v\u1ec7 t\u1ed1i \u01b0u cho m\u1eaft trong qu\u00e1 tr\u00ecnh h\u00e0n, v\u1edbi t\u00ednh n\u0103ng chuy\u1ec3n \u0111\u1ed5i nhanh v\u00e0 hi\u1ec7u su\u1ea5t cao.<\/p>\n","protected":false},"featured_media":253,"template":"","meta":{"footnotes":""},"product_cat":[687,688,689,684,686],"product_tag":[],"ztteam_product_brand":[683],"class_list":["post-259","product","type-product","status-publish","has-post-thumbnail","hentry","product_cat-dung-cu-bao-ho-han","product_cat-dung-cu-bao-ve-mat","product_cat-kinh-han-dien-tu","product_cat-may-han-phu-kien","product_cat-phu-kien-han","ztteam_product_brand-weldcom"],"meta_box":{"_sku":"W200A","_regular_price":"192000","_sale_price":"","_price":"192000","_stock_status":"instock","_stock":"","_manage_stock":"no","_weight":"","_length":"","_width":"","_height":"","_product_image_gallery":[],"_featured":"no","_visibility":"visible","_virtual":"no","_downloadable":"no","product_type":"simple","product_attributes":[],"color_variations":[],"size_variations":[],"storage_variations":[],"material_variations":[]},"price":"192000","demo_url":"","_links":{"self":[{"href":"https:\/\/dev.wptheme.store\/s\/wpshoppc\/wp-json\/wp\/v2\/product\/259","targetHints":{"allow":["GET"]}}],"collection":[{"href":"https:\/\/dev.wptheme.store\/s\/wpshoppc\/wp-json\/wp\/v2\/product"}],"about":[{"href":"https:\/\/dev.wptheme.store\/s\/wpshoppc\/wp-json\/wp\/v2\/types\/product"}],"version-history":[{"count":0,"href":"https:\/\/dev.wptheme.store\/s\/wpshoppc\/wp-json\/wp\/v2\/product\/259\/revisions"}],"wp:featuredmedia":[{"embeddable":true,"href":"https:\/\/dev.wptheme.store\/s\/wpshoppc\/wp-json\/wp\/v2\/media\/253"}],"wp:attachment":[{"href":"https:\/\/dev.wptheme.store\/s\/wpshoppc\/wp-json\/wp\/v2\/media?parent=259"}],"wp:term":[{"taxonomy":"product_cat","embeddable":true,"href":"https:\/\/dev.wptheme.store\/s\/wpshoppc\/wp-json\/wp\/v2\/product_cat?post=259"},{"taxonomy":"product_tag","embeddable":true,"href":"https:\/\/dev.wptheme.store\/s\/wpshoppc\/wp-json\/wp\/v2\/product_tag?post=259"},{"taxonomy":"ztteam_product_brand","embeddable":true,"href":"https:\/\/dev.wptheme.store\/s\/wpshoppc\/wp-json\/wp\/v2\/ztteam_product_brand?post=259"}],"curies":[{"name":"wp","href":"https:\/\/api.w.org\/{rel}","templated":true}]}}