{"id":262,"date":"2026-03-09T16:19:18","date_gmt":"2026-03-09T09:19:18","guid":{"rendered":"https:\/\/dev.wptheme.store\/s\/wpshoppc\/product\/lop-kinh-thay-the-cho-w200a-weldcom\/"},"modified":"2026-03-09T16:19:18","modified_gmt":"2026-03-09T09:19:18","slug":"lop-kinh-thay-the-cho-w200a-weldcom","status":"publish","type":"product","link":"https:\/\/dev.wptheme.store\/s\/wpshoppc\/product\/lop-kinh-thay-the-cho-w200a-weldcom\/","title":{"rendered":"L\u1edbp k\u00ednh thay th\u1ebf cho W200A Weldcom"},"content":{"rendered":"<p class=\"mb-4 leading-relaxed\">L\u1edbp k\u00ednh thay th\u1ebf cho W200A Weldcom l\u00e0 s\u1ea3n ph\u1ea9m thi\u1ebft y\u1ebfu cho nh\u1eefng ai s\u1eed d\u1ee5ng m\u00e1y h\u00e0n W200A. K\u00ednh \u0111\u01b0\u1ee3c thi\u1ebft k\u1ebf \u0111\u1eb7c bi\u1ec7t nh\u1eb1m b\u1ea3o v\u1ec7 m\u1eaft kh\u1ecfi c\u00e1c t\u00e1c \u0111\u1ed9ng t\u1eeb tia h\u00e0n, b\u1ee5i b\u1ea9n v\u00e0 c\u00e1c y\u1ebfu t\u1ed1 m\u00f4i tr\u01b0\u1eddng kh\u00e1c, gi\u00fap b\u1ea1n l\u00e0m vi\u1ec7c hi\u1ec7u qu\u1ea3 h\u01a1n.<\/p>\n<h2 class=\"py-2 my-4 text-2xl font-bold border-green-500 border-y border-opacity-10\">T\u00ednh n\u0103ng n\u1ed5i b\u1eadt<\/h2>\n<p class=\"mb-4 leading-relaxed\">S\u1ea3n ph\u1ea9m \u0111\u01b0\u1ee3c s\u1ea3n xu\u1ea5t t\u1eeb ch\u1ea5t li\u1ec7u cao c\u1ea5p, b\u1ec1n b\u1ec9 v\u00e0 ch\u1ecbu nhi\u1ec7t t\u1ed1t, \u0111\u1ea3m b\u1ea3o an to\u00e0n cho ng\u01b0\u1eddi s\u1eed d\u1ee5ng trong qu\u00e1 tr\u00ecnh l\u00e0m vi\u1ec7c. K\u00ednh c\u00f3 \u0111\u1ed9 trong su\u1ed1t cao, gi\u00fap b\u1ea1n quan s\u00e1t r\u00f5 r\u00e0ng v\u00e0 d\u1ec5 d\u00e0ng h\u01a1n.<\/p>\n<h2 class=\"py-2 my-4 text-2xl font-bold border-green-500 border-y border-opacity-10\">L\u1ee3i \u00edch khi s\u1eed d\u1ee5ng<\/h2>\n<p class=\"mb-4 leading-relaxed\">S\u1eed d\u1ee5ng l\u1edbp k\u00ednh thay th\u1ebf n\u00e0y kh\u00f4ng ch\u1ec9 b\u1ea3o v\u1ec7 m\u1eaft b\u1ea1n m\u00e0 c\u00f2n gi\u00fap gi\u1ea3m thi\u1ec3u m\u1ecfi m\u1eaft trong su\u1ed1t qu\u00e1 tr\u00ecnh l\u00e0m vi\u1ec7c. Nh\u1eefng l\u1ee3i \u00edch ch\u00ednh bao g\u1ed3m:<\/p>\n<ul class=\"mb-4 space-y-1 list-none\">\n<li class=\"flex items-center gap-3 leading-relaxed text-gray-800 \"><div class=\"flex items-center justify-center w-5 h-5 bg-red-100 rounded-full shrink-0\"><svg class=\"w-3 h-3 text-red-600\" fill=\"none\" stroke=\"currentColor\" stroke- viewBox=\"0 0 24 24\"><path stroke-linecap=\"round\" stroke-linejoin=\"round\" d=\"M5 13l4 4L19 7\" \/><\/svg><\/div><div class=\"flex-1\">B\u1ea3o v\u1ec7 kh\u1ecfi tia UV v\u00e0 \u00e1nh s\u00e1ng m\u1ea1nh<\/div><\/li>\n<li class=\"flex items-center gap-3 leading-relaxed text-gray-800 \"><div class=\"flex items-center justify-center w-5 h-5 bg-red-100 rounded-full shrink-0\"><svg class=\"w-3 h-3 text-red-600\" fill=\"none\" stroke=\"currentColor\" stroke- viewBox=\"0 0 24 24\"><path stroke-linecap=\"round\" stroke-linejoin=\"round\" d=\"M5 13l4 4L19 7\" \/><\/svg><\/div><div class=\"flex-1\">Gi\u1ea3m thi\u1ec3u b\u1ee5i b\u1ea9n v\u00e0 c\u00e1c v\u1eadt th\u1ec3 l\u1ea1<\/div><\/li>\n<li class=\"flex items-center gap-3 leading-relaxed text-gray-800 \"><div class=\"flex items-center justify-center w-5 h-5 bg-red-100 rounded-full shrink-0\"><svg class=\"w-3 h-3 text-red-600\" fill=\"none\" stroke=\"currentColor\" stroke- viewBox=\"0 0 24 24\"><path stroke-linecap=\"round\" stroke-linejoin=\"round\" d=\"M5 13l4 4L19 7\" \/><\/svg><\/div><div class=\"flex-1\">D\u1ec5 d\u00e0ng thay th\u1ebf v\u00e0 l\u1eafp \u0111\u1eb7t<\/div><\/li>\n<\/ul>\n<h2 class=\"py-2 my-4 text-2xl font-bold border-green-500 border-y border-opacity-10\">\u1ee8ng d\u1ee5ng th\u1ef1c t\u1ebf<\/h2>\n<p class=\"mb-4 leading-relaxed\">S\u1ea3n ph\u1ea9m n\u00e0y th\u01b0\u1eddng \u0111\u01b0\u1ee3c s\u1eed d\u1ee5ng trong c\u00e1c c\u00f4ng vi\u1ec7c li\u00ean quan \u0111\u1ebfn h\u00e0n, ch\u1ebf t\u1ea1o kim lo\u1ea1i, s\u1eeda ch\u1eefa c\u01a1 kh\u00ed v\u00e0 nhi\u1ec1u l\u0129nh v\u1ef1c kh\u00e1c y\u00eau c\u1ea7u b\u1ea3o v\u1ec7 m\u1eaft. S\u1ef1 k\u1ebft h\u1ee3p ho\u00e0n h\u1ea3o gi\u1eefa ch\u1ea5t l\u01b0\u1ee3ng v\u00e0 t\u00ednh n\u0103ng s\u1ebd gi\u00fap n\u00e2ng cao hi\u1ec7u qu\u1ea3 c\u00f4ng vi\u1ec7c c\u1ee7a b\u1ea1n.<\/p>\n<h2 class=\"py-2 my-4 text-2xl font-bold border-green-500 border-y border-opacity-10\">L\u01b0u \u00fd khi s\u1eed d\u1ee5ng<\/h2>\n<p class=\"mb-4 leading-relaxed\">Khi s\u1eed d\u1ee5ng l\u1edbp k\u00ednh thay th\u1ebf, b\u1ea1n n\u00ean ki\u1ec3m tra \u0111\u1ecbnh k\u1ef3 \u0111\u1ec3 \u0111\u1ea3m b\u1ea3o k\u00ednh kh\u00f4ng b\u1ecb x\u01b0\u1edbc ho\u1eb7c h\u1ecfng h\u00f3c. \u0110\u1ea3m b\u1ea3o l\u1eafp \u0111\u00fang c\u00e1ch \u0111\u1ec3 \u0111\u1ea1t hi\u1ec7u qu\u1ea3 b\u1ea3o v\u1ec7 t\u1ed1t nh\u1ea5t.<\/p>\n","protected":false},"excerpt":{"rendered":"<p class=\"mb-4 leading-relaxed\">L\u1edbp k\u00ednh thay th\u1ebf cho W200A Weldcom gi\u00fap b\u1ea3o v\u1ec7 m\u1eaft v\u00e0 n\u00e2ng cao hi\u1ec7u su\u1ea5t l\u00e0m vi\u1ec7c. S\u1ea3n ph\u1ea9m ch\u00ednh h\u00e3ng, \u0111\u1ea3m b\u1ea3o ch\u1ea5t l\u01b0\u1ee3ng v\u00e0 an to\u00e0n.<\/p>\n","protected":false},"featured_media":263,"template":"","meta":{"footnotes":""},"product_cat":[691],"product_tag":[],"ztteam_product_brand":[683],"class_list":["post-262","product","type-product","status-publish","has-post-thumbnail","hentry","product_cat-phu-tung-thay-the","ztteam_product_brand-weldcom"],"meta_box":{"_sku":"KTT-W200A","_regular_price":"5000","_sale_price":"","_price":"5000","_stock_status":"instock","_stock":"","_manage_stock":"no","_weight":"","_length":"","_width":"","_height":"","_product_image_gallery":[],"_featured":"no","_visibility":"visible","_virtual":"no","_downloadable":"no","product_type":"simple","product_attributes":[],"color_variations":[],"size_variations":[],"storage_variations":[],"material_variations":[]},"price":"5000","demo_url":"","_links":{"self":[{"href":"https:\/\/dev.wptheme.store\/s\/wpshoppc\/wp-json\/wp\/v2\/product\/262","targetHints":{"allow":["GET"]}}],"collection":[{"href":"https:\/\/dev.wptheme.store\/s\/wpshoppc\/wp-json\/wp\/v2\/product"}],"about":[{"href":"https:\/\/dev.wptheme.store\/s\/wpshoppc\/wp-json\/wp\/v2\/types\/product"}],"version-history":[{"count":0,"href":"https:\/\/dev.wptheme.store\/s\/wpshoppc\/wp-json\/wp\/v2\/product\/262\/revisions"}],"wp:featuredmedia":[{"embeddable":true,"href":"https:\/\/dev.wptheme.store\/s\/wpshoppc\/wp-json\/wp\/v2\/media\/263"}],"wp:attachment":[{"href":"https:\/\/dev.wptheme.store\/s\/wpshoppc\/wp-json\/wp\/v2\/media?parent=262"}],"wp:term":[{"taxonomy":"product_cat","embeddable":true,"href":"https:\/\/dev.wptheme.store\/s\/wpshoppc\/wp-json\/wp\/v2\/product_cat?post=262"},{"taxonomy":"product_tag","embeddable":true,"href":"https:\/\/dev.wptheme.store\/s\/wpshoppc\/wp-json\/wp\/v2\/product_tag?post=262"},{"taxonomy":"ztteam_product_brand","embeddable":true,"href":"https:\/\/dev.wptheme.store\/s\/wpshoppc\/wp-json\/wp\/v2\/ztteam_product_brand?post=262"}],"curies":[{"name":"wp","href":"https:\/\/api.w.org\/{rel}","templated":true}]}}