{"id":264,"date":"2026-03-09T16:19:18","date_gmt":"2026-03-09T09:19:18","guid":{"rendered":"https:\/\/dev.wptheme.store\/s\/wpshoppc\/product\/day-han-loi-thuoc-e71t-gs-0-8mm-1-kg-cuon\/"},"modified":"2026-03-09T16:19:18","modified_gmt":"2026-03-09T09:19:18","slug":"day-han-loi-thuoc-e71t-gs-0-8mm-1-kg-cuon","status":"publish","type":"product","link":"https:\/\/dev.wptheme.store\/s\/wpshoppc\/product\/day-han-loi-thuoc-e71t-gs-0-8mm-1-kg-cuon\/","title":{"rendered":"D\u00e2y h\u00e0n l\u00f5i thu\u1ed1c E71T-GS 0.8mm (1 kg\/ Cu\u1ed9n)"},"content":{"rendered":"<p class=\"mb-4 leading-relaxed\">D\u00e2y h\u00e0n l\u00f5i thu\u1ed1c E71T-GS 0.8mm (1 kg) c\u1ee7a Weldcom l\u00e0 s\u1ea3n ph\u1ea9m l\u00fd t\u01b0\u1edfng cho nhu c\u1ea7u h\u00e0n kh\u00f4ng d\u00f9ng kh\u00ed. V\u1edbi thi\u1ebft k\u1ebf chuy\u00ean bi\u1ec7t, d\u00e2y h\u00e0n n\u00e0y gi\u00fap t\u1ea1o ra m\u1ed1i h\u00e0n ch\u1eafc ch\u1eafn v\u00e0 b\u1ec1n b\u1ec9, \u0111\u00e1p \u1ee9ng y\u00eau c\u1ea7u kh\u1eaft khe c\u1ee7a c\u00e1c c\u00f4ng tr\u00ecnh x\u00e2y d\u1ef1ng v\u00e0 ch\u1ebf t\u1ea1o.<\/p>\n<h2 class=\"py-2 my-4 text-2xl font-bold border-green-500 border-y border-opacity-10\">T\u00ednh n\u0103ng n\u1ed5i b\u1eadt<\/h2>\n<p class=\"mb-4 leading-relaxed\">D\u00e2y h\u00e0n E71T-GS c\u00f3 \u0111\u01b0\u1eddng k\u00ednh 0.8mm, d\u1ec5 s\u1eed d\u1ee5ng v\u00e0 t\u01b0\u01a1ng th\u00edch t\u1ed1t v\u1edbi nhi\u1ec1u lo\u1ea1i m\u00e1y h\u00e0n hi\u1ec7n nay. S\u1ea3n ph\u1ea9m n\u00e0y \u0111\u01b0\u1ee3c s\u1ea3n xu\u1ea5t t\u1ea1i Trung Qu\u1ed1c v\u1edbi ti\u00eau chu\u1ea9n ch\u1ea5t l\u01b0\u1ee3ng cao, \u0111\u1ea3m b\u1ea3o hi\u1ec7u su\u1ea5t h\u00e0n t\u1ed1i \u01b0u.<\/p>\n<h2 class=\"py-2 my-4 text-2xl font-bold border-green-500 border-y border-opacity-10\">L\u1ee3i \u00edch khi s\u1eed d\u1ee5ng<\/h2>\n<ul class=\"mb-4 space-y-1 list-none\">\n<li class=\"flex items-center gap-3 leading-relaxed text-gray-800 \"><div class=\"flex items-center justify-center w-5 h-5 bg-red-100 rounded-full shrink-0\"><svg class=\"w-3 h-3 text-red-600\" fill=\"none\" stroke=\"currentColor\" stroke- viewBox=\"0 0 24 24\"><path stroke-linecap=\"round\" stroke-linejoin=\"round\" d=\"M5 13l4 4L19 7\" \/><\/svg><\/div><div class=\"flex-1\">Cho m\u1ed1i h\u00e0n \u0111\u1eb9p, m\u1ecbn v\u00e0 \u00edt x\u1ec9.<\/div><\/li>\n<li class=\"flex items-center gap-3 leading-relaxed text-gray-800 \"><div class=\"flex items-center justify-center w-5 h-5 bg-red-100 rounded-full shrink-0\"><svg class=\"w-3 h-3 text-red-600\" fill=\"none\" stroke=\"currentColor\" stroke- viewBox=\"0 0 24 24\"><path stroke-linecap=\"round\" stroke-linejoin=\"round\" d=\"M5 13l4 4L19 7\" \/><\/svg><\/div><div class=\"flex-1\">Th\u1eddi gian h\u00e0n nhanh ch\u00f3ng, ti\u1ebft ki\u1ec7m c\u00f4ng s\u1ee9c.<\/div><\/li>\n<li class=\"flex items-center gap-3 leading-relaxed text-gray-800 \"><div class=\"flex items-center justify-center w-5 h-5 bg-red-100 rounded-full shrink-0\"><svg class=\"w-3 h-3 text-red-600\" fill=\"none\" stroke=\"currentColor\" stroke- viewBox=\"0 0 24 24\"><path stroke-linecap=\"round\" stroke-linejoin=\"round\" d=\"M5 13l4 4L19 7\" \/><\/svg><\/div><div class=\"flex-1\">Kh\u1ea3 n\u0103ng h\u00e0n t\u1ed1t tr\u00ean nhi\u1ec1u lo\u1ea1i v\u1eadt li\u1ec7u kh\u00e1c nhau.<\/div><\/li>\n<\/ul>\n<h2 class=\"py-2 my-4 text-2xl font-bold border-green-500 border-y border-opacity-10\">\u1ee8ng d\u1ee5ng th\u1ef1c t\u1ebf<\/h2>\n<p class=\"mb-4 leading-relaxed\">D\u00e2y h\u00e0n E71T-GS \u0111\u01b0\u1ee3c s\u1eed d\u1ee5ng ph\u1ed5 bi\u1ebfn trong c\u00e1c l\u0129nh v\u1ef1c nh\u01b0 x\u00e2y d\u1ef1ng, ch\u1ebf t\u1ea1o m\u00e1y m\u00f3c, s\u1eeda ch\u1eefa \u00f4 t\u00f4 v\u00e0 nhi\u1ec1u ng\u00e0nh c\u00f4ng nghi\u1ec7p kh\u00e1c. S\u1ea3n ph\u1ea9m gi\u00fap ng\u01b0\u1eddi d\u00f9ng d\u1ec5 d\u00e0ng th\u1ef1c hi\u1ec7n c\u00e1c c\u00f4ng vi\u1ec7c h\u00e0n trong m\u00f4i tr\u01b0\u1eddng kh\u00f4ng c\u00f3 kh\u00ed b\u1ea3o v\u1ec7.<\/p>\n<h2 class=\"py-2 my-4 text-2xl font-bold border-green-500 border-y border-opacity-10\">L\u01b0u \u00fd khi s\u1eed d\u1ee5ng<\/h2>\n<p class=\"mb-4 leading-relaxed\">Khi s\u1eed d\u1ee5ng d\u00e2y h\u00e0n E71T-GS, ng\u01b0\u1eddi d\u00f9ng n\u00ean tu\u00e2n th\u1ee7 nghi\u00eam ng\u1eb7t c\u00e1c h\u01b0\u1edbng d\u1eabn v\u1ec1 k\u1ef9 thu\u1eadt h\u00e0n \u0111\u1ec3 \u0111\u1ea3m b\u1ea3o an to\u00e0n v\u00e0 hi\u1ec7u qu\u1ea3. B\u1ea3o qu\u1ea3n d\u00e2y h\u00e0n \u1edf n\u01a1i kh\u00f4 r\u00e1o v\u00e0 tr\u00e1nh ti\u1ebfp x\u00fac v\u1edbi \u0111\u1ed9 \u1ea9m \u0111\u1ec3 duy tr\u00ec ch\u1ea5t l\u01b0\u1ee3ng s\u1ea3n ph\u1ea9m.<\/p>\n","protected":false},"excerpt":{"rendered":"<p class=\"mb-4 leading-relaxed\">D\u00e2y h\u00e0n l\u00f5i thu\u1ed1c E71T-GS 0.8mm (1 kg) c\u1ee7a Weldcom l\u00e0 l\u1ef1a ch\u1ecdn l\u00fd t\u01b0\u1edfng cho c\u00e1c c\u00f4ng vi\u1ec7c h\u00e0n kh\u00f4ng d\u00f9ng kh\u00ed, mang l\u1ea1i hi\u1ec7u su\u1ea5t cao v\u00e0 ch\u1ea5t l\u01b0\u1ee3ng h\u00e0n \u1ed5n \u0111\u1ecbnh.<\/p>\n","protected":false},"featured_media":265,"template":"","meta":{"footnotes":""},"product_cat":[692,693,684,686],"product_tag":[],"ztteam_product_brand":[683],"class_list":["post-264","product","type-product","status-publish","has-post-thumbnail","hentry","product_cat-cuon-day-han","product_cat-day-han-khong-dung-khi","product_cat-may-han-phu-kien","product_cat-phu-kien-han","ztteam_product_brand-weldcom"],"meta_box":{"_sku":"P16V-028839","_regular_price":"98000","_sale_price":"","_price":"98000","_stock_status":"instock","_stock":"","_manage_stock":"no","_weight":"","_length":"","_width":"","_height":"","_product_image_gallery":[],"_featured":"no","_visibility":"visible","_virtual":"no","_downloadable":"no","product_type":"simple","product_attributes":[],"color_variations":[],"size_variations":[],"storage_variations":[],"material_variations":[]},"price":"98000","demo_url":"","_links":{"self":[{"href":"https:\/\/dev.wptheme.store\/s\/wpshoppc\/wp-json\/wp\/v2\/product\/264","targetHints":{"allow":["GET"]}}],"collection":[{"href":"https:\/\/dev.wptheme.store\/s\/wpshoppc\/wp-json\/wp\/v2\/product"}],"about":[{"href":"https:\/\/dev.wptheme.store\/s\/wpshoppc\/wp-json\/wp\/v2\/types\/product"}],"version-history":[{"count":0,"href":"https:\/\/dev.wptheme.store\/s\/wpshoppc\/wp-json\/wp\/v2\/product\/264\/revisions"}],"wp:featuredmedia":[{"embeddable":true,"href":"https:\/\/dev.wptheme.store\/s\/wpshoppc\/wp-json\/wp\/v2\/media\/265"}],"wp:attachment":[{"href":"https:\/\/dev.wptheme.store\/s\/wpshoppc\/wp-json\/wp\/v2\/media?parent=264"}],"wp:term":[{"taxonomy":"product_cat","embeddable":true,"href":"https:\/\/dev.wptheme.store\/s\/wpshoppc\/wp-json\/wp\/v2\/product_cat?post=264"},{"taxonomy":"product_tag","embeddable":true,"href":"https:\/\/dev.wptheme.store\/s\/wpshoppc\/wp-json\/wp\/v2\/product_tag?post=264"},{"taxonomy":"ztteam_product_brand","embeddable":true,"href":"https:\/\/dev.wptheme.store\/s\/wpshoppc\/wp-json\/wp\/v2\/ztteam_product_brand?post=264"}],"curies":[{"name":"wp","href":"https:\/\/api.w.org\/{rel}","templated":true}]}}