{"id":266,"date":"2026-03-09T16:19:19","date_gmt":"2026-03-09T09:19:19","guid":{"rendered":"https:\/\/dev.wptheme.store\/s\/wpshoppc\/product\/day-han-mig-loi-thuoc-e71t-gs-hop-5kg-1-0mm\/"},"modified":"2026-03-09T16:19:19","modified_gmt":"2026-03-09T09:19:19","slug":"day-han-mig-loi-thuoc-e71t-gs-hop-5kg-1-0mm","status":"publish","type":"product","link":"https:\/\/dev.wptheme.store\/s\/wpshoppc\/product\/day-han-mig-loi-thuoc-e71t-gs-hop-5kg-1-0mm\/","title":{"rendered":"D\u00e2y h\u00e0n Mig l\u00f5i thu\u1ed1c E71T-GS h\u1ed9p 5kg (1.0mm)"},"content":{"rendered":"<p class=\"mb-4 leading-relaxed\">D\u00e2y h\u00e0n Mig l\u00f5i thu\u1ed1c E71T-GS h\u1ed9p 5kg (1.0mm) c\u1ee7a Weldcom l\u00e0 s\u1ea3n ph\u1ea9m l\u00fd t\u01b0\u1edfng cho c\u00e1c \u1ee9ng d\u1ee5ng h\u00e0n kh\u00f4ng kh\u00ed. \u0110\u01b0\u1ee3c s\u1ea3n xu\u1ea5t t\u1eeb h\u1ee3p kim ch\u1ea5t l\u01b0\u1ee3ng cao, d\u00e2y h\u00e0n n\u00e0y \u0111\u1ea3m b\u1ea3o s\u1ef1 \u1ed5n \u0111\u1ecbnh v\u00e0 \u0111\u1ed9 b\u1ec1n trong qu\u00e1 tr\u00ecnh s\u1eed d\u1ee5ng, ph\u00f9 h\u1ee3p cho c\u1ea3 th\u1ee3 chuy\u00ean nghi\u1ec7p v\u00e0 ng\u01b0\u1eddi d\u00f9ng gia \u0111\u00ecnh.<\/p>\n<h2 class=\"py-2 my-4 text-2xl font-bold border-green-500 border-y border-opacity-10\">T\u00ednh n\u0103ng n\u1ed5i b\u1eadt<\/h2>\n<ul class=\"mb-4 space-y-1 list-none\">\n<li class=\"flex items-center gap-3 leading-relaxed text-gray-800 \"><div class=\"flex items-center justify-center w-5 h-5 bg-red-100 rounded-full shrink-0\"><svg class=\"w-3 h-3 text-red-600\" fill=\"none\" stroke=\"currentColor\" stroke- viewBox=\"0 0 24 24\"><path stroke-linecap=\"round\" stroke-linejoin=\"round\" d=\"M5 13l4 4L19 7\" \/><\/svg><\/div><div class=\"flex-1\">\u0110\u01b0\u1eddng k\u00ednh 1.0mm, d\u1ec5 d\u00e0ng s\u1eed d\u1ee5ng cho nhi\u1ec1u lo\u1ea1i m\u00e1y h\u00e0n.<\/div><\/li>\n<li class=\"flex items-center gap-3 leading-relaxed text-gray-800 \"><div class=\"flex items-center justify-center w-5 h-5 bg-red-100 rounded-full shrink-0\"><svg class=\"w-3 h-3 text-red-600\" fill=\"none\" stroke=\"currentColor\" stroke- viewBox=\"0 0 24 24\"><path stroke-linecap=\"round\" stroke-linejoin=\"round\" d=\"M5 13l4 4L19 7\" \/><\/svg><\/div><div class=\"flex-1\">Cung c\u1ea5p kh\u1ea3 n\u0103ng h\u00e0n m\u1ea1nh m\u1ebd m\u00e0 kh\u00f4ng c\u1ea7n kh\u00ed b\u1ea3o v\u1ec7.<\/div><\/li>\n<li class=\"flex items-center gap-3 leading-relaxed text-gray-800 \"><div class=\"flex items-center justify-center w-5 h-5 bg-red-100 rounded-full shrink-0\"><svg class=\"w-3 h-3 text-red-600\" fill=\"none\" stroke=\"currentColor\" stroke- viewBox=\"0 0 24 24\"><path stroke-linecap=\"round\" stroke-linejoin=\"round\" d=\"M5 13l4 4L19 7\" \/><\/svg><\/div><div class=\"flex-1\">\u0110\u01b0\u1ee3c thi\u1ebft k\u1ebf \u0111\u1eb7c bi\u1ec7t \u0111\u1ec3 gi\u1ea3m thi\u1ec3u kh\u00f3i v\u00e0 b\u1eafn t\u00f3e khi h\u00e0n.<\/div><\/li>\n<\/ul>\n<h2 class=\"py-2 my-4 text-2xl font-bold border-green-500 border-y border-opacity-10\">L\u1ee3i \u00edch khi s\u1eed d\u1ee5ng<\/h2>\n<p class=\"mb-4 leading-relaxed\">S\u1eed d\u1ee5ng d\u00e2y h\u00e0n E71T-GS gi\u00fap ti\u1ebft ki\u1ec7m th\u1eddi gian v\u00e0 c\u00f4ng s\u1ee9c trong qu\u00e1 tr\u00ecnh h\u00e0n. S\u1ea3n ph\u1ea9m n\u00e0y mang \u0111\u1ebfn m\u1ed1i h\u00e0n ch\u1eafc ch\u1eafn, \u00edt t\u1ea1p ch\u1ea5t v\u00e0 d\u1ec5 d\u00e0ng l\u00e0m s\u1ea1ch, \u0111\u1ed3ng th\u1eddi gi\u1ea3m thi\u1ec3u t\u00ecnh tr\u1ea1ng r\u1ec9 s\u00e9t v\u00e0 \u0103n m\u00f2n.<\/p>\n<h2 class=\"py-2 my-4 text-2xl font-bold border-green-500 border-y border-opacity-10\">\u1ee8ng d\u1ee5ng th\u1ef1c t\u1ebf<\/h2>\n<p class=\"mb-4 leading-relaxed\">D\u00e2y h\u00e0n n\u00e0y r\u1ea5t ph\u00f9 h\u1ee3p cho c\u00e1c c\u00f4ng vi\u1ec7c nh\u01b0:<\/p>\n<ul class=\"mb-4 space-y-1 list-none\">\n<li class=\"flex items-center gap-3 leading-relaxed text-gray-800 \"><div class=\"flex items-center justify-center w-5 h-5 bg-red-100 rounded-full shrink-0\"><svg class=\"w-3 h-3 text-red-600\" fill=\"none\" stroke=\"currentColor\" stroke- viewBox=\"0 0 24 24\"><path stroke-linecap=\"round\" stroke-linejoin=\"round\" d=\"M5 13l4 4L19 7\" \/><\/svg><\/div><div class=\"flex-1\">C\u00f4ng nghi\u1ec7p ch\u1ebf bi\u1ebfn kim lo\u1ea1i.<\/div><\/li>\n<li class=\"flex items-center gap-3 leading-relaxed text-gray-800 \"><div class=\"flex items-center justify-center w-5 h-5 bg-red-100 rounded-full shrink-0\"><svg class=\"w-3 h-3 text-red-600\" fill=\"none\" stroke=\"currentColor\" stroke- viewBox=\"0 0 24 24\"><path stroke-linecap=\"round\" stroke-linejoin=\"round\" d=\"M5 13l4 4L19 7\" \/><\/svg><\/div><div class=\"flex-1\">S\u1eeda ch\u1eefa \u00f4 t\u00f4, m\u00e1y m\u00f3c.<\/div><\/li>\n<li class=\"flex items-center gap-3 leading-relaxed text-gray-800 \"><div class=\"flex items-center justify-center w-5 h-5 bg-red-100 rounded-full shrink-0\"><svg class=\"w-3 h-3 text-red-600\" fill=\"none\" stroke=\"currentColor\" stroke- viewBox=\"0 0 24 24\"><path stroke-linecap=\"round\" stroke-linejoin=\"round\" d=\"M5 13l4 4L19 7\" \/><\/svg><\/div><div class=\"flex-1\">Thi c\u00f4ng x\u00e2y d\u1ef1ng, l\u1eafp \u0111\u1eb7t k\u1ebft c\u1ea5u th\u00e9p.<\/div><\/li>\n<\/ul>\n<h2 class=\"py-2 my-4 text-2xl font-bold border-green-500 border-y border-opacity-10\">L\u01b0u \u00fd khi s\u1eed d\u1ee5ng<\/h2>\n<p class=\"mb-4 leading-relaxed\">Khi s\u1eed d\u1ee5ng d\u00e2y h\u00e0n E71T-GS, b\u1ea1n c\u1ea7n ch\u00fa \u00fd \u0111\u1ebfn m\u00f4i tr\u01b0\u1eddng l\u00e0m vi\u1ec7c \u0111\u1ec3 \u0111\u1ea3m b\u1ea3o an to\u00e0n. \u0110\u1ea3m b\u1ea3o r\u1eb1ng khu v\u1ef1c h\u00e0n \u0111\u01b0\u1ee3c th\u00f4ng tho\u00e1ng v\u00e0 kh\u00f4ng c\u00f3 v\u1eadt li\u1ec7u d\u1ec5 ch\u00e1y g\u1ea7n \u0111\u00f3. Ngo\u00e0i ra, h\u00e3y ki\u1ec3m tra m\u00e1y h\u00e0n v\u00e0 thi\u1ebft b\u1ecb \u0111\u1ecbnh k\u1ef3 \u0111\u1ec3 \u0111\u1ea3m b\u1ea3o hi\u1ec7u su\u1ea5t t\u1ed1i \u01b0u.<\/p>\n","protected":false},"excerpt":{"rendered":"<p class=\"mb-4 leading-relaxed\">D\u00e2y h\u00e0n Mig l\u00f5i thu\u1ed1c E71T-GS h\u1ed9p 5kg (1.0mm) c\u1ee7a Weldcom l\u00e0 gi\u1ea3i ph\u00e1p ho\u00e0n h\u1ea3o cho c\u00e1c c\u00f4ng vi\u1ec7c h\u00e0n kh\u00f4ng kh\u00ed, mang l\u1ea1i hi\u1ec7u su\u1ea5t v\u00e0 \u0111\u1ed9 b\u1ec1n cao.<\/p>\n","protected":false},"featured_media":267,"template":"","meta":{"footnotes":""},"product_cat":[692,693,684,686],"product_tag":[],"ztteam_product_brand":[683],"class_list":["post-266","product","type-product","status-publish","has-post-thumbnail","hentry","product_cat-cuon-day-han","product_cat-day-han-khong-dung-khi","product_cat-may-han-phu-kien","product_cat-phu-kien-han","ztteam_product_brand-weldcom"],"meta_box":{"_sku":"E71T-GS","_regular_price":"422000","_sale_price":"","_price":"422000","_stock_status":"instock","_stock":"","_manage_stock":"no","_weight":"","_length":"","_width":"","_height":"","_product_image_gallery":[],"_featured":"no","_visibility":"visible","_virtual":"no","_downloadable":"no","product_type":"simple","product_attributes":[],"color_variations":[],"size_variations":[],"storage_variations":[],"material_variations":[]},"price":"422000","demo_url":"","_links":{"self":[{"href":"https:\/\/dev.wptheme.store\/s\/wpshoppc\/wp-json\/wp\/v2\/product\/266","targetHints":{"allow":["GET"]}}],"collection":[{"href":"https:\/\/dev.wptheme.store\/s\/wpshoppc\/wp-json\/wp\/v2\/product"}],"about":[{"href":"https:\/\/dev.wptheme.store\/s\/wpshoppc\/wp-json\/wp\/v2\/types\/product"}],"version-history":[{"count":0,"href":"https:\/\/dev.wptheme.store\/s\/wpshoppc\/wp-json\/wp\/v2\/product\/266\/revisions"}],"wp:featuredmedia":[{"embeddable":true,"href":"https:\/\/dev.wptheme.store\/s\/wpshoppc\/wp-json\/wp\/v2\/media\/267"}],"wp:attachment":[{"href":"https:\/\/dev.wptheme.store\/s\/wpshoppc\/wp-json\/wp\/v2\/media?parent=266"}],"wp:term":[{"taxonomy":"product_cat","embeddable":true,"href":"https:\/\/dev.wptheme.store\/s\/wpshoppc\/wp-json\/wp\/v2\/product_cat?post=266"},{"taxonomy":"product_tag","embeddable":true,"href":"https:\/\/dev.wptheme.store\/s\/wpshoppc\/wp-json\/wp\/v2\/product_tag?post=266"},{"taxonomy":"ztteam_product_brand","embeddable":true,"href":"https:\/\/dev.wptheme.store\/s\/wpshoppc\/wp-json\/wp\/v2\/ztteam_product_brand?post=266"}],"curies":[{"name":"wp","href":"https:\/\/api.w.org\/{rel}","templated":true}]}}