{"id":268,"date":"2026-03-09T16:19:20","date_gmt":"2026-03-09T09:19:20","guid":{"rendered":"https:\/\/dev.wptheme.store\/s\/wpshoppc\/product\/may-han-ban-tu-dong-weldcom-multimag-v2000\/"},"modified":"2026-03-09T16:19:20","modified_gmt":"2026-03-09T09:19:20","slug":"may-han-ban-tu-dong-weldcom-multimag-v2000","status":"publish","type":"product","link":"https:\/\/dev.wptheme.store\/s\/wpshoppc\/product\/may-han-ban-tu-dong-weldcom-multimag-v2000\/","title":{"rendered":"M\u00e1y h\u00e0n b\u00e1n t\u1ef1 \u0111\u1ed9ng Weldcom Multimag V2000"},"content":{"rendered":"<p class=\"mb-4 leading-relaxed\">M\u00e1y h\u00e0n b\u00e1n t\u1ef1 \u0111\u1ed9ng Weldcom Multimag V2000 l\u00e0 l\u1ef1a ch\u1ecdn ho\u00e0n h\u1ea3o cho nh\u1eefng ai c\u1ea7n m\u1ed9t thi\u1ebft b\u1ecb h\u00e0n MIG hi\u1ec7u qu\u1ea3, \u0111\u00e1p \u1ee9ng t\u1ed1t c\u00e1c y\u00eau c\u1ea7u c\u1ee7a c\u00f4ng vi\u1ec7c h\u00e0n trong x\u00e2y d\u1ef1ng v\u00e0 ng\u00e0nh c\u00f4ng nghi\u1ec7p. V\u1edbi t\u00ednh n\u0103ng v\u01b0\u1ee3t tr\u1ed9i v\u00e0 \u0111\u1ed9 b\u1ec1n cao, s\u1ea3n ph\u1ea9m n\u00e0y s\u1ebd gi\u00fap b\u1ea1n ho\u00e0n th\u00e0nh c\u00f4ng vi\u1ec7c m\u1ed9t c\u00e1ch nhanh ch\u00f3ng v\u00e0 ch\u00ednh x\u00e1c.<\/p>\n<h2 class=\"py-2 my-4 text-2xl font-bold border-green-500 border-y border-opacity-10\">T\u00ednh n\u0103ng n\u1ed5i b\u1eadt<\/h2>\n<p class=\"mb-4 leading-relaxed\">Weldcom Multimag V2000 s\u1edf h\u1eefu nhi\u1ec1u t\u00ednh n\u0103ng v\u01b0\u1ee3t tr\u1ed9i, bao g\u1ed3m:<\/p>\n<ul class=\"mb-4 space-y-1 list-none\">\n<li class=\"flex items-center gap-3 leading-relaxed text-gray-800 \"><div class=\"flex items-center justify-center w-5 h-5 bg-red-100 rounded-full shrink-0\"><svg class=\"w-3 h-3 text-red-600\" fill=\"none\" stroke=\"currentColor\" stroke- viewBox=\"0 0 24 24\"><path stroke-linecap=\"round\" stroke-linejoin=\"round\" d=\"M5 13l4 4L19 7\" \/><\/svg><\/div><div class=\"flex-1\">\u0110i\u1ec1u ch\u1ec9nh d\u00f2ng h\u00e0n t\u1eeb 20 \u0111\u1ebfn 250A, ph\u00f9 h\u1ee3p v\u1edbi nhi\u1ec1u lo\u1ea1i v\u1eadt li\u1ec7u kh\u00e1c nhau.<\/div><\/li>\n<li class=\"flex items-center gap-3 leading-relaxed text-gray-800 \"><div class=\"flex items-center justify-center w-5 h-5 bg-red-100 rounded-full shrink-0\"><svg class=\"w-3 h-3 text-red-600\" fill=\"none\" stroke=\"currentColor\" stroke- viewBox=\"0 0 24 24\"><path stroke-linecap=\"round\" stroke-linejoin=\"round\" d=\"M5 13l4 4L19 7\" \/><\/svg><\/div><div class=\"flex-1\">Chu k\u1ef3 t\u1ea3i 60% cho ph\u00e9p l\u00e0m vi\u1ec7c li\u00ean t\u1ee5c m\u00e0 kh\u00f4ng lo b\u1ecb qu\u00e1 nhi\u1ec7t.<\/div><\/li>\n<li class=\"flex items-center gap-3 leading-relaxed text-gray-800 \"><div class=\"flex items-center justify-center w-5 h-5 bg-red-100 rounded-full shrink-0\"><svg class=\"w-3 h-3 text-red-600\" fill=\"none\" stroke=\"currentColor\" stroke- viewBox=\"0 0 24 24\"><path stroke-linecap=\"round\" stroke-linejoin=\"round\" d=\"M5 13l4 4L19 7\" \/><\/svg><\/div><div class=\"flex-1\">C\u1ea5p b\u1ea3o v\u1ec7 IP21 gi\u00fap m\u00e1y ho\u1ea1t \u0111\u1ed9ng \u1ed5n \u0111\u1ecbnh trong m\u00f4i tr\u01b0\u1eddng l\u00e0m vi\u1ec7c kh\u1eafc nghi\u1ec7t.<\/div><\/li>\n<\/ul>\n<h2 class=\"py-2 my-4 text-2xl font-bold border-green-500 border-y border-opacity-10\">L\u1ee3i \u00edch khi s\u1eed d\u1ee5ng<\/h2>\n<p class=\"mb-4 leading-relaxed\">S\u1eed d\u1ee5ng m\u00e1y h\u00e0n n\u00e0y, b\u1ea1n s\u1ebd tr\u1ea3i nghi\u1ec7m:<\/p>\n<ul class=\"mb-4 space-y-1 list-none\">\n<li class=\"flex items-center gap-3 leading-relaxed text-gray-800 \"><div class=\"flex items-center justify-center w-5 h-5 bg-red-100 rounded-full shrink-0\"><svg class=\"w-3 h-3 text-red-600\" fill=\"none\" stroke=\"currentColor\" stroke- viewBox=\"0 0 24 24\"><path stroke-linecap=\"round\" stroke-linejoin=\"round\" d=\"M5 13l4 4L19 7\" \/><\/svg><\/div><div class=\"flex-1\">Ti\u1ebft ki\u1ec7m th\u1eddi gian v\u00e0 c\u00f4ng s\u1ee9c nh\u1edd v\u00e0o thi\u1ebft k\u1ebf nh\u1eb9 nh\u00e0ng, d\u1ec5 d\u00e0ng di chuy\u1ec3n.<\/div><\/li>\n<li class=\"flex items-center gap-3 leading-relaxed text-gray-800 \"><div class=\"flex items-center justify-center w-5 h-5 bg-red-100 rounded-full shrink-0\"><svg class=\"w-3 h-3 text-red-600\" fill=\"none\" stroke=\"currentColor\" stroke- viewBox=\"0 0 24 24\"><path stroke-linecap=\"round\" stroke-linejoin=\"round\" d=\"M5 13l4 4L19 7\" \/><\/svg><\/div><div class=\"flex-1\">\u0110\u1ed9 ch\u00ednh x\u00e1c cao trong c\u00e1c m\u1ed1i h\u00e0n, \u0111\u1ea3m b\u1ea3o t\u00ednh th\u1ea9m m\u1ef9 v\u00e0 \u0111\u1ed9 b\u1ec1n.<\/div><\/li>\n<\/ul>\n<h2 class=\"py-2 my-4 text-2xl font-bold border-green-500 border-y border-opacity-10\">\u1ee8ng d\u1ee5ng th\u1ef1c t\u1ebf<\/h2>\n<p class=\"mb-4 leading-relaxed\">M\u00e1y h\u00e0n Weldcom Multimag V2000 \u0111\u01b0\u1ee3c s\u1eed d\u1ee5ng r\u1ed9ng r\u00e3i trong:<\/p>\n<ul class=\"mb-4 space-y-1 list-none\">\n<li class=\"flex items-center gap-3 leading-relaxed text-gray-800 \"><div class=\"flex items-center justify-center w-5 h-5 bg-red-100 rounded-full shrink-0\"><svg class=\"w-3 h-3 text-red-600\" fill=\"none\" stroke=\"currentColor\" stroke- viewBox=\"0 0 24 24\"><path stroke-linecap=\"round\" stroke-linejoin=\"round\" d=\"M5 13l4 4L19 7\" \/><\/svg><\/div><div class=\"flex-1\">C\u00e1c x\u01b0\u1edfng s\u1ea3n xu\u1ea5t c\u01a1 kh\u00ed, ch\u1ebf t\u1ea1o m\u00e1y m\u00f3c.<\/div><\/li>\n<li class=\"flex items-center gap-3 leading-relaxed text-gray-800 \"><div class=\"flex items-center justify-center w-5 h-5 bg-red-100 rounded-full shrink-0\"><svg class=\"w-3 h-3 text-red-600\" fill=\"none\" stroke=\"currentColor\" stroke- viewBox=\"0 0 24 24\"><path stroke-linecap=\"round\" stroke-linejoin=\"round\" d=\"M5 13l4 4L19 7\" \/><\/svg><\/div><div class=\"flex-1\">C\u00e1c c\u00f4ng tr\u00ecnh x\u00e2y d\u1ef1ng, s\u1eeda ch\u1eefa \u00f4 t\u00f4 v\u00e0 thi\u1ebft b\u1ecb.<\/div><\/li>\n<\/ul>\n<h2 class=\"py-2 my-4 text-2xl font-bold border-green-500 border-y border-opacity-10\">L\u01b0u \u00fd khi s\u1eed d\u1ee5ng<\/h2>\n<p class=\"mb-4 leading-relaxed\">Khi s\u1eed d\u1ee5ng m\u00e1y, b\u1ea1n c\u1ea7n ch\u00fa \u00fd:<\/p>\n<ul class=\"mb-4 space-y-1 list-none\">\n<li class=\"flex items-center gap-3 leading-relaxed text-gray-800 \"><div class=\"flex items-center justify-center w-5 h-5 bg-red-100 rounded-full shrink-0\"><svg class=\"w-3 h-3 text-red-600\" fill=\"none\" stroke=\"currentColor\" stroke- viewBox=\"0 0 24 24\"><path stroke-linecap=\"round\" stroke-linejoin=\"round\" d=\"M5 13l4 4L19 7\" \/><\/svg><\/div><div class=\"flex-1\">Ki\u1ec3m tra k\u1ef9 l\u01b0\u1ee1ng c\u00e1c k\u1ebft n\u1ed1i \u0111i\u1ec7n tr\u01b0\u1edbc khi v\u1eadn h\u00e0nh.<\/div><\/li>\n<li class=\"flex items-center gap-3 leading-relaxed text-gray-800 \"><div class=\"flex items-center justify-center w-5 h-5 bg-red-100 rounded-full shrink-0\"><svg class=\"w-3 h-3 text-red-600\" fill=\"none\" stroke=\"currentColor\" stroke- viewBox=\"0 0 24 24\"><path stroke-linecap=\"round\" stroke-linejoin=\"round\" d=\"M5 13l4 4L19 7\" \/><\/svg><\/div><div class=\"flex-1\">\u0110\u1ea3m b\u1ea3o m\u00f4i tr\u01b0\u1eddng l\u00e0m vi\u1ec7c s\u1ea1ch s\u1ebd, an to\u00e0n \u0111\u1ec3 tr\u00e1nh tai n\u1ea1n.<\/div><\/li>\n<\/ul>\n","protected":false},"excerpt":{"rendered":"<p class=\"mb-4 leading-relaxed\">M\u00e1y h\u00e0n b\u00e1n t\u1ef1 \u0111\u1ed9ng Weldcom Multimag V2000 l\u00e0 thi\u1ebft b\u1ecb l\u00fd t\u01b0\u1edfng cho c\u00e1c c\u00f4ng vi\u1ec7c h\u00e0n MIG kh\u00f4ng d\u00f9ng kh\u00ed, v\u1edbi hi\u1ec7u su\u1ea5t cao v\u00e0 thi\u1ebft k\u1ebf ti\u1ec7n d\u1ee5ng.<\/p>\n","protected":false},"featured_media":269,"template":"","meta":{"footnotes":""},"product_cat":[684,694,695],"product_tag":[],"ztteam_product_brand":[683],"class_list":["post-268","product","type-product","status-publish","has-post-thumbnail","hentry","product_cat-may-han-phu-kien","product_cat-may-han-mig","product_cat-may-han-mig-khong-dung-khi","ztteam_product_brand-weldcom"],"meta_box":{"_sku":"V2000","_regular_price":"6020000","_sale_price":"","_price":"6020000","_stock_status":"instock","_stock":"","_manage_stock":"no","_weight":"","_length":"","_width":"","_height":"","_product_image_gallery":[{"width":150,"height":150,"file":"2026\/03\/may-han-ban-tu-dong-weldcom-multimag-v2000-1530850577-1.jpg","filesize":14525,"sizes":[],"image_meta":{"aperture":"0","credit":"","camera":"","caption":"","created_timestamp":"0","copyright":"","focal_length":"0","iso":"0","shutter_speed":"0","title":"","orientation":"0","keywords":[]},"ID":"270","name":"may-han-ban-tu-dong-weldcom-multimag-v2000-1530850577-1.jpg","path":"\/home\/dev.wptheme.store\/public_html\/s\/wpshoppc\/wp-content\/uploads\/2026\/03\/may-han-ban-tu-dong-weldcom-multimag-v2000-1530850577-1.jpg","url":"https:\/\/dev.wptheme.store\/s\/wpshoppc\/wp-content\/uploads\/2026\/03\/may-han-ban-tu-dong-weldcom-multimag-v2000-1530850577-1.jpg","full_url":"https:\/\/dev.wptheme.store\/s\/wpshoppc\/wp-content\/uploads\/2026\/03\/may-han-ban-tu-dong-weldcom-multimag-v2000-1530850577-1.jpg","title":"may-han-ban-tu-dong-weldcom-multimag-v2000-1530850577-1","caption":"","description":"","alt":"M\u00e1y h\u00e0n b\u00e1n t\u1ef1 \u0111\u1ed9ng Weldcom Multimag V2000 ch\u00ednh h\u00e3ng","srcset":false}],"_featured":"no","_visibility":"visible","_virtual":"no","_downloadable":"no","product_type":"simple","product_attributes":[],"color_variations":[],"size_variations":[],"storage_variations":[],"material_variations":[]},"price":"6020000","demo_url":"","_links":{"self":[{"href":"https:\/\/dev.wptheme.store\/s\/wpshoppc\/wp-json\/wp\/v2\/product\/268","targetHints":{"allow":["GET"]}}],"collection":[{"href":"https:\/\/dev.wptheme.store\/s\/wpshoppc\/wp-json\/wp\/v2\/product"}],"about":[{"href":"https:\/\/dev.wptheme.store\/s\/wpshoppc\/wp-json\/wp\/v2\/types\/product"}],"version-history":[{"count":0,"href":"https:\/\/dev.wptheme.store\/s\/wpshoppc\/wp-json\/wp\/v2\/product\/268\/revisions"}],"wp:featuredmedia":[{"embeddable":true,"href":"https:\/\/dev.wptheme.store\/s\/wpshoppc\/wp-json\/wp\/v2\/media\/269"}],"wp:attachment":[{"href":"https:\/\/dev.wptheme.store\/s\/wpshoppc\/wp-json\/wp\/v2\/media?parent=268"}],"wp:term":[{"taxonomy":"product_cat","embeddable":true,"href":"https:\/\/dev.wptheme.store\/s\/wpshoppc\/wp-json\/wp\/v2\/product_cat?post=268"},{"taxonomy":"product_tag","embeddable":true,"href":"https:\/\/dev.wptheme.store\/s\/wpshoppc\/wp-json\/wp\/v2\/product_tag?post=268"},{"taxonomy":"ztteam_product_brand","embeddable":true,"href":"https:\/\/dev.wptheme.store\/s\/wpshoppc\/wp-json\/wp\/v2\/ztteam_product_brand?post=268"}],"curies":[{"name":"wp","href":"https:\/\/api.w.org\/{rel}","templated":true}]}}