{"id":271,"date":"2026-03-09T16:19:21","date_gmt":"2026-03-09T09:19:21","guid":{"rendered":"https:\/\/dev.wptheme.store\/s\/wpshoppc\/product\/day-han-loi-thuoc-e71t-gs-1-0mm-1-kg-cuon\/"},"modified":"2026-03-09T16:19:21","modified_gmt":"2026-03-09T09:19:21","slug":"day-han-loi-thuoc-e71t-gs-1-0mm-1-kg-cuon","status":"publish","type":"product","link":"https:\/\/dev.wptheme.store\/s\/wpshoppc\/product\/day-han-loi-thuoc-e71t-gs-1-0mm-1-kg-cuon\/","title":{"rendered":"D\u00e2y h\u00e0n l\u00f5i thu\u1ed1c E71T-GS 1.0mm ( 1 kg\/ Cu\u1ed9n)"},"content":{"rendered":"<p class=\"mb-4 leading-relaxed\">D\u00e2y h\u00e0n l\u00f5i thu\u1ed1c E71T-GS 1.0mm (1 kg\/cu\u1ed9n) c\u1ee7a Weldcom l\u00e0 s\u1ea3n ph\u1ea9m ch\u1ea5t l\u01b0\u1ee3ng, \u0111\u01b0\u1ee3c thi\u1ebft k\u1ebf \u0111\u1ec3 \u0111\u00e1p \u1ee9ng nhu c\u1ea7u h\u00e0n trong c\u00e1c c\u00f4ng tr\u00ecnh c\u00f4ng nghi\u1ec7p v\u00e0 d\u00e2n d\u1ee5ng. V\u1edbi kh\u1ea3 n\u0103ng h\u00e0n kh\u00f4ng d\u00f9ng kh\u00ed, s\u1ea3n ph\u1ea9m n\u00e0y mang l\u1ea1i hi\u1ec7u su\u1ea5t h\u00e0n \u1ed5n \u0111\u1ecbnh v\u00e0 th\u1eddi gian s\u1eed d\u1ee5ng l\u00e2u d\u00e0i.<\/p>\n<h2 class=\"py-2 my-4 text-2xl font-bold border-green-500 border-y border-opacity-10\">T\u00ednh n\u0103ng n\u1ed5i b\u1eadt<\/h2>\n<ul class=\"mb-4 space-y-1 list-none\">\n<li class=\"flex items-center gap-3 leading-relaxed text-gray-800 \"><div class=\"flex items-center justify-center w-5 h-5 bg-red-100 rounded-full shrink-0\"><svg class=\"w-3 h-3 text-red-600\" fill=\"none\" stroke=\"currentColor\" stroke- viewBox=\"0 0 24 24\"><path stroke-linecap=\"round\" stroke-linejoin=\"round\" d=\"M5 13l4 4L19 7\" \/><\/svg><\/div><div class=\"flex-1\">Ch\u1ea5t li\u1ec7u h\u1ee3p kim cao c\u1ea5p, \u0111\u1ea3m b\u1ea3o \u0111\u1ed9 b\u1ec1n v\u00e0 kh\u1ea3 n\u0103ng ch\u1ed1ng oxi h\u00f3a<\/div><\/li>\n<li class=\"flex items-center gap-3 leading-relaxed text-gray-800 \"><div class=\"flex items-center justify-center w-5 h-5 bg-red-100 rounded-full shrink-0\"><svg class=\"w-3 h-3 text-red-600\" fill=\"none\" stroke=\"currentColor\" stroke- viewBox=\"0 0 24 24\"><path stroke-linecap=\"round\" stroke-linejoin=\"round\" d=\"M5 13l4 4L19 7\" \/><\/svg><\/div><div class=\"flex-1\">\u0110\u01b0\u1eddng k\u00ednh d\u00e2y h\u00e0n 1.0mm, ph\u00f9 h\u1ee3p cho nhi\u1ec1u lo\u1ea1i m\u00e1y h\u00e0n<\/div><\/li>\n<li class=\"flex items-center gap-3 leading-relaxed text-gray-800 \"><div class=\"flex items-center justify-center w-5 h-5 bg-red-100 rounded-full shrink-0\"><svg class=\"w-3 h-3 text-red-600\" fill=\"none\" stroke=\"currentColor\" stroke- viewBox=\"0 0 24 24\"><path stroke-linecap=\"round\" stroke-linejoin=\"round\" d=\"M5 13l4 4L19 7\" \/><\/svg><\/div><div class=\"flex-1\">Tr\u1ecdng l\u01b0\u1ee3ng m\u1ed7i cu\u1ed9n l\u00e0 1 kg, d\u1ec5 d\u00e0ng s\u1eed d\u1ee5ng v\u00e0 b\u1ea3o qu\u1ea3n<\/div><\/li>\n<\/ul>\n<h2 class=\"py-2 my-4 text-2xl font-bold border-green-500 border-y border-opacity-10\">L\u1ee3i \u00edch khi s\u1eed d\u1ee5ng<\/h2>\n<p class=\"mb-4 leading-relaxed\">S\u1eed d\u1ee5ng d\u00e2y h\u00e0n E71T-GS gi\u00fap n\u00e2ng cao ch\u1ea5t l\u01b0\u1ee3ng m\u1ed1i h\u00e0n v\u00e0 gi\u1ea3m thi\u1ec3u c\u00e1c khuy\u1ebft t\u1eadt. B\u00ean c\u1ea1nh \u0111\u00f3, vi\u1ec7c h\u00e0n kh\u00f4ng d\u00f9ng kh\u00ed gi\u00fap ti\u1ebft ki\u1ec7m chi ph\u00ed v\u00e0 th\u1eddi gian, \u0111\u1eb7c bi\u1ec7t trong c\u00e1c c\u00f4ng vi\u1ec7c ngo\u00e0i tr\u1eddi.<\/p>\n<h2 class=\"py-2 my-4 text-2xl font-bold border-green-500 border-y border-opacity-10\">\u1ee8ng d\u1ee5ng th\u1ef1c t\u1ebf<\/h2>\n<p class=\"mb-4 leading-relaxed\">S\u1ea3n ph\u1ea9m th\u00edch h\u1ee3p cho nhi\u1ec1u l\u0129nh v\u1ef1c nh\u01b0 x\u00e2y d\u1ef1ng, s\u1eeda ch\u1eefa \u00f4 t\u00f4, ch\u1ebf t\u1ea1o m\u00e1y m\u00f3c, v\u00e0 c\u00e1c c\u00f4ng vi\u1ec7c h\u00e0n kh\u00e1c. D\u00e2y h\u00e0n n\u00e0y l\u00fd t\u01b0\u1edfng cho c\u1ea3 th\u1ee3 chuy\u00ean nghi\u1ec7p v\u00e0 ng\u01b0\u1eddi d\u00f9ng gia \u0111\u00ecnh.<\/p>\n<h2 class=\"py-2 my-4 text-2xl font-bold border-green-500 border-y border-opacity-10\">L\u01b0u \u00fd khi s\u1eed d\u1ee5ng<\/h2>\n<p class=\"mb-4 leading-relaxed\">Khi s\u1eed d\u1ee5ng d\u00e2y h\u00e0n E71T-GS, b\u1ea1n c\u1ea7n ch\u00fa \u00fd:<\/p>\n<ul class=\"mb-4 space-y-1 list-none\">\n<li class=\"flex items-center gap-3 leading-relaxed text-gray-800 \"><div class=\"flex items-center justify-center w-5 h-5 bg-red-100 rounded-full shrink-0\"><svg class=\"w-3 h-3 text-red-600\" fill=\"none\" stroke=\"currentColor\" stroke- viewBox=\"0 0 24 24\"><path stroke-linecap=\"round\" stroke-linejoin=\"round\" d=\"M5 13l4 4L19 7\" \/><\/svg><\/div><div class=\"flex-1\">\u0110\u1ea3m b\u1ea3o m\u00e1y h\u00e0n \u0111\u01b0\u1ee3c \u0111i\u1ec1u ch\u1ec9nh \u0111\u00fang th\u00f4ng s\u1ed1 k\u1ef9 thu\u1eadt<\/div><\/li>\n<li class=\"flex items-center gap-3 leading-relaxed text-gray-800 \"><div class=\"flex items-center justify-center w-5 h-5 bg-red-100 rounded-full shrink-0\"><svg class=\"w-3 h-3 text-red-600\" fill=\"none\" stroke=\"currentColor\" stroke- viewBox=\"0 0 24 24\"><path stroke-linecap=\"round\" stroke-linejoin=\"round\" d=\"M5 13l4 4L19 7\" \/><\/svg><\/div><div class=\"flex-1\">Th\u1ef1c hi\u1ec7n c\u00e1c bi\u1ec7n ph\u00e1p an to\u00e0n khi h\u00e0n<\/div><\/li>\n<li class=\"flex items-center gap-3 leading-relaxed text-gray-800 \"><div class=\"flex items-center justify-center w-5 h-5 bg-red-100 rounded-full shrink-0\"><svg class=\"w-3 h-3 text-red-600\" fill=\"none\" stroke=\"currentColor\" stroke- viewBox=\"0 0 24 24\"><path stroke-linecap=\"round\" stroke-linejoin=\"round\" d=\"M5 13l4 4L19 7\" \/><\/svg><\/div><div class=\"flex-1\">Ki\u1ec3m tra tem ch\u1ed1ng gi\u1ea3 v\u00e0 k\u00edch ho\u1ea1t b\u1ea3o h\u00e0nh \u0111i\u1ec7n t\u1eed n\u1ebfu c\u1ea7n<\/div><\/li>\n<\/ul>\n","protected":false},"excerpt":{"rendered":"<p class=\"mb-4 leading-relaxed\">D\u00e2y h\u00e0n l\u00f5i thu\u1ed1c E71T-GS 1.0mm (1 kg\/cu\u1ed9n) c\u1ee7a Weldcom l\u00e0 l\u1ef1a ch\u1ecdn l\u00fd t\u01b0\u1edfng cho c\u00e1c c\u00f4ng vi\u1ec7c h\u00e0n kh\u00f4ng d\u00f9ng kh\u00ed, mang l\u1ea1i \u0111\u1ed9 b\u1ec1n v\u00e0 ch\u1ea5t l\u01b0\u1ee3ng cao.<\/p>\n","protected":false},"featured_media":272,"template":"","meta":{"footnotes":""},"product_cat":[692,693,684,686],"product_tag":[],"ztteam_product_brand":[683],"class_list":["post-271","product","type-product","status-publish","has-post-thumbnail","hentry","product_cat-cuon-day-han","product_cat-day-han-khong-dung-khi","product_cat-may-han-phu-kien","product_cat-phu-kien-han","ztteam_product_brand-weldcom"],"meta_box":{"_sku":"P16V-022877","_regular_price":"107000","_sale_price":"","_price":"107000","_stock_status":"instock","_stock":"","_manage_stock":"no","_weight":"","_length":"","_width":"","_height":"","_product_image_gallery":[],"_featured":"no","_visibility":"visible","_virtual":"no","_downloadable":"no","product_type":"simple","product_attributes":[],"color_variations":[],"size_variations":[],"storage_variations":[],"material_variations":[]},"price":"107000","demo_url":"","_links":{"self":[{"href":"https:\/\/dev.wptheme.store\/s\/wpshoppc\/wp-json\/wp\/v2\/product\/271","targetHints":{"allow":["GET"]}}],"collection":[{"href":"https:\/\/dev.wptheme.store\/s\/wpshoppc\/wp-json\/wp\/v2\/product"}],"about":[{"href":"https:\/\/dev.wptheme.store\/s\/wpshoppc\/wp-json\/wp\/v2\/types\/product"}],"version-history":[{"count":0,"href":"https:\/\/dev.wptheme.store\/s\/wpshoppc\/wp-json\/wp\/v2\/product\/271\/revisions"}],"wp:featuredmedia":[{"embeddable":true,"href":"https:\/\/dev.wptheme.store\/s\/wpshoppc\/wp-json\/wp\/v2\/media\/272"}],"wp:attachment":[{"href":"https:\/\/dev.wptheme.store\/s\/wpshoppc\/wp-json\/wp\/v2\/media?parent=271"}],"wp:term":[{"taxonomy":"product_cat","embeddable":true,"href":"https:\/\/dev.wptheme.store\/s\/wpshoppc\/wp-json\/wp\/v2\/product_cat?post=271"},{"taxonomy":"product_tag","embeddable":true,"href":"https:\/\/dev.wptheme.store\/s\/wpshoppc\/wp-json\/wp\/v2\/product_tag?post=271"},{"taxonomy":"ztteam_product_brand","embeddable":true,"href":"https:\/\/dev.wptheme.store\/s\/wpshoppc\/wp-json\/wp\/v2\/ztteam_product_brand?post=271"}],"curies":[{"name":"wp","href":"https:\/\/api.w.org\/{rel}","templated":true}]}}