{"id":279,"date":"2026-03-09T16:19:25","date_gmt":"2026-03-09T09:19:25","guid":{"rendered":"https:\/\/dev.wptheme.store\/s\/wpshoppc\/product\/dong-ho-argon-ren-ngoai-weldcom-p25a-000291\/"},"modified":"2026-03-09T16:19:25","modified_gmt":"2026-03-09T09:19:25","slug":"dong-ho-argon-ren-ngoai-weldcom-p25a-000291","status":"publish","type":"product","link":"https:\/\/dev.wptheme.store\/s\/wpshoppc\/product\/dong-ho-argon-ren-ngoai-weldcom-p25a-000291\/","title":{"rendered":"\u0110\u1ed3ng h\u1ed3 Argon Ren Ngo\u00e0i Weldcom P25A-000291"},"content":{"rendered":"<p class=\"mb-4 leading-relaxed\">\u0110\u1ed3ng h\u1ed3 Argon Ren Ngo\u00e0i Weldcom P25A-000291 l\u00e0 m\u1ed9t s\u1ea3n ph\u1ea9m thi\u1ebft y\u1ebfu trong ng\u00e0nh h\u00e0n, gi\u00fap ng\u01b0\u1eddi d\u00f9ng ki\u1ec3m so\u00e1t \u00e1p l\u1ef1c kh\u00ed argon m\u1ed9t c\u00e1ch ch\u00ednh x\u00e1c v\u00e0 an to\u00e0n. V\u1edbi thi\u1ebft k\u1ebf ch\u1eafc ch\u1eafn v\u00e0 \u0111\u1ed9 b\u1ec1n cao, s\u1ea3n ph\u1ea9m n\u00e0y ph\u00f9 h\u1ee3p cho nhi\u1ec1u \u1ee9ng d\u1ee5ng kh\u00e1c nhau trong l\u0129nh v\u1ef1c h\u00e0n.<\/p>\n<h2 class=\"py-2 my-4 text-2xl font-bold border-green-500 border-y border-opacity-10\">T\u00ednh n\u0103ng n\u1ed5i b\u1eadt<\/h2>\n<p class=\"mb-4 leading-relaxed\">S\u1ea3n ph\u1ea9m \u0111\u01b0\u1ee3c trang b\u1ecb th\u00e2n \u0111\u1ed3ng m\u1ea1 Cr\u00f4m, gi\u00fap t\u0103ng c\u01b0\u1eddng \u0111\u1ed9 b\u1ec1n v\u00e0 kh\u1ea3 n\u0103ng ch\u1ed1ng \u0103n m\u00f2n. \u0110\u1ed3ng h\u1ed3 c\u00f3 kh\u1ea3 n\u0103ng ch\u1ecbu \u00e1p l\u1ef1c t\u1ed1i \u0111a l\u00ean \u0111\u1ebfn 3500 psi, \u0111\u1ea3m b\u1ea3o hi\u1ec7u su\u1ea5t ho\u1ea1t \u0111\u1ed9ng \u1ed5n \u0111\u1ecbnh trong th\u1eddi gian d\u00e0i.<\/p>\n<h2 class=\"py-2 my-4 text-2xl font-bold border-green-500 border-y border-opacity-10\">L\u1ee3i \u00edch khi s\u1eed d\u1ee5ng<\/h2>\n<p class=\"mb-4 leading-relaxed\">Khi s\u1eed d\u1ee5ng \u0110\u1ed3ng h\u1ed3 Argon Ren Ngo\u00e0i Weldcom P25A-000291, b\u1ea1n s\u1ebd nh\u1eadn \u0111\u01b0\u1ee3c nh\u1eefng l\u1ee3i \u00edch sau:<\/p>\n<ul class=\"mb-4 space-y-1 list-none\">\n<li class=\"flex items-center gap-3 leading-relaxed text-gray-800 \"><div class=\"flex items-center justify-center w-5 h-5 bg-red-100 rounded-full shrink-0\"><svg class=\"w-3 h-3 text-red-600\" fill=\"none\" stroke=\"currentColor\" stroke- viewBox=\"0 0 24 24\"><path stroke-linecap=\"round\" stroke-linejoin=\"round\" d=\"M5 13l4 4L19 7\" \/><\/svg><\/div><div class=\"flex-1\">Gi\u00fap ki\u1ec3m so\u00e1t \u00e1p l\u1ef1c kh\u00ed argon ch\u00ednh x\u00e1c.<\/div><\/li>\n<li class=\"flex items-center gap-3 leading-relaxed text-gray-800 \"><div class=\"flex items-center justify-center w-5 h-5 bg-red-100 rounded-full shrink-0\"><svg class=\"w-3 h-3 text-red-600\" fill=\"none\" stroke=\"currentColor\" stroke- viewBox=\"0 0 24 24\"><path stroke-linecap=\"round\" stroke-linejoin=\"round\" d=\"M5 13l4 4L19 7\" \/><\/svg><\/div><div class=\"flex-1\">T\u0103ng c\u01b0\u1eddng hi\u1ec7u su\u1ea5t h\u00e0n v\u00e0 ch\u1ea5t l\u01b0\u1ee3ng m\u1ed1i h\u00e0n.<\/div><\/li>\n<li class=\"flex items-center gap-3 leading-relaxed text-gray-800 \"><div class=\"flex items-center justify-center w-5 h-5 bg-red-100 rounded-full shrink-0\"><svg class=\"w-3 h-3 text-red-600\" fill=\"none\" stroke=\"currentColor\" stroke- viewBox=\"0 0 24 24\"><path stroke-linecap=\"round\" stroke-linejoin=\"round\" d=\"M5 13l4 4L19 7\" \/><\/svg><\/div><div class=\"flex-1\">Thi\u1ebft k\u1ebf b\u1ec1n b\u1ec9, d\u1ec5 d\u00e0ng l\u1eafp \u0111\u1eb7t v\u00e0 s\u1eed d\u1ee5ng.<\/div><\/li>\n<\/ul>\n<h2 class=\"py-2 my-4 text-2xl font-bold border-green-500 border-y border-opacity-10\">\u1ee8ng d\u1ee5ng th\u1ef1c t\u1ebf<\/h2>\n<p class=\"mb-4 leading-relaxed\">\u0110\u1ed3ng h\u1ed3 Argon Ren Ngo\u00e0i Weldcom P25A-000291 r\u1ea5t ph\u00f9 h\u1ee3p cho c\u00e1c c\u00f4ng vi\u1ec7c h\u00e0n inox, h\u00e0n nh\u00f4m v\u00e0 c\u00e1c lo\u1ea1i v\u1eadt li\u1ec7u kh\u00e1c. S\u1ea3n ph\u1ea9m n\u00e0y l\u00e0 l\u1ef1a ch\u1ecdn l\u00fd t\u01b0\u1edfng cho th\u1ee3 h\u00e0n chuy\u00ean nghi\u1ec7p c\u0169ng nh\u01b0 c\u00e1c d\u1ef1 \u00e1n DIY t\u1ea1i nh\u00e0.<\/p>\n<h2 class=\"py-2 my-4 text-2xl font-bold border-green-500 border-y border-opacity-10\">L\u01b0u \u00fd khi s\u1eed d\u1ee5ng<\/h2>\n<p class=\"mb-4 leading-relaxed\">Khi s\u1eed d\u1ee5ng \u0111\u1ed3ng h\u1ed3, h\u00e3y ch\u00fa \u00fd ki\u1ec3m tra \u00e1p l\u1ef1c \u0111\u1ecbnh k\u1ef3 \u0111\u1ec3 \u0111\u1ea3m b\u1ea3o an to\u00e0n. Ngo\u00e0i ra, n\u00ean th\u1ef1c hi\u1ec7n c\u00e1c bi\u1ec7n ph\u00e1p ki\u1ec3m tra tem ch\u1ed1ng gi\u1ea3 v\u00e0 k\u00edch ho\u1ea1t b\u1ea3o h\u00e0nh \u0111i\u1ec7n t\u1eed n\u1ebfu s\u1ea3n ph\u1ea9m thu\u1ed9c th\u01b0\u01a1ng hi\u1ec7u l\u1edbn nh\u01b0 Weldcom.<\/p>\n","protected":false},"excerpt":{"rendered":"<p class=\"mb-4 leading-relaxed\">\u0110\u1ed3ng h\u1ed3 Argon Ren Ngo\u00e0i Weldcom P25A-000291 l\u00e0 thi\u1ebft b\u1ecb ch\u1ea5t l\u01b0\u1ee3ng cao, l\u00fd t\u01b0\u1edfng cho vi\u1ec7c \u0111i\u1ec1u ch\u1ec9nh \u00e1p l\u1ef1c trong c\u00e1c \u1ee9ng d\u1ee5ng h\u00e0n.<\/p>\n","protected":false},"featured_media":280,"template":"","meta":{"footnotes":""},"product_cat":[697,684,686],"product_tag":[],"ztteam_product_brand":[683],"class_list":["post-279","product","type-product","status-publish","has-post-thumbnail","hentry","product_cat-dong-ho-argon","product_cat-may-han-phu-kien","product_cat-phu-kien-han","ztteam_product_brand-weldcom"],"meta_box":{"_sku":"P25A-000291","_regular_price":"7000350000","_sale_price":"","_price":"7000350000","_stock_status":"instock","_stock":"","_manage_stock":"no","_weight":"","_length":"","_width":"","_height":"","_product_image_gallery":[{"width":150,"height":150,"file":"2026\/03\/dong-ho-argon-vang-gia-tot-2.jpg","filesize":68129,"sizes":[],"image_meta":{"aperture":"0","credit":"","camera":"","caption":"","created_timestamp":"0","copyright":"","focal_length":"0","iso":"0","shutter_speed":"0","title":"","orientation":"1","keywords":[]},"ID":"504","name":"dong-ho-argon-vang-gia-tot-2.jpg","path":"\/home\/dev.wptheme.store\/public_html\/s\/wpshoppc\/wp-content\/uploads\/2026\/03\/dong-ho-argon-vang-gia-tot-2.jpg","url":"https:\/\/dev.wptheme.store\/s\/wpshoppc\/wp-content\/uploads\/2026\/03\/dong-ho-argon-vang-gia-tot-2.jpg","full_url":"https:\/\/dev.wptheme.store\/s\/wpshoppc\/wp-content\/uploads\/2026\/03\/dong-ho-argon-vang-gia-tot-2.jpg","title":"dong-ho-argon-vang-gia-tot-2","caption":"","description":"","alt":"\u0110\u1ed3ng h\u1ed3 Argon Ren Ngo\u00e0i Weldcom P25A-000291 d\u00f9ng cho c\u00f4ng vi\u1ec7c k\u1ef9 thu\u1eadt","srcset":false},{"width":150,"height":150,"file":"2026\/03\/dong-ho-argon-vang-gia-tot.jpg","filesize":90551,"sizes":[],"image_meta":{"aperture":"0","credit":"","camera":"","caption":"","created_timestamp":"0","copyright":"","focal_length":"0","iso":"0","shutter_speed":"0","title":"","orientation":"1","keywords":[]},"ID":"505","name":"dong-ho-argon-vang-gia-tot.jpg","path":"\/home\/dev.wptheme.store\/public_html\/s\/wpshoppc\/wp-content\/uploads\/2026\/03\/dong-ho-argon-vang-gia-tot.jpg","url":"https:\/\/dev.wptheme.store\/s\/wpshoppc\/wp-content\/uploads\/2026\/03\/dong-ho-argon-vang-gia-tot.jpg","full_url":"https:\/\/dev.wptheme.store\/s\/wpshoppc\/wp-content\/uploads\/2026\/03\/dong-ho-argon-vang-gia-tot.jpg","title":"dong-ho-argon-vang-gia-tot","caption":"","description":"","alt":"\u0110\u1ed3ng h\u1ed3 Argon Ren Ngo\u00e0i Weldcom P25A-000291 d\u00f9ng cho c\u00f4ng vi\u1ec7c k\u1ef9 thu\u1eadt","srcset":false},{"width":150,"height":150,"file":"2026\/03\/dong-ho-argon-vang-gia-tot-1654244933-1.jpg","filesize":21937,"sizes":[],"image_meta":{"aperture":"0","credit":"","camera":"","caption":"","created_timestamp":"0","copyright":"","focal_length":"0","iso":"0","shutter_speed":"0","title":"","orientation":"0","keywords":[]},"ID":"506","name":"dong-ho-argon-vang-gia-tot-1654244933-1.jpg","path":"\/home\/dev.wptheme.store\/public_html\/s\/wpshoppc\/wp-content\/uploads\/2026\/03\/dong-ho-argon-vang-gia-tot-1654244933-1.jpg","url":"https:\/\/dev.wptheme.store\/s\/wpshoppc\/wp-content\/uploads\/2026\/03\/dong-ho-argon-vang-gia-tot-1654244933-1.jpg","full_url":"https:\/\/dev.wptheme.store\/s\/wpshoppc\/wp-content\/uploads\/2026\/03\/dong-ho-argon-vang-gia-tot-1654244933-1.jpg","title":"dong-ho-argon-vang-gia-tot-1654244933-1","caption":"","description":"","alt":"\u0110\u1ed3ng h\u1ed3 Argon Ren Ngo\u00e0i Weldcom P25A-000291 d\u00f9ng cho c\u00f4ng vi\u1ec7c k\u1ef9 thu\u1eadt","srcset":false},{"width":150,"height":150,"file":"2026\/03\/dong-ho-argon-vang-gia-tot-2-1.jpg","filesize":15790,"sizes":[],"image_meta":{"aperture":"0","credit":"","camera":"","caption":"","created_timestamp":"0","copyright":"","focal_length":"0","iso":"0","shutter_speed":"0","title":"","orientation":"0","keywords":[]},"ID":"507","name":"dong-ho-argon-vang-gia-tot-2-1.jpg","path":"\/home\/dev.wptheme.store\/public_html\/s\/wpshoppc\/wp-content\/uploads\/2026\/03\/dong-ho-argon-vang-gia-tot-2-1.jpg","url":"https:\/\/dev.wptheme.store\/s\/wpshoppc\/wp-content\/uploads\/2026\/03\/dong-ho-argon-vang-gia-tot-2-1.jpg","full_url":"https:\/\/dev.wptheme.store\/s\/wpshoppc\/wp-content\/uploads\/2026\/03\/dong-ho-argon-vang-gia-tot-2-1.jpg","title":"dong-ho-argon-vang-gia-tot-2-1","caption":"","description":"","alt":"\u0110\u1ed3ng h\u1ed3 Argon Ren Ngo\u00e0i Weldcom P25A-000291 d\u00f9ng cho c\u00f4ng vi\u1ec7c k\u1ef9 thu\u1eadt","srcset":false},{"width":150,"height":150,"file":"2026\/03\/dong-ho-argon-vang-gia-tot-1.jpg","filesize":21937,"sizes":[],"image_meta":{"aperture":"0","credit":"","camera":"","caption":"","created_timestamp":"0","copyright":"","focal_length":"0","iso":"0","shutter_speed":"0","title":"","orientation":"0","keywords":[]},"ID":"508","name":"dong-ho-argon-vang-gia-tot-1.jpg","path":"\/home\/dev.wptheme.store\/public_html\/s\/wpshoppc\/wp-content\/uploads\/2026\/03\/dong-ho-argon-vang-gia-tot-1.jpg","url":"https:\/\/dev.wptheme.store\/s\/wpshoppc\/wp-content\/uploads\/2026\/03\/dong-ho-argon-vang-gia-tot-1.jpg","full_url":"https:\/\/dev.wptheme.store\/s\/wpshoppc\/wp-content\/uploads\/2026\/03\/dong-ho-argon-vang-gia-tot-1.jpg","title":"dong-ho-argon-vang-gia-tot-1","caption":"","description":"","alt":"\u0110\u1ed3ng h\u1ed3 Argon Ren Ngo\u00e0i Weldcom P25A-000291 d\u00f9ng cho c\u00f4ng vi\u1ec7c k\u1ef9 thu\u1eadt","srcset":false}],"_featured":"no","_visibility":"visible","_virtual":"no","_downloadable":"no","product_type":"simple","product_attributes":[],"color_variations":[],"size_variations":[],"storage_variations":[],"material_variations":[]},"price":"7000350000","demo_url":"","_links":{"self":[{"href":"https:\/\/dev.wptheme.store\/s\/wpshoppc\/wp-json\/wp\/v2\/product\/279","targetHints":{"allow":["GET"]}}],"collection":[{"href":"https:\/\/dev.wptheme.store\/s\/wpshoppc\/wp-json\/wp\/v2\/product"}],"about":[{"href":"https:\/\/dev.wptheme.store\/s\/wpshoppc\/wp-json\/wp\/v2\/types\/product"}],"version-history":[{"count":0,"href":"https:\/\/dev.wptheme.store\/s\/wpshoppc\/wp-json\/wp\/v2\/product\/279\/revisions"}],"wp:featuredmedia":[{"embeddable":true,"href":"https:\/\/dev.wptheme.store\/s\/wpshoppc\/wp-json\/wp\/v2\/media\/280"}],"wp:attachment":[{"href":"https:\/\/dev.wptheme.store\/s\/wpshoppc\/wp-json\/wp\/v2\/media?parent=279"}],"wp:term":[{"taxonomy":"product_cat","embeddable":true,"href":"https:\/\/dev.wptheme.store\/s\/wpshoppc\/wp-json\/wp\/v2\/product_cat?post=279"},{"taxonomy":"product_tag","embeddable":true,"href":"https:\/\/dev.wptheme.store\/s\/wpshoppc\/wp-json\/wp\/v2\/product_tag?post=279"},{"taxonomy":"ztteam_product_brand","embeddable":true,"href":"https:\/\/dev.wptheme.store\/s\/wpshoppc\/wp-json\/wp\/v2\/ztteam_product_brand?post=279"}],"curies":[{"name":"wp","href":"https:\/\/api.w.org\/{rel}","templated":true}]}}