{"id":285,"date":"2026-03-09T16:19:28","date_gmt":"2026-03-09T09:19:28","guid":{"rendered":"https:\/\/dev.wptheme.store\/s\/wpshoppc\/product\/bep-han-co2-black-wolf-m6x45x0-8mm\/"},"modified":"2026-03-09T16:19:28","modified_gmt":"2026-03-09T09:19:28","slug":"bep-han-co2-black-wolf-m6x45x0-8mm","status":"publish","type":"product","link":"https:\/\/dev.wptheme.store\/s\/wpshoppc\/product\/bep-han-co2-black-wolf-m6x45x0-8mm\/","title":{"rendered":"B\u00e9p h\u00e0n CO2 Black wolf M6x45x0.8mm"},"content":{"rendered":"<p class=\"mb-4 leading-relaxed\">B\u00e9p h\u00e0n CO2 Black wolf M6x45x0.8mm l\u00e0 m\u1ed9t trong nh\u1eefng ph\u1ee5 ki\u1ec7n h\u00e0n quan tr\u1ecdng trong qu\u00e1 tr\u00ecnh h\u00e0n CO2. S\u1ea3n ph\u1ea9m n\u00e0y \u0111\u01b0\u1ee3c thi\u1ebft k\u1ebf \u0111\u1eb7c bi\u1ec7t \u0111\u1ec3 t\u1ed1i \u01b0u h\u00f3a hi\u1ec7u su\u1ea5t h\u00e0n, mang l\u1ea1i m\u1ed1i h\u00e0n \u0111\u1eb9p v\u00e0 c\u00f3 \u0111\u1ed9 b\u1ec1n cao.<\/p>\n<h2 class=\"py-2 my-4 text-2xl font-bold border-green-500 border-y border-opacity-10\">T\u00ednh n\u0103ng n\u1ed5i b\u1eadt<\/h2>\n<ul class=\"mb-4 space-y-1 list-none\">\n<li class=\"flex items-center gap-3 leading-relaxed text-gray-800 \"><div class=\"flex items-center justify-center w-5 h-5 bg-red-100 rounded-full shrink-0\"><svg class=\"w-3 h-3 text-red-600\" fill=\"none\" stroke=\"currentColor\" stroke- viewBox=\"0 0 24 24\"><path stroke-linecap=\"round\" stroke-linejoin=\"round\" d=\"M5 13l4 4L19 7\" \/><\/svg><\/div><div class=\"flex-1\">\u0110\u01b0\u1eddng k\u00ednh l\u1ed7 0.8mm gi\u00fap t\u1ea1o ra m\u1ed1i h\u00e0n ch\u00ednh x\u00e1c.<\/div><\/li>\n<li class=\"flex items-center gap-3 leading-relaxed text-gray-800 \"><div class=\"flex items-center justify-center w-5 h-5 bg-red-100 rounded-full shrink-0\"><svg class=\"w-3 h-3 text-red-600\" fill=\"none\" stroke=\"currentColor\" stroke- viewBox=\"0 0 24 24\"><path stroke-linecap=\"round\" stroke-linejoin=\"round\" d=\"M5 13l4 4L19 7\" \/><\/svg><\/div><div class=\"flex-1\">Quy c\u00e1ch M6x45mm ph\u00f9 h\u1ee3p v\u1edbi nhi\u1ec1u lo\u1ea1i m\u00e1y h\u00e0n.<\/div><\/li>\n<li class=\"flex items-center gap-3 leading-relaxed text-gray-800 \"><div class=\"flex items-center justify-center w-5 h-5 bg-red-100 rounded-full shrink-0\"><svg class=\"w-3 h-3 text-red-600\" fill=\"none\" stroke=\"currentColor\" stroke- viewBox=\"0 0 24 24\"><path stroke-linecap=\"round\" stroke-linejoin=\"round\" d=\"M5 13l4 4L19 7\" \/><\/svg><\/div><div class=\"flex-1\">Ch\u1ea5t li\u1ec7u b\u1ec1n b\u1ec9, ch\u1ecbu nhi\u1ec7t t\u1ed1t, \u0111\u1ea3m b\u1ea3o an to\u00e0n khi s\u1eed d\u1ee5ng.<\/div><\/li>\n<\/ul>\n<h2 class=\"py-2 my-4 text-2xl font-bold border-green-500 border-y border-opacity-10\">L\u1ee3i \u00edch khi s\u1eed d\u1ee5ng<\/h2>\n<p class=\"mb-4 leading-relaxed\">Vi\u1ec7c s\u1eed d\u1ee5ng b\u00e9p h\u00e0n CO2 Black wolf kh\u00f4ng ch\u1ec9 gi\u00fap gi\u1ea3m thi\u1ec3u hi\u1ec7n t\u01b0\u1ee3ng x\u1ec9 h\u00e0n m\u00e0 c\u00f2n t\u0103ng c\u01b0\u1eddng \u0111\u1ed9 b\u00e1m d\u00ednh c\u1ee7a m\u1ed1i h\u00e0n. \u0110i\u1ec1u n\u00e0y gi\u00fap ti\u1ebft ki\u1ec7m th\u1eddi gian thi c\u00f4ng v\u00e0 n\u00e2ng cao ch\u1ea5t l\u01b0\u1ee3ng s\u1ea3n ph\u1ea9m cu\u1ed1i c\u00f9ng.<\/p>\n<h2 class=\"py-2 my-4 text-2xl font-bold border-green-500 border-y border-opacity-10\">\u1ee8ng d\u1ee5ng th\u1ef1c t\u1ebf<\/h2>\n<p class=\"mb-4 leading-relaxed\">S\u1ea3n ph\u1ea9m n\u00e0y th\u01b0\u1eddng \u0111\u01b0\u1ee3c s\u1eed d\u1ee5ng trong c\u00e1c ng\u00e0nh c\u00f4ng nghi\u1ec7p ch\u1ebf t\u1ea1o, s\u1eeda ch\u1eefa \u00f4 t\u00f4, v\u00e0 x\u00e2y d\u1ef1ng. B\u00e9p h\u00e0n CO2 Black wolf c\u00f3 th\u1ec3 \u0111\u01b0\u1ee3c \u1ee9ng d\u1ee5ng trong nhi\u1ec1u lo\u1ea1i v\u1eadt li\u1ec7u nh\u01b0 th\u00e9p, nh\u00f4m, v\u00e0 c\u00e1c h\u1ee3p kim kh\u00e1c.<\/p>\n<h2 class=\"py-2 my-4 text-2xl font-bold border-green-500 border-y border-opacity-10\">L\u01b0u \u00fd khi s\u1eed d\u1ee5ng<\/h2>\n<p class=\"mb-4 leading-relaxed\">Khi s\u1eed d\u1ee5ng b\u00e9p h\u00e0n, b\u1ea1n n\u00ean ch\u00fa \u00fd \u0111\u1ebfn c\u00e1c y\u1ebfu t\u1ed1 sau:<\/p>\n<ul class=\"mb-4 space-y-1 list-none\">\n<li class=\"flex items-center gap-3 leading-relaxed text-gray-800 \"><div class=\"flex items-center justify-center w-5 h-5 bg-red-100 rounded-full shrink-0\"><svg class=\"w-3 h-3 text-red-600\" fill=\"none\" stroke=\"currentColor\" stroke- viewBox=\"0 0 24 24\"><path stroke-linecap=\"round\" stroke-linejoin=\"round\" d=\"M5 13l4 4L19 7\" \/><\/svg><\/div><div class=\"flex-1\">\u0110\u1ea3m b\u1ea3o b\u00e9p h\u00e0n s\u1ea1ch s\u1ebd tr\u01b0\u1edbc khi s\u1eed d\u1ee5ng.<\/div><\/li>\n<li class=\"flex items-center gap-3 leading-relaxed text-gray-800 \"><div class=\"flex items-center justify-center w-5 h-5 bg-red-100 rounded-full shrink-0\"><svg class=\"w-3 h-3 text-red-600\" fill=\"none\" stroke=\"currentColor\" stroke- viewBox=\"0 0 24 24\"><path stroke-linecap=\"round\" stroke-linejoin=\"round\" d=\"M5 13l4 4L19 7\" \/><\/svg><\/div><div class=\"flex-1\">Ki\u1ec3m tra \u0111\u1ecbnh k\u1ef3 \u0111\u1ec3 ph\u00e1t hi\u1ec7n v\u00e0 thay th\u1ebf khi c\u1ea7n thi\u1ebft.<\/div><\/li>\n<li class=\"flex items-center gap-3 leading-relaxed text-gray-800 \"><div class=\"flex items-center justify-center w-5 h-5 bg-red-100 rounded-full shrink-0\"><svg class=\"w-3 h-3 text-red-600\" fill=\"none\" stroke=\"currentColor\" stroke- viewBox=\"0 0 24 24\"><path stroke-linecap=\"round\" stroke-linejoin=\"round\" d=\"M5 13l4 4L19 7\" \/><\/svg><\/div><div class=\"flex-1\">Tu\u00e2n th\u1ee7 h\u01b0\u1edbng d\u1eabn s\u1eed d\u1ee5ng c\u1ee7a m\u00e1y h\u00e0n \u0111\u1ec3 \u0111\u1ea3m b\u1ea3o hi\u1ec7u su\u1ea5t t\u1ed1i \u01b0u.<\/div><\/li>\n<\/ul>\n","protected":false},"excerpt":{"rendered":"<p class=\"mb-4 leading-relaxed\">B\u00e9p h\u00e0n CO2 Black wolf M6x45x0.8mm l\u00e0 ph\u1ee5 ki\u1ec7n h\u00e0n ch\u1ea5t l\u01b0\u1ee3ng cao, gi\u00fap t\u1ea1o m\u1ed1i h\u00e0n ch\u1eafc ch\u1eafn v\u00e0 b\u1ec1n b\u1ec9 cho c\u00e1c \u1ee9ng d\u1ee5ng c\u00f4ng nghi\u1ec7p.<\/p>\n","protected":false},"featured_media":286,"template":"","meta":{"footnotes":""},"product_cat":[684,686,700],"product_tag":[],"ztteam_product_brand":[683],"class_list":["post-285","product","type-product","status-publish","has-post-thumbnail","hentry","product_cat-may-han-phu-kien","product_cat-phu-kien-han","product_cat-phu-kien-han-khac","ztteam_product_brand-weldcom"],"meta_box":{"_sku":"10pcs","_regular_price":"80000","_sale_price":"","_price":"80000","_stock_status":"instock","_stock":"","_manage_stock":"no","_weight":"","_length":"","_width":"","_height":"","_product_image_gallery":[],"_featured":"no","_visibility":"visible","_virtual":"no","_downloadable":"no","product_type":"simple","product_attributes":[],"color_variations":[],"size_variations":[],"storage_variations":[],"material_variations":[]},"price":"80000","demo_url":"","_links":{"self":[{"href":"https:\/\/dev.wptheme.store\/s\/wpshoppc\/wp-json\/wp\/v2\/product\/285","targetHints":{"allow":["GET"]}}],"collection":[{"href":"https:\/\/dev.wptheme.store\/s\/wpshoppc\/wp-json\/wp\/v2\/product"}],"about":[{"href":"https:\/\/dev.wptheme.store\/s\/wpshoppc\/wp-json\/wp\/v2\/types\/product"}],"version-history":[{"count":0,"href":"https:\/\/dev.wptheme.store\/s\/wpshoppc\/wp-json\/wp\/v2\/product\/285\/revisions"}],"wp:featuredmedia":[{"embeddable":true,"href":"https:\/\/dev.wptheme.store\/s\/wpshoppc\/wp-json\/wp\/v2\/media\/286"}],"wp:attachment":[{"href":"https:\/\/dev.wptheme.store\/s\/wpshoppc\/wp-json\/wp\/v2\/media?parent=285"}],"wp:term":[{"taxonomy":"product_cat","embeddable":true,"href":"https:\/\/dev.wptheme.store\/s\/wpshoppc\/wp-json\/wp\/v2\/product_cat?post=285"},{"taxonomy":"product_tag","embeddable":true,"href":"https:\/\/dev.wptheme.store\/s\/wpshoppc\/wp-json\/wp\/v2\/product_tag?post=285"},{"taxonomy":"ztteam_product_brand","embeddable":true,"href":"https:\/\/dev.wptheme.store\/s\/wpshoppc\/wp-json\/wp\/v2\/ztteam_product_brand?post=285"}],"curies":[{"name":"wp","href":"https:\/\/api.w.org\/{rel}","templated":true}]}}