{"id":293,"date":"2026-03-09T16:19:31","date_gmt":"2026-03-09T09:19:31","guid":{"rendered":"https:\/\/dev.wptheme.store\/s\/wpshoppc\/product\/may-han-que-dung-dien-weldcom-vma-200\/"},"modified":"2026-03-09T16:19:31","modified_gmt":"2026-03-09T09:19:31","slug":"may-han-que-dung-dien-weldcom-vma-200","status":"publish","type":"product","link":"https:\/\/dev.wptheme.store\/s\/wpshoppc\/product\/may-han-que-dung-dien-weldcom-vma-200\/","title":{"rendered":"M\u00e1y h\u00e0n que d\u00f9ng \u0111i\u1ec7n Weldcom VMA 200"},"content":{"rendered":"<p class=\"mb-4 leading-relaxed\">M\u00e1y h\u00e0n que d\u00f9ng \u0111i\u1ec7n Weldcom VMA 200 l\u00e0 l\u1ef1a ch\u1ecdn ho\u00e0n h\u1ea3o cho nh\u1eefng ai c\u1ea7n m\u1ed9t thi\u1ebft b\u1ecb h\u00e0n m\u1ea1nh m\u1ebd v\u00e0 d\u1ec5 s\u1eed d\u1ee5ng. V\u1edbi c\u00f4ng su\u1ea5t \u1ed5n \u0111\u1ecbnh v\u00e0 kh\u1ea3 n\u0103ng \u0111i\u1ec1u ch\u1ec9nh d\u00f2ng h\u00e0n linh ho\u1ea1t, s\u1ea3n ph\u1ea9m n\u00e0y \u0111\u00e1p \u1ee9ng nhu c\u1ea7u h\u00e0n c\u1ee7a nhi\u1ec1u lo\u1ea1i v\u1eadt li\u1ec7u kh\u00e1c nhau.<\/p>\n<h2 class=\"py-2 my-4 text-2xl font-bold border-green-500 border-y border-opacity-10\">T\u00ednh n\u0103ng n\u1ed5i b\u1eadt<\/h2>\n<p class=\"mb-4 leading-relaxed\">Weldcom VMA 200 \u0111\u01b0\u1ee3c trang b\u1ecb c\u00f4ng ngh\u1ec7 Mosfet ti\u00ean ti\u1ebfn, gi\u00fap m\u00e1y ho\u1ea1t \u0111\u1ed9ng \u1ed5n \u0111\u1ecbnh v\u00e0 ti\u1ebft ki\u1ec7m \u0111i\u1ec7n n\u0103ng. Th\u00eam v\u00e0o \u0111\u00f3, m\u00e1y c\u00f3 th\u1ec3 \u0111i\u1ec1u ch\u1ec9nh d\u00f2ng h\u00e0n t\u1eeb 20 \u0111\u1ebfn 200A, cho ph\u00e9p ng\u01b0\u1eddi d\u00f9ng d\u1ec5 d\u00e0ng h\u00e0n c\u00e1c lo\u1ea1i que kh\u00e1c nhau v\u1edbi k\u00edch th\u01b0\u1edbc t\u1eeb 2.0 \u0111\u1ebfn 3.2mm.<\/p>\n<h2 class=\"py-2 my-4 text-2xl font-bold border-green-500 border-y border-opacity-10\">L\u1ee3i \u00edch khi s\u1eed d\u1ee5ng<\/h2>\n<ul class=\"mb-4 space-y-1 list-none\">\n<li class=\"flex items-center gap-3 leading-relaxed text-gray-800 \"><div class=\"flex items-center justify-center w-5 h-5 bg-red-100 rounded-full shrink-0\"><svg class=\"w-3 h-3 text-red-600\" fill=\"none\" stroke=\"currentColor\" stroke- viewBox=\"0 0 24 24\"><path stroke-linecap=\"round\" stroke-linejoin=\"round\" d=\"M5 13l4 4L19 7\" \/><\/svg><\/div><div class=\"flex-1\">Thi\u1ebft k\u1ebf nh\u1ecf g\u1ecdn v\u00e0 nh\u1eb9, d\u1ec5 d\u00e0ng di chuy\u1ec3n v\u00e0 b\u1ea3o qu\u1ea3n.<\/div><\/li>\n<li class=\"flex items-center gap-3 leading-relaxed text-gray-800 \"><div class=\"flex items-center justify-center w-5 h-5 bg-red-100 rounded-full shrink-0\"><svg class=\"w-3 h-3 text-red-600\" fill=\"none\" stroke=\"currentColor\" stroke- viewBox=\"0 0 24 24\"><path stroke-linecap=\"round\" stroke-linejoin=\"round\" d=\"M5 13l4 4L19 7\" \/><\/svg><\/div><div class=\"flex-1\">C\u00f4ng ngh\u1ec7 hi\u1ec7n \u0111\u1ea1i gi\u00fap t\u0103ng hi\u1ec7u su\u1ea5t h\u00e0n v\u00e0 k\u00e9o d\u00e0i tu\u1ed5i th\u1ecd s\u1ea3n ph\u1ea9m.<\/div><\/li>\n<li class=\"flex items-center gap-3 leading-relaxed text-gray-800 \"><div class=\"flex items-center justify-center w-5 h-5 bg-red-100 rounded-full shrink-0\"><svg class=\"w-3 h-3 text-red-600\" fill=\"none\" stroke=\"currentColor\" stroke- viewBox=\"0 0 24 24\"><path stroke-linecap=\"round\" stroke-linejoin=\"round\" d=\"M5 13l4 4L19 7\" \/><\/svg><\/div><div class=\"flex-1\">Ph\u00f9 h\u1ee3p v\u1edbi nhi\u1ec1u lo\u1ea1i \u1ee9ng d\u1ee5ng h\u00e0n kh\u00e1c nhau, t\u1eeb c\u00f4ng nghi\u1ec7p \u0111\u1ebfn gia \u0111\u00ecnh.<\/div><\/li>\n<\/ul>\n<h2 class=\"py-2 my-4 text-2xl font-bold border-green-500 border-y border-opacity-10\">\u1ee8ng d\u1ee5ng th\u1ef1c t\u1ebf<\/h2>\n<p class=\"mb-4 leading-relaxed\">M\u00e1y h\u00e0n Weldcom VMA 200 th\u01b0\u1eddng \u0111\u01b0\u1ee3c s\u1eed d\u1ee5ng trong c\u00e1c c\u00f4ng vi\u1ec7c nh\u01b0 s\u1eeda ch\u1eefa \u00f4 t\u00f4, h\u00e0n k\u1ebft c\u1ea5u th\u00e9p, v\u00e0 c\u00e1c d\u1ef1 \u00e1n DIY t\u1ea1i nh\u00e0. N\u00f3 \u0111\u1eb7c bi\u1ec7t h\u1eefu \u00edch cho th\u1ee3 h\u00e0n chuy\u00ean nghi\u1ec7p v\u00e0 nh\u1eefng ng\u01b0\u1eddi \u0111am m\u00ea l\u00e0m m\u1ed9c.<\/p>\n<h2 class=\"py-2 my-4 text-2xl font-bold border-green-500 border-y border-opacity-10\">L\u01b0u \u00fd khi s\u1eed d\u1ee5ng<\/h2>\n<p class=\"mb-4 leading-relaxed\">\u0110\u1ec3 \u0111\u1ea3m b\u1ea3o an to\u00e0n v\u00e0 hi\u1ec7u su\u1ea5t t\u1ed1i \u01b0u, b\u1ea1n n\u00ean:<\/p>\n<ul class=\"mb-4 space-y-1 list-none\">\n<li class=\"flex items-center gap-3 leading-relaxed text-gray-800 \"><div class=\"flex items-center justify-center w-5 h-5 bg-red-100 rounded-full shrink-0\"><svg class=\"w-3 h-3 text-red-600\" fill=\"none\" stroke=\"currentColor\" stroke- viewBox=\"0 0 24 24\"><path stroke-linecap=\"round\" stroke-linejoin=\"round\" d=\"M5 13l4 4L19 7\" \/><\/svg><\/div><div class=\"flex-1\">Ki\u1ec3m tra k\u1ef9 l\u01b0\u1ee1ng thi\u1ebft b\u1ecb tr\u01b0\u1edbc khi v\u1eadn h\u00e0nh.<\/div><\/li>\n<li class=\"flex items-center gap-3 leading-relaxed text-gray-800 \"><div class=\"flex items-center justify-center w-5 h-5 bg-red-100 rounded-full shrink-0\"><svg class=\"w-3 h-3 text-red-600\" fill=\"none\" stroke=\"currentColor\" stroke- viewBox=\"0 0 24 24\"><path stroke-linecap=\"round\" stroke-linejoin=\"round\" d=\"M5 13l4 4L19 7\" \/><\/svg><\/div><div class=\"flex-1\">\u0110\u1ea3m b\u1ea3o s\u1eed d\u1ee5ng \u0111\u00fang lo\u1ea1i que h\u00e0n v\u00e0 \u0111i\u1ec7n \u00e1p ph\u00f9 h\u1ee3p.<\/div><\/li>\n<li class=\"flex items-center gap-3 leading-relaxed text-gray-800 \"><div class=\"flex items-center justify-center w-5 h-5 bg-red-100 rounded-full shrink-0\"><svg class=\"w-3 h-3 text-red-600\" fill=\"none\" stroke=\"currentColor\" stroke- viewBox=\"0 0 24 24\"><path stroke-linecap=\"round\" stroke-linejoin=\"round\" d=\"M5 13l4 4L19 7\" \/><\/svg><\/div><div class=\"flex-1\">Th\u01b0\u1eddng xuy\u00ean v\u1ec7 sinh v\u00e0 b\u1ea3o tr\u00ec m\u00e1y \u0111\u1ec3 k\u00e9o d\u00e0i tu\u1ed5i th\u1ecd.<\/div><\/li>\n<\/ul>\n","protected":false},"excerpt":{"rendered":"<p class=\"mb-4 leading-relaxed\">M\u00e1y h\u00e0n que d\u00f9ng \u0111i\u1ec7n Weldcom VMA 200 l\u00e0 thi\u1ebft b\u1ecb h\u00e0n hi\u1ec7u qu\u1ea3, ph\u00f9 h\u1ee3p cho c\u1ea3 th\u1ee3 chuy\u00ean nghi\u1ec7p v\u00e0 ng\u01b0\u1eddi d\u00f9ng gia \u0111\u00ecnh, v\u1edbi kh\u1ea3 n\u0103ng \u0111i\u1ec1u ch\u1ec9nh d\u00f2ng h\u00e0n t\u1eeb 20 \u0111\u1ebfn 200A.<\/p>\n","protected":false},"featured_media":294,"template":"","meta":{"footnotes":""},"product_cat":[684,685],"product_tag":[],"ztteam_product_brand":[683],"class_list":["post-293","product","type-product","status-publish","has-post-thumbnail","hentry","product_cat-may-han-phu-kien","product_cat-may-han-que","ztteam_product_brand-weldcom"],"meta_box":{"_sku":"VMA200","_regular_price":"3150000","_sale_price":"","_price":"3150000","_stock_status":"instock","_stock":"","_manage_stock":"no","_weight":"","_length":"","_width":"","_height":"","_product_image_gallery":[],"_featured":"no","_visibility":"visible","_virtual":"no","_downloadable":"no","product_type":"simple","product_attributes":[],"color_variations":[],"size_variations":[],"storage_variations":[],"material_variations":[]},"price":"3150000","demo_url":"","_links":{"self":[{"href":"https:\/\/dev.wptheme.store\/s\/wpshoppc\/wp-json\/wp\/v2\/product\/293","targetHints":{"allow":["GET"]}}],"collection":[{"href":"https:\/\/dev.wptheme.store\/s\/wpshoppc\/wp-json\/wp\/v2\/product"}],"about":[{"href":"https:\/\/dev.wptheme.store\/s\/wpshoppc\/wp-json\/wp\/v2\/types\/product"}],"version-history":[{"count":0,"href":"https:\/\/dev.wptheme.store\/s\/wpshoppc\/wp-json\/wp\/v2\/product\/293\/revisions"}],"wp:featuredmedia":[{"embeddable":true,"href":"https:\/\/dev.wptheme.store\/s\/wpshoppc\/wp-json\/wp\/v2\/media\/294"}],"wp:attachment":[{"href":"https:\/\/dev.wptheme.store\/s\/wpshoppc\/wp-json\/wp\/v2\/media?parent=293"}],"wp:term":[{"taxonomy":"product_cat","embeddable":true,"href":"https:\/\/dev.wptheme.store\/s\/wpshoppc\/wp-json\/wp\/v2\/product_cat?post=293"},{"taxonomy":"product_tag","embeddable":true,"href":"https:\/\/dev.wptheme.store\/s\/wpshoppc\/wp-json\/wp\/v2\/product_tag?post=293"},{"taxonomy":"ztteam_product_brand","embeddable":true,"href":"https:\/\/dev.wptheme.store\/s\/wpshoppc\/wp-json\/wp\/v2\/ztteam_product_brand?post=293"}],"curies":[{"name":"wp","href":"https:\/\/api.w.org\/{rel}","templated":true}]}}