{"id":307,"date":"2026-03-09T16:19:38","date_gmt":"2026-03-09T09:19:38","guid":{"rendered":"https:\/\/dev.wptheme.store\/s\/wpshoppc\/product\/may-han-jasic-tig-200a-w223-new\/"},"modified":"2026-03-09T16:19:38","modified_gmt":"2026-03-09T09:19:38","slug":"may-han-jasic-tig-200a-w223-new","status":"publish","type":"product","link":"https:\/\/dev.wptheme.store\/s\/wpshoppc\/product\/may-han-jasic-tig-200a-w223-new\/","title":{"rendered":"M\u00e1y h\u00e0n Jasic Tig 200A W223 New"},"content":{"rendered":"<p class=\"mb-4 leading-relaxed\">M\u00e1y h\u00e0n Jasic Tig 200A W223 New l\u00e0 m\u1ed9t trong nh\u1eefng s\u1ea3n ph\u1ea9m n\u1ed5i b\u1eadt c\u1ee7a th\u01b0\u01a1ng hi\u1ec7u Jasic, chuy\u00ean cung c\u1ea5p c\u00e1c thi\u1ebft b\u1ecb h\u00e0n ch\u1ea5t l\u01b0\u1ee3ng cao. V\u1edbi c\u00f4ng su\u1ea5t m\u1ea1nh m\u1ebd v\u00e0 t\u00ednh n\u0103ng \u0111a d\u1ea1ng, m\u00e1y h\u00e0n n\u00e0y \u0111\u00e1p \u1ee9ng nhu c\u1ea7u h\u00e0n cho c\u1ea3 th\u1ee3 k\u1ef9 thu\u1eadt chuy\u00ean nghi\u1ec7p v\u00e0 ng\u01b0\u1eddi d\u00f9ng gia \u0111\u00ecnh.<\/p>\n<h2 class=\"py-2 my-4 text-2xl font-bold border-green-500 border-y border-opacity-10\">T\u00ednh n\u0103ng n\u1ed5i b\u1eadt<\/h2>\n<p class=\"mb-4 leading-relaxed\">M\u00e1y h\u00e0n Jasic Tig 200A W223 New \u0111\u01b0\u1ee3c trang b\u1ecb nhi\u1ec1u t\u00ednh n\u0103ng \u01b0u vi\u1ec7t:<\/p>\n<ul class=\"mb-4 space-y-1 list-none\">\n<li class=\"flex items-center gap-3 leading-relaxed text-gray-800 \"><div class=\"flex items-center justify-center w-5 h-5 bg-red-100 rounded-full shrink-0\"><svg class=\"w-3 h-3 text-red-600\" fill=\"none\" stroke=\"currentColor\" stroke- viewBox=\"0 0 24 24\"><path stroke-linecap=\"round\" stroke-linejoin=\"round\" d=\"M5 13l4 4L19 7\" \/><\/svg><\/div><div class=\"flex-1\">\u0110i\u1ec7n \u00e1p v\u00e0o \u0111\u1ecbnh m\u1ee9c AC220V\u00b115% 50 HZ.<\/div><\/li>\n<li class=\"flex items-center gap-3 leading-relaxed text-gray-800 \"><div class=\"flex items-center justify-center w-5 h-5 bg-red-100 rounded-full shrink-0\"><svg class=\"w-3 h-3 text-red-600\" fill=\"none\" stroke=\"currentColor\" stroke- viewBox=\"0 0 24 24\"><path stroke-linecap=\"round\" stroke-linejoin=\"round\" d=\"M5 13l4 4L19 7\" \/><\/svg><\/div><div class=\"flex-1\">Ph\u1ea1m vi \u0111i\u1ec1u ch\u1ec9nh d\u00f2ng h\u00e0n r\u1ed9ng t\u1eeb 10A \u0111\u1ebfn 200A cho h\u00e0n TIG v\u00e0 10A \u0111\u1ebfn 180A cho h\u00e0n MMA.<\/div><\/li>\n<li class=\"flex items-center gap-3 leading-relaxed text-gray-800 \"><div class=\"flex items-center justify-center w-5 h-5 bg-red-100 rounded-full shrink-0\"><svg class=\"w-3 h-3 text-red-600\" fill=\"none\" stroke=\"currentColor\" stroke- viewBox=\"0 0 24 24\"><path stroke-linecap=\"round\" stroke-linejoin=\"round\" d=\"M5 13l4 4L19 7\" \/><\/svg><\/div><div class=\"flex-1\">Hi\u1ec7u su\u1ea5t l\u00ean \u0111\u1ebfn 85%, gi\u00fap ti\u1ebft ki\u1ec7m n\u0103ng l\u01b0\u1ee3ng v\u00e0 t\u0103ng hi\u1ec7u qu\u1ea3 c\u00f4ng vi\u1ec7c.<\/div><\/li>\n<\/ul>\n<h2 class=\"py-2 my-4 text-2xl font-bold border-green-500 border-y border-opacity-10\">L\u1ee3i \u00edch khi s\u1eed d\u1ee5ng<\/h2>\n<p class=\"mb-4 leading-relaxed\">S\u1eed d\u1ee5ng m\u00e1y h\u00e0n Jasic Tig 200A W223 New mang l\u1ea1i nhi\u1ec1u l\u1ee3i \u00edch cho ng\u01b0\u1eddi d\u00f9ng:<\/p>\n<ul class=\"mb-4 space-y-1 list-none\">\n<li class=\"flex items-center gap-3 leading-relaxed text-gray-800 \"><div class=\"flex items-center justify-center w-5 h-5 bg-red-100 rounded-full shrink-0\"><svg class=\"w-3 h-3 text-red-600\" fill=\"none\" stroke=\"currentColor\" stroke- viewBox=\"0 0 24 24\"><path stroke-linecap=\"round\" stroke-linejoin=\"round\" d=\"M5 13l4 4L19 7\" \/><\/svg><\/div><div class=\"flex-1\">\u0110\u1ed9 b\u1ec1n cao, thi\u1ebft k\u1ebf ch\u1eafc ch\u1eafn, ph\u00f9 h\u1ee3p cho m\u00f4i tr\u01b0\u1eddng l\u00e0m vi\u1ec7c kh\u1eafc nghi\u1ec7t.<\/div><\/li>\n<li class=\"flex items-center gap-3 leading-relaxed text-gray-800 \"><div class=\"flex items-center justify-center w-5 h-5 bg-red-100 rounded-full shrink-0\"><svg class=\"w-3 h-3 text-red-600\" fill=\"none\" stroke=\"currentColor\" stroke- viewBox=\"0 0 24 24\"><path stroke-linecap=\"round\" stroke-linejoin=\"round\" d=\"M5 13l4 4L19 7\" \/><\/svg><\/div><div class=\"flex-1\">Ch\u1ee9c n\u0103ng h\u00e0n que gi\u00fap m\u1edf r\u1ed9ng kh\u1ea3 n\u0103ng s\u1eed d\u1ee5ng cho nhi\u1ec1u lo\u1ea1i v\u1eadt li\u1ec7u kh\u00e1c nhau.<\/div><\/li>\n<li class=\"flex items-center gap-3 leading-relaxed text-gray-800 \"><div class=\"flex items-center justify-center w-5 h-5 bg-red-100 rounded-full shrink-0\"><svg class=\"w-3 h-3 text-red-600\" fill=\"none\" stroke=\"currentColor\" stroke- viewBox=\"0 0 24 24\"><path stroke-linecap=\"round\" stroke-linejoin=\"round\" d=\"M5 13l4 4L19 7\" \/><\/svg><\/div><div class=\"flex-1\">D\u1ec5 d\u00e0ng \u0111i\u1ec1u ch\u1ec9nh v\u00e0 v\u1eadn h\u00e0nh, ph\u00f9 h\u1ee3p cho c\u1ea3 ng\u01b0\u1eddi m\u1edbi b\u1eaft \u0111\u1ea7u v\u00e0 th\u1ee3 h\u00e0n chuy\u00ean nghi\u1ec7p.<\/div><\/li>\n<\/ul>\n<h2 class=\"py-2 my-4 text-2xl font-bold border-green-500 border-y border-opacity-10\">\u1ee8ng d\u1ee5ng th\u1ef1c t\u1ebf<\/h2>\n<p class=\"mb-4 leading-relaxed\">M\u00e1y h\u00e0n Jasic Tig 200A W223 New c\u00f3 th\u1ec3 \u0111\u01b0\u1ee3c s\u1eed d\u1ee5ng trong nhi\u1ec1u l\u0129nh v\u1ef1c kh\u00e1c nhau nh\u01b0:<\/p>\n<ul class=\"mb-4 space-y-1 list-none\">\n<li class=\"flex items-center gap-3 leading-relaxed text-gray-800 \"><div class=\"flex items-center justify-center w-5 h-5 bg-red-100 rounded-full shrink-0\"><svg class=\"w-3 h-3 text-red-600\" fill=\"none\" stroke=\"currentColor\" stroke- viewBox=\"0 0 24 24\"><path stroke-linecap=\"round\" stroke-linejoin=\"round\" d=\"M5 13l4 4L19 7\" \/><\/svg><\/div><div class=\"flex-1\">C\u00f4ng nghi\u1ec7p ch\u1ebf t\u1ea1o m\u00e1y.<\/div><\/li>\n<li class=\"flex items-center gap-3 leading-relaxed text-gray-800 \"><div class=\"flex items-center justify-center w-5 h-5 bg-red-100 rounded-full shrink-0\"><svg class=\"w-3 h-3 text-red-600\" fill=\"none\" stroke=\"currentColor\" stroke- viewBox=\"0 0 24 24\"><path stroke-linecap=\"round\" stroke-linejoin=\"round\" d=\"M5 13l4 4L19 7\" \/><\/svg><\/div><div class=\"flex-1\">S\u1ea3n xu\u1ea5t v\u00e0 s\u1eeda ch\u1eefa \u00f4 t\u00f4.<\/div><\/li>\n<li class=\"flex items-center gap-3 leading-relaxed text-gray-800 \"><div class=\"flex items-center justify-center w-5 h-5 bg-red-100 rounded-full shrink-0\"><svg class=\"w-3 h-3 text-red-600\" fill=\"none\" stroke=\"currentColor\" stroke- viewBox=\"0 0 24 24\"><path stroke-linecap=\"round\" stroke-linejoin=\"round\" d=\"M5 13l4 4L19 7\" \/><\/svg><\/div><div class=\"flex-1\">X\u00e2y d\u1ef1ng v\u00e0 l\u1eafp \u0111\u1eb7t k\u1ebft c\u1ea5u th\u00e9p.<\/div><\/li>\n<\/ul>\n<h2 class=\"py-2 my-4 text-2xl font-bold border-green-500 border-y border-opacity-10\">L\u01b0u \u00fd khi s\u1eed d\u1ee5ng<\/h2>\n<p class=\"mb-4 leading-relaxed\">Khi s\u1eed d\u1ee5ng m\u00e1y h\u00e0n, b\u1ea1n c\u1ea7n l\u01b0u \u00fd m\u1ed9t s\u1ed1 \u0111i\u1ec3m sau:<\/p>\n<ul class=\"mb-4 space-y-1 list-none\">\n<li class=\"flex items-center gap-3 leading-relaxed text-gray-800 \"><div class=\"flex items-center justify-center w-5 h-5 bg-red-100 rounded-full shrink-0\"><svg class=\"w-3 h-3 text-red-600\" fill=\"none\" stroke=\"currentColor\" stroke- viewBox=\"0 0 24 24\"><path stroke-linecap=\"round\" stroke-linejoin=\"round\" d=\"M5 13l4 4L19 7\" \/><\/svg><\/div><div class=\"flex-1\">\u0110\u1ea3m b\u1ea3o ki\u1ec3m tra tem ch\u1ed1ng gi\u1ea3 v\u00e0 k\u00edch ho\u1ea1t b\u1ea3o h\u00e0nh \u0111i\u1ec7n t\u1eed \u0111\u1ec3 b\u1ea3o v\u1ec7 quy\u1ec1n l\u1ee3i c\u1ee7a m\u00ecnh.<\/div><\/li>\n<li class=\"flex items-center gap-3 leading-relaxed text-gray-800 \"><div class=\"flex items-center justify-center w-5 h-5 bg-red-100 rounded-full shrink-0\"><svg class=\"w-3 h-3 text-red-600\" fill=\"none\" stroke=\"currentColor\" stroke- viewBox=\"0 0 24 24\"><path stroke-linecap=\"round\" stroke-linejoin=\"round\" d=\"M5 13l4 4L19 7\" \/><\/svg><\/div><div class=\"flex-1\">Th\u1ef1c hi\u1ec7n \u0111\u1ea7y \u0111\u1ee7 c\u00e1c bi\u1ec7n ph\u00e1p an to\u00e0n lao \u0111\u1ed9ng khi v\u1eadn h\u00e0nh m\u00e1y.<\/div><\/li>\n<li class=\"flex items-center gap-3 leading-relaxed text-gray-800 \"><div class=\"flex items-center justify-center w-5 h-5 bg-red-100 rounded-full shrink-0\"><svg class=\"w-3 h-3 text-red-600\" fill=\"none\" stroke=\"currentColor\" stroke- viewBox=\"0 0 24 24\"><path stroke-linecap=\"round\" stroke-linejoin=\"round\" d=\"M5 13l4 4L19 7\" \/><\/svg><\/div><div class=\"flex-1\">\u0110\u1ecdc k\u1ef9 h\u01b0\u1edbng d\u1eabn s\u1eed d\u1ee5ng tr\u01b0\u1edbc khi b\u1eaft \u0111\u1ea7u l\u00e0m vi\u1ec7c.<\/div><\/li>\n<\/ul>\n","protected":false},"excerpt":{"rendered":"<p class=\"mb-4 leading-relaxed\">M\u00e1y h\u00e0n Jasic Tig 200A W223 New l\u00e0 thi\u1ebft b\u1ecb h\u00e0n ch\u1ea5t l\u01b0\u1ee3ng cao, ph\u00f9 h\u1ee3p cho nhi\u1ec1u \u1ee9ng d\u1ee5ng h\u00e0n TIG v\u00e0 MMA, mang l\u1ea1i hi\u1ec7u su\u1ea5t t\u1ed1i \u01b0u v\u00e0 \u0111\u1ed9 b\u1ec1n cao.<\/p>\n","protected":false},"featured_media":308,"template":"","meta":{"footnotes":""},"product_cat":[684,705],"product_tag":[],"ztteam_product_brand":[703],"class_list":["post-307","product","type-product","status-publish","has-post-thumbnail","hentry","product_cat-may-han-phu-kien","product_cat-may-han-tig","ztteam_product_brand-jasic"],"meta_box":{"_sku":"Tig 200A W223 New","_regular_price":"6175000","_sale_price":"","_price":"6175000","_stock_status":"instock","_stock":"","_manage_stock":"no","_weight":"","_length":"","_width":"","_height":"","_product_image_gallery":[],"_featured":"no","_visibility":"visible","_virtual":"no","_downloadable":"no","product_type":"simple","product_attributes":[],"color_variations":[],"size_variations":[],"storage_variations":[],"material_variations":[]},"price":"6175000","demo_url":"","_links":{"self":[{"href":"https:\/\/dev.wptheme.store\/s\/wpshoppc\/wp-json\/wp\/v2\/product\/307","targetHints":{"allow":["GET"]}}],"collection":[{"href":"https:\/\/dev.wptheme.store\/s\/wpshoppc\/wp-json\/wp\/v2\/product"}],"about":[{"href":"https:\/\/dev.wptheme.store\/s\/wpshoppc\/wp-json\/wp\/v2\/types\/product"}],"version-history":[{"count":0,"href":"https:\/\/dev.wptheme.store\/s\/wpshoppc\/wp-json\/wp\/v2\/product\/307\/revisions"}],"wp:featuredmedia":[{"embeddable":true,"href":"https:\/\/dev.wptheme.store\/s\/wpshoppc\/wp-json\/wp\/v2\/media\/308"}],"wp:attachment":[{"href":"https:\/\/dev.wptheme.store\/s\/wpshoppc\/wp-json\/wp\/v2\/media?parent=307"}],"wp:term":[{"taxonomy":"product_cat","embeddable":true,"href":"https:\/\/dev.wptheme.store\/s\/wpshoppc\/wp-json\/wp\/v2\/product_cat?post=307"},{"taxonomy":"product_tag","embeddable":true,"href":"https:\/\/dev.wptheme.store\/s\/wpshoppc\/wp-json\/wp\/v2\/product_tag?post=307"},{"taxonomy":"ztteam_product_brand","embeddable":true,"href":"https:\/\/dev.wptheme.store\/s\/wpshoppc\/wp-json\/wp\/v2\/ztteam_product_brand?post=307"}],"curies":[{"name":"wp","href":"https:\/\/api.w.org\/{rel}","templated":true}]}}