{"id":314,"date":"2026-03-09T16:19:41","date_gmt":"2026-03-09T09:19:41","guid":{"rendered":"https:\/\/dev.wptheme.store\/s\/wpshoppc\/product\/cuon-day-han-loi-thuoc-1-0mm-jasic-1kg\/"},"modified":"2026-03-09T16:19:41","modified_gmt":"2026-03-09T09:19:41","slug":"cuon-day-han-loi-thuoc-1-0mm-jasic-1kg","status":"publish","type":"product","link":"https:\/\/dev.wptheme.store\/s\/wpshoppc\/product\/cuon-day-han-loi-thuoc-1-0mm-jasic-1kg\/","title":{"rendered":"Cu\u1ed9n d\u00e2y h\u00e0n l\u00f5i thu\u1ed1c 1.0mm Jasic (1kg)"},"content":{"rendered":"<p class=\"mb-4 leading-relaxed\">Cu\u1ed9n d\u00e2y h\u00e0n l\u00f5i thu\u1ed1c 1.0mm Jasic (1kg) l\u00e0 s\u1ea3n ph\u1ea9m ch\u1ea5t l\u01b0\u1ee3ng cao, \u0111\u01b0\u1ee3c thi\u1ebft k\u1ebf \u0111\u1eb7c bi\u1ec7t \u0111\u1ec3 ph\u1ee5c v\u1ee5 cho c\u00e1c c\u00f4ng vi\u1ec7c h\u00e0n kh\u00f4ng kh\u00ed. V\u1edbi \u0111\u01b0\u1eddng k\u00ednh 1.0mm, s\u1ea3n ph\u1ea9m n\u00e0y ph\u00f9 h\u1ee3p cho nhi\u1ec1u lo\u1ea1i m\u00e1y h\u00e0n, gi\u00fap t\u1ea1o ra m\u1ed1i h\u00e0n ch\u1eafc ch\u1eafn v\u00e0 b\u1ec1n b\u1ec9.<\/p>\n<h2 class=\"py-2 my-4 text-2xl font-bold border-green-500 border-y border-opacity-10\">T\u00ednh n\u0103ng n\u1ed5i b\u1eadt<\/h2>\n<p class=\"mb-4 leading-relaxed\">Cu\u1ed9n d\u00e2y h\u00e0n Jasic s\u1edf h\u1eefu nhi\u1ec1u t\u00ednh n\u0103ng \u01b0u vi\u1ec7t nh\u01b0:<\/p>\n<ul class=\"mb-4 space-y-1 list-none\">\n<li class=\"flex items-center gap-3 leading-relaxed text-gray-800 \"><div class=\"flex items-center justify-center w-5 h-5 bg-red-100 rounded-full shrink-0\"><svg class=\"w-3 h-3 text-red-600\" fill=\"none\" stroke=\"currentColor\" stroke- viewBox=\"0 0 24 24\"><path stroke-linecap=\"round\" stroke-linejoin=\"round\" d=\"M5 13l4 4L19 7\" \/><\/svg><\/div><div class=\"flex-1\">Ch\u1ea5t li\u1ec7u l\u00f5i thu\u1ed1c cao c\u1ea5p, \u0111\u1ea3m b\u1ea3o \u0111\u1ed9 b\u1ec1n v\u00e0 kh\u1ea3 n\u0103ng h\u00e0n t\u1ed1t.<\/div><\/li>\n<li class=\"flex items-center gap-3 leading-relaxed text-gray-800 \"><div class=\"flex items-center justify-center w-5 h-5 bg-red-100 rounded-full shrink-0\"><svg class=\"w-3 h-3 text-red-600\" fill=\"none\" stroke=\"currentColor\" stroke- viewBox=\"0 0 24 24\"><path stroke-linecap=\"round\" stroke-linejoin=\"round\" d=\"M5 13l4 4L19 7\" \/><\/svg><\/div><div class=\"flex-1\">Thi\u1ebft k\u1ebf d\u1ec5 s\u1eed d\u1ee5ng, ph\u00f9 h\u1ee3p cho c\u1ea3 th\u1ee3 chuy\u00ean nghi\u1ec7p v\u00e0 ng\u01b0\u1eddi d\u00f9ng gia \u0111\u00ecnh.<\/div><\/li>\n<li class=\"flex items-center gap-3 leading-relaxed text-gray-800 \"><div class=\"flex items-center justify-center w-5 h-5 bg-red-100 rounded-full shrink-0\"><svg class=\"w-3 h-3 text-red-600\" fill=\"none\" stroke=\"currentColor\" stroke- viewBox=\"0 0 24 24\"><path stroke-linecap=\"round\" stroke-linejoin=\"round\" d=\"M5 13l4 4L19 7\" \/><\/svg><\/div><div class=\"flex-1\">Tr\u1ecdng l\u01b0\u1ee3ng nh\u1eb9, d\u1ec5 d\u00e0ng v\u1eadn chuy\u1ec3n v\u00e0 b\u1ea3o qu\u1ea3n.<\/div><\/li>\n<\/ul>\n<h2 class=\"py-2 my-4 text-2xl font-bold border-green-500 border-y border-opacity-10\">L\u1ee3i \u00edch khi s\u1eed d\u1ee5ng<\/h2>\n<p class=\"mb-4 leading-relaxed\">S\u1eed d\u1ee5ng cu\u1ed9n d\u00e2y h\u00e0n Jasic gi\u00fap b\u1ea1n ti\u1ebft ki\u1ec7m th\u1eddi gian v\u00e0 c\u00f4ng s\u1ee9c trong qu\u00e1 tr\u00ecnh h\u00e0n. S\u1ea3n ph\u1ea9m mang l\u1ea1i:<\/p>\n<ul class=\"mb-4 space-y-1 list-none\">\n<li class=\"flex items-center gap-3 leading-relaxed text-gray-800 \"><div class=\"flex items-center justify-center w-5 h-5 bg-red-100 rounded-full shrink-0\"><svg class=\"w-3 h-3 text-red-600\" fill=\"none\" stroke=\"currentColor\" stroke- viewBox=\"0 0 24 24\"><path stroke-linecap=\"round\" stroke-linejoin=\"round\" d=\"M5 13l4 4L19 7\" \/><\/svg><\/div><div class=\"flex-1\">M\u1ed1i h\u00e0n \u0111\u1eb9p, \u00edt t\u1ea1p ch\u1ea5t.<\/div><\/li>\n<li class=\"flex items-center gap-3 leading-relaxed text-gray-800 \"><div class=\"flex items-center justify-center w-5 h-5 bg-red-100 rounded-full shrink-0\"><svg class=\"w-3 h-3 text-red-600\" fill=\"none\" stroke=\"currentColor\" stroke- viewBox=\"0 0 24 24\"><path stroke-linecap=\"round\" stroke-linejoin=\"round\" d=\"M5 13l4 4L19 7\" \/><\/svg><\/div><div class=\"flex-1\">Gi\u1ea3m thi\u1ec3u t\u00ecnh tr\u1ea1ng h\u00e0n kh\u00f4ng \u0111\u1ec1u.<\/div><\/li>\n<li class=\"flex items-center gap-3 leading-relaxed text-gray-800 \"><div class=\"flex items-center justify-center w-5 h-5 bg-red-100 rounded-full shrink-0\"><svg class=\"w-3 h-3 text-red-600\" fill=\"none\" stroke=\"currentColor\" stroke- viewBox=\"0 0 24 24\"><path stroke-linecap=\"round\" stroke-linejoin=\"round\" d=\"M5 13l4 4L19 7\" \/><\/svg><\/div><div class=\"flex-1\">Ti\u1ebft ki\u1ec7m chi ph\u00ed nh\u1edd hi\u1ec7u su\u1ea5t h\u00e0n cao.<\/div><\/li>\n<\/ul>\n<h2 class=\"py-2 my-4 text-2xl font-bold border-green-500 border-y border-opacity-10\">\u1ee8ng d\u1ee5ng th\u1ef1c t\u1ebf<\/h2>\n<p class=\"mb-4 leading-relaxed\">Cu\u1ed9n d\u00e2y h\u00e0n l\u00f5i thu\u1ed1c Jasic \u0111\u01b0\u1ee3c \u1ee9ng d\u1ee5ng r\u1ed9ng r\u00e3i trong c\u00e1c l\u0129nh v\u1ef1c nh\u01b0:<\/p>\n<ul class=\"mb-4 space-y-1 list-none\">\n<li class=\"flex items-center gap-3 leading-relaxed text-gray-800 \"><div class=\"flex items-center justify-center w-5 h-5 bg-red-100 rounded-full shrink-0\"><svg class=\"w-3 h-3 text-red-600\" fill=\"none\" stroke=\"currentColor\" stroke- viewBox=\"0 0 24 24\"><path stroke-linecap=\"round\" stroke-linejoin=\"round\" d=\"M5 13l4 4L19 7\" \/><\/svg><\/div><div class=\"flex-1\">C\u00f4ng nghi\u1ec7p ch\u1ebf t\u1ea1o m\u00e1y.<\/div><\/li>\n<li class=\"flex items-center gap-3 leading-relaxed text-gray-800 \"><div class=\"flex items-center justify-center w-5 h-5 bg-red-100 rounded-full shrink-0\"><svg class=\"w-3 h-3 text-red-600\" fill=\"none\" stroke=\"currentColor\" stroke- viewBox=\"0 0 24 24\"><path stroke-linecap=\"round\" stroke-linejoin=\"round\" d=\"M5 13l4 4L19 7\" \/><\/svg><\/div><div class=\"flex-1\">S\u1ea3n xu\u1ea5t \u00f4 t\u00f4.<\/div><\/li>\n<li class=\"flex items-center gap-3 leading-relaxed text-gray-800 \"><div class=\"flex items-center justify-center w-5 h-5 bg-red-100 rounded-full shrink-0\"><svg class=\"w-3 h-3 text-red-600\" fill=\"none\" stroke=\"currentColor\" stroke- viewBox=\"0 0 24 24\"><path stroke-linecap=\"round\" stroke-linejoin=\"round\" d=\"M5 13l4 4L19 7\" \/><\/svg><\/div><div class=\"flex-1\">Thi c\u00f4ng x\u00e2y d\u1ef1ng v\u00e0 s\u1eeda ch\u1eefa.<\/div><\/li>\n<\/ul>\n<h2 class=\"py-2 my-4 text-2xl font-bold border-green-500 border-y border-opacity-10\">L\u01b0u \u00fd khi s\u1eed d\u1ee5ng<\/h2>\n<p class=\"mb-4 leading-relaxed\">Khi s\u1eed d\u1ee5ng cu\u1ed9n d\u00e2y h\u00e0n Jasic, b\u1ea1n c\u1ea7n l\u01b0u \u00fd:<\/p>\n<ul class=\"mb-4 space-y-1 list-none\">\n<li class=\"flex items-center gap-3 leading-relaxed text-gray-800 \"><div class=\"flex items-center justify-center w-5 h-5 bg-red-100 rounded-full shrink-0\"><svg class=\"w-3 h-3 text-red-600\" fill=\"none\" stroke=\"currentColor\" stroke- viewBox=\"0 0 24 24\"><path stroke-linecap=\"round\" stroke-linejoin=\"round\" d=\"M5 13l4 4L19 7\" \/><\/svg><\/div><div class=\"flex-1\">\u0110\u1ea3m b\u1ea3o m\u00e1y h\u00e0n ph\u00f9 h\u1ee3p v\u1edbi \u0111\u01b0\u1eddng k\u00ednh d\u00e2y h\u00e0n.<\/div><\/li>\n<li class=\"flex items-center gap-3 leading-relaxed text-gray-800 \"><div class=\"flex items-center justify-center w-5 h-5 bg-red-100 rounded-full shrink-0\"><svg class=\"w-3 h-3 text-red-600\" fill=\"none\" stroke=\"currentColor\" stroke- viewBox=\"0 0 24 24\"><path stroke-linecap=\"round\" stroke-linejoin=\"round\" d=\"M5 13l4 4L19 7\" \/><\/svg><\/div><div class=\"flex-1\">Th\u1ef1c hi\u1ec7n ki\u1ec3m tra \u0111\u1ecbnh k\u1ef3 \u0111\u1ec3 \u0111\u1ea3m b\u1ea3o ch\u1ea5t l\u01b0\u1ee3ng m\u1ed1i h\u00e0n.<\/div><\/li>\n<li class=\"flex items-center gap-3 leading-relaxed text-gray-800 \"><div class=\"flex items-center justify-center w-5 h-5 bg-red-100 rounded-full shrink-0\"><svg class=\"w-3 h-3 text-red-600\" fill=\"none\" stroke=\"currentColor\" stroke- viewBox=\"0 0 24 24\"><path stroke-linecap=\"round\" stroke-linejoin=\"round\" d=\"M5 13l4 4L19 7\" \/><\/svg><\/div><div class=\"flex-1\">B\u1ea3o qu\u1ea3n s\u1ea3n ph\u1ea9m n\u01a1i kh\u00f4 r\u00e1o, tr\u00e1nh \u1ea9m \u01b0\u1edbt.<\/div><\/li>\n<\/ul>\n","protected":false},"excerpt":{"rendered":"<p class=\"mb-4 leading-relaxed\">Cu\u1ed9n d\u00e2y h\u00e0n l\u00f5i thu\u1ed1c 1.0mm Jasic (1kg) l\u00e0 l\u1ef1a ch\u1ecdn l\u00fd t\u01b0\u1edfng cho c\u00e1c c\u00f4ng vi\u1ec7c h\u00e0n kh\u00f4ng kh\u00ed, mang l\u1ea1i hi\u1ec7u su\u1ea5t cao v\u00e0 \u0111\u1ed9 b\u1ec1n t\u1ed1t.<\/p>\n","protected":false},"featured_media":315,"template":"","meta":{"footnotes":""},"product_cat":[692,693,684,686],"product_tag":[],"ztteam_product_brand":[703],"class_list":["post-314","product","type-product","status-publish","has-post-thumbnail","hentry","product_cat-cuon-day-han","product_cat-day-han-khong-dung-khi","product_cat-may-han-phu-kien","product_cat-phu-kien-han","ztteam_product_brand-jasic"],"meta_box":{"_sku":"P16D-051616","_regular_price":"107000","_sale_price":"","_price":"107000","_stock_status":"instock","_stock":"","_manage_stock":"no","_weight":"","_length":"","_width":"","_height":"","_product_image_gallery":[],"_featured":"no","_visibility":"visible","_virtual":"no","_downloadable":"no","product_type":"simple","product_attributes":[],"color_variations":[],"size_variations":[],"storage_variations":[],"material_variations":[]},"price":"107000","demo_url":"","_links":{"self":[{"href":"https:\/\/dev.wptheme.store\/s\/wpshoppc\/wp-json\/wp\/v2\/product\/314","targetHints":{"allow":["GET"]}}],"collection":[{"href":"https:\/\/dev.wptheme.store\/s\/wpshoppc\/wp-json\/wp\/v2\/product"}],"about":[{"href":"https:\/\/dev.wptheme.store\/s\/wpshoppc\/wp-json\/wp\/v2\/types\/product"}],"version-history":[{"count":0,"href":"https:\/\/dev.wptheme.store\/s\/wpshoppc\/wp-json\/wp\/v2\/product\/314\/revisions"}],"wp:featuredmedia":[{"embeddable":true,"href":"https:\/\/dev.wptheme.store\/s\/wpshoppc\/wp-json\/wp\/v2\/media\/315"}],"wp:attachment":[{"href":"https:\/\/dev.wptheme.store\/s\/wpshoppc\/wp-json\/wp\/v2\/media?parent=314"}],"wp:term":[{"taxonomy":"product_cat","embeddable":true,"href":"https:\/\/dev.wptheme.store\/s\/wpshoppc\/wp-json\/wp\/v2\/product_cat?post=314"},{"taxonomy":"product_tag","embeddable":true,"href":"https:\/\/dev.wptheme.store\/s\/wpshoppc\/wp-json\/wp\/v2\/product_tag?post=314"},{"taxonomy":"ztteam_product_brand","embeddable":true,"href":"https:\/\/dev.wptheme.store\/s\/wpshoppc\/wp-json\/wp\/v2\/ztteam_product_brand?post=314"}],"curies":[{"name":"wp","href":"https:\/\/api.w.org\/{rel}","templated":true}]}}