{"id":324,"date":"2026-03-09T16:19:48","date_gmt":"2026-03-09T09:19:48","guid":{"rendered":"https:\/\/dev.wptheme.store\/s\/wpshoppc\/product\/may-han-mig-jasic-nb250e\/"},"modified":"2026-03-09T16:19:48","modified_gmt":"2026-03-09T09:19:48","slug":"may-han-mig-jasic-nb250e","status":"publish","type":"product","link":"https:\/\/dev.wptheme.store\/s\/wpshoppc\/product\/may-han-mig-jasic-nb250e\/","title":{"rendered":"M\u00e1y h\u00e0n Mig Jasic NB250E"},"content":{"rendered":"<p class=\"mb-4 leading-relaxed\">M\u00e1y h\u00e0n Mig Jasic NB250E l\u00e0 m\u1ed9t trong nh\u1eefng s\u1ea3n ph\u1ea9m n\u1ed5i b\u1eadt c\u1ee7a th\u01b0\u01a1ng hi\u1ec7u Jasic, chuy\u00ean cung c\u1ea5p c\u00e1c thi\u1ebft b\u1ecb h\u00e0n ch\u1ea5t l\u01b0\u1ee3ng cao. V\u1edbi c\u00f4ng ngh\u1ec7 ti\u00ean ti\u1ebfn t\u1eeb Anh Qu\u1ed1c, m\u00e1y h\u00e0n n\u00e0y \u0111\u01b0\u1ee3c thi\u1ebft k\u1ebf \u0111\u1ec3 \u0111\u00e1p \u1ee9ng nhu c\u1ea7u h\u00e0n \u0111a d\u1ea1ng, t\u1eeb c\u00e1c c\u00f4ng vi\u1ec7c nh\u1ecf trong gia \u0111\u00ecnh \u0111\u1ebfn c\u00e1c d\u1ef1 \u00e1n c\u00f4ng nghi\u1ec7p l\u1edbn.<\/p>\n<h2 class=\"py-2 my-4 text-2xl font-bold border-green-500 border-y border-opacity-10\">T\u00ednh n\u0103ng n\u1ed5i b\u1eadt<\/h2>\n<p class=\"mb-4 leading-relaxed\">M\u00e1y h\u00e0n Mig Jasic NB250E s\u1edf h\u1eefu nhi\u1ec1u t\u00ednh n\u0103ng \u01b0u vi\u1ec7t, bao g\u1ed3m:<\/p>\n<ul class=\"mb-4 space-y-1 list-none\">\n<li class=\"flex items-center gap-3 leading-relaxed text-gray-800 \"><div class=\"flex items-center justify-center w-5 h-5 bg-red-100 rounded-full shrink-0\"><svg class=\"w-3 h-3 text-red-600\" fill=\"none\" stroke=\"currentColor\" stroke- viewBox=\"0 0 24 24\"><path stroke-linecap=\"round\" stroke-linejoin=\"round\" d=\"M5 13l4 4L19 7\" \/><\/svg><\/div><div class=\"flex-1\">D\u1ea3i d\u00f2ng \u0111i\u1ec1u ch\u1ec9nh t\u1eeb 15-250A, cho ph\u00e9p ng\u01b0\u1eddi d\u00f9ng linh ho\u1ea1t trong vi\u1ec7c \u0111i\u1ec1u ch\u1ec9nh theo t\u1eebng lo\u1ea1i v\u1eadt li\u1ec7u.<\/div><\/li>\n<li class=\"flex items-center gap-3 leading-relaxed text-gray-800 \"><div class=\"flex items-center justify-center w-5 h-5 bg-red-100 rounded-full shrink-0\"><svg class=\"w-3 h-3 text-red-600\" fill=\"none\" stroke=\"currentColor\" stroke- viewBox=\"0 0 24 24\"><path stroke-linecap=\"round\" stroke-linejoin=\"round\" d=\"M5 13l4 4L19 7\" \/><\/svg><\/div><div class=\"flex-1\">Hi\u1ec7u su\u1ea5t l\u00e0m vi\u1ec7c l\u00ean \u0111\u1ebfn 85%, \u0111\u1ea3m b\u1ea3o qu\u00e1 tr\u00ecnh h\u00e0n di\u1ec5n ra nhanh ch\u00f3ng v\u00e0 hi\u1ec7u qu\u1ea3.<\/div><\/li>\n<li class=\"flex items-center gap-3 leading-relaxed text-gray-800 \"><div class=\"flex items-center justify-center w-5 h-5 bg-red-100 rounded-full shrink-0\"><svg class=\"w-3 h-3 text-red-600\" fill=\"none\" stroke=\"currentColor\" stroke- viewBox=\"0 0 24 24\"><path stroke-linecap=\"round\" stroke-linejoin=\"round\" d=\"M5 13l4 4L19 7\" \/><\/svg><\/div><div class=\"flex-1\">C\u1ea5p b\u1ea3o v\u1ec7 IP21S, gi\u00fap m\u00e1y ho\u1ea1t \u0111\u1ed9ng \u1ed5n \u0111\u1ecbnh trong nhi\u1ec1u \u0111i\u1ec1u ki\u1ec7n m\u00f4i tr\u01b0\u1eddng kh\u00e1c nhau.<\/div><\/li>\n<\/ul>\n<h2 class=\"py-2 my-4 text-2xl font-bold border-green-500 border-y border-opacity-10\">L\u1ee3i \u00edch khi s\u1eed d\u1ee5ng<\/h2>\n<p class=\"mb-4 leading-relaxed\">S\u1eed d\u1ee5ng m\u00e1y h\u00e0n Mig Jasic NB250E mang l\u1ea1i nhi\u1ec1u l\u1ee3i \u00edch cho ng\u01b0\u1eddi d\u00f9ng:<\/p>\n<ul class=\"mb-4 space-y-1 list-none\">\n<li class=\"flex items-center gap-3 leading-relaxed text-gray-800 \"><div class=\"flex items-center justify-center w-5 h-5 bg-red-100 rounded-full shrink-0\"><svg class=\"w-3 h-3 text-red-600\" fill=\"none\" stroke=\"currentColor\" stroke- viewBox=\"0 0 24 24\"><path stroke-linecap=\"round\" stroke-linejoin=\"round\" d=\"M5 13l4 4L19 7\" \/><\/svg><\/div><div class=\"flex-1\">Ti\u1ebft ki\u1ec7m th\u1eddi gian v\u00e0 c\u00f4ng s\u1ee9c nh\u1edd v\u00e0o kh\u1ea3 n\u0103ng h\u00e0n nhanh v\u00e0 ch\u00ednh x\u00e1c.<\/div><\/li>\n<li class=\"flex items-center gap-3 leading-relaxed text-gray-800 \"><div class=\"flex items-center justify-center w-5 h-5 bg-red-100 rounded-full shrink-0\"><svg class=\"w-3 h-3 text-red-600\" fill=\"none\" stroke=\"currentColor\" stroke- viewBox=\"0 0 24 24\"><path stroke-linecap=\"round\" stroke-linejoin=\"round\" d=\"M5 13l4 4L19 7\" \/><\/svg><\/div><div class=\"flex-1\">Gi\u1ea3m thi\u1ec3u r\u1ee7i ro h\u01b0 h\u1ecfng v\u1eadt li\u1ec7u nh\u1edd v\u00e0o c\u00f4ng ngh\u1ec7 h\u00e0n ti\u00ean ti\u1ebfn.<\/div><\/li>\n<li class=\"flex items-center gap-3 leading-relaxed text-gray-800 \"><div class=\"flex items-center justify-center w-5 h-5 bg-red-100 rounded-full shrink-0\"><svg class=\"w-3 h-3 text-red-600\" fill=\"none\" stroke=\"currentColor\" stroke- viewBox=\"0 0 24 24\"><path stroke-linecap=\"round\" stroke-linejoin=\"round\" d=\"M5 13l4 4L19 7\" \/><\/svg><\/div><div class=\"flex-1\">Th\u00edch h\u1ee3p cho nhi\u1ec1u lo\u1ea1i v\u1eadt li\u1ec7u, t\u1eeb th\u00e9p m\u1ecfng \u0111\u1ebfn d\u00e0y.<\/div><\/li>\n<\/ul>\n<h2 class=\"py-2 my-4 text-2xl font-bold border-green-500 border-y border-opacity-10\">\u1ee8ng d\u1ee5ng th\u1ef1c t\u1ebf<\/h2>\n<p class=\"mb-4 leading-relaxed\">M\u00e1y h\u00e0n n\u00e0y r\u1ea5t ph\u00f9 h\u1ee3p cho c\u00e1c \u1ee9ng d\u1ee5ng nh\u01b0:<\/p>\n<ul class=\"mb-4 space-y-1 list-none\">\n<li class=\"flex items-center gap-3 leading-relaxed text-gray-800 \"><div class=\"flex items-center justify-center w-5 h-5 bg-red-100 rounded-full shrink-0\"><svg class=\"w-3 h-3 text-red-600\" fill=\"none\" stroke=\"currentColor\" stroke- viewBox=\"0 0 24 24\"><path stroke-linecap=\"round\" stroke-linejoin=\"round\" d=\"M5 13l4 4L19 7\" \/><\/svg><\/div><div class=\"flex-1\">C\u00f4ng vi\u1ec7c h\u00e0n trong ng\u00e0nh x\u00e2y d\u1ef1ng v\u00e0 ch\u1ebf t\u1ea1o.<\/div><\/li>\n<li class=\"flex items-center gap-3 leading-relaxed text-gray-800 \"><div class=\"flex items-center justify-center w-5 h-5 bg-red-100 rounded-full shrink-0\"><svg class=\"w-3 h-3 text-red-600\" fill=\"none\" stroke=\"currentColor\" stroke- viewBox=\"0 0 24 24\"><path stroke-linecap=\"round\" stroke-linejoin=\"round\" d=\"M5 13l4 4L19 7\" \/><\/svg><\/div><div class=\"flex-1\">S\u1eeda ch\u1eefa v\u00e0 b\u1ea3o tr\u00ec thi\u1ebft b\u1ecb c\u00f4ng nghi\u1ec7p.<\/div><\/li>\n<li class=\"flex items-center gap-3 leading-relaxed text-gray-800 \"><div class=\"flex items-center justify-center w-5 h-5 bg-red-100 rounded-full shrink-0\"><svg class=\"w-3 h-3 text-red-600\" fill=\"none\" stroke=\"currentColor\" stroke- viewBox=\"0 0 24 24\"><path stroke-linecap=\"round\" stroke-linejoin=\"round\" d=\"M5 13l4 4L19 7\" \/><\/svg><\/div><div class=\"flex-1\">C\u00e1c d\u1ef1 \u00e1n DIY t\u1ea1i nh\u00e0.<\/div><\/li>\n<\/ul>\n<h2 class=\"py-2 my-4 text-2xl font-bold border-green-500 border-y border-opacity-10\">L\u01b0u \u00fd khi s\u1eed d\u1ee5ng<\/h2>\n<p class=\"mb-4 leading-relaxed\">Khi s\u1eed d\u1ee5ng m\u00e1y h\u00e0n Mig Jasic NB250E, ng\u01b0\u1eddi d\u00f9ng c\u1ea7n l\u01b0u \u00fd:<\/p>\n<ul class=\"mb-4 space-y-1 list-none\">\n<li class=\"flex items-center gap-3 leading-relaxed text-gray-800 \"><div class=\"flex items-center justify-center w-5 h-5 bg-red-100 rounded-full shrink-0\"><svg class=\"w-3 h-3 text-red-600\" fill=\"none\" stroke=\"currentColor\" stroke- viewBox=\"0 0 24 24\"><path stroke-linecap=\"round\" stroke-linejoin=\"round\" d=\"M5 13l4 4L19 7\" \/><\/svg><\/div><div class=\"flex-1\">\u0110\u1ea3m b\u1ea3o ki\u1ec3m tra \u0111i\u1ec7n \u00e1p v\u00e0 d\u00f2ng \u0111i\u1ec7n tr\u01b0\u1edbc khi v\u1eadn h\u00e0nh.<\/div><\/li>\n<li class=\"flex items-center gap-3 leading-relaxed text-gray-800 \"><div class=\"flex items-center justify-center w-5 h-5 bg-red-100 rounded-full shrink-0\"><svg class=\"w-3 h-3 text-red-600\" fill=\"none\" stroke=\"currentColor\" stroke- viewBox=\"0 0 24 24\"><path stroke-linecap=\"round\" stroke-linejoin=\"round\" d=\"M5 13l4 4L19 7\" \/><\/svg><\/div><div class=\"flex-1\">Lu\u00f4n s\u1eed d\u1ee5ng thi\u1ebft b\u1ecb b\u1ea3o h\u1ed9 c\u00e1 nh\u00e2n \u0111\u1ec3 \u0111\u1ea3m b\u1ea3o an to\u00e0n.<\/div><\/li>\n<li class=\"flex items-center gap-3 leading-relaxed text-gray-800 \"><div class=\"flex items-center justify-center w-5 h-5 bg-red-100 rounded-full shrink-0\"><svg class=\"w-3 h-3 text-red-600\" fill=\"none\" stroke=\"currentColor\" stroke- viewBox=\"0 0 24 24\"><path stroke-linecap=\"round\" stroke-linejoin=\"round\" d=\"M5 13l4 4L19 7\" \/><\/svg><\/div><div class=\"flex-1\">Th\u1ef1c hi\u1ec7n b\u1ea3o tr\u00ec \u0111\u1ecbnh k\u1ef3 \u0111\u1ec3 m\u00e1y lu\u00f4n ho\u1ea1t \u0111\u1ed9ng hi\u1ec7u qu\u1ea3.<\/div><\/li>\n<\/ul>\n","protected":false},"excerpt":{"rendered":"<p class=\"mb-4 leading-relaxed\">M\u00e1y h\u00e0n Mig Jasic NB250E l\u00e0 thi\u1ebft b\u1ecb h\u00e0n ch\u1ea5t l\u01b0\u1ee3ng cao, ph\u00f9 h\u1ee3p cho c\u1ea3 c\u00f4ng vi\u1ec7c chuy\u00ean nghi\u1ec7p v\u00e0 gia \u0111\u00ecnh, mang l\u1ea1i hi\u1ec7u su\u1ea5t h\u00e0n v\u01b0\u1ee3t tr\u1ed9i.<\/p>\n","protected":false},"featured_media":325,"template":"","meta":{"footnotes":""},"product_cat":[684,694],"product_tag":[],"ztteam_product_brand":[703],"class_list":["post-324","product","type-product","status-publish","has-post-thumbnail","hentry","product_cat-may-han-phu-kien","product_cat-may-han-mig","ztteam_product_brand-jasic"],"meta_box":{"_sku":"NB250E","_regular_price":"12122000","_sale_price":"","_price":"12122000","_stock_status":"instock","_stock":"","_manage_stock":"no","_weight":"","_length":"","_width":"","_height":"","_product_image_gallery":[{"width":150,"height":150,"file":"2026\/03\/may-han-mig-jasic-nb250e-3.jpg","filesize":30562,"sizes":[],"image_meta":{"aperture":"0","credit":"","camera":"","caption":"","created_timestamp":"0","copyright":"","focal_length":"0","iso":"0","shutter_speed":"0","title":"","orientation":"0","keywords":[]},"ID":"516","name":"may-han-mig-jasic-nb250e-3.jpg","path":"\/home\/dev.wptheme.store\/public_html\/s\/wpshoppc\/wp-content\/uploads\/2026\/03\/may-han-mig-jasic-nb250e-3.jpg","url":"https:\/\/dev.wptheme.store\/s\/wpshoppc\/wp-content\/uploads\/2026\/03\/may-han-mig-jasic-nb250e-3.jpg","full_url":"https:\/\/dev.wptheme.store\/s\/wpshoppc\/wp-content\/uploads\/2026\/03\/may-han-mig-jasic-nb250e-3.jpg","title":"may-han-mig-jasic-nb250e-3","caption":"","description":"","alt":"M\u00e1y h\u00e0n Mig Jasic NB250E","srcset":false},{"width":150,"height":150,"file":"2026\/03\/may-han-mig-jasic-nb250e-2.jpg","filesize":31759,"sizes":[],"image_meta":{"aperture":"0","credit":"","camera":"","caption":"","created_timestamp":"0","copyright":"","focal_length":"0","iso":"0","shutter_speed":"0","title":"","orientation":"0","keywords":[]},"ID":"517","name":"may-han-mig-jasic-nb250e-2.jpg","path":"\/home\/dev.wptheme.store\/public_html\/s\/wpshoppc\/wp-content\/uploads\/2026\/03\/may-han-mig-jasic-nb250e-2.jpg","url":"https:\/\/dev.wptheme.store\/s\/wpshoppc\/wp-content\/uploads\/2026\/03\/may-han-mig-jasic-nb250e-2.jpg","full_url":"https:\/\/dev.wptheme.store\/s\/wpshoppc\/wp-content\/uploads\/2026\/03\/may-han-mig-jasic-nb250e-2.jpg","title":"may-han-mig-jasic-nb250e-2","caption":"","description":"","alt":"M\u00e1y h\u00e0n Mig Jasic NB250E","srcset":false},{"width":150,"height":150,"file":"2026\/03\/may-han-mig-jasic-nb250e-1.jpg","filesize":16386,"sizes":[],"image_meta":{"aperture":"0","credit":"","camera":"","caption":"","created_timestamp":"0","copyright":"","focal_length":"0","iso":"0","shutter_speed":"0","title":"","orientation":"0","keywords":[]},"ID":"518","name":"may-han-mig-jasic-nb250e-1.jpg","path":"\/home\/dev.wptheme.store\/public_html\/s\/wpshoppc\/wp-content\/uploads\/2026\/03\/may-han-mig-jasic-nb250e-1.jpg","url":"https:\/\/dev.wptheme.store\/s\/wpshoppc\/wp-content\/uploads\/2026\/03\/may-han-mig-jasic-nb250e-1.jpg","full_url":"https:\/\/dev.wptheme.store\/s\/wpshoppc\/wp-content\/uploads\/2026\/03\/may-han-mig-jasic-nb250e-1.jpg","title":"may-han-mig-jasic-nb250e-1","caption":"","description":"","alt":"M\u00e1y h\u00e0n Mig Jasic NB250E","srcset":false},{"width":150,"height":150,"file":"2026\/03\/may-han-mig-jasic-nb250e-3-1.jpg","filesize":17264,"sizes":[],"image_meta":{"aperture":"0","credit":"","camera":"","caption":"","created_timestamp":"0","copyright":"","focal_length":"0","iso":"0","shutter_speed":"0","title":"","orientation":"0","keywords":[]},"ID":"519","name":"may-han-mig-jasic-nb250e-3-1.jpg","path":"\/home\/dev.wptheme.store\/public_html\/s\/wpshoppc\/wp-content\/uploads\/2026\/03\/may-han-mig-jasic-nb250e-3-1.jpg","url":"https:\/\/dev.wptheme.store\/s\/wpshoppc\/wp-content\/uploads\/2026\/03\/may-han-mig-jasic-nb250e-3-1.jpg","full_url":"https:\/\/dev.wptheme.store\/s\/wpshoppc\/wp-content\/uploads\/2026\/03\/may-han-mig-jasic-nb250e-3-1.jpg","title":"may-han-mig-jasic-nb250e-3-1","caption":"","description":"","alt":"M\u00e1y h\u00e0n Mig Jasic NB250E","srcset":false},{"width":150,"height":150,"file":"2026\/03\/may-han-mig-jasic-nb250e-2-1.jpg","filesize":17797,"sizes":[],"image_meta":{"aperture":"0","credit":"","camera":"","caption":"","created_timestamp":"0","copyright":"","focal_length":"0","iso":"0","shutter_speed":"0","title":"","orientation":"0","keywords":[]},"ID":"520","name":"may-han-mig-jasic-nb250e-2-1.jpg","path":"\/home\/dev.wptheme.store\/public_html\/s\/wpshoppc\/wp-content\/uploads\/2026\/03\/may-han-mig-jasic-nb250e-2-1.jpg","url":"https:\/\/dev.wptheme.store\/s\/wpshoppc\/wp-content\/uploads\/2026\/03\/may-han-mig-jasic-nb250e-2-1.jpg","full_url":"https:\/\/dev.wptheme.store\/s\/wpshoppc\/wp-content\/uploads\/2026\/03\/may-han-mig-jasic-nb250e-2-1.jpg","title":"may-han-mig-jasic-nb250e-2-1","caption":"","description":"","alt":"M\u00e1y h\u00e0n Mig Jasic NB250E","srcset":false}],"_featured":"no","_visibility":"visible","_virtual":"no","_downloadable":"no","product_type":"simple","product_attributes":[],"color_variations":[],"size_variations":[],"storage_variations":[],"material_variations":[]},"price":"12122000","demo_url":"","_links":{"self":[{"href":"https:\/\/dev.wptheme.store\/s\/wpshoppc\/wp-json\/wp\/v2\/product\/324","targetHints":{"allow":["GET"]}}],"collection":[{"href":"https:\/\/dev.wptheme.store\/s\/wpshoppc\/wp-json\/wp\/v2\/product"}],"about":[{"href":"https:\/\/dev.wptheme.store\/s\/wpshoppc\/wp-json\/wp\/v2\/types\/product"}],"version-history":[{"count":0,"href":"https:\/\/dev.wptheme.store\/s\/wpshoppc\/wp-json\/wp\/v2\/product\/324\/revisions"}],"wp:featuredmedia":[{"embeddable":true,"href":"https:\/\/dev.wptheme.store\/s\/wpshoppc\/wp-json\/wp\/v2\/media\/325"}],"wp:attachment":[{"href":"https:\/\/dev.wptheme.store\/s\/wpshoppc\/wp-json\/wp\/v2\/media?parent=324"}],"wp:term":[{"taxonomy":"product_cat","embeddable":true,"href":"https:\/\/dev.wptheme.store\/s\/wpshoppc\/wp-json\/wp\/v2\/product_cat?post=324"},{"taxonomy":"product_tag","embeddable":true,"href":"https:\/\/dev.wptheme.store\/s\/wpshoppc\/wp-json\/wp\/v2\/product_tag?post=324"},{"taxonomy":"ztteam_product_brand","embeddable":true,"href":"https:\/\/dev.wptheme.store\/s\/wpshoppc\/wp-json\/wp\/v2\/ztteam_product_brand?post=324"}],"curies":[{"name":"wp","href":"https:\/\/api.w.org\/{rel}","templated":true}]}}