{"id":326,"date":"2026-03-09T16:19:50","date_gmt":"2026-03-09T09:19:50","guid":{"rendered":"https:\/\/dev.wptheme.store\/s\/wpshoppc\/product\/may-han-que-dien-tu-jasic-arc250t\/"},"modified":"2026-03-09T16:19:50","modified_gmt":"2026-03-09T09:19:50","slug":"may-han-que-dien-tu-jasic-arc250t","status":"publish","type":"product","link":"https:\/\/dev.wptheme.store\/s\/wpshoppc\/product\/may-han-que-dien-tu-jasic-arc250t\/","title":{"rendered":"M\u00e1y H\u00e0n Que \u0110i\u1ec7n T\u1eed Jasic ARC250T"},"content":{"rendered":"<p class=\"mb-4 leading-relaxed\">M\u00e1y H\u00e0n Que \u0110i\u1ec7n T\u1eed Jasic ARC250T l\u00e0 m\u1ed9t trong nh\u1eefng s\u1ea3n ph\u1ea9m n\u1ed5i b\u1eadt trong d\u00f2ng m\u00e1y h\u00e0n mini gia \u0111\u00ecnh. V\u1edbi thi\u1ebft k\u1ebf nh\u1ecf g\u1ecdn v\u00e0 hi\u1ec7u su\u1ea5t \u1ed5n \u0111\u1ecbnh, s\u1ea3n ph\u1ea9m n\u00e0y r\u1ea5t ph\u00f9 h\u1ee3p cho c\u00e1c c\u00f4ng vi\u1ec7c h\u00e0n s\u1eeda ch\u1eefa trong gia \u0111\u00ecnh ho\u1eb7c t\u1ea1i c\u00e1c x\u01b0\u1edfng nh\u1ecf. M\u00e1y c\u00f3 kh\u1ea3 n\u0103ng h\u00e0n que v\u1edbi \u0111\u01b0\u1eddng k\u00ednh t\u1eeb 1.6 \u0111\u1ebfn 5.0mm, gi\u00fap b\u1ea1n th\u1ef1c hi\u1ec7n nhi\u1ec1u lo\u1ea1i c\u00f4ng vi\u1ec7c kh\u00e1c nhau.<\/p>\n<h2 class=\"py-2 my-4 text-2xl font-bold border-green-500 border-y border-opacity-10\">T\u00ednh n\u0103ng n\u1ed5i b\u1eadt<\/h2>\n<ul class=\"mb-4 space-y-1 list-none\">\n<li class=\"flex items-center gap-3 leading-relaxed text-gray-800 \"><div class=\"flex items-center justify-center w-5 h-5 bg-red-100 rounded-full shrink-0\"><svg class=\"w-3 h-3 text-red-600\" fill=\"none\" stroke=\"currentColor\" stroke- viewBox=\"0 0 24 24\"><path stroke-linecap=\"round\" stroke-linejoin=\"round\" d=\"M5 13l4 4L19 7\" \/><\/svg><\/div><div class=\"flex-1\">\u0110i\u1ec7n \u00e1p ho\u1ea1t \u0111\u1ed9ng t\u1eeb 220-240V, ph\u00f9 h\u1ee3p v\u1edbi ngu\u1ed3n \u0111i\u1ec7n gia \u0111\u00ecnh.<\/div><\/li>\n<li class=\"flex items-center gap-3 leading-relaxed text-gray-800 \"><div class=\"flex items-center justify-center w-5 h-5 bg-red-100 rounded-full shrink-0\"><svg class=\"w-3 h-3 text-red-600\" fill=\"none\" stroke=\"currentColor\" stroke- viewBox=\"0 0 24 24\"><path stroke-linecap=\"round\" stroke-linejoin=\"round\" d=\"M5 13l4 4L19 7\" \/><\/svg><\/div><div class=\"flex-1\">C\u00f4ng su\u1ea5t \u0111\u1ecbnh m\u1ee9c 12.6 KVA, \u0111\u1ea3m b\u1ea3o hi\u1ec7u su\u1ea5t h\u00e0n t\u1ed1t.<\/div><\/li>\n<li class=\"flex items-center gap-3 leading-relaxed text-gray-800 \"><div class=\"flex items-center justify-center w-5 h-5 bg-red-100 rounded-full shrink-0\"><svg class=\"w-3 h-3 text-red-600\" fill=\"none\" stroke=\"currentColor\" stroke- viewBox=\"0 0 24 24\"><path stroke-linecap=\"round\" stroke-linejoin=\"round\" d=\"M5 13l4 4L19 7\" \/><\/svg><\/div><div class=\"flex-1\">Ph\u1ea1m vi \u0111i\u1ec1u ch\u1ec9nh d\u00f2ng h\u00e0n t\u1eeb 20-250A, gi\u00fap linh ho\u1ea1t trong c\u00e1c \u1ee9ng d\u1ee5ng kh\u00e1c nhau.<\/div><\/li>\n<li class=\"flex items-center gap-3 leading-relaxed text-gray-800 \"><div class=\"flex items-center justify-center w-5 h-5 bg-red-100 rounded-full shrink-0\"><svg class=\"w-3 h-3 text-red-600\" fill=\"none\" stroke=\"currentColor\" stroke- viewBox=\"0 0 24 24\"><path stroke-linecap=\"round\" stroke-linejoin=\"round\" d=\"M5 13l4 4L19 7\" \/><\/svg><\/div><div class=\"flex-1\">C\u1ea5p b\u1ea3o v\u1ec7 IP 21S, b\u1ea3o v\u1ec7 m\u00e1y kh\u1ecfi b\u1ee5i v\u00e0 n\u01b0\u1edbc.<\/div><\/li>\n<\/ul>\n<h2 class=\"py-2 my-4 text-2xl font-bold border-green-500 border-y border-opacity-10\">L\u1ee3i \u00edch khi s\u1eed d\u1ee5ng<\/h2>\n<p class=\"mb-4 leading-relaxed\">S\u1eed d\u1ee5ng M\u00e1y H\u00e0n Que \u0110i\u1ec7n T\u1eed Jasic ARC250T mang l\u1ea1i nhi\u1ec1u l\u1ee3i \u00edch cho ng\u01b0\u1eddi d\u00f9ng:<\/p>\n<ul class=\"mb-4 space-y-1 list-none\">\n<li class=\"flex items-center gap-3 leading-relaxed text-gray-800 \"><div class=\"flex items-center justify-center w-5 h-5 bg-red-100 rounded-full shrink-0\"><svg class=\"w-3 h-3 text-red-600\" fill=\"none\" stroke=\"currentColor\" stroke- viewBox=\"0 0 24 24\"><path stroke-linecap=\"round\" stroke-linejoin=\"round\" d=\"M5 13l4 4L19 7\" \/><\/svg><\/div><div class=\"flex-1\">D\u1ec5 d\u00e0ng s\u1eed d\u1ee5ng, ngay c\u1ea3 v\u1edbi ng\u01b0\u1eddi m\u1edbi b\u1eaft \u0111\u1ea7u.<\/div><\/li>\n<li class=\"flex items-center gap-3 leading-relaxed text-gray-800 \"><div class=\"flex items-center justify-center w-5 h-5 bg-red-100 rounded-full shrink-0\"><svg class=\"w-3 h-3 text-red-600\" fill=\"none\" stroke=\"currentColor\" stroke- viewBox=\"0 0 24 24\"><path stroke-linecap=\"round\" stroke-linejoin=\"round\" d=\"M5 13l4 4L19 7\" \/><\/svg><\/div><div class=\"flex-1\">Thi\u1ebft k\u1ebf nh\u1ecf g\u1ecdn, d\u1ec5 d\u00e0ng di chuy\u1ec3n v\u00e0 b\u1ea3o qu\u1ea3n.<\/div><\/li>\n<li class=\"flex items-center gap-3 leading-relaxed text-gray-800 \"><div class=\"flex items-center justify-center w-5 h-5 bg-red-100 rounded-full shrink-0\"><svg class=\"w-3 h-3 text-red-600\" fill=\"none\" stroke=\"currentColor\" stroke- viewBox=\"0 0 24 24\"><path stroke-linecap=\"round\" stroke-linejoin=\"round\" d=\"M5 13l4 4L19 7\" \/><\/svg><\/div><div class=\"flex-1\">Hi\u1ec7u su\u1ea5t h\u00e0n cao, ti\u1ebft ki\u1ec7m th\u1eddi gian v\u00e0 c\u00f4ng s\u1ee9c.<\/div><\/li>\n<\/ul>\n<h2 class=\"py-2 my-4 text-2xl font-bold border-green-500 border-y border-opacity-10\">\u1ee8ng d\u1ee5ng th\u1ef1c t\u1ebf<\/h2>\n<p class=\"mb-4 leading-relaxed\">M\u00e1y h\u00e0n n\u00e0y c\u00f3 th\u1ec3 \u0111\u01b0\u1ee3c s\u1eed d\u1ee5ng trong nhi\u1ec1u \u1ee9ng d\u1ee5ng th\u1ef1c t\u1ebf nh\u01b0:<\/p>\n<ul class=\"mb-4 space-y-1 list-none\">\n<li class=\"flex items-center gap-3 leading-relaxed text-gray-800 \"><div class=\"flex items-center justify-center w-5 h-5 bg-red-100 rounded-full shrink-0\"><svg class=\"w-3 h-3 text-red-600\" fill=\"none\" stroke=\"currentColor\" stroke- viewBox=\"0 0 24 24\"><path stroke-linecap=\"round\" stroke-linejoin=\"round\" d=\"M5 13l4 4L19 7\" \/><\/svg><\/div><div class=\"flex-1\">S\u1eeda ch\u1eefa c\u00e1c thi\u1ebft b\u1ecb kim lo\u1ea1i trong gia \u0111\u00ecnh.<\/div><\/li>\n<li class=\"flex items-center gap-3 leading-relaxed text-gray-800 \"><div class=\"flex items-center justify-center w-5 h-5 bg-red-100 rounded-full shrink-0\"><svg class=\"w-3 h-3 text-red-600\" fill=\"none\" stroke=\"currentColor\" stroke- viewBox=\"0 0 24 24\"><path stroke-linecap=\"round\" stroke-linejoin=\"round\" d=\"M5 13l4 4L19 7\" \/><\/svg><\/div><div class=\"flex-1\">H\u00e0n c\u00e1c chi ti\u1ebft trong x\u01b0\u1edfng c\u01a1 kh\u00ed nh\u1ecf.<\/div><\/li>\n<li class=\"flex items-center gap-3 leading-relaxed text-gray-800 \"><div class=\"flex items-center justify-center w-5 h-5 bg-red-100 rounded-full shrink-0\"><svg class=\"w-3 h-3 text-red-600\" fill=\"none\" stroke=\"currentColor\" stroke- viewBox=\"0 0 24 24\"><path stroke-linecap=\"round\" stroke-linejoin=\"round\" d=\"M5 13l4 4L19 7\" \/><\/svg><\/div><div class=\"flex-1\">Th\u1ef1c hi\u1ec7n c\u00e1c d\u1ef1 \u00e1n DIY t\u1ea1i nh\u00e0.<\/div><\/li>\n<\/ul>\n<h2 class=\"py-2 my-4 text-2xl font-bold border-green-500 border-y border-opacity-10\">L\u01b0u \u00fd khi s\u1eed d\u1ee5ng<\/h2>\n<p class=\"mb-4 leading-relaxed\">Khi s\u1eed d\u1ee5ng M\u00e1y H\u00e0n Que \u0110i\u1ec7n T\u1eed Jasic ARC250T, b\u1ea1n c\u1ea7n l\u01b0u \u00fd:<\/p>\n<ul class=\"mb-4 space-y-1 list-none\">\n<li class=\"flex items-center gap-3 leading-relaxed text-gray-800 \"><div class=\"flex items-center justify-center w-5 h-5 bg-red-100 rounded-full shrink-0\"><svg class=\"w-3 h-3 text-red-600\" fill=\"none\" stroke=\"currentColor\" stroke- viewBox=\"0 0 24 24\"><path stroke-linecap=\"round\" stroke-linejoin=\"round\" d=\"M5 13l4 4L19 7\" \/><\/svg><\/div><div class=\"flex-1\">\u0110\u1ea3m b\u1ea3o ngu\u1ed3n \u0111i\u1ec7n \u1ed5n \u0111\u1ecbnh tr\u01b0\u1edbc khi s\u1eed d\u1ee5ng.<\/div><\/li>\n<li class=\"flex items-center gap-3 leading-relaxed text-gray-800 \"><div class=\"flex items-center justify-center w-5 h-5 bg-red-100 rounded-full shrink-0\"><svg class=\"w-3 h-3 text-red-600\" fill=\"none\" stroke=\"currentColor\" stroke- viewBox=\"0 0 24 24\"><path stroke-linecap=\"round\" stroke-linejoin=\"round\" d=\"M5 13l4 4L19 7\" \/><\/svg><\/div><div class=\"flex-1\">Th\u1ef1c hi\u1ec7n c\u00e1c bi\u1ec7n ph\u00e1p an to\u00e0n khi h\u00e0n, nh\u01b0 \u0111eo k\u00ednh b\u1ea3o h\u1ed9 v\u00e0 g\u0103ng tay.<\/div><\/li>\n<li class=\"flex items-center gap-3 leading-relaxed text-gray-800 \"><div class=\"flex items-center justify-center w-5 h-5 bg-red-100 rounded-full shrink-0\"><svg class=\"w-3 h-3 text-red-600\" fill=\"none\" stroke=\"currentColor\" stroke- viewBox=\"0 0 24 24\"><path stroke-linecap=\"round\" stroke-linejoin=\"round\" d=\"M5 13l4 4L19 7\" \/><\/svg><\/div><div class=\"flex-1\">Ki\u1ec3m tra m\u00e1y th\u01b0\u1eddng xuy\u00ean \u0111\u1ec3 \u0111\u1ea3m b\u1ea3o ho\u1ea1t \u0111\u1ed9ng t\u1ed1t.<\/div><\/li>\n<\/ul>\n","protected":false},"excerpt":{"rendered":"<p class=\"mb-4 leading-relaxed\">M\u00e1y H\u00e0n Que \u0110i\u1ec7n T\u1eed Jasic ARC250T l\u00e0 thi\u1ebft b\u1ecb h\u00e0n mini l\u00fd t\u01b0\u1edfng cho gia \u0111\u00ecnh v\u00e0 c\u00e1c c\u00f4ng vi\u1ec7c s\u1eeda ch\u1eefa nh\u1ecf, mang l\u1ea1i hi\u1ec7u su\u1ea5t cao v\u00e0 d\u1ec5 s\u1eed d\u1ee5ng.<\/p>\n","protected":false},"featured_media":327,"template":"","meta":{"footnotes":""},"product_cat":[684,704],"product_tag":[],"ztteam_product_brand":[703],"class_list":["post-326","product","type-product","status-publish","has-post-thumbnail","hentry","product_cat-may-han-phu-kien","product_cat-may-han-mini-gia-dinh","ztteam_product_brand-jasic"],"meta_box":{"_sku":"ARC250T","_regular_price":"2560000","_sale_price":"","_price":"2560000","_stock_status":"instock","_stock":"","_manage_stock":"no","_weight":"","_length":"","_width":"","_height":"","_product_image_gallery":[{"width":150,"height":150,"file":"2026\/03\/may-han-que-dien-tu-jasic-arc250t-4.jpg","filesize":144109,"sizes":[],"image_meta":{"aperture":"0","credit":"","camera":"","caption":"","created_timestamp":"0","copyright":"","focal_length":"0","iso":"0","shutter_speed":"0","title":"","orientation":"1","keywords":[]},"ID":"521","name":"may-han-que-dien-tu-jasic-arc250t-4.jpg","path":"\/home\/dev.wptheme.store\/public_html\/s\/wpshoppc\/wp-content\/uploads\/2026\/03\/may-han-que-dien-tu-jasic-arc250t-4.jpg","url":"https:\/\/dev.wptheme.store\/s\/wpshoppc\/wp-content\/uploads\/2026\/03\/may-han-que-dien-tu-jasic-arc250t-4.jpg","full_url":"https:\/\/dev.wptheme.store\/s\/wpshoppc\/wp-content\/uploads\/2026\/03\/may-han-que-dien-tu-jasic-arc250t-4.jpg","title":"may-han-que-dien-tu-jasic-arc250t-4","caption":"","description":"","alt":"M\u00e1y H\u00e0n Que \u0110i\u1ec7n T\u1eed Jasic ARC250T d\u00f9ng cho c\u00f4ng vi\u1ec7c k\u1ef9 thu\u1eadt","srcset":false},{"width":150,"height":150,"file":"2026\/03\/may-han-que-dien-tu-jasic-arc250t-3.jpg","filesize":146290,"sizes":[],"image_meta":{"aperture":"0","credit":"","camera":"","caption":"","created_timestamp":"0","copyright":"","focal_length":"0","iso":"0","shutter_speed":"0","title":"","orientation":"1","keywords":[]},"ID":"522","name":"may-han-que-dien-tu-jasic-arc250t-3.jpg","path":"\/home\/dev.wptheme.store\/public_html\/s\/wpshoppc\/wp-content\/uploads\/2026\/03\/may-han-que-dien-tu-jasic-arc250t-3.jpg","url":"https:\/\/dev.wptheme.store\/s\/wpshoppc\/wp-content\/uploads\/2026\/03\/may-han-que-dien-tu-jasic-arc250t-3.jpg","full_url":"https:\/\/dev.wptheme.store\/s\/wpshoppc\/wp-content\/uploads\/2026\/03\/may-han-que-dien-tu-jasic-arc250t-3.jpg","title":"may-han-que-dien-tu-jasic-arc250t-3","caption":"","description":"","alt":"M\u00e1y H\u00e0n Que \u0110i\u1ec7n T\u1eed Jasic ARC250T d\u00f9ng cho c\u00f4ng vi\u1ec7c k\u1ef9 thu\u1eadt","srcset":false},{"width":150,"height":150,"file":"2026\/03\/may-han-que-dien-tu-jasic-arc250t-2.jpg","filesize":129011,"sizes":[],"image_meta":{"aperture":"0","credit":"","camera":"","caption":"","created_timestamp":"0","copyright":"","focal_length":"0","iso":"0","shutter_speed":"0","title":"","orientation":"1","keywords":[]},"ID":"523","name":"may-han-que-dien-tu-jasic-arc250t-2.jpg","path":"\/home\/dev.wptheme.store\/public_html\/s\/wpshoppc\/wp-content\/uploads\/2026\/03\/may-han-que-dien-tu-jasic-arc250t-2.jpg","url":"https:\/\/dev.wptheme.store\/s\/wpshoppc\/wp-content\/uploads\/2026\/03\/may-han-que-dien-tu-jasic-arc250t-2.jpg","full_url":"https:\/\/dev.wptheme.store\/s\/wpshoppc\/wp-content\/uploads\/2026\/03\/may-han-que-dien-tu-jasic-arc250t-2.jpg","title":"may-han-que-dien-tu-jasic-arc250t-2","caption":"","description":"","alt":"M\u00e1y H\u00e0n Que \u0110i\u1ec7n T\u1eed Jasic ARC250T d\u00f9ng cho c\u00f4ng vi\u1ec7c k\u1ef9 thu\u1eadt","srcset":false},{"width":150,"height":150,"file":"2026\/03\/may-han-que-dien-tu-jasic-arc250t.jpg","filesize":214709,"sizes":[],"image_meta":{"aperture":"0","credit":"","camera":"","caption":"","created_timestamp":"0","copyright":"","focal_length":"0","iso":"0","shutter_speed":"0","title":"","orientation":"1","keywords":[]},"ID":"524","name":"may-han-que-dien-tu-jasic-arc250t.jpg","path":"\/home\/dev.wptheme.store\/public_html\/s\/wpshoppc\/wp-content\/uploads\/2026\/03\/may-han-que-dien-tu-jasic-arc250t.jpg","url":"https:\/\/dev.wptheme.store\/s\/wpshoppc\/wp-content\/uploads\/2026\/03\/may-han-que-dien-tu-jasic-arc250t.jpg","full_url":"https:\/\/dev.wptheme.store\/s\/wpshoppc\/wp-content\/uploads\/2026\/03\/may-han-que-dien-tu-jasic-arc250t.jpg","title":"may-han-que-dien-tu-jasic-arc250t","caption":"","description":"","alt":"M\u00e1y H\u00e0n Que \u0110i\u1ec7n T\u1eed Jasic ARC250T d\u00f9ng cho c\u00f4ng vi\u1ec7c k\u1ef9 thu\u1eadt","srcset":false},{"width":150,"height":150,"file":"2026\/03\/may-han-que-dien-tu-jasic-arc250t-1740457005-1.jpg","filesize":19053,"sizes":[],"image_meta":{"aperture":"0","credit":"","camera":"","caption":"","created_timestamp":"0","copyright":"","focal_length":"0","iso":"0","shutter_speed":"0","title":"","orientation":"0","keywords":[]},"ID":"525","name":"may-han-que-dien-tu-jasic-arc250t-1740457005-1.jpg","path":"\/home\/dev.wptheme.store\/public_html\/s\/wpshoppc\/wp-content\/uploads\/2026\/03\/may-han-que-dien-tu-jasic-arc250t-1740457005-1.jpg","url":"https:\/\/dev.wptheme.store\/s\/wpshoppc\/wp-content\/uploads\/2026\/03\/may-han-que-dien-tu-jasic-arc250t-1740457005-1.jpg","full_url":"https:\/\/dev.wptheme.store\/s\/wpshoppc\/wp-content\/uploads\/2026\/03\/may-han-que-dien-tu-jasic-arc250t-1740457005-1.jpg","title":"may-han-que-dien-tu-jasic-arc250t-1740457005-1","caption":"","description":"","alt":"M\u00e1y H\u00e0n Que \u0110i\u1ec7n T\u1eed Jasic ARC250T d\u00f9ng cho c\u00f4ng vi\u1ec7c k\u1ef9 thu\u1eadt","srcset":false},{"width":150,"height":150,"file":"2026\/03\/may-han-que-dien-tu-jasic-arc250t-4-1.jpg","filesize":19346,"sizes":[],"image_meta":{"aperture":"0","credit":"","camera":"","caption":"","created_timestamp":"0","copyright":"","focal_length":"0","iso":"0","shutter_speed":"0","title":"","orientation":"0","keywords":[]},"ID":"526","name":"may-han-que-dien-tu-jasic-arc250t-4-1.jpg","path":"\/home\/dev.wptheme.store\/public_html\/s\/wpshoppc\/wp-content\/uploads\/2026\/03\/may-han-que-dien-tu-jasic-arc250t-4-1.jpg","url":"https:\/\/dev.wptheme.store\/s\/wpshoppc\/wp-content\/uploads\/2026\/03\/may-han-que-dien-tu-jasic-arc250t-4-1.jpg","full_url":"https:\/\/dev.wptheme.store\/s\/wpshoppc\/wp-content\/uploads\/2026\/03\/may-han-que-dien-tu-jasic-arc250t-4-1.jpg","title":"may-han-que-dien-tu-jasic-arc250t-4-1","caption":"","description":"","alt":"M\u00e1y H\u00e0n Que \u0110i\u1ec7n T\u1eed Jasic ARC250T d\u00f9ng cho c\u00f4ng vi\u1ec7c k\u1ef9 thu\u1eadt","srcset":false},{"width":150,"height":150,"file":"2026\/03\/may-han-que-dien-tu-jasic-arc250t-3-1.jpg","filesize":19562,"sizes":[],"image_meta":{"aperture":"0","credit":"","camera":"","caption":"","created_timestamp":"0","copyright":"","focal_length":"0","iso":"0","shutter_speed":"0","title":"","orientation":"0","keywords":[]},"ID":"527","name":"may-han-que-dien-tu-jasic-arc250t-3-1.jpg","path":"\/home\/dev.wptheme.store\/public_html\/s\/wpshoppc\/wp-content\/uploads\/2026\/03\/may-han-que-dien-tu-jasic-arc250t-3-1.jpg","url":"https:\/\/dev.wptheme.store\/s\/wpshoppc\/wp-content\/uploads\/2026\/03\/may-han-que-dien-tu-jasic-arc250t-3-1.jpg","full_url":"https:\/\/dev.wptheme.store\/s\/wpshoppc\/wp-content\/uploads\/2026\/03\/may-han-que-dien-tu-jasic-arc250t-3-1.jpg","title":"may-han-que-dien-tu-jasic-arc250t-3-1","caption":"","description":"","alt":"M\u00e1y H\u00e0n Que \u0110i\u1ec7n T\u1eed Jasic ARC250T d\u00f9ng cho c\u00f4ng vi\u1ec7c k\u1ef9 thu\u1eadt","srcset":false},{"width":150,"height":150,"file":"2026\/03\/may-han-que-dien-tu-jasic-arc250t-2-1.jpg","filesize":15364,"sizes":[],"image_meta":{"aperture":"0","credit":"","camera":"","caption":"","created_timestamp":"0","copyright":"","focal_length":"0","iso":"0","shutter_speed":"0","title":"","orientation":"0","keywords":[]},"ID":"528","name":"may-han-que-dien-tu-jasic-arc250t-2-1.jpg","path":"\/home\/dev.wptheme.store\/public_html\/s\/wpshoppc\/wp-content\/uploads\/2026\/03\/may-han-que-dien-tu-jasic-arc250t-2-1.jpg","url":"https:\/\/dev.wptheme.store\/s\/wpshoppc\/wp-content\/uploads\/2026\/03\/may-han-que-dien-tu-jasic-arc250t-2-1.jpg","full_url":"https:\/\/dev.wptheme.store\/s\/wpshoppc\/wp-content\/uploads\/2026\/03\/may-han-que-dien-tu-jasic-arc250t-2-1.jpg","title":"may-han-que-dien-tu-jasic-arc250t-2-1","caption":"","description":"","alt":"M\u00e1y H\u00e0n Que \u0110i\u1ec7n T\u1eed Jasic ARC250T d\u00f9ng cho c\u00f4ng vi\u1ec7c k\u1ef9 thu\u1eadt","srcset":false},{"width":150,"height":150,"file":"2026\/03\/may-han-que-dien-tu-jasic-arc250t-1.jpg","filesize":22369,"sizes":[],"image_meta":{"aperture":"0","credit":"","camera":"","caption":"","created_timestamp":"0","copyright":"","focal_length":"0","iso":"0","shutter_speed":"0","title":"","orientation":"0","keywords":[]},"ID":"529","name":"may-han-que-dien-tu-jasic-arc250t-1.jpg","path":"\/home\/dev.wptheme.store\/public_html\/s\/wpshoppc\/wp-content\/uploads\/2026\/03\/may-han-que-dien-tu-jasic-arc250t-1.jpg","url":"https:\/\/dev.wptheme.store\/s\/wpshoppc\/wp-content\/uploads\/2026\/03\/may-han-que-dien-tu-jasic-arc250t-1.jpg","full_url":"https:\/\/dev.wptheme.store\/s\/wpshoppc\/wp-content\/uploads\/2026\/03\/may-han-que-dien-tu-jasic-arc250t-1.jpg","title":"may-han-que-dien-tu-jasic-arc250t-1","caption":"","description":"","alt":"M\u00e1y H\u00e0n Que \u0110i\u1ec7n T\u1eed Jasic ARC250T d\u00f9ng cho c\u00f4ng vi\u1ec7c k\u1ef9 thu\u1eadt","srcset":false}],"_featured":"no","_visibility":"visible","_virtual":"no","_downloadable":"no","product_type":"simple","product_attributes":[],"color_variations":[],"size_variations":[],"storage_variations":[],"material_variations":[]},"price":"2560000","demo_url":"","_links":{"self":[{"href":"https:\/\/dev.wptheme.store\/s\/wpshoppc\/wp-json\/wp\/v2\/product\/326","targetHints":{"allow":["GET"]}}],"collection":[{"href":"https:\/\/dev.wptheme.store\/s\/wpshoppc\/wp-json\/wp\/v2\/product"}],"about":[{"href":"https:\/\/dev.wptheme.store\/s\/wpshoppc\/wp-json\/wp\/v2\/types\/product"}],"version-history":[{"count":0,"href":"https:\/\/dev.wptheme.store\/s\/wpshoppc\/wp-json\/wp\/v2\/product\/326\/revisions"}],"wp:featuredmedia":[{"embeddable":true,"href":"https:\/\/dev.wptheme.store\/s\/wpshoppc\/wp-json\/wp\/v2\/media\/327"}],"wp:attachment":[{"href":"https:\/\/dev.wptheme.store\/s\/wpshoppc\/wp-json\/wp\/v2\/media?parent=326"}],"wp:term":[{"taxonomy":"product_cat","embeddable":true,"href":"https:\/\/dev.wptheme.store\/s\/wpshoppc\/wp-json\/wp\/v2\/product_cat?post=326"},{"taxonomy":"product_tag","embeddable":true,"href":"https:\/\/dev.wptheme.store\/s\/wpshoppc\/wp-json\/wp\/v2\/product_tag?post=326"},{"taxonomy":"ztteam_product_brand","embeddable":true,"href":"https:\/\/dev.wptheme.store\/s\/wpshoppc\/wp-json\/wp\/v2\/ztteam_product_brand?post=326"}],"curies":[{"name":"wp","href":"https:\/\/api.w.org\/{rel}","templated":true}]}}