{"id":337,"date":"2026-03-09T16:19:58","date_gmt":"2026-03-09T09:19:58","guid":{"rendered":"https:\/\/dev.wptheme.store\/s\/wpshoppc\/product\/mat-na-han-dien-tu-jasic-p500bs\/"},"modified":"2026-03-09T16:19:58","modified_gmt":"2026-03-09T09:19:58","slug":"mat-na-han-dien-tu-jasic-p500bs","status":"publish","type":"product","link":"https:\/\/dev.wptheme.store\/s\/wpshoppc\/product\/mat-na-han-dien-tu-jasic-p500bs\/","title":{"rendered":"M\u1eb7t n\u1ea1 h\u00e0n \u0111i\u1ec7n t\u1eed Jasic P500BS"},"content":{"rendered":"<p class=\"mb-4 leading-relaxed\">M\u1eb7t n\u1ea1 h\u00e0n \u0111i\u1ec7n t\u1eed Jasic P500BS l\u00e0 m\u1ed9t s\u1ea3n ph\u1ea9m thi\u1ebft y\u1ebfu d\u00e0nh cho nh\u1eefng ng\u01b0\u1eddi l\u00e0m vi\u1ec7c trong ng\u00e0nh h\u00e0n. V\u1edbi thi\u1ebft k\u1ebf hi\u1ec7n \u0111\u1ea1i v\u00e0 t\u00ednh n\u0103ng th\u00f4ng minh, s\u1ea3n ph\u1ea9m n\u00e0y kh\u00f4ng ch\u1ec9 b\u1ea3o v\u1ec7 m\u1eaft kh\u1ecfi tia l\u1eeda v\u00e0 \u00e1nh s\u00e1ng m\u1ea1nh m\u00e0 c\u00f2n mang l\u1ea1i s\u1ef1 tho\u1ea3i m\u00e1i trong su\u1ed1t qu\u00e1 tr\u00ecnh l\u00e0m vi\u1ec7c.<\/p>\n<h2 class=\"py-2 my-4 text-2xl font-bold border-green-500 border-y border-opacity-10\">T\u00ednh n\u0103ng n\u1ed5i b\u1eadt<\/h2>\n<p class=\"mb-4 leading-relaxed\">M\u1eb7t n\u1ea1 h\u00e0n Jasic P500BS \u0111\u01b0\u1ee3c trang b\u1ecb c\u00f4ng ngh\u1ec7 c\u1ea3m bi\u1ebfn ti\u00ean ti\u1ebfn, cho ph\u00e9p t\u1ef1 \u0111\u1ed9ng \u0111i\u1ec1u ch\u1ec9nh \u0111\u1ed9 t\u1ed1i c\u1ee7a k\u00ednh khi h\u00e0n. \u0110i\u1ec1u n\u00e0y gi\u00fap ng\u01b0\u1eddi s\u1eed d\u1ee5ng kh\u00f4ng c\u1ea7n ph\u1ea3i thay \u0111\u1ed5i k\u00ednh li\u00ean t\u1ee5c, ti\u1ebft ki\u1ec7m th\u1eddi gian v\u00e0 t\u0103ng hi\u1ec7u qu\u1ea3 c\u00f4ng vi\u1ec7c.<\/p>\n<h2 class=\"py-2 my-4 text-2xl font-bold border-green-500 border-y border-opacity-10\">L\u1ee3i \u00edch khi s\u1eed d\u1ee5ng<\/h2>\n<p class=\"mb-4 leading-relaxed\">S\u1eed d\u1ee5ng m\u1eb7t n\u1ea1 h\u00e0n \u0111i\u1ec7n t\u1eed Jasic P500BS mang l\u1ea1i nhi\u1ec1u l\u1ee3i \u00edch:<\/p>\n<ul class=\"mb-4 space-y-1 list-none\">\n<li class=\"flex items-center gap-3 leading-relaxed text-gray-800 \"><div class=\"flex items-center justify-center w-5 h-5 bg-red-100 rounded-full shrink-0\"><svg class=\"w-3 h-3 text-red-600\" fill=\"none\" stroke=\"currentColor\" stroke- viewBox=\"0 0 24 24\"><path stroke-linecap=\"round\" stroke-linejoin=\"round\" d=\"M5 13l4 4L19 7\" \/><\/svg><\/div><div class=\"flex-1\">B\u1ea3o v\u1ec7 t\u1ed1i \u0111a cho m\u1eaft v\u00e0 khu\u00f4n m\u1eb7t kh\u1ecfi tia UV v\u00e0 IR.<\/div><\/li>\n<li class=\"flex items-center gap-3 leading-relaxed text-gray-800 \"><div class=\"flex items-center justify-center w-5 h-5 bg-red-100 rounded-full shrink-0\"><svg class=\"w-3 h-3 text-red-600\" fill=\"none\" stroke=\"currentColor\" stroke- viewBox=\"0 0 24 24\"><path stroke-linecap=\"round\" stroke-linejoin=\"round\" d=\"M5 13l4 4L19 7\" \/><\/svg><\/div><div class=\"flex-1\">Thi\u1ebft k\u1ebf nh\u1eb9, tho\u1ea3i m\u00e1i, d\u1ec5 d\u00e0ng \u0111i\u1ec1u ch\u1ec9nh k\u00edch th\u01b0\u1edbc.<\/div><\/li>\n<li class=\"flex items-center gap-3 leading-relaxed text-gray-800 \"><div class=\"flex items-center justify-center w-5 h-5 bg-red-100 rounded-full shrink-0\"><svg class=\"w-3 h-3 text-red-600\" fill=\"none\" stroke=\"currentColor\" stroke- viewBox=\"0 0 24 24\"><path stroke-linecap=\"round\" stroke-linejoin=\"round\" d=\"M5 13l4 4L19 7\" \/><\/svg><\/div><div class=\"flex-1\">C\u1ea3m bi\u1ebfn nhanh nh\u1ea1y, t\u1ef1 \u0111\u1ed9ng \u0111i\u1ec1u ch\u1ec9nh \u0111\u1ed9 t\u1ed1i.<\/div><\/li>\n<\/ul>\n<h2 class=\"py-2 my-4 text-2xl font-bold border-green-500 border-y border-opacity-10\">\u1ee8ng d\u1ee5ng th\u1ef1c t\u1ebf<\/h2>\n<p class=\"mb-4 leading-relaxed\">S\u1ea3n ph\u1ea9m n\u00e0y ph\u00f9 h\u1ee3p cho nhi\u1ec1u \u1ee9ng d\u1ee5ng trong ng\u00e0nh h\u00e0n, bao g\u1ed3m:<\/p>\n<ul class=\"mb-4 space-y-1 list-none\">\n<li class=\"flex items-center gap-3 leading-relaxed text-gray-800 \"><div class=\"flex items-center justify-center w-5 h-5 bg-red-100 rounded-full shrink-0\"><svg class=\"w-3 h-3 text-red-600\" fill=\"none\" stroke=\"currentColor\" stroke- viewBox=\"0 0 24 24\"><path stroke-linecap=\"round\" stroke-linejoin=\"round\" d=\"M5 13l4 4L19 7\" \/><\/svg><\/div><div class=\"flex-1\">H\u00e0n MIG, TIG v\u00e0 h\u00e0n h\u1ed3 quang.<\/div><\/li>\n<li class=\"flex items-center gap-3 leading-relaxed text-gray-800 \"><div class=\"flex items-center justify-center w-5 h-5 bg-red-100 rounded-full shrink-0\"><svg class=\"w-3 h-3 text-red-600\" fill=\"none\" stroke=\"currentColor\" stroke- viewBox=\"0 0 24 24\"><path stroke-linecap=\"round\" stroke-linejoin=\"round\" d=\"M5 13l4 4L19 7\" \/><\/svg><\/div><div class=\"flex-1\">C\u00e1c c\u00f4ng vi\u1ec7c s\u1eeda ch\u1eefa v\u00e0 b\u1ea3o tr\u00ec trong c\u00f4ng nghi\u1ec7p.<\/div><\/li>\n<li class=\"flex items-center gap-3 leading-relaxed text-gray-800 \"><div class=\"flex items-center justify-center w-5 h-5 bg-red-100 rounded-full shrink-0\"><svg class=\"w-3 h-3 text-red-600\" fill=\"none\" stroke=\"currentColor\" stroke- viewBox=\"0 0 24 24\"><path stroke-linecap=\"round\" stroke-linejoin=\"round\" d=\"M5 13l4 4L19 7\" \/><\/svg><\/div><div class=\"flex-1\">H\u00e0n trong m\u00f4i tr\u01b0\u1eddng x\u00e2y d\u1ef1ng v\u00e0 ch\u1ebf t\u1ea1o.<\/div><\/li>\n<\/ul>\n<h2 class=\"py-2 my-4 text-2xl font-bold border-green-500 border-y border-opacity-10\">L\u01b0u \u00fd khi s\u1eed d\u1ee5ng<\/h2>\n<p class=\"mb-4 leading-relaxed\">\u0110\u1ec3 \u0111\u1ea3m b\u1ea3o an to\u00e0n v\u00e0 hi\u1ec7u qu\u1ea3 khi s\u1eed d\u1ee5ng m\u1eb7t n\u1ea1 h\u00e0n Jasic P500BS, ng\u01b0\u1eddi d\u00f9ng c\u1ea7n l\u01b0u \u00fd:<\/p>\n<ul class=\"mb-4 space-y-1 list-none\">\n<li class=\"flex items-center gap-3 leading-relaxed text-gray-800 \"><div class=\"flex items-center justify-center w-5 h-5 bg-red-100 rounded-full shrink-0\"><svg class=\"w-3 h-3 text-red-600\" fill=\"none\" stroke=\"currentColor\" stroke- viewBox=\"0 0 24 24\"><path stroke-linecap=\"round\" stroke-linejoin=\"round\" d=\"M5 13l4 4L19 7\" \/><\/svg><\/div><div class=\"flex-1\">Ki\u1ec3m tra t\u00ecnh tr\u1ea1ng k\u00ednh tr\u01b0\u1edbc khi s\u1eed d\u1ee5ng.<\/div><\/li>\n<li class=\"flex items-center gap-3 leading-relaxed text-gray-800 \"><div class=\"flex items-center justify-center w-5 h-5 bg-red-100 rounded-full shrink-0\"><svg class=\"w-3 h-3 text-red-600\" fill=\"none\" stroke=\"currentColor\" stroke- viewBox=\"0 0 24 24\"><path stroke-linecap=\"round\" stroke-linejoin=\"round\" d=\"M5 13l4 4L19 7\" \/><\/svg><\/div><div class=\"flex-1\">\u0110\u1ea3m b\u1ea3o m\u1eb7t n\u1ea1 v\u1eeba v\u1eb7n v\u00e0 kh\u00f4ng b\u1ecb h\u1edf.<\/div><\/li>\n<li class=\"flex items-center gap-3 leading-relaxed text-gray-800 \"><div class=\"flex items-center justify-center w-5 h-5 bg-red-100 rounded-full shrink-0\"><svg class=\"w-3 h-3 text-red-600\" fill=\"none\" stroke=\"currentColor\" stroke- viewBox=\"0 0 24 24\"><path stroke-linecap=\"round\" stroke-linejoin=\"round\" d=\"M5 13l4 4L19 7\" \/><\/svg><\/div><div class=\"flex-1\">Th\u01b0\u1eddng xuy\u00ean v\u1ec7 sinh m\u1eb7t n\u1ea1 \u0111\u1ec3 duy tr\u00ec hi\u1ec7u su\u1ea5t.<\/div><\/li>\n<\/ul>\n","protected":false},"excerpt":{"rendered":"<p class=\"mb-4 leading-relaxed\">M\u1eb7t n\u1ea1 h\u00e0n \u0111i\u1ec7n t\u1eed Jasic P500BS l\u00e0 thi\u1ebft b\u1ecb b\u1ea3o v\u1ec7 m\u1eaft hi\u1ec7u qu\u1ea3, gi\u00fap th\u1ee3 h\u00e0n l\u00e0m vi\u1ec7c an to\u00e0n v\u00e0 tho\u1ea3i m\u00e1i h\u01a1n.<\/p>\n","protected":false},"featured_media":338,"template":"","meta":{"footnotes":""},"product_cat":[687,688,696,684,686],"product_tag":[],"ztteam_product_brand":[703],"class_list":["post-337","product","type-product","status-publish","has-post-thumbnail","hentry","product_cat-dung-cu-bao-ho-han","product_cat-dung-cu-bao-ve-mat","product_cat-mat-na-han","product_cat-may-han-phu-kien","product_cat-phu-kien-han","ztteam_product_brand-jasic"],"meta_box":{"_sku":"P500BS","_regular_price":"393000","_sale_price":"","_price":"393000","_stock_status":"instock","_stock":"","_manage_stock":"no","_weight":"","_length":"","_width":"","_height":"","_product_image_gallery":[{"width":143,"height":150,"file":"2026\/03\/mat-na-han-dien-tu-jasic-p500bs-2.jpg","filesize":117787,"sizes":[],"image_meta":{"aperture":"0","credit":"","camera":"","caption":"","created_timestamp":"0","copyright":"","focal_length":"0","iso":"0","shutter_speed":"0","title":"","orientation":"1","keywords":[]},"ID":"538","name":"mat-na-han-dien-tu-jasic-p500bs-2.jpg","path":"\/home\/dev.wptheme.store\/public_html\/s\/wpshoppc\/wp-content\/uploads\/2026\/03\/mat-na-han-dien-tu-jasic-p500bs-2.jpg","url":"https:\/\/dev.wptheme.store\/s\/wpshoppc\/wp-content\/uploads\/2026\/03\/mat-na-han-dien-tu-jasic-p500bs-2.jpg","full_url":"https:\/\/dev.wptheme.store\/s\/wpshoppc\/wp-content\/uploads\/2026\/03\/mat-na-han-dien-tu-jasic-p500bs-2.jpg","title":"mat-na-han-dien-tu-jasic-p500bs-2","caption":"","description":"","alt":"M\u1eb7t n\u1ea1 h\u00e0n \u0111i\u1ec7n t\u1eed Jasic P500BS th\u01b0\u01a1ng hi\u1ec7u Jasic","srcset":false},{"width":150,"height":150,"file":"2026\/03\/mat-na-han-dien-tu-jasic-p500bs.jpg","filesize":80593,"sizes":[],"image_meta":{"aperture":"0","credit":"","camera":"","caption":"","created_timestamp":"0","copyright":"","focal_length":"0","iso":"0","shutter_speed":"0","title":"","orientation":"1","keywords":[]},"ID":"539","name":"mat-na-han-dien-tu-jasic-p500bs.jpg","path":"\/home\/dev.wptheme.store\/public_html\/s\/wpshoppc\/wp-content\/uploads\/2026\/03\/mat-na-han-dien-tu-jasic-p500bs.jpg","url":"https:\/\/dev.wptheme.store\/s\/wpshoppc\/wp-content\/uploads\/2026\/03\/mat-na-han-dien-tu-jasic-p500bs.jpg","full_url":"https:\/\/dev.wptheme.store\/s\/wpshoppc\/wp-content\/uploads\/2026\/03\/mat-na-han-dien-tu-jasic-p500bs.jpg","title":"mat-na-han-dien-tu-jasic-p500bs","caption":"","description":"","alt":"M\u1eb7t n\u1ea1 h\u00e0n \u0111i\u1ec7n t\u1eed Jasic P500BS th\u01b0\u01a1ng hi\u1ec7u Jasic","srcset":false},{"width":150,"height":150,"file":"2026\/03\/mat-na-han-dien-tu-jasic-p500bs-1660545687-1.jpg","filesize":9587,"sizes":[],"image_meta":{"aperture":"0","credit":"","camera":"","caption":"","created_timestamp":"0","copyright":"","focal_length":"0","iso":"0","shutter_speed":"0","title":"","orientation":"0","keywords":[]},"ID":"540","name":"mat-na-han-dien-tu-jasic-p500bs-1660545687-1.jpg","path":"\/home\/dev.wptheme.store\/public_html\/s\/wpshoppc\/wp-content\/uploads\/2026\/03\/mat-na-han-dien-tu-jasic-p500bs-1660545687-1.jpg","url":"https:\/\/dev.wptheme.store\/s\/wpshoppc\/wp-content\/uploads\/2026\/03\/mat-na-han-dien-tu-jasic-p500bs-1660545687-1.jpg","full_url":"https:\/\/dev.wptheme.store\/s\/wpshoppc\/wp-content\/uploads\/2026\/03\/mat-na-han-dien-tu-jasic-p500bs-1660545687-1.jpg","title":"mat-na-han-dien-tu-jasic-p500bs-1660545687-1","caption":"","description":"","alt":"M\u1eb7t n\u1ea1 h\u00e0n \u0111i\u1ec7n t\u1eed Jasic P500BS th\u01b0\u01a1ng hi\u1ec7u Jasic","srcset":false},{"width":143,"height":150,"file":"2026\/03\/mat-na-han-dien-tu-jasic-p500bs-2-1.jpg","filesize":10576,"sizes":[],"image_meta":{"aperture":"0","credit":"","camera":"","caption":"","created_timestamp":"0","copyright":"","focal_length":"0","iso":"0","shutter_speed":"0","title":"","orientation":"0","keywords":[]},"ID":"541","name":"mat-na-han-dien-tu-jasic-p500bs-2-1.jpg","path":"\/home\/dev.wptheme.store\/public_html\/s\/wpshoppc\/wp-content\/uploads\/2026\/03\/mat-na-han-dien-tu-jasic-p500bs-2-1.jpg","url":"https:\/\/dev.wptheme.store\/s\/wpshoppc\/wp-content\/uploads\/2026\/03\/mat-na-han-dien-tu-jasic-p500bs-2-1.jpg","full_url":"https:\/\/dev.wptheme.store\/s\/wpshoppc\/wp-content\/uploads\/2026\/03\/mat-na-han-dien-tu-jasic-p500bs-2-1.jpg","title":"mat-na-han-dien-tu-jasic-p500bs-2-1","caption":"","description":"","alt":"M\u1eb7t n\u1ea1 h\u00e0n \u0111i\u1ec7n t\u1eed Jasic P500BS th\u01b0\u01a1ng hi\u1ec7u Jasic","srcset":false},{"width":150,"height":150,"file":"2026\/03\/mat-na-han-dien-tu-jasic-p500bs-1.jpg","filesize":9587,"sizes":[],"image_meta":{"aperture":"0","credit":"","camera":"","caption":"","created_timestamp":"0","copyright":"","focal_length":"0","iso":"0","shutter_speed":"0","title":"","orientation":"0","keywords":[]},"ID":"542","name":"mat-na-han-dien-tu-jasic-p500bs-1.jpg","path":"\/home\/dev.wptheme.store\/public_html\/s\/wpshoppc\/wp-content\/uploads\/2026\/03\/mat-na-han-dien-tu-jasic-p500bs-1.jpg","url":"https:\/\/dev.wptheme.store\/s\/wpshoppc\/wp-content\/uploads\/2026\/03\/mat-na-han-dien-tu-jasic-p500bs-1.jpg","full_url":"https:\/\/dev.wptheme.store\/s\/wpshoppc\/wp-content\/uploads\/2026\/03\/mat-na-han-dien-tu-jasic-p500bs-1.jpg","title":"mat-na-han-dien-tu-jasic-p500bs-1","caption":"","description":"","alt":"M\u1eb7t n\u1ea1 h\u00e0n \u0111i\u1ec7n t\u1eed Jasic P500BS th\u01b0\u01a1ng hi\u1ec7u Jasic","srcset":false}],"_featured":"no","_visibility":"visible","_virtual":"no","_downloadable":"no","product_type":"simple","product_attributes":[],"color_variations":[],"size_variations":[],"storage_variations":[],"material_variations":[]},"price":"393000","demo_url":"","_links":{"self":[{"href":"https:\/\/dev.wptheme.store\/s\/wpshoppc\/wp-json\/wp\/v2\/product\/337","targetHints":{"allow":["GET"]}}],"collection":[{"href":"https:\/\/dev.wptheme.store\/s\/wpshoppc\/wp-json\/wp\/v2\/product"}],"about":[{"href":"https:\/\/dev.wptheme.store\/s\/wpshoppc\/wp-json\/wp\/v2\/types\/product"}],"version-history":[{"count":0,"href":"https:\/\/dev.wptheme.store\/s\/wpshoppc\/wp-json\/wp\/v2\/product\/337\/revisions"}],"wp:featuredmedia":[{"embeddable":true,"href":"https:\/\/dev.wptheme.store\/s\/wpshoppc\/wp-json\/wp\/v2\/media\/338"}],"wp:attachment":[{"href":"https:\/\/dev.wptheme.store\/s\/wpshoppc\/wp-json\/wp\/v2\/media?parent=337"}],"wp:term":[{"taxonomy":"product_cat","embeddable":true,"href":"https:\/\/dev.wptheme.store\/s\/wpshoppc\/wp-json\/wp\/v2\/product_cat?post=337"},{"taxonomy":"product_tag","embeddable":true,"href":"https:\/\/dev.wptheme.store\/s\/wpshoppc\/wp-json\/wp\/v2\/product_tag?post=337"},{"taxonomy":"ztteam_product_brand","embeddable":true,"href":"https:\/\/dev.wptheme.store\/s\/wpshoppc\/wp-json\/wp\/v2\/ztteam_product_brand?post=337"}],"curies":[{"name":"wp","href":"https:\/\/api.w.org\/{rel}","templated":true}]}}