{"id":341,"date":"2026-03-09T16:20:01","date_gmt":"2026-03-09T09:20:01","guid":{"rendered":"https:\/\/dev.wptheme.store\/s\/wpshoppc\/product\/may-cat-plasma-jasic-cut80-l225-%e2%85%b1-jet-20\/"},"modified":"2026-03-09T16:20:01","modified_gmt":"2026-03-09T09:20:01","slug":"may-cat-plasma-jasic-cut80-l225-%e2%85%b1-jet-20","status":"publish","type":"product","link":"https:\/\/dev.wptheme.store\/s\/wpshoppc\/product\/may-cat-plasma-jasic-cut80-l225-%e2%85%b1-jet-20\/","title":{"rendered":"M\u00e1y c\u1eaft Plasma Jasic CUT80 L225 \u2161 (JET 20)"},"content":{"rendered":"<p class=\"mb-4 leading-relaxed\">M\u00e1y c\u1eaft Plasma Jasic CUT80 L225 \u2161 (JET 20) l\u00e0 m\u1ed9t trong nh\u1eefng thi\u1ebft b\u1ecb c\u1eaft kim lo\u1ea1i h\u00e0ng \u0111\u1ea7u, \u0111\u01b0\u1ee3c thi\u1ebft k\u1ebf \u0111\u1ec3 \u0111\u00e1p \u1ee9ng nhu c\u1ea7u c\u1eaft ch\u00ednh x\u00e1c v\u00e0 hi\u1ec7u qu\u1ea3 trong c\u00e1c c\u00f4ng vi\u1ec7c c\u00f4ng nghi\u1ec7p. V\u1edbi kh\u1ea3 n\u0103ng c\u1eaft \u0111\u1ed9 d\u00e0y t\u1ed1i \u0111a l\u00ean \u0111\u1ebfn 20mm, s\u1ea3n ph\u1ea9m n\u00e0y l\u00e0 l\u1ef1a ch\u1ecdn l\u00fd t\u01b0\u1edfng cho c\u00e1c th\u1ee3 h\u00e0n v\u00e0 k\u1ef9 thu\u1eadt vi\u00ean.<\/p>\n<h2 class=\"py-2 my-4 text-2xl font-bold border-green-500 border-y border-opacity-10\">T\u00ednh n\u0103ng n\u1ed5i b\u1eadt<\/h2>\n<p class=\"mb-4 leading-relaxed\">M\u00e1y c\u1eaft Plasma Jasic CUT80 L225 \u2161 (JET 20) s\u1edf h\u1eefu nhi\u1ec1u t\u00ednh n\u0103ng v\u01b0\u1ee3t tr\u1ed9i:<\/p>\n<ul class=\"mb-4 space-y-1 list-none\">\n<li class=\"flex items-center gap-3 leading-relaxed text-gray-800 \"><div class=\"flex items-center justify-center w-5 h-5 bg-red-100 rounded-full shrink-0\"><svg class=\"w-3 h-3 text-red-600\" fill=\"none\" stroke=\"currentColor\" stroke- viewBox=\"0 0 24 24\"><path stroke-linecap=\"round\" stroke-linejoin=\"round\" d=\"M5 13l4 4L19 7\" \/><\/svg><\/div><div class=\"flex-1\">C\u00f4ng su\u1ea5t \u0111\u1ea7u v\u00e0o 15KVA, gi\u00fap c\u1eaft nhanh v\u00e0 hi\u1ec7u qu\u1ea3.<\/div><\/li>\n<li class=\"flex items-center gap-3 leading-relaxed text-gray-800 \"><div class=\"flex items-center justify-center w-5 h-5 bg-red-100 rounded-full shrink-0\"><svg class=\"w-3 h-3 text-red-600\" fill=\"none\" stroke=\"currentColor\" stroke- viewBox=\"0 0 24 24\"><path stroke-linecap=\"round\" stroke-linejoin=\"round\" d=\"M5 13l4 4L19 7\" \/><\/svg><\/div><div class=\"flex-1\">\u0110i\u1ec7n \u00e1p kh\u00f4ng t\u1ea3i 300V, \u0111\u1ea3m b\u1ea3o ho\u1ea1t \u0111\u1ed9ng \u1ed5n \u0111\u1ecbnh.<\/div><\/li>\n<li class=\"flex items-center gap-3 leading-relaxed text-gray-800 \"><div class=\"flex items-center justify-center w-5 h-5 bg-red-100 rounded-full shrink-0\"><svg class=\"w-3 h-3 text-red-600\" fill=\"none\" stroke=\"currentColor\" stroke- viewBox=\"0 0 24 24\"><path stroke-linecap=\"round\" stroke-linejoin=\"round\" d=\"M5 13l4 4L19 7\" \/><\/svg><\/div><div class=\"flex-1\">Chu k\u1ef3 t\u1ea3i 30%, ph\u00f9 h\u1ee3p cho c\u00e1c c\u00f4ng vi\u1ec7c li\u00ean t\u1ee5c.<\/div><\/li>\n<\/ul>\n<h2 class=\"py-2 my-4 text-2xl font-bold border-green-500 border-y border-opacity-10\">L\u1ee3i \u00edch khi s\u1eed d\u1ee5ng<\/h2>\n<p class=\"mb-4 leading-relaxed\">S\u1eed d\u1ee5ng m\u00e1y c\u1eaft Plasma Jasic gi\u00fap ti\u1ebft ki\u1ec7m th\u1eddi gian v\u00e0 c\u00f4ng s\u1ee9c trong qu\u00e1 tr\u00ecnh c\u1eaft kim lo\u1ea1i. Thi\u1ebft b\u1ecb n\u00e0y cho ph\u00e9p b\u1ea1n:<\/p>\n<ul class=\"mb-4 space-y-1 list-none\">\n<li class=\"flex items-center gap-3 leading-relaxed text-gray-800 \"><div class=\"flex items-center justify-center w-5 h-5 bg-red-100 rounded-full shrink-0\"><svg class=\"w-3 h-3 text-red-600\" fill=\"none\" stroke=\"currentColor\" stroke- viewBox=\"0 0 24 24\"><path stroke-linecap=\"round\" stroke-linejoin=\"round\" d=\"M5 13l4 4L19 7\" \/><\/svg><\/div><div class=\"flex-1\">C\u1eaft ch\u00ednh x\u00e1c v\u1edbi \u0111\u1ed9 d\u00e0y c\u1eaft \u0111\u1eb9p l\u00ean \u0111\u1ebfn 15mm.<\/div><\/li>\n<li class=\"flex items-center gap-3 leading-relaxed text-gray-800 \"><div class=\"flex items-center justify-center w-5 h-5 bg-red-100 rounded-full shrink-0\"><svg class=\"w-3 h-3 text-red-600\" fill=\"none\" stroke=\"currentColor\" stroke- viewBox=\"0 0 24 24\"><path stroke-linecap=\"round\" stroke-linejoin=\"round\" d=\"M5 13l4 4L19 7\" \/><\/svg><\/div><div class=\"flex-1\">Gi\u1ea3m thi\u1ec3u t\u00ecnh tr\u1ea1ng bi\u1ebfn d\u1ea1ng v\u1eadt li\u1ec7u sau khi c\u1eaft.<\/div><\/li>\n<li class=\"flex items-center gap-3 leading-relaxed text-gray-800 \"><div class=\"flex items-center justify-center w-5 h-5 bg-red-100 rounded-full shrink-0\"><svg class=\"w-3 h-3 text-red-600\" fill=\"none\" stroke=\"currentColor\" stroke- viewBox=\"0 0 24 24\"><path stroke-linecap=\"round\" stroke-linejoin=\"round\" d=\"M5 13l4 4L19 7\" \/><\/svg><\/div><div class=\"flex-1\">\u0110\u1ea3m b\u1ea3o an to\u00e0n v\u1edbi c\u1ea5p b\u1ea3o v\u1ec7 IP21S.<\/div><\/li>\n<\/ul>\n<h2 class=\"py-2 my-4 text-2xl font-bold border-green-500 border-y border-opacity-10\">\u1ee8ng d\u1ee5ng th\u1ef1c t\u1ebf<\/h2>\n<p class=\"mb-4 leading-relaxed\">M\u00e1y c\u1eaft Plasma Jasic CUT80 L225 \u2161 (JET 20) \u0111\u01b0\u1ee3c \u1ee9ng d\u1ee5ng r\u1ed9ng r\u00e3i trong:<\/p>\n<ul class=\"mb-4 space-y-1 list-none\">\n<li class=\"flex items-center gap-3 leading-relaxed text-gray-800 \"><div class=\"flex items-center justify-center w-5 h-5 bg-red-100 rounded-full shrink-0\"><svg class=\"w-3 h-3 text-red-600\" fill=\"none\" stroke=\"currentColor\" stroke- viewBox=\"0 0 24 24\"><path stroke-linecap=\"round\" stroke-linejoin=\"round\" d=\"M5 13l4 4L19 7\" \/><\/svg><\/div><div class=\"flex-1\">C\u00e1c x\u01b0\u1edfng ch\u1ebf t\u1ea1o c\u01a1 kh\u00ed.<\/div><\/li>\n<li class=\"flex items-center gap-3 leading-relaxed text-gray-800 \"><div class=\"flex items-center justify-center w-5 h-5 bg-red-100 rounded-full shrink-0\"><svg class=\"w-3 h-3 text-red-600\" fill=\"none\" stroke=\"currentColor\" stroke- viewBox=\"0 0 24 24\"><path stroke-linecap=\"round\" stroke-linejoin=\"round\" d=\"M5 13l4 4L19 7\" \/><\/svg><\/div><div class=\"flex-1\">C\u00f4ng tr\u00ecnh x\u00e2y d\u1ef1ng.<\/div><\/li>\n<li class=\"flex items-center gap-3 leading-relaxed text-gray-800 \"><div class=\"flex items-center justify-center w-5 h-5 bg-red-100 rounded-full shrink-0\"><svg class=\"w-3 h-3 text-red-600\" fill=\"none\" stroke=\"currentColor\" stroke- viewBox=\"0 0 24 24\"><path stroke-linecap=\"round\" stroke-linejoin=\"round\" d=\"M5 13l4 4L19 7\" \/><\/svg><\/div><div class=\"flex-1\">S\u1ea3n xu\u1ea5t v\u00e0 s\u1eeda ch\u1eefa \u00f4 t\u00f4.<\/div><\/li>\n<\/ul>\n<h2 class=\"py-2 my-4 text-2xl font-bold border-green-500 border-y border-opacity-10\">L\u01b0u \u00fd khi s\u1eed d\u1ee5ng<\/h2>\n<p class=\"mb-4 leading-relaxed\">Khi s\u1eed d\u1ee5ng m\u00e1y c\u1eaft Plasma, b\u1ea1n c\u1ea7n l\u01b0u \u00fd:<\/p>\n<ul class=\"mb-4 space-y-1 list-none\">\n<li class=\"flex items-center gap-3 leading-relaxed text-gray-800 \"><div class=\"flex items-center justify-center w-5 h-5 bg-red-100 rounded-full shrink-0\"><svg class=\"w-3 h-3 text-red-600\" fill=\"none\" stroke=\"currentColor\" stroke- viewBox=\"0 0 24 24\"><path stroke-linecap=\"round\" stroke-linejoin=\"round\" d=\"M5 13l4 4L19 7\" \/><\/svg><\/div><div class=\"flex-1\">\u0110\u1ea3m b\u1ea3o ngu\u1ed3n \u0111i\u1ec7n \u1ed5n \u0111\u1ecbnh v\u00e0 ph\u00f9 h\u1ee3p v\u1edbi th\u00f4ng s\u1ed1 k\u1ef9 thu\u1eadt.<\/div><\/li>\n<li class=\"flex items-center gap-3 leading-relaxed text-gray-800 \"><div class=\"flex items-center justify-center w-5 h-5 bg-red-100 rounded-full shrink-0\"><svg class=\"w-3 h-3 text-red-600\" fill=\"none\" stroke=\"currentColor\" stroke- viewBox=\"0 0 24 24\"><path stroke-linecap=\"round\" stroke-linejoin=\"round\" d=\"M5 13l4 4L19 7\" \/><\/svg><\/div><div class=\"flex-1\">Th\u1ef1c hi\u1ec7n ki\u1ec3m tra \u0111\u1ecbnh k\u1ef3 \u0111\u1ec3 \u0111\u1ea3m b\u1ea3o thi\u1ebft b\u1ecb ho\u1ea1t \u0111\u1ed9ng t\u1ed1t.<\/div><\/li>\n<li class=\"flex items-center gap-3 leading-relaxed text-gray-800 \"><div class=\"flex items-center justify-center w-5 h-5 bg-red-100 rounded-full shrink-0\"><svg class=\"w-3 h-3 text-red-600\" fill=\"none\" stroke=\"currentColor\" stroke- viewBox=\"0 0 24 24\"><path stroke-linecap=\"round\" stroke-linejoin=\"round\" d=\"M5 13l4 4L19 7\" \/><\/svg><\/div><div class=\"flex-1\">\u0110eo \u0111\u1ea7y \u0111\u1ee7 trang b\u1ecb b\u1ea3o h\u1ed9 khi v\u1eadn h\u00e0nh m\u00e1y.<\/div><\/li>\n<\/ul>\n","protected":false},"excerpt":{"rendered":"<p class=\"mb-4 leading-relaxed\">M\u00e1y c\u1eaft Plasma Jasic CUT80 L225 \u2161 (JET 20) l\u00e0 thi\u1ebft b\u1ecb c\u1eaft kim lo\u1ea1i hi\u1ec7u qu\u1ea3, ph\u00f9 h\u1ee3p cho nhi\u1ec1u \u1ee9ng d\u1ee5ng c\u00f4ng nghi\u1ec7p v\u1edbi \u0111\u1ed9 d\u00e0y c\u1eaft t\u1ed1i \u0111a l\u00ean \u0111\u1ebfn 20mm.<\/p>\n","protected":false},"featured_media":342,"template":"","meta":{"footnotes":""},"product_cat":[707,684],"product_tag":[],"ztteam_product_brand":[703],"class_list":["post-341","product","type-product","status-publish","has-post-thumbnail","hentry","product_cat-may-han-cat-plasma","product_cat-may-han-phu-kien","ztteam_product_brand-jasic"],"meta_box":{"_sku":"CUT80 L225 \u2161 (JET 20)","_regular_price":"14051000","_sale_price":"","_price":"14051000","_stock_status":"instock","_stock":"","_manage_stock":"no","_weight":"","_length":"","_width":"","_height":"","_product_image_gallery":[{"width":150,"height":150,"file":"2026\/03\/may-cat-plasma-jasic-cut80-l225-jet-20-5.jpg","filesize":124307,"sizes":[],"image_meta":{"aperture":"0","credit":"","camera":"","caption":"","created_timestamp":"0","copyright":"","focal_length":"0","iso":"0","shutter_speed":"0","title":"","orientation":"1","keywords":[]},"ID":"543","name":"may-cat-plasma-jasic-cut80-l225-jet-20-5.jpg","path":"\/home\/dev.wptheme.store\/public_html\/s\/wpshoppc\/wp-content\/uploads\/2026\/03\/may-cat-plasma-jasic-cut80-l225-jet-20-5.jpg","url":"https:\/\/dev.wptheme.store\/s\/wpshoppc\/wp-content\/uploads\/2026\/03\/may-cat-plasma-jasic-cut80-l225-jet-20-5.jpg","full_url":"https:\/\/dev.wptheme.store\/s\/wpshoppc\/wp-content\/uploads\/2026\/03\/may-cat-plasma-jasic-cut80-l225-jet-20-5.jpg","title":"may-cat-plasma-jasic-cut80-l225-jet-20-5","caption":"","description":"","alt":"M\u00e1y c\u1eaft Plasma Jasic CUT80 L225 \u2161 (JET 20) ch\u00ednh h\u00e3ng","srcset":false},{"width":150,"height":150,"file":"2026\/03\/may-cat-plasma-jasic-cut80-l225-jet-20-4.jpg","filesize":130241,"sizes":[],"image_meta":{"aperture":"0","credit":"","camera":"","caption":"","created_timestamp":"0","copyright":"","focal_length":"0","iso":"0","shutter_speed":"0","title":"","orientation":"1","keywords":[]},"ID":"544","name":"may-cat-plasma-jasic-cut80-l225-jet-20-4.jpg","path":"\/home\/dev.wptheme.store\/public_html\/s\/wpshoppc\/wp-content\/uploads\/2026\/03\/may-cat-plasma-jasic-cut80-l225-jet-20-4.jpg","url":"https:\/\/dev.wptheme.store\/s\/wpshoppc\/wp-content\/uploads\/2026\/03\/may-cat-plasma-jasic-cut80-l225-jet-20-4.jpg","full_url":"https:\/\/dev.wptheme.store\/s\/wpshoppc\/wp-content\/uploads\/2026\/03\/may-cat-plasma-jasic-cut80-l225-jet-20-4.jpg","title":"may-cat-plasma-jasic-cut80-l225-jet-20-4","caption":"","description":"","alt":"M\u00e1y c\u1eaft Plasma Jasic CUT80 L225 \u2161 (JET 20) ch\u00ednh h\u00e3ng","srcset":false},{"width":150,"height":150,"file":"2026\/03\/may-cat-plasma-jasic-cut80-l225-jet-20-3.jpg","filesize":120986,"sizes":[],"image_meta":{"aperture":"0","credit":"","camera":"","caption":"","created_timestamp":"0","copyright":"","focal_length":"0","iso":"0","shutter_speed":"0","title":"","orientation":"1","keywords":[]},"ID":"545","name":"may-cat-plasma-jasic-cut80-l225-jet-20-3.jpg","path":"\/home\/dev.wptheme.store\/public_html\/s\/wpshoppc\/wp-content\/uploads\/2026\/03\/may-cat-plasma-jasic-cut80-l225-jet-20-3.jpg","url":"https:\/\/dev.wptheme.store\/s\/wpshoppc\/wp-content\/uploads\/2026\/03\/may-cat-plasma-jasic-cut80-l225-jet-20-3.jpg","full_url":"https:\/\/dev.wptheme.store\/s\/wpshoppc\/wp-content\/uploads\/2026\/03\/may-cat-plasma-jasic-cut80-l225-jet-20-3.jpg","title":"may-cat-plasma-jasic-cut80-l225-jet-20-3","caption":"","description":"","alt":"M\u00e1y c\u1eaft Plasma Jasic CUT80 L225 \u2161 (JET 20) ch\u00ednh h\u00e3ng","srcset":false},{"width":150,"height":150,"file":"2026\/03\/may-cat-plasma-jasic-cut80-l225-jet-20-2.jpg","filesize":160304,"sizes":[],"image_meta":{"aperture":"0","credit":"","camera":"","caption":"","created_timestamp":"0","copyright":"","focal_length":"0","iso":"0","shutter_speed":"0","title":"","orientation":"1","keywords":[]},"ID":"546","name":"may-cat-plasma-jasic-cut80-l225-jet-20-2.jpg","path":"\/home\/dev.wptheme.store\/public_html\/s\/wpshoppc\/wp-content\/uploads\/2026\/03\/may-cat-plasma-jasic-cut80-l225-jet-20-2.jpg","url":"https:\/\/dev.wptheme.store\/s\/wpshoppc\/wp-content\/uploads\/2026\/03\/may-cat-plasma-jasic-cut80-l225-jet-20-2.jpg","full_url":"https:\/\/dev.wptheme.store\/s\/wpshoppc\/wp-content\/uploads\/2026\/03\/may-cat-plasma-jasic-cut80-l225-jet-20-2.jpg","title":"may-cat-plasma-jasic-cut80-l225-jet-20-2","caption":"","description":"","alt":"M\u00e1y c\u1eaft Plasma Jasic CUT80 L225 \u2161 (JET 20) ch\u00ednh h\u00e3ng","srcset":false},{"width":150,"height":150,"file":"2026\/03\/may-cat-plasma-jasic-cut80-l225-jet-20.jpg","filesize":170460,"sizes":[],"image_meta":{"aperture":"0","credit":"","camera":"","caption":"","created_timestamp":"0","copyright":"","focal_length":"0","iso":"0","shutter_speed":"0","title":"","orientation":"1","keywords":[]},"ID":"547","name":"may-cat-plasma-jasic-cut80-l225-jet-20.jpg","path":"\/home\/dev.wptheme.store\/public_html\/s\/wpshoppc\/wp-content\/uploads\/2026\/03\/may-cat-plasma-jasic-cut80-l225-jet-20.jpg","url":"https:\/\/dev.wptheme.store\/s\/wpshoppc\/wp-content\/uploads\/2026\/03\/may-cat-plasma-jasic-cut80-l225-jet-20.jpg","full_url":"https:\/\/dev.wptheme.store\/s\/wpshoppc\/wp-content\/uploads\/2026\/03\/may-cat-plasma-jasic-cut80-l225-jet-20.jpg","title":"may-cat-plasma-jasic-cut80-l225-jet-20","caption":"","description":"","alt":"M\u00e1y c\u1eaft Plasma Jasic CUT80 L225 \u2161 (JET 20) ch\u00ednh h\u00e3ng","srcset":false},{"width":150,"height":150,"file":"2026\/03\/may-cat-plasma-jasic-cut80-l225-jet-20-1690440276-1.jpg","filesize":17728,"sizes":[],"image_meta":{"aperture":"0","credit":"","camera":"","caption":"","created_timestamp":"0","copyright":"","focal_length":"0","iso":"0","shutter_speed":"0","title":"","orientation":"0","keywords":[]},"ID":"548","name":"may-cat-plasma-jasic-cut80-l225-jet-20-1690440276-1.jpg","path":"\/home\/dev.wptheme.store\/public_html\/s\/wpshoppc\/wp-content\/uploads\/2026\/03\/may-cat-plasma-jasic-cut80-l225-jet-20-1690440276-1.jpg","url":"https:\/\/dev.wptheme.store\/s\/wpshoppc\/wp-content\/uploads\/2026\/03\/may-cat-plasma-jasic-cut80-l225-jet-20-1690440276-1.jpg","full_url":"https:\/\/dev.wptheme.store\/s\/wpshoppc\/wp-content\/uploads\/2026\/03\/may-cat-plasma-jasic-cut80-l225-jet-20-1690440276-1.jpg","title":"may-cat-plasma-jasic-cut80-l225-jet-20-1690440276-1","caption":"","description":"","alt":"M\u00e1y c\u1eaft Plasma Jasic CUT80 L225 \u2161 (JET 20) ch\u00ednh h\u00e3ng","srcset":false},{"width":150,"height":150,"file":"2026\/03\/may-cat-plasma-jasic-cut80-l225-jet-20-5-1.jpg","filesize":11315,"sizes":[],"image_meta":{"aperture":"0","credit":"","camera":"","caption":"","created_timestamp":"0","copyright":"","focal_length":"0","iso":"0","shutter_speed":"0","title":"","orientation":"0","keywords":[]},"ID":"549","name":"may-cat-plasma-jasic-cut80-l225-jet-20-5-1.jpg","path":"\/home\/dev.wptheme.store\/public_html\/s\/wpshoppc\/wp-content\/uploads\/2026\/03\/may-cat-plasma-jasic-cut80-l225-jet-20-5-1.jpg","url":"https:\/\/dev.wptheme.store\/s\/wpshoppc\/wp-content\/uploads\/2026\/03\/may-cat-plasma-jasic-cut80-l225-jet-20-5-1.jpg","full_url":"https:\/\/dev.wptheme.store\/s\/wpshoppc\/wp-content\/uploads\/2026\/03\/may-cat-plasma-jasic-cut80-l225-jet-20-5-1.jpg","title":"may-cat-plasma-jasic-cut80-l225-jet-20-5-1","caption":"","description":"","alt":"M\u00e1y c\u1eaft Plasma Jasic CUT80 L225 \u2161 (JET 20) ch\u00ednh h\u00e3ng","srcset":false},{"width":150,"height":150,"file":"2026\/03\/may-cat-plasma-jasic-cut80-l225-jet-20-4-1.jpg","filesize":12602,"sizes":[],"image_meta":{"aperture":"0","credit":"","camera":"","caption":"","created_timestamp":"0","copyright":"","focal_length":"0","iso":"0","shutter_speed":"0","title":"","orientation":"0","keywords":[]},"ID":"550","name":"may-cat-plasma-jasic-cut80-l225-jet-20-4-1.jpg","path":"\/home\/dev.wptheme.store\/public_html\/s\/wpshoppc\/wp-content\/uploads\/2026\/03\/may-cat-plasma-jasic-cut80-l225-jet-20-4-1.jpg","url":"https:\/\/dev.wptheme.store\/s\/wpshoppc\/wp-content\/uploads\/2026\/03\/may-cat-plasma-jasic-cut80-l225-jet-20-4-1.jpg","full_url":"https:\/\/dev.wptheme.store\/s\/wpshoppc\/wp-content\/uploads\/2026\/03\/may-cat-plasma-jasic-cut80-l225-jet-20-4-1.jpg","title":"may-cat-plasma-jasic-cut80-l225-jet-20-4-1","caption":"","description":"","alt":"M\u00e1y c\u1eaft Plasma Jasic CUT80 L225 \u2161 (JET 20) ch\u00ednh h\u00e3ng","srcset":false},{"width":150,"height":150,"file":"2026\/03\/may-cat-plasma-jasic-cut80-l225-jet-20-3-1.jpg","filesize":12943,"sizes":[],"image_meta":{"aperture":"0","credit":"","camera":"","caption":"","created_timestamp":"0","copyright":"","focal_length":"0","iso":"0","shutter_speed":"0","title":"","orientation":"0","keywords":[]},"ID":"551","name":"may-cat-plasma-jasic-cut80-l225-jet-20-3-1.jpg","path":"\/home\/dev.wptheme.store\/public_html\/s\/wpshoppc\/wp-content\/uploads\/2026\/03\/may-cat-plasma-jasic-cut80-l225-jet-20-3-1.jpg","url":"https:\/\/dev.wptheme.store\/s\/wpshoppc\/wp-content\/uploads\/2026\/03\/may-cat-plasma-jasic-cut80-l225-jet-20-3-1.jpg","full_url":"https:\/\/dev.wptheme.store\/s\/wpshoppc\/wp-content\/uploads\/2026\/03\/may-cat-plasma-jasic-cut80-l225-jet-20-3-1.jpg","title":"may-cat-plasma-jasic-cut80-l225-jet-20-3-1","caption":"","description":"","alt":"M\u00e1y c\u1eaft Plasma Jasic CUT80 L225 \u2161 (JET 20) ch\u00ednh h\u00e3ng","srcset":false},{"width":150,"height":150,"file":"2026\/03\/may-cat-plasma-jasic-cut80-l225-jet-20-2-1.jpg","filesize":17281,"sizes":[],"image_meta":{"aperture":"0","credit":"","camera":"","caption":"","created_timestamp":"0","copyright":"","focal_length":"0","iso":"0","shutter_speed":"0","title":"","orientation":"0","keywords":[]},"ID":"552","name":"may-cat-plasma-jasic-cut80-l225-jet-20-2-1.jpg","path":"\/home\/dev.wptheme.store\/public_html\/s\/wpshoppc\/wp-content\/uploads\/2026\/03\/may-cat-plasma-jasic-cut80-l225-jet-20-2-1.jpg","url":"https:\/\/dev.wptheme.store\/s\/wpshoppc\/wp-content\/uploads\/2026\/03\/may-cat-plasma-jasic-cut80-l225-jet-20-2-1.jpg","full_url":"https:\/\/dev.wptheme.store\/s\/wpshoppc\/wp-content\/uploads\/2026\/03\/may-cat-plasma-jasic-cut80-l225-jet-20-2-1.jpg","title":"may-cat-plasma-jasic-cut80-l225-jet-20-2-1","caption":"","description":"","alt":"M\u00e1y c\u1eaft Plasma Jasic CUT80 L225 \u2161 (JET 20) ch\u00ednh h\u00e3ng","srcset":false},{"width":150,"height":150,"file":"2026\/03\/may-cat-plasma-jasic-cut80-l225-jet-20-1.jpg","filesize":17728,"sizes":[],"image_meta":{"aperture":"0","credit":"","camera":"","caption":"","created_timestamp":"0","copyright":"","focal_length":"0","iso":"0","shutter_speed":"0","title":"","orientation":"0","keywords":[]},"ID":"553","name":"may-cat-plasma-jasic-cut80-l225-jet-20-1.jpg","path":"\/home\/dev.wptheme.store\/public_html\/s\/wpshoppc\/wp-content\/uploads\/2026\/03\/may-cat-plasma-jasic-cut80-l225-jet-20-1.jpg","url":"https:\/\/dev.wptheme.store\/s\/wpshoppc\/wp-content\/uploads\/2026\/03\/may-cat-plasma-jasic-cut80-l225-jet-20-1.jpg","full_url":"https:\/\/dev.wptheme.store\/s\/wpshoppc\/wp-content\/uploads\/2026\/03\/may-cat-plasma-jasic-cut80-l225-jet-20-1.jpg","title":"may-cat-plasma-jasic-cut80-l225-jet-20-1","caption":"","description":"","alt":"M\u00e1y c\u1eaft Plasma Jasic CUT80 L225 \u2161 (JET 20) ch\u00ednh h\u00e3ng","srcset":false}],"_featured":"no","_visibility":"visible","_virtual":"no","_downloadable":"no","product_type":"simple","product_attributes":[],"color_variations":[],"size_variations":[],"storage_variations":[],"material_variations":[]},"price":"14051000","demo_url":"","_links":{"self":[{"href":"https:\/\/dev.wptheme.store\/s\/wpshoppc\/wp-json\/wp\/v2\/product\/341","targetHints":{"allow":["GET"]}}],"collection":[{"href":"https:\/\/dev.wptheme.store\/s\/wpshoppc\/wp-json\/wp\/v2\/product"}],"about":[{"href":"https:\/\/dev.wptheme.store\/s\/wpshoppc\/wp-json\/wp\/v2\/types\/product"}],"version-history":[{"count":0,"href":"https:\/\/dev.wptheme.store\/s\/wpshoppc\/wp-json\/wp\/v2\/product\/341\/revisions"}],"wp:featuredmedia":[{"embeddable":true,"href":"https:\/\/dev.wptheme.store\/s\/wpshoppc\/wp-json\/wp\/v2\/media\/342"}],"wp:attachment":[{"href":"https:\/\/dev.wptheme.store\/s\/wpshoppc\/wp-json\/wp\/v2\/media?parent=341"}],"wp:term":[{"taxonomy":"product_cat","embeddable":true,"href":"https:\/\/dev.wptheme.store\/s\/wpshoppc\/wp-json\/wp\/v2\/product_cat?post=341"},{"taxonomy":"product_tag","embeddable":true,"href":"https:\/\/dev.wptheme.store\/s\/wpshoppc\/wp-json\/wp\/v2\/product_tag?post=341"},{"taxonomy":"ztteam_product_brand","embeddable":true,"href":"https:\/\/dev.wptheme.store\/s\/wpshoppc\/wp-json\/wp\/v2\/ztteam_product_brand?post=341"}],"curies":[{"name":"wp","href":"https:\/\/api.w.org\/{rel}","templated":true}]}}