{"id":367,"date":"2026-03-09T16:25:11","date_gmt":"2026-03-09T09:25:11","guid":{"rendered":"https:\/\/dev.wptheme.store\/s\/wpshoppc\/product\/non-han-tig-lanh-jasic-lh1000\/"},"modified":"2026-03-09T16:25:11","modified_gmt":"2026-03-09T09:25:11","slug":"non-han-tig-lanh-jasic-lh1000","status":"publish","type":"product","link":"https:\/\/dev.wptheme.store\/s\/wpshoppc\/product\/non-han-tig-lanh-jasic-lh1000\/","title":{"rendered":"N\u00f3n H\u00e0n Tig L\u1ea1nh Jasic LH1000"},"content":{"rendered":"<p class=\"mb-4 leading-relaxed\">N\u00f3n H\u00e0n Tig L\u1ea1nh Jasic LH1000 l\u00e0 m\u1ed9t trong nh\u1eefng thi\u1ebft b\u1ecb b\u1ea3o h\u1ed9 kh\u00f4ng th\u1ec3 thi\u1ebfu cho nh\u1eefng ng\u01b0\u1eddi l\u00e0m vi\u1ec7c trong l\u0129nh v\u1ef1c h\u00e0n. S\u1ea3n ph\u1ea9m \u0111\u01b0\u1ee3c thi\u1ebft k\u1ebf \u0111\u1eb7c bi\u1ec7t \u0111\u1ec3 b\u1ea3o v\u1ec7 m\u1eaft v\u00e0 khu\u00f4n m\u1eb7t kh\u1ecfi c\u00e1c tia l\u1eeda, b\u1ee5i b\u1ea9n v\u00e0 \u00e1nh s\u00e1ng m\u1ea1nh trong qu\u00e1 tr\u00ecnh h\u00e0n, \u0111\u1ea3m b\u1ea3o an to\u00e0n t\u1ed1i \u0111a cho ng\u01b0\u1eddi s\u1eed d\u1ee5ng.<\/p>\n<h2 class=\"py-2 my-4 text-2xl font-bold border-green-500 border-y border-opacity-10\">T\u00ednh n\u0103ng n\u1ed5i b\u1eadt<\/h2>\n<p class=\"mb-4 leading-relaxed\">N\u00f3n H\u00e0n Tig L\u1ea1nh Jasic LH1000 s\u1edf h\u1eefu nhi\u1ec1u t\u00ednh n\u0103ng \u01b0u vi\u1ec7t, bao g\u1ed3m:<\/p>\n<ul class=\"mb-4 space-y-1 list-none\">\n<li class=\"flex items-center gap-3 leading-relaxed text-gray-800 \"><div class=\"flex items-center justify-center w-5 h-5 bg-red-100 rounded-full shrink-0\"><svg class=\"w-3 h-3 text-red-600\" fill=\"none\" stroke=\"currentColor\" stroke- viewBox=\"0 0 24 24\"><path stroke-linecap=\"round\" stroke-linejoin=\"round\" d=\"M5 13l4 4L19 7\" \/><\/svg><\/div><div class=\"flex-1\">Ch\u1ea5t li\u1ec7u b\u1ec1n b\u1ec9, ch\u1ecbu nhi\u1ec7t t\u1ed1t.<\/div><\/li>\n<li class=\"flex items-center gap-3 leading-relaxed text-gray-800 \"><div class=\"flex items-center justify-center w-5 h-5 bg-red-100 rounded-full shrink-0\"><svg class=\"w-3 h-3 text-red-600\" fill=\"none\" stroke=\"currentColor\" stroke- viewBox=\"0 0 24 24\"><path stroke-linecap=\"round\" stroke-linejoin=\"round\" d=\"M5 13l4 4L19 7\" \/><\/svg><\/div><div class=\"flex-1\">Thi\u1ebft k\u1ebf nh\u1eb9 nh\u00e0ng, tho\u1ea3i m\u00e1i khi \u0111eo.<\/div><\/li>\n<li class=\"flex items-center gap-3 leading-relaxed text-gray-800 \"><div class=\"flex items-center justify-center w-5 h-5 bg-red-100 rounded-full shrink-0\"><svg class=\"w-3 h-3 text-red-600\" fill=\"none\" stroke=\"currentColor\" stroke- viewBox=\"0 0 24 24\"><path stroke-linecap=\"round\" stroke-linejoin=\"round\" d=\"M5 13l4 4L19 7\" \/><\/svg><\/div><div class=\"flex-1\">Kh\u1ea3 n\u0103ng \u0111i\u1ec1u ch\u1ec9nh k\u00edch th\u01b0\u1edbc linh ho\u1ea1t.<\/div><\/li>\n<\/ul>\n<h2 class=\"py-2 my-4 text-2xl font-bold border-green-500 border-y border-opacity-10\">L\u1ee3i \u00edch khi s\u1eed d\u1ee5ng<\/h2>\n<p class=\"mb-4 leading-relaxed\">S\u1eed d\u1ee5ng N\u00f3n H\u00e0n Tig L\u1ea1nh Jasic LH1000 gi\u00fap ng\u01b0\u1eddi th\u1ee3 h\u00e0n b\u1ea3o v\u1ec7 s\u1ee9c kh\u1ecfe m\u1eaft v\u00e0 khu\u00f4n m\u1eb7t, gi\u1ea3m thi\u1ec3u nguy c\u01a1 b\u1ecb th\u01b0\u01a1ng t\u00edch trong qu\u00e1 tr\u00ecnh l\u00e0m vi\u1ec7c. Ngo\u00e0i ra, s\u1ea3n ph\u1ea9m c\u00f2n gi\u00fap n\u00e2ng cao hi\u1ec7u qu\u1ea3 c\u00f4ng vi\u1ec7c nh\u1edd v\u00e0o s\u1ef1 tho\u1ea3i m\u00e1i v\u00e0 d\u1ec5 d\u00e0ng trong vi\u1ec7c \u0111i\u1ec1u ch\u1ec9nh.<\/p>\n<h2 class=\"py-2 my-4 text-2xl font-bold border-green-500 border-y border-opacity-10\">\u1ee8ng d\u1ee5ng th\u1ef1c t\u1ebf<\/h2>\n<p class=\"mb-4 leading-relaxed\">N\u00f3n H\u00e0n Tig L\u1ea1nh Jasic LH1000 r\u1ea5t ph\u00f9 h\u1ee3p cho c\u00e1c c\u00f4ng vi\u1ec7c h\u00e0n trong ng\u00e0nh c\u00f4ng nghi\u1ec7p ch\u1ebf t\u1ea1o, x\u00e2y d\u1ef1ng v\u00e0 s\u1eeda ch\u1eefa. S\u1ea3n ph\u1ea9m c\u00f3 th\u1ec3 s\u1eed d\u1ee5ng v\u1edbi nhi\u1ec1u lo\u1ea1i m\u00e1y h\u00e0n Jasic, bao g\u1ed3m m\u00e1y h\u00e0n Tig ngu\u1ed9i Jasic TIG 250S W228 v\u00e0 m\u00e1y h\u00e0n Tig Jasic 300 W229.<\/p>\n<h2 class=\"py-2 my-4 text-2xl font-bold border-green-500 border-y border-opacity-10\">L\u01b0u \u00fd khi s\u1eed d\u1ee5ng<\/h2>\n<p class=\"mb-4 leading-relaxed\">Khi s\u1eed d\u1ee5ng N\u00f3n H\u00e0n Tig L\u1ea1nh Jasic LH1000, ng\u01b0\u1eddi d\u00f9ng c\u1ea7n l\u01b0u \u00fd:<\/p>\n<ul class=\"mb-4 space-y-1 list-none\">\n<li class=\"flex items-center gap-3 leading-relaxed text-gray-800 \"><div class=\"flex items-center justify-center w-5 h-5 bg-red-100 rounded-full shrink-0\"><svg class=\"w-3 h-3 text-red-600\" fill=\"none\" stroke=\"currentColor\" stroke- viewBox=\"0 0 24 24\"><path stroke-linecap=\"round\" stroke-linejoin=\"round\" d=\"M5 13l4 4L19 7\" \/><\/svg><\/div><div class=\"flex-1\">Ki\u1ec3m tra t\u00ecnh tr\u1ea1ng n\u00f3n tr\u01b0\u1edbc khi s\u1eed d\u1ee5ng.<\/div><\/li>\n<li class=\"flex items-center gap-3 leading-relaxed text-gray-800 \"><div class=\"flex items-center justify-center w-5 h-5 bg-red-100 rounded-full shrink-0\"><svg class=\"w-3 h-3 text-red-600\" fill=\"none\" stroke=\"currentColor\" stroke- viewBox=\"0 0 24 24\"><path stroke-linecap=\"round\" stroke-linejoin=\"round\" d=\"M5 13l4 4L19 7\" \/><\/svg><\/div><div class=\"flex-1\">\u0110\u1ea3m b\u1ea3o n\u00f3n v\u1eeba v\u1eb7n v\u00e0 tho\u1ea3i m\u00e1i khi \u0111eo.<\/div><\/li>\n<li class=\"flex items-center gap-3 leading-relaxed text-gray-800 \"><div class=\"flex items-center justify-center w-5 h-5 bg-red-100 rounded-full shrink-0\"><svg class=\"w-3 h-3 text-red-600\" fill=\"none\" stroke=\"currentColor\" stroke- viewBox=\"0 0 24 24\"><path stroke-linecap=\"round\" stroke-linejoin=\"round\" d=\"M5 13l4 4L19 7\" \/><\/svg><\/div><div class=\"flex-1\">V\u1ec7 sinh n\u00f3n th\u01b0\u1eddng xuy\u00ean \u0111\u1ec3 duy tr\u00ec \u0111\u1ed9 b\u1ec1n.<\/div><\/li>\n<\/ul>\n","protected":false},"excerpt":{"rendered":"<p class=\"mb-4 leading-relaxed\">N\u00f3n H\u00e0n Tig L\u1ea1nh Jasic LH1000 l\u00e0 d\u1ee5ng c\u1ee5 b\u1ea3o h\u1ed9 h\u00e0n ch\u1ea5t l\u01b0\u1ee3ng cao, gi\u00fap b\u1ea3o v\u1ec7 m\u1eaft v\u00e0 khu\u00f4n m\u1eb7t trong qu\u00e1 tr\u00ecnh h\u00e0n. S\u1ea3n ph\u1ea9m ph\u00f9 h\u1ee3p v\u1edbi nhi\u1ec1u lo\u1ea1i m\u00e1y h\u00e0n Jasic.<\/p>\n","protected":false},"featured_media":368,"template":"","meta":{"footnotes":""},"product_cat":[687,688,696,684,686],"product_tag":[],"ztteam_product_brand":[703],"class_list":["post-367","product","type-product","status-publish","has-post-thumbnail","hentry","product_cat-dung-cu-bao-ho-han","product_cat-dung-cu-bao-ve-mat","product_cat-mat-na-han","product_cat-may-han-phu-kien","product_cat-phu-kien-han","ztteam_product_brand-jasic"],"meta_box":{"_sku":"LH1000","_regular_price":"893000","_sale_price":"","_price":"893000","_stock_status":"instock","_stock":"","_manage_stock":"no","_weight":"","_length":"","_width":"","_height":"","_product_image_gallery":[],"_featured":"no","_visibility":"visible","_virtual":"no","_downloadable":"no","product_type":"simple","product_attributes":[],"color_variations":[],"size_variations":[],"storage_variations":[],"material_variations":[]},"price":"893000","demo_url":"","_links":{"self":[{"href":"https:\/\/dev.wptheme.store\/s\/wpshoppc\/wp-json\/wp\/v2\/product\/367","targetHints":{"allow":["GET"]}}],"collection":[{"href":"https:\/\/dev.wptheme.store\/s\/wpshoppc\/wp-json\/wp\/v2\/product"}],"about":[{"href":"https:\/\/dev.wptheme.store\/s\/wpshoppc\/wp-json\/wp\/v2\/types\/product"}],"version-history":[{"count":0,"href":"https:\/\/dev.wptheme.store\/s\/wpshoppc\/wp-json\/wp\/v2\/product\/367\/revisions"}],"wp:featuredmedia":[{"embeddable":true,"href":"https:\/\/dev.wptheme.store\/s\/wpshoppc\/wp-json\/wp\/v2\/media\/368"}],"wp:attachment":[{"href":"https:\/\/dev.wptheme.store\/s\/wpshoppc\/wp-json\/wp\/v2\/media?parent=367"}],"wp:term":[{"taxonomy":"product_cat","embeddable":true,"href":"https:\/\/dev.wptheme.store\/s\/wpshoppc\/wp-json\/wp\/v2\/product_cat?post=367"},{"taxonomy":"product_tag","embeddable":true,"href":"https:\/\/dev.wptheme.store\/s\/wpshoppc\/wp-json\/wp\/v2\/product_tag?post=367"},{"taxonomy":"ztteam_product_brand","embeddable":true,"href":"https:\/\/dev.wptheme.store\/s\/wpshoppc\/wp-json\/wp\/v2\/ztteam_product_brand?post=367"}],"curies":[{"name":"wp","href":"https:\/\/api.w.org\/{rel}","templated":true}]}}