{"id":369,"date":"2026-03-09T16:25:12","date_gmt":"2026-03-09T09:25:12","guid":{"rendered":"https:\/\/dev.wptheme.store\/s\/wpshoppc\/product\/mat-na-han-tu-dong-jasic-js-e723a\/"},"modified":"2026-03-09T16:25:12","modified_gmt":"2026-03-09T09:25:12","slug":"mat-na-han-tu-dong-jasic-js-e723a","status":"publish","type":"product","link":"https:\/\/dev.wptheme.store\/s\/wpshoppc\/product\/mat-na-han-tu-dong-jasic-js-e723a\/","title":{"rendered":"M\u1eb7t n\u1ea1 h\u00e0n t\u1ef1 \u0111\u1ed9ng Jasic JS-E723A"},"content":{"rendered":"<p class=\"mb-4 leading-relaxed\">M\u1eb7t n\u1ea1 h\u00e0n t\u1ef1 \u0111\u1ed9ng Jasic JS-E723A l\u00e0 m\u1ed9t s\u1ea3n ph\u1ea9m b\u1ea3o h\u1ed9 h\u00e0n ch\u1ea5t l\u01b0\u1ee3ng cao, \u0111\u01b0\u1ee3c thi\u1ebft k\u1ebf \u0111\u1ec3 b\u1ea3o v\u1ec7 m\u1eaft v\u00e0 khu\u00f4n m\u1eb7t c\u1ee7a ng\u01b0\u1eddi s\u1eed d\u1ee5ng kh\u1ecfi c\u00e1c tia l\u1eeda, b\u1ee5i b\u1ea9n v\u00e0 \u00e1nh s\u00e1ng m\u1ea1nh trong qu\u00e1 tr\u00ecnh h\u00e0n. V\u1edbi c\u00f4ng ngh\u1ec7 ti\u00ean ti\u1ebfn, s\u1ea3n ph\u1ea9m n\u00e0y gi\u00fap ng\u01b0\u1eddi th\u1ee3 h\u00e0n l\u00e0m vi\u1ec7c an to\u00e0n v\u00e0 hi\u1ec7u qu\u1ea3 h\u01a1n.<\/p>\n<h2 class=\"py-2 my-4 text-2xl font-bold border-green-500 border-y border-opacity-10\">T\u00ednh n\u0103ng n\u1ed5i b\u1eadt<\/h2>\n<ul class=\"mb-4 space-y-1 list-none\">\n<li class=\"flex items-center gap-3 leading-relaxed text-gray-800 \"><div class=\"flex items-center justify-center w-5 h-5 bg-red-100 rounded-full shrink-0\"><svg class=\"w-3 h-3 text-red-600\" fill=\"none\" stroke=\"currentColor\" stroke- viewBox=\"0 0 24 24\"><path stroke-linecap=\"round\" stroke-linejoin=\"round\" d=\"M5 13l4 4L19 7\" \/><\/svg><\/div><div class=\"flex-1\">C\u00f4ng ngh\u1ec7 t\u1ef1 \u0111\u1ed9ng \u0111i\u1ec1u ch\u1ec9nh \u0111\u1ed9 s\u00e1ng t\u1ed1i, gi\u00fap b\u1ea3o v\u1ec7 m\u1eaft t\u1ed1t h\u01a1n.<\/div><\/li>\n<li class=\"flex items-center gap-3 leading-relaxed text-gray-800 \"><div class=\"flex items-center justify-center w-5 h-5 bg-red-100 rounded-full shrink-0\"><svg class=\"w-3 h-3 text-red-600\" fill=\"none\" stroke=\"currentColor\" stroke- viewBox=\"0 0 24 24\"><path stroke-linecap=\"round\" stroke-linejoin=\"round\" d=\"M5 13l4 4L19 7\" \/><\/svg><\/div><div class=\"flex-1\">Ch\u1ea5t li\u1ec7u nh\u1ef1a cao c\u1ea5p, b\u1ec1n b\u1ec9 v\u00e0 nh\u1eb9 nh\u00e0ng.<\/div><\/li>\n<li class=\"flex items-center gap-3 leading-relaxed text-gray-800 \"><div class=\"flex items-center justify-center w-5 h-5 bg-red-100 rounded-full shrink-0\"><svg class=\"w-3 h-3 text-red-600\" fill=\"none\" stroke=\"currentColor\" stroke- viewBox=\"0 0 24 24\"><path stroke-linecap=\"round\" stroke-linejoin=\"round\" d=\"M5 13l4 4L19 7\" \/><\/svg><\/div><div class=\"flex-1\">Th\u1eddi gian chuy\u1ec3n \u0111\u1ed5i \u00e1nh s\u00e1ng nhanh ch\u00f3ng, ch\u1ec9 <1\/25,000 gi\u00e2y.<\/div><\/li>\n<\/ul>\n<h2 class=\"py-2 my-4 text-2xl font-bold border-green-500 border-y border-opacity-10\">L\u1ee3i \u00edch khi s\u1eed d\u1ee5ng<\/h2>\n<p class=\"mb-4 leading-relaxed\">M\u1eb7t n\u1ea1 h\u00e0n Jasic JS-E723A kh\u00f4ng ch\u1ec9 b\u1ea3o v\u1ec7 m\u1eaft m\u00e0 c\u00f2n mang l\u1ea1i s\u1ef1 tho\u1ea3i m\u00e1i cho ng\u01b0\u1eddi s\u1eed d\u1ee5ng. V\u1edbi kh\u1ea3 n\u0103ng \u0111i\u1ec1u ch\u1ec9nh \u0111\u1ed9 nh\u1ea1y v\u00e0 \u0111\u1ed9 tr\u1ec5, ng\u01b0\u1eddi d\u00f9ng c\u00f3 th\u1ec3 t\u00f9y ch\u1ec9nh theo nhu c\u1ea7u c\u00e1 nh\u00e2n, gi\u00fap t\u0103ng hi\u1ec7u su\u1ea5t l\u00e0m vi\u1ec7c.<\/p>\n<h2 class=\"py-2 my-4 text-2xl font-bold border-green-500 border-y border-opacity-10\">\u1ee8ng d\u1ee5ng th\u1ef1c t\u1ebf<\/h2>\n<p class=\"mb-4 leading-relaxed\">S\u1ea3n ph\u1ea9m n\u00e0y r\u1ea5t ph\u00f9 h\u1ee3p cho c\u00e1c th\u1ee3 h\u00e0n chuy\u00ean nghi\u1ec7p c\u0169ng nh\u01b0 nh\u1eefng ng\u01b0\u1eddi l\u00e0m vi\u1ec7c t\u1ea1i c\u00e1c x\u01b0\u1edfng s\u1ea3n xu\u1ea5t, ch\u1ebf t\u1ea1o, ho\u1eb7c trong c\u00e1c c\u00f4ng tr\u00ecnh x\u00e2y d\u1ef1ng. M\u1eb7t n\u1ea1 h\u00e0n Jasic JS-E723A l\u00e0 l\u1ef1a ch\u1ecdn l\u00fd t\u01b0\u1edfng cho nh\u1eefng ai c\u1ea7n s\u1ef1 b\u1ea3o v\u1ec7 t\u1ed1i \u01b0u trong qu\u00e1 tr\u00ecnh h\u00e0n.<\/p>\n<h2 class=\"py-2 my-4 text-2xl font-bold border-green-500 border-y border-opacity-10\">L\u01b0u \u00fd khi s\u1eed d\u1ee5ng<\/h2>\n<p class=\"mb-4 leading-relaxed\">Khi s\u1eed d\u1ee5ng m\u1eb7t n\u1ea1 h\u00e0n Jasic JS-E723A, ng\u01b0\u1eddi d\u00f9ng c\u1ea7n l\u01b0u \u00fd:<\/p>\n<ul class=\"mb-4 space-y-1 list-none\">\n<li class=\"flex items-center gap-3 leading-relaxed text-gray-800 \"><div class=\"flex items-center justify-center w-5 h-5 bg-red-100 rounded-full shrink-0\"><svg class=\"w-3 h-3 text-red-600\" fill=\"none\" stroke=\"currentColor\" stroke- viewBox=\"0 0 24 24\"><path stroke-linecap=\"round\" stroke-linejoin=\"round\" d=\"M5 13l4 4L19 7\" \/><\/svg><\/div><div class=\"flex-1\">Ki\u1ec3m tra t\u00ecnh tr\u1ea1ng c\u1ee7a m\u1eb7t n\u1ea1 tr\u01b0\u1edbc khi s\u1eed d\u1ee5ng.<\/div><\/li>\n<li class=\"flex items-center gap-3 leading-relaxed text-gray-800 \"><div class=\"flex items-center justify-center w-5 h-5 bg-red-100 rounded-full shrink-0\"><svg class=\"w-3 h-3 text-red-600\" fill=\"none\" stroke=\"currentColor\" stroke- viewBox=\"0 0 24 24\"><path stroke-linecap=\"round\" stroke-linejoin=\"round\" d=\"M5 13l4 4L19 7\" \/><\/svg><\/div><div class=\"flex-1\">Kh\u00f4ng \u0111\u1ec3 m\u1eb7t n\u1ea1 ti\u1ebfp x\u00fac v\u1edbi c\u00e1c ch\u1ea5t h\u00f3a h\u1ecdc m\u1ea1nh.<\/div><\/li>\n<li class=\"flex items-center gap-3 leading-relaxed text-gray-800 \"><div class=\"flex items-center justify-center w-5 h-5 bg-red-100 rounded-full shrink-0\"><svg class=\"w-3 h-3 text-red-600\" fill=\"none\" stroke=\"currentColor\" stroke- viewBox=\"0 0 24 24\"><path stroke-linecap=\"round\" stroke-linejoin=\"round\" d=\"M5 13l4 4L19 7\" \/><\/svg><\/div><div class=\"flex-1\">Th\u01b0\u1eddng xuy\u00ean v\u1ec7 sinh m\u1eb7t n\u1ea1 \u0111\u1ec3 \u0111\u1ea3m b\u1ea3o t\u1ea7m nh\u00ecn r\u00f5 r\u00e0ng.<\/div><\/li>\n<\/ul>\n","protected":false},"excerpt":{"rendered":"<p class=\"mb-4 leading-relaxed\">M\u1eb7t n\u1ea1 h\u00e0n t\u1ef1 \u0111\u1ed9ng Jasic JS-E723A mang \u0111\u1ebfn s\u1ef1 b\u1ea3o v\u1ec7 t\u1ed1i \u01b0u cho m\u1eaft trong qu\u00e1 tr\u00ecnh h\u00e0n, v\u1edbi c\u00f4ng ngh\u1ec7 ti\u00ean ti\u1ebfn v\u00e0 thi\u1ebft k\u1ebf ti\u1ec7n d\u1ee5ng.<\/p>\n","protected":false},"featured_media":370,"template":"","meta":{"footnotes":""},"product_cat":[687,688,696,684,686],"product_tag":[],"ztteam_product_brand":[703],"class_list":["post-369","product","type-product","status-publish","has-post-thumbnail","hentry","product_cat-dung-cu-bao-ho-han","product_cat-dung-cu-bao-ve-mat","product_cat-mat-na-han","product_cat-may-han-phu-kien","product_cat-phu-kien-han","ztteam_product_brand-jasic"],"meta_box":{"_sku":"JS-E723A","_regular_price":"663000","_sale_price":"","_price":"663000","_stock_status":"instock","_stock":"","_manage_stock":"no","_weight":"","_length":"","_width":"","_height":"","_product_image_gallery":[{"width":150,"height":150,"file":"2026\/03\/mat-na-hang-tu-dong-jasic-js723a-3.jpg","filesize":118047,"sizes":[],"image_meta":{"aperture":"0","credit":"","camera":"","caption":"","created_timestamp":"0","copyright":"","focal_length":"0","iso":"0","shutter_speed":"0","title":"","orientation":"1","keywords":[]},"ID":"371","name":"mat-na-hang-tu-dong-jasic-js723a-3.jpg","path":"\/home\/dev.wptheme.store\/public_html\/s\/wpshoppc\/wp-content\/uploads\/2026\/03\/mat-na-hang-tu-dong-jasic-js723a-3.jpg","url":"https:\/\/dev.wptheme.store\/s\/wpshoppc\/wp-content\/uploads\/2026\/03\/mat-na-hang-tu-dong-jasic-js723a-3.jpg","full_url":"https:\/\/dev.wptheme.store\/s\/wpshoppc\/wp-content\/uploads\/2026\/03\/mat-na-hang-tu-dong-jasic-js723a-3.jpg","title":"mat-na-hang-tu-dong-jasic-js723a-3","caption":"","description":"","alt":"M\u1eb7t n\u1ea1 h\u00e0n t\u1ef1 \u0111\u1ed9ng Jasic JS-E723A ch\u00ednh h\u00e3ng","srcset":false},{"width":150,"height":150,"file":"2026\/03\/mat-na-hang-tu-dong-jasic-js723a-2.jpg","filesize":131099,"sizes":[],"image_meta":{"aperture":"0","credit":"","camera":"","caption":"","created_timestamp":"0","copyright":"","focal_length":"0","iso":"0","shutter_speed":"0","title":"","orientation":"1","keywords":[]},"ID":"372","name":"mat-na-hang-tu-dong-jasic-js723a-2.jpg","path":"\/home\/dev.wptheme.store\/public_html\/s\/wpshoppc\/wp-content\/uploads\/2026\/03\/mat-na-hang-tu-dong-jasic-js723a-2.jpg","url":"https:\/\/dev.wptheme.store\/s\/wpshoppc\/wp-content\/uploads\/2026\/03\/mat-na-hang-tu-dong-jasic-js723a-2.jpg","full_url":"https:\/\/dev.wptheme.store\/s\/wpshoppc\/wp-content\/uploads\/2026\/03\/mat-na-hang-tu-dong-jasic-js723a-2.jpg","title":"mat-na-hang-tu-dong-jasic-js723a-2","caption":"","description":"","alt":"M\u1eb7t n\u1ea1 h\u00e0n t\u1ef1 \u0111\u1ed9ng Jasic JS-E723A ch\u00ednh h\u00e3ng","srcset":false},{"width":150,"height":150,"file":"2026\/03\/mat-na-hang-tu-dong-jasic-js723a.jpg","filesize":163869,"sizes":[],"image_meta":{"aperture":"0","credit":"","camera":"","caption":"","created_timestamp":"0","copyright":"","focal_length":"0","iso":"0","shutter_speed":"0","title":"","orientation":"1","keywords":[]},"ID":"373","name":"mat-na-hang-tu-dong-jasic-js723a.jpg","path":"\/home\/dev.wptheme.store\/public_html\/s\/wpshoppc\/wp-content\/uploads\/2026\/03\/mat-na-hang-tu-dong-jasic-js723a.jpg","url":"https:\/\/dev.wptheme.store\/s\/wpshoppc\/wp-content\/uploads\/2026\/03\/mat-na-hang-tu-dong-jasic-js723a.jpg","full_url":"https:\/\/dev.wptheme.store\/s\/wpshoppc\/wp-content\/uploads\/2026\/03\/mat-na-hang-tu-dong-jasic-js723a.jpg","title":"mat-na-hang-tu-dong-jasic-js723a","caption":"","description":"","alt":"M\u1eb7t n\u1ea1 h\u00e0n t\u1ef1 \u0111\u1ed9ng Jasic JS-E723A ch\u00ednh h\u00e3ng","srcset":false},{"width":150,"height":150,"file":"2026\/03\/mat-na-hang-tu-dong-jasic-js723a-1660545003-1.jpg","filesize":14009,"sizes":[],"image_meta":{"aperture":"0","credit":"","camera":"","caption":"","created_timestamp":"0","copyright":"","focal_length":"0","iso":"0","shutter_speed":"0","title":"","orientation":"0","keywords":[]},"ID":"374","name":"mat-na-hang-tu-dong-jasic-js723a-1660545003-1.jpg","path":"\/home\/dev.wptheme.store\/public_html\/s\/wpshoppc\/wp-content\/uploads\/2026\/03\/mat-na-hang-tu-dong-jasic-js723a-1660545003-1.jpg","url":"https:\/\/dev.wptheme.store\/s\/wpshoppc\/wp-content\/uploads\/2026\/03\/mat-na-hang-tu-dong-jasic-js723a-1660545003-1.jpg","full_url":"https:\/\/dev.wptheme.store\/s\/wpshoppc\/wp-content\/uploads\/2026\/03\/mat-na-hang-tu-dong-jasic-js723a-1660545003-1.jpg","title":"mat-na-hang-tu-dong-jasic-js723a-1660545003-1","caption":"","description":"","alt":"M\u1eb7t n\u1ea1 h\u00e0n t\u1ef1 \u0111\u1ed9ng Jasic JS-E723A ch\u00ednh h\u00e3ng","srcset":false},{"width":150,"height":150,"file":"2026\/03\/mat-na-hang-tu-dong-jasic-js723a-3-1.jpg","filesize":11162,"sizes":[],"image_meta":{"aperture":"0","credit":"","camera":"","caption":"","created_timestamp":"0","copyright":"","focal_length":"0","iso":"0","shutter_speed":"0","title":"","orientation":"0","keywords":[]},"ID":"375","name":"mat-na-hang-tu-dong-jasic-js723a-3-1.jpg","path":"\/home\/dev.wptheme.store\/public_html\/s\/wpshoppc\/wp-content\/uploads\/2026\/03\/mat-na-hang-tu-dong-jasic-js723a-3-1.jpg","url":"https:\/\/dev.wptheme.store\/s\/wpshoppc\/wp-content\/uploads\/2026\/03\/mat-na-hang-tu-dong-jasic-js723a-3-1.jpg","full_url":"https:\/\/dev.wptheme.store\/s\/wpshoppc\/wp-content\/uploads\/2026\/03\/mat-na-hang-tu-dong-jasic-js723a-3-1.jpg","title":"mat-na-hang-tu-dong-jasic-js723a-3-1","caption":"","description":"","alt":"M\u1eb7t n\u1ea1 h\u00e0n t\u1ef1 \u0111\u1ed9ng Jasic JS-E723A ch\u00ednh h\u00e3ng","srcset":false},{"width":150,"height":150,"file":"2026\/03\/mat-na-hang-tu-dong-jasic-js723a-2-1.jpg","filesize":11036,"sizes":[],"image_meta":{"aperture":"0","credit":"","camera":"","caption":"","created_timestamp":"0","copyright":"","focal_length":"0","iso":"0","shutter_speed":"0","title":"","orientation":"0","keywords":[]},"ID":"376","name":"mat-na-hang-tu-dong-jasic-js723a-2-1.jpg","path":"\/home\/dev.wptheme.store\/public_html\/s\/wpshoppc\/wp-content\/uploads\/2026\/03\/mat-na-hang-tu-dong-jasic-js723a-2-1.jpg","url":"https:\/\/dev.wptheme.store\/s\/wpshoppc\/wp-content\/uploads\/2026\/03\/mat-na-hang-tu-dong-jasic-js723a-2-1.jpg","full_url":"https:\/\/dev.wptheme.store\/s\/wpshoppc\/wp-content\/uploads\/2026\/03\/mat-na-hang-tu-dong-jasic-js723a-2-1.jpg","title":"mat-na-hang-tu-dong-jasic-js723a-2-1","caption":"","description":"","alt":"M\u1eb7t n\u1ea1 h\u00e0n t\u1ef1 \u0111\u1ed9ng Jasic JS-E723A ch\u00ednh h\u00e3ng","srcset":false},{"width":150,"height":150,"file":"2026\/03\/mat-na-hang-tu-dong-jasic-js723a-1.jpg","filesize":14009,"sizes":[],"image_meta":{"aperture":"0","credit":"","camera":"","caption":"","created_timestamp":"0","copyright":"","focal_length":"0","iso":"0","shutter_speed":"0","title":"","orientation":"0","keywords":[]},"ID":"377","name":"mat-na-hang-tu-dong-jasic-js723a-1.jpg","path":"\/home\/dev.wptheme.store\/public_html\/s\/wpshoppc\/wp-content\/uploads\/2026\/03\/mat-na-hang-tu-dong-jasic-js723a-1.jpg","url":"https:\/\/dev.wptheme.store\/s\/wpshoppc\/wp-content\/uploads\/2026\/03\/mat-na-hang-tu-dong-jasic-js723a-1.jpg","full_url":"https:\/\/dev.wptheme.store\/s\/wpshoppc\/wp-content\/uploads\/2026\/03\/mat-na-hang-tu-dong-jasic-js723a-1.jpg","title":"mat-na-hang-tu-dong-jasic-js723a-1","caption":"","description":"","alt":"M\u1eb7t n\u1ea1 h\u00e0n t\u1ef1 \u0111\u1ed9ng Jasic JS-E723A ch\u00ednh h\u00e3ng","srcset":false}],"_featured":"no","_visibility":"visible","_virtual":"no","_downloadable":"no","product_type":"simple","product_attributes":[],"color_variations":[],"size_variations":[],"storage_variations":[],"material_variations":[]},"price":"663000","demo_url":"","_links":{"self":[{"href":"https:\/\/dev.wptheme.store\/s\/wpshoppc\/wp-json\/wp\/v2\/product\/369","targetHints":{"allow":["GET"]}}],"collection":[{"href":"https:\/\/dev.wptheme.store\/s\/wpshoppc\/wp-json\/wp\/v2\/product"}],"about":[{"href":"https:\/\/dev.wptheme.store\/s\/wpshoppc\/wp-json\/wp\/v2\/types\/product"}],"version-history":[{"count":0,"href":"https:\/\/dev.wptheme.store\/s\/wpshoppc\/wp-json\/wp\/v2\/product\/369\/revisions"}],"wp:featuredmedia":[{"embeddable":true,"href":"https:\/\/dev.wptheme.store\/s\/wpshoppc\/wp-json\/wp\/v2\/media\/370"}],"wp:attachment":[{"href":"https:\/\/dev.wptheme.store\/s\/wpshoppc\/wp-json\/wp\/v2\/media?parent=369"}],"wp:term":[{"taxonomy":"product_cat","embeddable":true,"href":"https:\/\/dev.wptheme.store\/s\/wpshoppc\/wp-json\/wp\/v2\/product_cat?post=369"},{"taxonomy":"product_tag","embeddable":true,"href":"https:\/\/dev.wptheme.store\/s\/wpshoppc\/wp-json\/wp\/v2\/product_tag?post=369"},{"taxonomy":"ztteam_product_brand","embeddable":true,"href":"https:\/\/dev.wptheme.store\/s\/wpshoppc\/wp-json\/wp\/v2\/ztteam_product_brand?post=369"}],"curies":[{"name":"wp","href":"https:\/\/api.w.org\/{rel}","templated":true}]}}