{"id":396,"date":"2026-03-09T16:25:26","date_gmt":"2026-03-09T09:25:26","guid":{"rendered":"https:\/\/dev.wptheme.store\/s\/wpshoppc\/product\/may-han-tig-nguoi-jasic-tig-300-w229\/"},"modified":"2026-03-09T16:25:26","modified_gmt":"2026-03-09T09:25:26","slug":"may-han-tig-nguoi-jasic-tig-300-w229","status":"publish","type":"product","link":"https:\/\/dev.wptheme.store\/s\/wpshoppc\/product\/may-han-tig-nguoi-jasic-tig-300-w229\/","title":{"rendered":"M\u00e1y h\u00e0n Tig ngu\u1ed9i Jasic TIG 300 (W229)"},"content":{"rendered":"<p class=\"mb-4 leading-relaxed\">M\u00e1y h\u00e0n Tig ngu\u1ed9i Jasic TIG 300 (W229) l\u00e0 m\u1ed9t trong nh\u1eefng s\u1ea3n ph\u1ea9m n\u1ed5i b\u1eadt c\u1ee7a th\u01b0\u01a1ng hi\u1ec7u Jasic, \u0111\u01b0\u1ee3c thi\u1ebft k\u1ebf \u0111\u1ec3 \u0111\u00e1p \u1ee9ng nhu c\u1ea7u h\u00e0n chuy\u00ean nghi\u1ec7p. V\u1edbi c\u00f4ng ngh\u1ec7 ti\u00ean ti\u1ebfn t\u1eeb Anh Qu\u1ed1c, m\u00e1y h\u00e0n n\u00e0y mang l\u1ea1i hi\u1ec7u su\u1ea5t cao v\u00e0 \u0111\u1ed9 ch\u00ednh x\u00e1c trong t\u1eebng m\u1ed1i h\u00e0n, \u0111\u1eb7c bi\u1ec7t l\u00e0 cho c\u00e1c v\u1eadt li\u1ec7u m\u1ecfng.<\/p>\n<h2 class=\"py-2 my-4 text-2xl font-bold border-green-500 border-y border-opacity-10\">T\u00ednh n\u0103ng n\u1ed5i b\u1eadt<\/h2>\n<ul class=\"mb-4 space-y-1 list-none\">\n<li class=\"flex items-center gap-3 leading-relaxed text-gray-800 \"><div class=\"flex items-center justify-center w-5 h-5 bg-red-100 rounded-full shrink-0\"><svg class=\"w-3 h-3 text-red-600\" fill=\"none\" stroke=\"currentColor\" stroke- viewBox=\"0 0 24 24\"><path stroke-linecap=\"round\" stroke-linejoin=\"round\" d=\"M5 13l4 4L19 7\" \/><\/svg><\/div><div class=\"flex-1\">Ch\u1ee9c n\u0103ng h\u00e0n TIG ngu\u1ed9i v\u00e0 TIG th\u01b0\u1eddng, ph\u00f9 h\u1ee3p cho nhi\u1ec1u lo\u1ea1i v\u1eadt li\u1ec7u.<\/div><\/li>\n<li class=\"flex items-center gap-3 leading-relaxed text-gray-800 \"><div class=\"flex items-center justify-center w-5 h-5 bg-red-100 rounded-full shrink-0\"><svg class=\"w-3 h-3 text-red-600\" fill=\"none\" stroke=\"currentColor\" stroke- viewBox=\"0 0 24 24\"><path stroke-linecap=\"round\" stroke-linejoin=\"round\" d=\"M5 13l4 4L19 7\" \/><\/svg><\/div><div class=\"flex-1\">\u0110i\u1ec1u ch\u1ec9nh d\u00f2ng h\u00e0n t\u1eeb 10A \u0111\u1ebfn 250A, cho ph\u00e9p linh ho\u1ea1t trong qu\u00e1 tr\u00ecnh h\u00e0n.<\/div><\/li>\n<li class=\"flex items-center gap-3 leading-relaxed text-gray-800 \"><div class=\"flex items-center justify-center w-5 h-5 bg-red-100 rounded-full shrink-0\"><svg class=\"w-3 h-3 text-red-600\" fill=\"none\" stroke=\"currentColor\" stroke- viewBox=\"0 0 24 24\"><path stroke-linecap=\"round\" stroke-linejoin=\"round\" d=\"M5 13l4 4L19 7\" \/><\/svg><\/div><div class=\"flex-1\">Th\u1eddi gian tr\u1ec5 kh\u00ed c\u00f3 th\u1ec3 \u0111i\u1ec1u ch\u1ec9nh t\u1eeb 2 \u0111\u1ebfn 10 gi\u00e2y, \u0111\u1ea3m b\u1ea3o m\u1ed1i h\u00e0n ho\u00e0n h\u1ea3o.<\/div><\/li>\n<\/ul>\n<h2 class=\"py-2 my-4 text-2xl font-bold border-green-500 border-y border-opacity-10\">L\u1ee3i \u00edch khi s\u1eed d\u1ee5ng<\/h2>\n<p class=\"mb-4 leading-relaxed\">S\u1eed d\u1ee5ng m\u00e1y h\u00e0n Tig ngu\u1ed9i Jasic TIG 300 (W229) gi\u00fap b\u1ea1n:<\/p>\n<ul class=\"mb-4 space-y-1 list-none\">\n<li class=\"flex items-center gap-3 leading-relaxed text-gray-800 \"><div class=\"flex items-center justify-center w-5 h-5 bg-red-100 rounded-full shrink-0\"><svg class=\"w-3 h-3 text-red-600\" fill=\"none\" stroke=\"currentColor\" stroke- viewBox=\"0 0 24 24\"><path stroke-linecap=\"round\" stroke-linejoin=\"round\" d=\"M5 13l4 4L19 7\" \/><\/svg><\/div><div class=\"flex-1\">\u0110\u1ea1t \u0111\u01b0\u1ee3c m\u1ed1i h\u00e0n ch\u1ea5t l\u01b0\u1ee3ng cao, kh\u00f4ng b\u1ecb bi\u1ebfn d\u1ea1ng hay \u1ed1 m\u00e0u.<\/div><\/li>\n<li class=\"flex items-center gap-3 leading-relaxed text-gray-800 \"><div class=\"flex items-center justify-center w-5 h-5 bg-red-100 rounded-full shrink-0\"><svg class=\"w-3 h-3 text-red-600\" fill=\"none\" stroke=\"currentColor\" stroke- viewBox=\"0 0 24 24\"><path stroke-linecap=\"round\" stroke-linejoin=\"round\" d=\"M5 13l4 4L19 7\" \/><\/svg><\/div><div class=\"flex-1\">Ti\u1ebft ki\u1ec7m th\u1eddi gian v\u00e0 c\u00f4ng s\u1ee9c nh\u1edd v\u00e0o t\u00ednh n\u0103ng \u0111i\u1ec1u ch\u1ec9nh linh ho\u1ea1t.<\/div><\/li>\n<li class=\"flex items-center gap-3 leading-relaxed text-gray-800 \"><div class=\"flex items-center justify-center w-5 h-5 bg-red-100 rounded-full shrink-0\"><svg class=\"w-3 h-3 text-red-600\" fill=\"none\" stroke=\"currentColor\" stroke- viewBox=\"0 0 24 24\"><path stroke-linecap=\"round\" stroke-linejoin=\"round\" d=\"M5 13l4 4L19 7\" \/><\/svg><\/div><div class=\"flex-1\">\u0110\u1ea3m b\u1ea3o an to\u00e0n trong qu\u00e1 tr\u00ecnh h\u00e0n v\u1edbi thi\u1ebft k\u1ebf th\u00e2n thi\u1ec7n v\u00e0 d\u1ec5 s\u1eed d\u1ee5ng.<\/div><\/li>\n<\/ul>\n<h2 class=\"py-2 my-4 text-2xl font-bold border-green-500 border-y border-opacity-10\">\u1ee8ng d\u1ee5ng th\u1ef1c t\u1ebf<\/h2>\n<p class=\"mb-4 leading-relaxed\">M\u00e1y h\u00e0n n\u00e0y th\u01b0\u1eddng \u0111\u01b0\u1ee3c s\u1eed d\u1ee5ng trong c\u00e1c ng\u00e0nh c\u00f4ng nghi\u1ec7p nh\u01b0 ch\u1ebf t\u1ea1o m\u00e1y, s\u1eeda ch\u1eefa \u00f4 t\u00f4, v\u00e0 s\u1ea3n xu\u1ea5t \u0111\u1ed3 n\u1ed9i th\u1ea5t. N\u00f3 \u0111\u1eb7c bi\u1ec7t hi\u1ec7u qu\u1ea3 trong vi\u1ec7c h\u00e0n c\u00e1c v\u1eadt li\u1ec7u c\u00f3 \u0111\u1ed9 d\u00e0y t\u1eeb 0.3mm \u0111\u1ebfn 10mm.<\/p>\n<h2 class=\"py-2 my-4 text-2xl font-bold border-green-500 border-y border-opacity-10\">L\u01b0u \u00fd khi s\u1eed d\u1ee5ng<\/h2>\n<p class=\"mb-4 leading-relaxed\">Khi s\u1eed d\u1ee5ng m\u00e1y h\u00e0n Tig ngu\u1ed9i Jasic TIG 300 (W229), b\u1ea1n n\u00ean ch\u00fa \u00fd:<\/p>\n<ul class=\"mb-4 space-y-1 list-none\">\n<li class=\"flex items-center gap-3 leading-relaxed text-gray-800 \"><div class=\"flex items-center justify-center w-5 h-5 bg-red-100 rounded-full shrink-0\"><svg class=\"w-3 h-3 text-red-600\" fill=\"none\" stroke=\"currentColor\" stroke- viewBox=\"0 0 24 24\"><path stroke-linecap=\"round\" stroke-linejoin=\"round\" d=\"M5 13l4 4L19 7\" \/><\/svg><\/div><div class=\"flex-1\">Ki\u1ec3m tra k\u1ef9 l\u01b0\u1ee1ng c\u00e1c ph\u1ee5 ki\u1ec7n \u0111i k\u00e8m tr\u01b0\u1edbc khi s\u1eed d\u1ee5ng.<\/div><\/li>\n<li class=\"flex items-center gap-3 leading-relaxed text-gray-800 \"><div class=\"flex items-center justify-center w-5 h-5 bg-red-100 rounded-full shrink-0\"><svg class=\"w-3 h-3 text-red-600\" fill=\"none\" stroke=\"currentColor\" stroke- viewBox=\"0 0 24 24\"><path stroke-linecap=\"round\" stroke-linejoin=\"round\" d=\"M5 13l4 4L19 7\" \/><\/svg><\/div><div class=\"flex-1\">\u0110\u1ea3m b\u1ea3o ngu\u1ed3n \u0111i\u1ec7n \u1ed5n \u0111\u1ecbnh \u0111\u1ec3 tr\u00e1nh \u1ea3nh h\u01b0\u1edfng \u0111\u1ebfn ch\u1ea5t l\u01b0\u1ee3ng h\u00e0n.<\/div><\/li>\n<li class=\"flex items-center gap-3 leading-relaxed text-gray-800 \"><div class=\"flex items-center justify-center w-5 h-5 bg-red-100 rounded-full shrink-0\"><svg class=\"w-3 h-3 text-red-600\" fill=\"none\" stroke=\"currentColor\" stroke- viewBox=\"0 0 24 24\"><path stroke-linecap=\"round\" stroke-linejoin=\"round\" d=\"M5 13l4 4L19 7\" \/><\/svg><\/div><div class=\"flex-1\">Th\u1ef1c hi\u1ec7n b\u1ea3o tr\u00ec \u0111\u1ecbnh k\u1ef3 \u0111\u1ec3 m\u00e1y lu\u00f4n ho\u1ea1t \u0111\u1ed9ng hi\u1ec7u qu\u1ea3.<\/div><\/li>\n<\/ul>\n","protected":false},"excerpt":{"rendered":"<p class=\"mb-4 leading-relaxed\">M\u00e1y h\u00e0n Tig ngu\u1ed9i Jasic TIG 300 (W229) l\u00e0 thi\u1ebft b\u1ecb h\u00e0n chuy\u00ean d\u1ee5ng, l\u00fd t\u01b0\u1edfng cho vi\u1ec7c h\u00e0n v\u1eadt li\u1ec7u m\u1ecfng v\u1edbi m\u1ed1i h\u00e0n ch\u1ea5t l\u01b0\u1ee3ng cao.<\/p>\n","protected":false},"featured_media":397,"template":"","meta":{"footnotes":""},"product_cat":[684,705],"product_tag":[],"ztteam_product_brand":[703],"class_list":["post-396","product","type-product","status-publish","has-post-thumbnail","hentry","product_cat-may-han-phu-kien","product_cat-may-han-tig","ztteam_product_brand-jasic"],"meta_box":{"_sku":"TIG300 (W229)","_regular_price":"12322000","_sale_price":"","_price":"12322000","_stock_status":"instock","_stock":"","_manage_stock":"no","_weight":"","_length":"","_width":"","_height":"","_product_image_gallery":[],"_featured":"no","_visibility":"visible","_virtual":"no","_downloadable":"no","product_type":"simple","product_attributes":[],"color_variations":[],"size_variations":[],"storage_variations":[],"material_variations":[]},"price":"12322000","demo_url":"","_links":{"self":[{"href":"https:\/\/dev.wptheme.store\/s\/wpshoppc\/wp-json\/wp\/v2\/product\/396","targetHints":{"allow":["GET"]}}],"collection":[{"href":"https:\/\/dev.wptheme.store\/s\/wpshoppc\/wp-json\/wp\/v2\/product"}],"about":[{"href":"https:\/\/dev.wptheme.store\/s\/wpshoppc\/wp-json\/wp\/v2\/types\/product"}],"version-history":[{"count":0,"href":"https:\/\/dev.wptheme.store\/s\/wpshoppc\/wp-json\/wp\/v2\/product\/396\/revisions"}],"wp:featuredmedia":[{"embeddable":true,"href":"https:\/\/dev.wptheme.store\/s\/wpshoppc\/wp-json\/wp\/v2\/media\/397"}],"wp:attachment":[{"href":"https:\/\/dev.wptheme.store\/s\/wpshoppc\/wp-json\/wp\/v2\/media?parent=396"}],"wp:term":[{"taxonomy":"product_cat","embeddable":true,"href":"https:\/\/dev.wptheme.store\/s\/wpshoppc\/wp-json\/wp\/v2\/product_cat?post=396"},{"taxonomy":"product_tag","embeddable":true,"href":"https:\/\/dev.wptheme.store\/s\/wpshoppc\/wp-json\/wp\/v2\/product_tag?post=396"},{"taxonomy":"ztteam_product_brand","embeddable":true,"href":"https:\/\/dev.wptheme.store\/s\/wpshoppc\/wp-json\/wp\/v2\/ztteam_product_brand?post=396"}],"curies":[{"name":"wp","href":"https:\/\/api.w.org\/{rel}","templated":true}]}}