{"id":402,"date":"2026-03-09T16:25:29","date_gmt":"2026-03-09T09:25:29","guid":{"rendered":"https:\/\/dev.wptheme.store\/s\/wpshoppc\/product\/may-cat-plasma-nguon-dien-380v-jasic-cut60-l224\/"},"modified":"2026-03-09T16:25:29","modified_gmt":"2026-03-09T09:25:29","slug":"may-cat-plasma-nguon-dien-380v-jasic-cut60-l224","status":"publish","type":"product","link":"https:\/\/dev.wptheme.store\/s\/wpshoppc\/product\/may-cat-plasma-nguon-dien-380v-jasic-cut60-l224\/","title":{"rendered":"M\u00e1y c\u1eaft plasma ngu\u1ed3n \u0111i\u1ec7n 380V Jasic CUT60 L224"},"content":{"rendered":"<p class=\"mb-4 leading-relaxed\">M\u00e1y c\u1eaft plasma ngu\u1ed3n \u0111i\u1ec7n 380V Jasic CUT60 L224 l\u00e0 thi\u1ebft b\u1ecb l\u00fd t\u01b0\u1edfng cho c\u00e1c c\u00f4ng vi\u1ec7c c\u1eaft kim lo\u1ea1i trong ng\u00e0nh c\u00f4ng nghi\u1ec7p. V\u1edbi c\u00f4ng su\u1ea5t 10 KVA v\u00e0 kh\u1ea3 n\u0103ng c\u1eaft c\u00e1c v\u1eadt li\u1ec7u nh\u01b0 th\u00e9p, inox, nh\u00f4m, m\u00e1y mang l\u1ea1i hi\u1ec7u su\u1ea5t cao v\u00e0 \u0111\u1ed9 ch\u00ednh x\u00e1c trong t\u1eebng \u0111\u01b0\u1eddng c\u1eaft.<\/p>\n<h2 class=\"py-2 my-4 text-2xl font-bold border-green-500 border-y border-opacity-10\">T\u00ednh n\u0103ng n\u1ed5i b\u1eadt<\/h2>\n<p class=\"mb-4 leading-relaxed\">M\u00e1y c\u1eaft plasma Jasic CUT60 L224 s\u1edf h\u1eefu nhi\u1ec1u t\u00ednh n\u0103ng \u01b0u vi\u1ec7t:<\/p>\n<ul class=\"mb-4 space-y-1 list-none\">\n<li class=\"flex items-center gap-3 leading-relaxed text-gray-800 \"><div class=\"flex items-center justify-center w-5 h-5 bg-red-100 rounded-full shrink-0\"><svg class=\"w-3 h-3 text-red-600\" fill=\"none\" stroke=\"currentColor\" stroke- viewBox=\"0 0 24 24\"><path stroke-linecap=\"round\" stroke-linejoin=\"round\" d=\"M5 13l4 4L19 7\" \/><\/svg><\/div><div class=\"flex-1\">C\u00f4ng su\u1ea5t m\u1ea1nh m\u1ebd 10 KVA cho kh\u1ea3 n\u0103ng c\u1eaft nhanh ch\u00f3ng.<\/div><\/li>\n<li class=\"flex items-center gap-3 leading-relaxed text-gray-800 \"><div class=\"flex items-center justify-center w-5 h-5 bg-red-100 rounded-full shrink-0\"><svg class=\"w-3 h-3 text-red-600\" fill=\"none\" stroke=\"currentColor\" stroke- viewBox=\"0 0 24 24\"><path stroke-linecap=\"round\" stroke-linejoin=\"round\" d=\"M5 13l4 4L19 7\" \/><\/svg><\/div><div class=\"flex-1\">\u0110\u1ed9 d\u00e0y c\u1eaft t\u1ed1i \u0111a l\u00ean \u0111\u1ebfn 15mm, c\u1eaft \u0111\u1eb9p \u1edf \u0111\u1ed9 d\u00e0y 8-10mm.<\/div><\/li>\n<li class=\"flex items-center gap-3 leading-relaxed text-gray-800 \"><div class=\"flex items-center justify-center w-5 h-5 bg-red-100 rounded-full shrink-0\"><svg class=\"w-3 h-3 text-red-600\" fill=\"none\" stroke=\"currentColor\" stroke- viewBox=\"0 0 24 24\"><path stroke-linecap=\"round\" stroke-linejoin=\"round\" d=\"M5 13l4 4L19 7\" \/><\/svg><\/div><div class=\"flex-1\">H\u1ec7 th\u1ed1ng l\u00e0m m\u00e1t b\u1eb1ng kh\u00ed gi\u00fap m\u00e1y ho\u1ea1t \u0111\u1ed9ng \u1ed5n \u0111\u1ecbnh v\u00e0 b\u1ec1n b\u1ec9.<\/div><\/li>\n<li class=\"flex items-center gap-3 leading-relaxed text-gray-800 \"><div class=\"flex items-center justify-center w-5 h-5 bg-red-100 rounded-full shrink-0\"><svg class=\"w-3 h-3 text-red-600\" fill=\"none\" stroke=\"currentColor\" stroke- viewBox=\"0 0 24 24\"><path stroke-linecap=\"round\" stroke-linejoin=\"round\" d=\"M5 13l4 4L19 7\" \/><\/svg><\/div><div class=\"flex-1\">C\u1ea5p b\u1ea3o v\u1ec7 IP21S, \u0111\u1ea3m b\u1ea3o an to\u00e0n trong qu\u00e1 tr\u00ecnh s\u1eed d\u1ee5ng.<\/div><\/li>\n<\/ul>\n<h2 class=\"py-2 my-4 text-2xl font-bold border-green-500 border-y border-opacity-10\">L\u1ee3i \u00edch khi s\u1eed d\u1ee5ng<\/h2>\n<p class=\"mb-4 leading-relaxed\">S\u1eed d\u1ee5ng m\u00e1y c\u1eaft plasma Jasic CUT60 L224 mang l\u1ea1i nhi\u1ec1u l\u1ee3i \u00edch cho ng\u01b0\u1eddi d\u00f9ng:<\/p>\n<ul class=\"mb-4 space-y-1 list-none\">\n<li class=\"flex items-center gap-3 leading-relaxed text-gray-800 \"><div class=\"flex items-center justify-center w-5 h-5 bg-red-100 rounded-full shrink-0\"><svg class=\"w-3 h-3 text-red-600\" fill=\"none\" stroke=\"currentColor\" stroke- viewBox=\"0 0 24 24\"><path stroke-linecap=\"round\" stroke-linejoin=\"round\" d=\"M5 13l4 4L19 7\" \/><\/svg><\/div><div class=\"flex-1\">Ti\u1ebft ki\u1ec7m th\u1eddi gian v\u00e0 c\u00f4ng s\u1ee9c nh\u1edd v\u00e0o kh\u1ea3 n\u0103ng c\u1eaft nhanh v\u00e0 ch\u00ednh x\u00e1c.<\/div><\/li>\n<li class=\"flex items-center gap-3 leading-relaxed text-gray-800 \"><div class=\"flex items-center justify-center w-5 h-5 bg-red-100 rounded-full shrink-0\"><svg class=\"w-3 h-3 text-red-600\" fill=\"none\" stroke=\"currentColor\" stroke- viewBox=\"0 0 24 24\"><path stroke-linecap=\"round\" stroke-linejoin=\"round\" d=\"M5 13l4 4L19 7\" \/><\/svg><\/div><div class=\"flex-1\">Gi\u1ea3m thi\u1ec3u chi ph\u00ed b\u1ea3o tr\u00ec nh\u1edd v\u00e0o thi\u1ebft k\u1ebf b\u1ec1n b\u1ec9 v\u00e0 hi\u1ec7u su\u1ea5t cao.<\/div><\/li>\n<li class=\"flex items-center gap-3 leading-relaxed text-gray-800 \"><div class=\"flex items-center justify-center w-5 h-5 bg-red-100 rounded-full shrink-0\"><svg class=\"w-3 h-3 text-red-600\" fill=\"none\" stroke=\"currentColor\" stroke- viewBox=\"0 0 24 24\"><path stroke-linecap=\"round\" stroke-linejoin=\"round\" d=\"M5 13l4 4L19 7\" \/><\/svg><\/div><div class=\"flex-1\">\u0110\u1ea3m b\u1ea3o ch\u1ea5t l\u01b0\u1ee3ng s\u1ea3n ph\u1ea9m cu\u1ed1i c\u00f9ng v\u1edbi c\u00e1c \u0111\u01b0\u1eddng c\u1eaft m\u1ecbn m\u00e0ng.<\/div><\/li>\n<\/ul>\n<h2 class=\"py-2 my-4 text-2xl font-bold border-green-500 border-y border-opacity-10\">\u1ee8ng d\u1ee5ng th\u1ef1c t\u1ebf<\/h2>\n<p class=\"mb-4 leading-relaxed\">M\u00e1y c\u1eaft plasma Jasic CUT60 L224 \u0111\u01b0\u1ee3c \u1ee9ng d\u1ee5ng r\u1ed9ng r\u00e3i trong:<\/p>\n<ul class=\"mb-4 space-y-1 list-none\">\n<li class=\"flex items-center gap-3 leading-relaxed text-gray-800 \"><div class=\"flex items-center justify-center w-5 h-5 bg-red-100 rounded-full shrink-0\"><svg class=\"w-3 h-3 text-red-600\" fill=\"none\" stroke=\"currentColor\" stroke- viewBox=\"0 0 24 24\"><path stroke-linecap=\"round\" stroke-linejoin=\"round\" d=\"M5 13l4 4L19 7\" \/><\/svg><\/div><div class=\"flex-1\">C\u00e1c x\u01b0\u1edfng ch\u1ebf t\u1ea1o c\u01a1 kh\u00ed.<\/div><\/li>\n<li class=\"flex items-center gap-3 leading-relaxed text-gray-800 \"><div class=\"flex items-center justify-center w-5 h-5 bg-red-100 rounded-full shrink-0\"><svg class=\"w-3 h-3 text-red-600\" fill=\"none\" stroke=\"currentColor\" stroke- viewBox=\"0 0 24 24\"><path stroke-linecap=\"round\" stroke-linejoin=\"round\" d=\"M5 13l4 4L19 7\" \/><\/svg><\/div><div class=\"flex-1\">C\u00e1c c\u00f4ng tr\u00ecnh x\u00e2y d\u1ef1ng c\u1ea7n c\u1eaft kim lo\u1ea1i.<\/div><\/li>\n<li class=\"flex items-center gap-3 leading-relaxed text-gray-800 \"><div class=\"flex items-center justify-center w-5 h-5 bg-red-100 rounded-full shrink-0\"><svg class=\"w-3 h-3 text-red-600\" fill=\"none\" stroke=\"currentColor\" stroke- viewBox=\"0 0 24 24\"><path stroke-linecap=\"round\" stroke-linejoin=\"round\" d=\"M5 13l4 4L19 7\" \/><\/svg><\/div><div class=\"flex-1\">C\u00e1c ng\u00e0nh c\u00f4ng nghi\u1ec7p ch\u1ebf bi\u1ebfn v\u00e0 s\u1ea3n xu\u1ea5t.<\/div><\/li>\n<\/ul>\n<h2 class=\"py-2 my-4 text-2xl font-bold border-green-500 border-y border-opacity-10\">L\u01b0u \u00fd khi s\u1eed d\u1ee5ng<\/h2>\n<p class=\"mb-4 leading-relaxed\">Khi s\u1eed d\u1ee5ng m\u00e1y c\u1eaft plasma, b\u1ea1n c\u1ea7n l\u01b0u \u00fd:<\/p>\n<ul class=\"mb-4 space-y-1 list-none\">\n<li class=\"flex items-center gap-3 leading-relaxed text-gray-800 \"><div class=\"flex items-center justify-center w-5 h-5 bg-red-100 rounded-full shrink-0\"><svg class=\"w-3 h-3 text-red-600\" fill=\"none\" stroke=\"currentColor\" stroke- viewBox=\"0 0 24 24\"><path stroke-linecap=\"round\" stroke-linejoin=\"round\" d=\"M5 13l4 4L19 7\" \/><\/svg><\/div><div class=\"flex-1\">\u0110\u1ea3m b\u1ea3o ngu\u1ed3n \u0111i\u1ec7n \u1ed5n \u0111\u1ecbnh v\u00e0 ph\u00f9 h\u1ee3p v\u1edbi y\u00eau c\u1ea7u c\u1ee7a m\u00e1y.<\/div><\/li>\n<li class=\"flex items-center gap-3 leading-relaxed text-gray-800 \"><div class=\"flex items-center justify-center w-5 h-5 bg-red-100 rounded-full shrink-0\"><svg class=\"w-3 h-3 text-red-600\" fill=\"none\" stroke=\"currentColor\" stroke- viewBox=\"0 0 24 24\"><path stroke-linecap=\"round\" stroke-linejoin=\"round\" d=\"M5 13l4 4L19 7\" \/><\/svg><\/div><div class=\"flex-1\">Th\u1ef1c hi\u1ec7n ki\u1ec3m tra \u0111\u1ecbnh k\u1ef3 \u0111\u1ec3 \u0111\u1ea3m b\u1ea3o m\u00e1y lu\u00f4n ho\u1ea1t \u0111\u1ed9ng t\u1ed1t.<\/div><\/li>\n<li class=\"flex items-center gap-3 leading-relaxed text-gray-800 \"><div class=\"flex items-center justify-center w-5 h-5 bg-red-100 rounded-full shrink-0\"><svg class=\"w-3 h-3 text-red-600\" fill=\"none\" stroke=\"currentColor\" stroke- viewBox=\"0 0 24 24\"><path stroke-linecap=\"round\" stroke-linejoin=\"round\" d=\"M5 13l4 4L19 7\" \/><\/svg><\/div><div class=\"flex-1\">\u0110eo \u0111\u1ea7y \u0111\u1ee7 trang b\u1ecb b\u1ea3o h\u1ed9 khi v\u1eadn h\u00e0nh m\u00e1y \u0111\u1ec3 \u0111\u1ea3m b\u1ea3o an to\u00e0n.<\/div><\/li>\n<\/ul>\n","protected":false},"excerpt":{"rendered":"<p class=\"mb-4 leading-relaxed\">M\u00e1y c\u1eaft plasma Jasic CUT60 L224 v\u1edbi c\u00f4ng su\u1ea5t 10 KVA, thi\u1ebft k\u1ebf m\u1ea1nh m\u1ebd, ph\u00f9 h\u1ee3p cho vi\u1ec7c c\u1eaft kim lo\u1ea1i d\u00e0y \u0111\u1ebfn 15mm, mang l\u1ea1i hi\u1ec7u su\u1ea5t cao v\u00e0 \u0111\u1ed9 ch\u00ednh x\u00e1c trong c\u00f4ng vi\u1ec7c.<\/p>\n","protected":false},"featured_media":403,"template":"","meta":{"footnotes":""},"product_cat":[707,684],"product_tag":[],"ztteam_product_brand":[703],"class_list":["post-402","product","type-product","status-publish","has-post-thumbnail","hentry","product_cat-may-han-cat-plasma","product_cat-may-han-phu-kien","ztteam_product_brand-jasic"],"meta_box":{"_sku":"CUT60 L224","_regular_price":"11191000","_sale_price":"","_price":"11191000","_stock_status":"instock","_stock":"","_manage_stock":"no","_weight":"","_length":"","_width":"","_height":"","_product_image_gallery":[],"_featured":"no","_visibility":"visible","_virtual":"no","_downloadable":"no","product_type":"simple","product_attributes":[],"color_variations":[],"size_variations":[],"storage_variations":[],"material_variations":[]},"price":"11191000","demo_url":"","_links":{"self":[{"href":"https:\/\/dev.wptheme.store\/s\/wpshoppc\/wp-json\/wp\/v2\/product\/402","targetHints":{"allow":["GET"]}}],"collection":[{"href":"https:\/\/dev.wptheme.store\/s\/wpshoppc\/wp-json\/wp\/v2\/product"}],"about":[{"href":"https:\/\/dev.wptheme.store\/s\/wpshoppc\/wp-json\/wp\/v2\/types\/product"}],"version-history":[{"count":0,"href":"https:\/\/dev.wptheme.store\/s\/wpshoppc\/wp-json\/wp\/v2\/product\/402\/revisions"}],"wp:featuredmedia":[{"embeddable":true,"href":"https:\/\/dev.wptheme.store\/s\/wpshoppc\/wp-json\/wp\/v2\/media\/403"}],"wp:attachment":[{"href":"https:\/\/dev.wptheme.store\/s\/wpshoppc\/wp-json\/wp\/v2\/media?parent=402"}],"wp:term":[{"taxonomy":"product_cat","embeddable":true,"href":"https:\/\/dev.wptheme.store\/s\/wpshoppc\/wp-json\/wp\/v2\/product_cat?post=402"},{"taxonomy":"product_tag","embeddable":true,"href":"https:\/\/dev.wptheme.store\/s\/wpshoppc\/wp-json\/wp\/v2\/product_tag?post=402"},{"taxonomy":"ztteam_product_brand","embeddable":true,"href":"https:\/\/dev.wptheme.store\/s\/wpshoppc\/wp-json\/wp\/v2\/ztteam_product_brand?post=402"}],"curies":[{"name":"wp","href":"https:\/\/api.w.org\/{rel}","templated":true}]}}