{"id":423,"date":"2026-03-09T16:25:38","date_gmt":"2026-03-09T09:25:38","guid":{"rendered":"https:\/\/dev.wptheme.store\/s\/wpshoppc\/product\/bep-han-co2-m6x45x1-0-e-cu-black-wolf-p02d-032854\/"},"modified":"2026-03-09T16:25:38","modified_gmt":"2026-03-09T09:25:38","slug":"bep-han-co2-m6x45x1-0-e-cu-black-wolf-p02d-032854","status":"publish","type":"product","link":"https:\/\/dev.wptheme.store\/s\/wpshoppc\/product\/bep-han-co2-m6x45x1-0-e-cu-black-wolf-p02d-032854\/","title":{"rendered":"B\u00e9p h\u00e0n CO2 M6x45x1.0 E-Cu Black Wolf P02D-032854"},"content":{"rendered":"<p class=\"mb-4 leading-relaxed\">B\u00e9p h\u00e0n CO2 M6x45x1.0 E-Cu Black Wolf P02D-032854 l\u00e0 m\u1ed9t ph\u1ee5 ki\u1ec7n kh\u00f4ng th\u1ec3 thi\u1ebfu trong qu\u00e1 tr\u00ecnh h\u00e0n CO2, \u0111\u01b0\u1ee3c thi\u1ebft k\u1ebf \u0111\u1ec3 t\u1ed1i \u01b0u h\u00f3a hi\u1ec7u su\u1ea5t h\u00e0n v\u00e0 \u0111\u1ea3m b\u1ea3o \u0111\u1ed9 b\u1ec1n cho c\u00e1c m\u1ed1i h\u00e0n. V\u1edbi k\u00edch th\u01b0\u1edbc l\u1ed7 b\u00e9p 1.0 mm v\u00e0 chi\u1ec1u d\u00e0i 45 mm, s\u1ea3n ph\u1ea9m n\u00e0y ph\u00f9 h\u1ee3p cho nhi\u1ec1u \u1ee9ng d\u1ee5ng h\u00e0n kh\u00e1c nhau.<\/p>\n<h2 class=\"py-2 my-4 text-2xl font-bold border-green-500 border-y border-opacity-10\">T\u00ednh n\u0103ng n\u1ed5i b\u1eadt<\/h2>\n<p class=\"mb-4 leading-relaxed\">B\u00e9p h\u00e0n n\u00e0y \u0111\u01b0\u1ee3c l\u00e0m t\u1eeb h\u1ee3p kim \u0111\u1ed3ng E-Cu, mang l\u1ea1i kh\u1ea3 n\u0103ng d\u1eabn \u0111i\u1ec7n t\u1ed1t v\u00e0 \u0111\u1ed9 b\u1ec1n cao. Thi\u1ebft k\u1ebf ren n\u1ed1i M6 gi\u00fap d\u1ec5 d\u00e0ng l\u1eafp \u0111\u1eb7t v\u00e0 thay th\u1ebf, ti\u1ebft ki\u1ec7m th\u1eddi gian cho ng\u01b0\u1eddi s\u1eed d\u1ee5ng.<\/p>\n<h2 class=\"py-2 my-4 text-2xl font-bold border-green-500 border-y border-opacity-10\">L\u1ee3i \u00edch khi s\u1eed d\u1ee5ng<\/h2>\n<ul class=\"mb-4 space-y-1 list-none\">\n<li class=\"flex items-center gap-3 leading-relaxed text-gray-800 \"><div class=\"flex items-center justify-center w-5 h-5 bg-red-100 rounded-full shrink-0\"><svg class=\"w-3 h-3 text-red-600\" fill=\"none\" stroke=\"currentColor\" stroke- viewBox=\"0 0 24 24\"><path stroke-linecap=\"round\" stroke-linejoin=\"round\" d=\"M5 13l4 4L19 7\" \/><\/svg><\/div><div class=\"flex-1\">C\u1ea3i thi\u1ec7n ch\u1ea5t l\u01b0\u1ee3ng m\u1ed1i h\u00e0n v\u1edbi \u0111\u1ed9 ch\u00ednh x\u00e1c cao.<\/div><\/li>\n<li class=\"flex items-center gap-3 leading-relaxed text-gray-800 \"><div class=\"flex items-center justify-center w-5 h-5 bg-red-100 rounded-full shrink-0\"><svg class=\"w-3 h-3 text-red-600\" fill=\"none\" stroke=\"currentColor\" stroke- viewBox=\"0 0 24 24\"><path stroke-linecap=\"round\" stroke-linejoin=\"round\" d=\"M5 13l4 4L19 7\" \/><\/svg><\/div><div class=\"flex-1\">Gi\u1ea3m thi\u1ec3u t\u00ecnh tr\u1ea1ng h\u01b0 h\u1ecfng thi\u1ebft b\u1ecb h\u00e0n.<\/div><\/li>\n<li class=\"flex items-center gap-3 leading-relaxed text-gray-800 \"><div class=\"flex items-center justify-center w-5 h-5 bg-red-100 rounded-full shrink-0\"><svg class=\"w-3 h-3 text-red-600\" fill=\"none\" stroke=\"currentColor\" stroke- viewBox=\"0 0 24 24\"><path stroke-linecap=\"round\" stroke-linejoin=\"round\" d=\"M5 13l4 4L19 7\" \/><\/svg><\/div><div class=\"flex-1\">D\u1ec5 d\u00e0ng thay th\u1ebf v\u00e0 l\u1eafp \u0111\u1eb7t, ph\u00f9 h\u1ee3p cho c\u1ea3 th\u1ee3 k\u1ef9 thu\u1eadt v\u00e0 ng\u01b0\u1eddi d\u00f9ng gia \u0111\u00ecnh.<\/div><\/li>\n<\/ul>\n<h2 class=\"py-2 my-4 text-2xl font-bold border-green-500 border-y border-opacity-10\">\u1ee8ng d\u1ee5ng th\u1ef1c t\u1ebf<\/h2>\n<p class=\"mb-4 leading-relaxed\">B\u00e9p h\u00e0n CO2 M6x45x1.0 E-Cu Black Wolf P02D-032854 th\u01b0\u1eddng \u0111\u01b0\u1ee3c s\u1eed d\u1ee5ng trong c\u00e1c c\u00f4ng vi\u1ec7c h\u00e0n kim lo\u1ea1i, ch\u1ebf t\u1ea1o m\u00e1y m\u00f3c, s\u1eeda ch\u1eefa \u00f4 t\u00f4 v\u00e0 nhi\u1ec1u \u1ee9ng d\u1ee5ng c\u00f4ng nghi\u1ec7p kh\u00e1c. S\u1ea3n ph\u1ea9m n\u00e0y gi\u00fap \u0111\u1ea3m b\u1ea3o c\u00e1c m\u1ed1i h\u00e0n ch\u1eafc ch\u1eafn v\u00e0 b\u1ec1n b\u1ec9.<\/p>\n<h2 class=\"py-2 my-4 text-2xl font-bold border-green-500 border-y border-opacity-10\">L\u01b0u \u00fd khi s\u1eed d\u1ee5ng<\/h2>\n<p class=\"mb-4 leading-relaxed\">Khi s\u1eed d\u1ee5ng b\u00e9p h\u00e0n, ng\u01b0\u1eddi d\u00f9ng c\u1ea7n ch\u00fa \u00fd ki\u1ec3m tra t\u00ecnh tr\u1ea1ng c\u1ee7a b\u00e9p tr\u01b0\u1edbc khi h\u00e0n \u0111\u1ec3 \u0111\u1ea3m b\u1ea3o hi\u1ec7u su\u1ea5t t\u1ed1i \u01b0u. Ngo\u00e0i ra, n\u00ean v\u1ec7 sinh b\u00e9p th\u01b0\u1eddng xuy\u00ean \u0111\u1ec3 tr\u00e1nh t\u00ecnh tr\u1ea1ng t\u1eafc ngh\u1ebdn v\u00e0 \u0111\u1ea3m b\u1ea3o ch\u1ea5t l\u01b0\u1ee3ng h\u00e0n t\u1ed1t nh\u1ea5t.<\/p>\n","protected":false},"excerpt":{"rendered":"<p class=\"mb-4 leading-relaxed\">B\u00e9p h\u00e0n CO2 M6x45x1.0 E-Cu Black Wolf P02D-032854 l\u00e0 ph\u1ee5 ki\u1ec7n h\u00e0n ch\u1ea5t l\u01b0\u1ee3ng cao, gi\u00fap n\u00e2ng cao hi\u1ec7u su\u1ea5t h\u00e0n v\u00e0 \u0111\u1ea3m b\u1ea3o \u0111\u1ed9 b\u1ec1n cho c\u00e1c m\u1ed1i h\u00e0n.<\/p>\n","protected":false},"featured_media":424,"template":"","meta":{"footnotes":""},"product_cat":[684,686],"product_tag":[],"ztteam_product_brand":[703],"class_list":["post-423","product","type-product","status-publish","has-post-thumbnail","hentry","product_cat-may-han-phu-kien","product_cat-phu-kien-han","ztteam_product_brand-jasic"],"meta_box":{"_sku":"P02D-032854","_regular_price":"20000","_sale_price":"","_price":"20000","_stock_status":"instock","_stock":"","_manage_stock":"no","_weight":"","_length":"","_width":"","_height":"","_product_image_gallery":[],"_featured":"no","_visibility":"visible","_virtual":"no","_downloadable":"no","product_type":"simple","product_attributes":[],"color_variations":[],"size_variations":[],"storage_variations":[],"material_variations":[]},"price":"20000","demo_url":"","_links":{"self":[{"href":"https:\/\/dev.wptheme.store\/s\/wpshoppc\/wp-json\/wp\/v2\/product\/423","targetHints":{"allow":["GET"]}}],"collection":[{"href":"https:\/\/dev.wptheme.store\/s\/wpshoppc\/wp-json\/wp\/v2\/product"}],"about":[{"href":"https:\/\/dev.wptheme.store\/s\/wpshoppc\/wp-json\/wp\/v2\/types\/product"}],"version-history":[{"count":0,"href":"https:\/\/dev.wptheme.store\/s\/wpshoppc\/wp-json\/wp\/v2\/product\/423\/revisions"}],"wp:featuredmedia":[{"embeddable":true,"href":"https:\/\/dev.wptheme.store\/s\/wpshoppc\/wp-json\/wp\/v2\/media\/424"}],"wp:attachment":[{"href":"https:\/\/dev.wptheme.store\/s\/wpshoppc\/wp-json\/wp\/v2\/media?parent=423"}],"wp:term":[{"taxonomy":"product_cat","embeddable":true,"href":"https:\/\/dev.wptheme.store\/s\/wpshoppc\/wp-json\/wp\/v2\/product_cat?post=423"},{"taxonomy":"product_tag","embeddable":true,"href":"https:\/\/dev.wptheme.store\/s\/wpshoppc\/wp-json\/wp\/v2\/product_tag?post=423"},{"taxonomy":"ztteam_product_brand","embeddable":true,"href":"https:\/\/dev.wptheme.store\/s\/wpshoppc\/wp-json\/wp\/v2\/ztteam_product_brand?post=423"}],"curies":[{"name":"wp","href":"https:\/\/api.w.org\/{rel}","templated":true}]}}