{"id":440,"date":"2026-03-09T16:25:46","date_gmt":"2026-03-09T09:25:46","guid":{"rendered":"https:\/\/dev.wptheme.store\/s\/wpshoppc\/product\/may-han-tig-jasic-tig-200p-acdc-e201-ii-jet20\/"},"modified":"2026-03-09T16:25:46","modified_gmt":"2026-03-09T09:25:46","slug":"may-han-tig-jasic-tig-200p-acdc-e201-ii-jet20","status":"publish","type":"product","link":"https:\/\/dev.wptheme.store\/s\/wpshoppc\/product\/may-han-tig-jasic-tig-200p-acdc-e201-ii-jet20\/","title":{"rendered":"M\u00e1y h\u00e0n Tig Jasic TIG 200P ACDC E201 II JET20"},"content":{"rendered":"<p class=\"mb-4 leading-relaxed\">M\u00e1y h\u00e0n Tig Jasic TIG 200P ACDC E201 II JET20 l\u00e0 m\u1ed9t trong nh\u1eefng s\u1ea3n ph\u1ea9m n\u1ed5i b\u1eadt c\u1ee7a th\u01b0\u01a1ng hi\u1ec7u Jasic, \u0111\u01b0\u1ee3c thi\u1ebft k\u1ebf \u0111\u1ec3 \u0111\u00e1p \u1ee9ng nhu c\u1ea7u h\u00e0n \u0111a d\u1ea1ng trong ng\u00e0nh c\u00f4ng nghi\u1ec7p v\u00e0 x\u00e2y d\u1ef1ng. V\u1edbi kh\u1ea3 n\u0103ng h\u00e0n TIG AC\/DC v\u00e0 ch\u1ee9c n\u0103ng h\u00e0n que, s\u1ea3n ph\u1ea9m n\u00e0y mang l\u1ea1i hi\u1ec7u su\u1ea5t cao v\u00e0 ch\u1ea5t l\u01b0\u1ee3ng h\u00e0n \u1ed5n \u0111\u1ecbnh cho nhi\u1ec1u lo\u1ea1i v\u1eadt li\u1ec7u kh\u00e1c nhau.<\/p>\n<h2 class=\"py-2 my-4 text-2xl font-bold border-green-500 border-y border-opacity-10\">T\u00ednh n\u0103ng n\u1ed5i b\u1eadt<\/h2>\n<ul class=\"mb-4 space-y-1 list-none\">\n<li class=\"flex items-center gap-3 leading-relaxed text-gray-800 \"><div class=\"flex items-center justify-center w-5 h-5 bg-red-100 rounded-full shrink-0\"><svg class=\"w-3 h-3 text-red-600\" fill=\"none\" stroke=\"currentColor\" stroke- viewBox=\"0 0 24 24\"><path stroke-linecap=\"round\" stroke-linejoin=\"round\" d=\"M5 13l4 4L19 7\" \/><\/svg><\/div><div class=\"flex-1\">Ch\u1ee9c n\u0103ng h\u00e0n TIG AC\/DC v\u00e0 h\u00e0n que, t\u00edch h\u1ee3p ch\u1ee9c n\u0103ng h\u00e0n xung.<\/div><\/li>\n<li class=\"flex items-center gap-3 leading-relaxed text-gray-800 \"><div class=\"flex items-center justify-center w-5 h-5 bg-red-100 rounded-full shrink-0\"><svg class=\"w-3 h-3 text-red-600\" fill=\"none\" stroke=\"currentColor\" stroke- viewBox=\"0 0 24 24\"><path stroke-linecap=\"round\" stroke-linejoin=\"round\" d=\"M5 13l4 4L19 7\" \/><\/svg><\/div><div class=\"flex-1\">Ph\u1ea1m vi \u0111i\u1ec1u ch\u1ec9nh d\u00f2ng h\u00e0n linh ho\u1ea1t t\u1eeb 10-200A cho TIG v\u00e0 10-160A cho MMA.<\/div><\/li>\n<li class=\"flex items-center gap-3 leading-relaxed text-gray-800 \"><div class=\"flex items-center justify-center w-5 h-5 bg-red-100 rounded-full shrink-0\"><svg class=\"w-3 h-3 text-red-600\" fill=\"none\" stroke=\"currentColor\" stroke- viewBox=\"0 0 24 24\"><path stroke-linecap=\"round\" stroke-linejoin=\"round\" d=\"M5 13l4 4L19 7\" \/><\/svg><\/div><div class=\"flex-1\">C\u00f4ng ngh\u1ec7 m\u1ed3i h\u1ed3 quang HF gi\u00fap kh\u1edfi \u0111\u1ed9ng d\u1ec5 d\u00e0ng v\u00e0 ch\u00ednh x\u00e1c.<\/div><\/li>\n<li class=\"flex items-center gap-3 leading-relaxed text-gray-800 \"><div class=\"flex items-center justify-center w-5 h-5 bg-red-100 rounded-full shrink-0\"><svg class=\"w-3 h-3 text-red-600\" fill=\"none\" stroke=\"currentColor\" stroke- viewBox=\"0 0 24 24\"><path stroke-linecap=\"round\" stroke-linejoin=\"round\" d=\"M5 13l4 4L19 7\" \/><\/svg><\/div><div class=\"flex-1\">C\u1ea5p b\u1ea3o v\u1ec7 IP21S \u0111\u1ea3m b\u1ea3o an to\u00e0n khi s\u1eed d\u1ee5ng trong m\u00f4i tr\u01b0\u1eddng l\u00e0m vi\u1ec7c.<\/div><\/li>\n<\/ul>\n<h2 class=\"py-2 my-4 text-2xl font-bold border-green-500 border-y border-opacity-10\">L\u1ee3i \u00edch khi s\u1eed d\u1ee5ng<\/h2>\n<p class=\"mb-4 leading-relaxed\">S\u1eed d\u1ee5ng m\u00e1y h\u00e0n Tig Jasic TIG 200P ACDC E201 II JET20 gi\u00fap ng\u01b0\u1eddi d\u00f9ng ti\u1ebft ki\u1ec7m th\u1eddi gian v\u00e0 c\u00f4ng s\u1ee9c nh\u1edd v\u00e0o kh\u1ea3 n\u0103ng h\u00e0n nhanh ch\u00f3ng v\u00e0 ch\u00ednh x\u00e1c. Thi\u1ebft b\u1ecb n\u00e0y c\u00f2n gi\u00fap n\u00e2ng cao ch\u1ea5t l\u01b0\u1ee3ng m\u1ed1i h\u00e0n, gi\u1ea3m thi\u1ec3u t\u00ecnh tr\u1ea1ng h\u00e0n x\u1ec9 v\u00e0 \u0111\u1ea3m b\u1ea3o t\u00ednh th\u1ea9m m\u1ef9 cho s\u1ea3n ph\u1ea9m cu\u1ed1i c\u00f9ng.<\/p>\n<h2 class=\"py-2 my-4 text-2xl font-bold border-green-500 border-y border-opacity-10\">\u1ee8ng d\u1ee5ng th\u1ef1c t\u1ebf<\/h2>\n<p class=\"mb-4 leading-relaxed\">M\u00e1y h\u00e0n n\u00e0y r\u1ea5t ph\u00f9 h\u1ee3p cho c\u00e1c \u1ee9ng d\u1ee5ng h\u00e0n trong ng\u00e0nh ch\u1ebf t\u1ea1o c\u01a1 kh\u00ed, s\u1eeda ch\u1eefa \u00f4 t\u00f4, h\u00e0n nh\u00f4m v\u00e0 c\u00e1c v\u1eadt li\u1ec7u kim lo\u1ea1i kh\u00e1c. \u0110\u1eb7c bi\u1ec7t, s\u1ea3n ph\u1ea9m c\u00f3 th\u1ec3 h\u00e0n c\u00e1c v\u1eadt li\u1ec7u d\u00e0y t\u1eeb 0.3-5 mm, \u0111\u00e1p \u1ee9ng nhu c\u1ea7u c\u1ee7a nhi\u1ec1u l\u0129nh v\u1ef1c kh\u00e1c nhau.<\/p>\n<h2 class=\"py-2 my-4 text-2xl font-bold border-green-500 border-y border-opacity-10\">L\u01b0u \u00fd khi s\u1eed d\u1ee5ng<\/h2>\n<p class=\"mb-4 leading-relaxed\">Khi s\u1eed d\u1ee5ng m\u00e1y h\u00e0n Tig Jasic TIG 200P ACDC E201 II JET20, ng\u01b0\u1eddi d\u00f9ng c\u1ea7n ch\u00fa \u00fd:<\/p>\n<ul class=\"mb-4 space-y-1 list-none\">\n<li class=\"flex items-center gap-3 leading-relaxed text-gray-800 \"><div class=\"flex items-center justify-center w-5 h-5 bg-red-100 rounded-full shrink-0\"><svg class=\"w-3 h-3 text-red-600\" fill=\"none\" stroke=\"currentColor\" stroke- viewBox=\"0 0 24 24\"><path stroke-linecap=\"round\" stroke-linejoin=\"round\" d=\"M5 13l4 4L19 7\" \/><\/svg><\/div><div class=\"flex-1\">\u0110\u1ea3m b\u1ea3o k\u1ebft n\u1ed1i \u0111i\u1ec7n an to\u00e0n v\u00e0 \u0111\u00fang c\u00e1ch.<\/div><\/li>\n<li class=\"flex items-center gap-3 leading-relaxed text-gray-800 \"><div class=\"flex items-center justify-center w-5 h-5 bg-red-100 rounded-full shrink-0\"><svg class=\"w-3 h-3 text-red-600\" fill=\"none\" stroke=\"currentColor\" stroke- viewBox=\"0 0 24 24\"><path stroke-linecap=\"round\" stroke-linejoin=\"round\" d=\"M5 13l4 4L19 7\" \/><\/svg><\/div><div class=\"flex-1\">Ki\u1ec3m tra c\u00e1c ph\u1ee5 ki\u1ec7n \u0111i k\u00e8m tr\u01b0\u1edbc khi s\u1eed d\u1ee5ng.<\/div><\/li>\n<li class=\"flex items-center gap-3 leading-relaxed text-gray-800 \"><div class=\"flex items-center justify-center w-5 h-5 bg-red-100 rounded-full shrink-0\"><svg class=\"w-3 h-3 text-red-600\" fill=\"none\" stroke=\"currentColor\" stroke- viewBox=\"0 0 24 24\"><path stroke-linecap=\"round\" stroke-linejoin=\"round\" d=\"M5 13l4 4L19 7\" \/><\/svg><\/div><div class=\"flex-1\">\u0110\u1ecdc k\u1ef9 h\u01b0\u1edbng d\u1eabn s\u1eed d\u1ee5ng \u0111\u1ec3 t\u1ed1i \u01b0u h\u00f3a hi\u1ec7u su\u1ea5t m\u00e1y.<\/div><\/li>\n<\/ul>\n","protected":false},"excerpt":{"rendered":"<p class=\"mb-4 leading-relaxed\">M\u00e1y h\u00e0n Tig Jasic TIG 200P ACDC E201 II JET20 l\u00e0 thi\u1ebft b\u1ecb h\u00e0n \u0111a n\u0103ng, ph\u00f9 h\u1ee3p cho nhi\u1ec1u lo\u1ea1i v\u1eadt li\u1ec7u v\u00e0 \u1ee9ng d\u1ee5ng kh\u00e1c nhau.<\/p>\n","protected":false},"featured_media":441,"template":"","meta":{"footnotes":""},"product_cat":[684,705],"product_tag":[],"ztteam_product_brand":[703],"class_list":["post-440","product","type-product","status-publish","has-post-thumbnail","hentry","product_cat-may-han-phu-kien","product_cat-may-han-tig","ztteam_product_brand-jasic"],"meta_box":{"_sku":"TIG 200P ACDC E201 II JET20","_regular_price":"15675000","_sale_price":"","_price":"15675000","_stock_status":"instock","_stock":"","_manage_stock":"no","_weight":"","_length":"","_width":"","_height":"","_product_image_gallery":[],"_featured":"no","_visibility":"visible","_virtual":"no","_downloadable":"no","product_type":"simple","product_attributes":[],"color_variations":[],"size_variations":[],"storage_variations":[],"material_variations":[]},"price":"15675000","demo_url":"","_links":{"self":[{"href":"https:\/\/dev.wptheme.store\/s\/wpshoppc\/wp-json\/wp\/v2\/product\/440","targetHints":{"allow":["GET"]}}],"collection":[{"href":"https:\/\/dev.wptheme.store\/s\/wpshoppc\/wp-json\/wp\/v2\/product"}],"about":[{"href":"https:\/\/dev.wptheme.store\/s\/wpshoppc\/wp-json\/wp\/v2\/types\/product"}],"version-history":[{"count":0,"href":"https:\/\/dev.wptheme.store\/s\/wpshoppc\/wp-json\/wp\/v2\/product\/440\/revisions"}],"wp:featuredmedia":[{"embeddable":true,"href":"https:\/\/dev.wptheme.store\/s\/wpshoppc\/wp-json\/wp\/v2\/media\/441"}],"wp:attachment":[{"href":"https:\/\/dev.wptheme.store\/s\/wpshoppc\/wp-json\/wp\/v2\/media?parent=440"}],"wp:term":[{"taxonomy":"product_cat","embeddable":true,"href":"https:\/\/dev.wptheme.store\/s\/wpshoppc\/wp-json\/wp\/v2\/product_cat?post=440"},{"taxonomy":"product_tag","embeddable":true,"href":"https:\/\/dev.wptheme.store\/s\/wpshoppc\/wp-json\/wp\/v2\/product_tag?post=440"},{"taxonomy":"ztteam_product_brand","embeddable":true,"href":"https:\/\/dev.wptheme.store\/s\/wpshoppc\/wp-json\/wp\/v2\/ztteam_product_brand?post=440"}],"curies":[{"name":"wp","href":"https:\/\/api.w.org\/{rel}","templated":true}]}}