{"id":458,"date":"2026-03-09T16:25:53","date_gmt":"2026-03-09T09:25:53","guid":{"rendered":"https:\/\/dev.wptheme.store\/s\/wpshoppc\/product\/que-volfram-do-wt-20-1-6150mm-jasic-10096502\/"},"modified":"2026-03-09T16:25:53","modified_gmt":"2026-03-09T09:25:53","slug":"que-volfram-do-wt-20-1-6150mm-jasic-10096502","status":"publish","type":"product","link":"https:\/\/dev.wptheme.store\/s\/wpshoppc\/product\/que-volfram-do-wt-20-1-6150mm-jasic-10096502\/","title":{"rendered":"Que volfram \u0111\u1ecf WT-20 1.6*150mm  Jasic 10096502"},"content":{"rendered":"<p class=\"mb-4 leading-relaxed\">Que volfram \u0111\u1ecf WT-20 1.6*150mm Jasic l\u00e0 s\u1ea3n ph\u1ea9m chuy\u00ean d\u1ee5ng trong l\u0129nh v\u1ef1c h\u00e0n TIG, \u0111\u01b0\u1ee3c thi\u1ebft k\u1ebf \u0111\u1ec3 \u0111\u00e1p \u1ee9ng nhu c\u1ea7u h\u00e0n inox v\u1edbi hi\u1ec7u su\u1ea5t cao v\u00e0 \u0111\u1ed9 b\u1ec1n v\u01b0\u1ee3t tr\u1ed9i. V\u1edbi \u0111\u01b0\u1eddng k\u00ednh 1.6mm v\u00e0 chi\u1ec1u d\u00e0i 150mm, que h\u00e0n n\u00e0y l\u00e0 l\u1ef1a ch\u1ecdn l\u00fd t\u01b0\u1edfng cho c\u00e1c th\u1ee3 h\u00e0n chuy\u00ean nghi\u1ec7p c\u0169ng nh\u01b0 ng\u01b0\u1eddi d\u00f9ng gia \u0111\u00ecnh.<\/p>\n<h2 class=\"py-2 my-4 text-2xl font-bold border-green-500 border-y border-opacity-10\">T\u00ednh n\u0103ng n\u1ed5i b\u1eadt<\/h2>\n<p class=\"mb-4 leading-relaxed\">Que volfram \u0111\u1ecf WT-20 \u0111\u01b0\u1ee3c l\u00e0m t\u1eeb v\u1eadt li\u1ec7u ch\u1ea5t l\u01b0\u1ee3ng cao, v\u1edbi th\u00e0nh ph\u1ea7n h\u00f3a h\u1ecdc \u1ed5n \u0111\u1ecbnh, gi\u00fap t\u1ea1o ra h\u1ed3 quang m\u1ea1nh m\u1ebd v\u00e0 \u1ed5n \u0111\u1ecbnh. S\u1ea3n ph\u1ea9m n\u00e0y c\u00f3 nh\u1eefng \u0111\u1eb7c \u0111i\u1ec3m n\u1ed5i b\u1eadt nh\u01b0:<\/p>\n<ul class=\"mb-4 space-y-1 list-none\">\n<li class=\"flex items-center gap-3 leading-relaxed text-gray-800 \"><div class=\"flex items-center justify-center w-5 h-5 bg-red-100 rounded-full shrink-0\"><svg class=\"w-3 h-3 text-red-600\" fill=\"none\" stroke=\"currentColor\" stroke- viewBox=\"0 0 24 24\"><path stroke-linecap=\"round\" stroke-linejoin=\"round\" d=\"M5 13l4 4L19 7\" \/><\/svg><\/div><div class=\"flex-1\">\u0110\u01b0\u1eddng k\u00ednh nh\u1ecf g\u1ecdn, d\u1ec5 d\u00e0ng thao t\u00e1c trong c\u00e1c kh\u00f4ng gian h\u1eb9p.<\/div><\/li>\n<li class=\"flex items-center gap-3 leading-relaxed text-gray-800 \"><div class=\"flex items-center justify-center w-5 h-5 bg-red-100 rounded-full shrink-0\"><svg class=\"w-3 h-3 text-red-600\" fill=\"none\" stroke=\"currentColor\" stroke- viewBox=\"0 0 24 24\"><path stroke-linecap=\"round\" stroke-linejoin=\"round\" d=\"M5 13l4 4L19 7\" \/><\/svg><\/div><div class=\"flex-1\">Kh\u1ea3 n\u0103ng ch\u1ecbu nhi\u1ec7t t\u1ed1t, gi\u1ea3m thi\u1ec3u hi\u1ec7n t\u01b0\u1ee3ng m\u00e0i m\u00f2n trong qu\u00e1 tr\u00ecnh s\u1eed d\u1ee5ng.<\/div><\/li>\n<li class=\"flex items-center gap-3 leading-relaxed text-gray-800 \"><div class=\"flex items-center justify-center w-5 h-5 bg-red-100 rounded-full shrink-0\"><svg class=\"w-3 h-3 text-red-600\" fill=\"none\" stroke=\"currentColor\" stroke- viewBox=\"0 0 24 24\"><path stroke-linecap=\"round\" stroke-linejoin=\"round\" d=\"M5 13l4 4L19 7\" \/><\/svg><\/div><div class=\"flex-1\">Ph\u00f9 h\u1ee3p cho nhi\u1ec1u lo\u1ea1i m\u00e1y h\u00e0n TIG kh\u00e1c nhau.<\/div><\/li>\n<\/ul>\n<h2 class=\"py-2 my-4 text-2xl font-bold border-green-500 border-y border-opacity-10\">L\u1ee3i \u00edch khi s\u1eed d\u1ee5ng<\/h2>\n<p class=\"mb-4 leading-relaxed\">S\u1eed d\u1ee5ng que volfram \u0111\u1ecf WT-20 gi\u00fap n\u00e2ng cao ch\u1ea5t l\u01b0\u1ee3ng m\u1ed1i h\u00e0n, \u0111\u1ea3m b\u1ea3o \u0111\u1ed9 b\u1ec1n v\u00e0 t\u00ednh th\u1ea9m m\u1ef9 cho s\u1ea3n ph\u1ea9m h\u00e0n. Ngo\u00e0i ra, vi\u1ec7c s\u1eed d\u1ee5ng s\u1ea3n ph\u1ea9m ch\u00ednh h\u00e3ng Jasic c\u00f2n mang l\u1ea1i s\u1ef1 y\u00ean t\u00e2m v\u1ec1 ch\u1ea5t l\u01b0\u1ee3ng v\u00e0 hi\u1ec7u su\u1ea5t l\u00e0m vi\u1ec7c.<\/p>\n<h2 class=\"py-2 my-4 text-2xl font-bold border-green-500 border-y border-opacity-10\">\u1ee8ng d\u1ee5ng th\u1ef1c t\u1ebf<\/h2>\n<p class=\"mb-4 leading-relaxed\">Que h\u00e0n n\u00e0y ch\u1ee7 y\u1ebfu \u0111\u01b0\u1ee3c s\u1eed d\u1ee5ng trong c\u00e1c \u1ee9ng d\u1ee5ng h\u00e0n inox, bao g\u1ed3m:<\/p>\n<ul class=\"mb-4 space-y-1 list-none\">\n<li class=\"flex items-center gap-3 leading-relaxed text-gray-800 \"><div class=\"flex items-center justify-center w-5 h-5 bg-red-100 rounded-full shrink-0\"><svg class=\"w-3 h-3 text-red-600\" fill=\"none\" stroke=\"currentColor\" stroke- viewBox=\"0 0 24 24\"><path stroke-linecap=\"round\" stroke-linejoin=\"round\" d=\"M5 13l4 4L19 7\" \/><\/svg><\/div><div class=\"flex-1\">H\u00e0n c\u00e1c c\u1ea5u ki\u1ec7n inox trong ng\u00e0nh x\u00e2y d\u1ef1ng.<\/div><\/li>\n<li class=\"flex items-center gap-3 leading-relaxed text-gray-800 \"><div class=\"flex items-center justify-center w-5 h-5 bg-red-100 rounded-full shrink-0\"><svg class=\"w-3 h-3 text-red-600\" fill=\"none\" stroke=\"currentColor\" stroke- viewBox=\"0 0 24 24\"><path stroke-linecap=\"round\" stroke-linejoin=\"round\" d=\"M5 13l4 4L19 7\" \/><\/svg><\/div><div class=\"flex-1\">S\u1ea3n xu\u1ea5t \u0111\u1ed3 n\u1ed9i th\u1ea5t inox.<\/div><\/li>\n<li class=\"flex items-center gap-3 leading-relaxed text-gray-800 \"><div class=\"flex items-center justify-center w-5 h-5 bg-red-100 rounded-full shrink-0\"><svg class=\"w-3 h-3 text-red-600\" fill=\"none\" stroke=\"currentColor\" stroke- viewBox=\"0 0 24 24\"><path stroke-linecap=\"round\" stroke-linejoin=\"round\" d=\"M5 13l4 4L19 7\" \/><\/svg><\/div><div class=\"flex-1\">Ch\u1ebf t\u1ea1o m\u00e1y m\u00f3c v\u00e0 thi\u1ebft b\u1ecb c\u00f4ng nghi\u1ec7p.<\/div><\/li>\n<\/ul>\n<h2 class=\"py-2 my-4 text-2xl font-bold border-green-500 border-y border-opacity-10\">L\u01b0u \u00fd khi s\u1eed d\u1ee5ng<\/h2>\n<p class=\"mb-4 leading-relaxed\">Khi s\u1eed d\u1ee5ng que volfram \u0111\u1ecf WT-20, b\u1ea1n c\u1ea7n l\u01b0u \u00fd:<\/p>\n<ul class=\"mb-4 space-y-1 list-none\">\n<li class=\"flex items-center gap-3 leading-relaxed text-gray-800 \"><div class=\"flex items-center justify-center w-5 h-5 bg-red-100 rounded-full shrink-0\"><svg class=\"w-3 h-3 text-red-600\" fill=\"none\" stroke=\"currentColor\" stroke- viewBox=\"0 0 24 24\"><path stroke-linecap=\"round\" stroke-linejoin=\"round\" d=\"M5 13l4 4L19 7\" \/><\/svg><\/div><div class=\"flex-1\">\u0110\u1ea3m b\u1ea3o que h\u00e0n lu\u00f4n \u0111\u01b0\u1ee3c gi\u1eef s\u1ea1ch s\u1ebd \u0111\u1ec3 tr\u00e1nh \u1ea3nh h\u01b0\u1edfng \u0111\u1ebfn ch\u1ea5t l\u01b0\u1ee3ng m\u1ed1i h\u00e0n.<\/div><\/li>\n<li class=\"flex items-center gap-3 leading-relaxed text-gray-800 \"><div class=\"flex items-center justify-center w-5 h-5 bg-red-100 rounded-full shrink-0\"><svg class=\"w-3 h-3 text-red-600\" fill=\"none\" stroke=\"currentColor\" stroke- viewBox=\"0 0 24 24\"><path stroke-linecap=\"round\" stroke-linejoin=\"round\" d=\"M5 13l4 4L19 7\" \/><\/svg><\/div><div class=\"flex-1\">Ki\u1ec3m tra tem ch\u1ed1ng gi\u1ea3 v\u00e0 k\u00edch ho\u1ea1t b\u1ea3o h\u00e0nh \u0111i\u1ec7n t\u1eed \u0111\u1ec3 \u0111\u1ea3m b\u1ea3o s\u1ea3n ph\u1ea9m ch\u00ednh h\u00e3ng.<\/div><\/li>\n<li class=\"flex items-center gap-3 leading-relaxed text-gray-800 \"><div class=\"flex items-center justify-center w-5 h-5 bg-red-100 rounded-full shrink-0\"><svg class=\"w-3 h-3 text-red-600\" fill=\"none\" stroke=\"currentColor\" stroke- viewBox=\"0 0 24 24\"><path stroke-linecap=\"round\" stroke-linejoin=\"round\" d=\"M5 13l4 4L19 7\" \/><\/svg><\/div><div class=\"flex-1\">Th\u1ef1c hi\u1ec7n b\u1ea3o qu\u1ea3n que h\u00e0n \u1edf n\u01a1i kh\u00f4 r\u00e1o, tr\u00e1nh \u1ea9m \u01b0\u1edbt.<\/div><\/li>\n<\/ul>\n","protected":false},"excerpt":{"rendered":"<p class=\"mb-4 leading-relaxed\">Que volfram \u0111\u1ecf WT-20 1.6*150mm Jasic l\u00e0 ph\u1ee5 ki\u1ec7n h\u00e0n TIG ch\u1ea5t l\u01b0\u1ee3ng cao, chuy\u00ean d\u00f9ng cho h\u00e0n inox, mang l\u1ea1i hi\u1ec7u su\u1ea5t h\u00e0n t\u1ed1i \u01b0u.<\/p>\n","protected":false},"featured_media":459,"template":"","meta":{"footnotes":""},"product_cat":[701,684,686],"product_tag":[],"ztteam_product_brand":[703],"class_list":["post-458","product","type-product","status-publish","has-post-thumbnail","hentry","product_cat-kim-han-tig","product_cat-may-han-phu-kien","product_cat-phu-kien-han","ztteam_product_brand-jasic"],"meta_box":{"_sku":"10096502","_regular_price":"150000","_sale_price":"","_price":"150000","_stock_status":"instock","_stock":"","_manage_stock":"no","_weight":"","_length":"","_width":"","_height":"","_product_image_gallery":[],"_featured":"no","_visibility":"visible","_virtual":"no","_downloadable":"no","product_type":"simple","product_attributes":[],"color_variations":[],"size_variations":[],"storage_variations":[],"material_variations":[]},"price":"150000","demo_url":"","_links":{"self":[{"href":"https:\/\/dev.wptheme.store\/s\/wpshoppc\/wp-json\/wp\/v2\/product\/458","targetHints":{"allow":["GET"]}}],"collection":[{"href":"https:\/\/dev.wptheme.store\/s\/wpshoppc\/wp-json\/wp\/v2\/product"}],"about":[{"href":"https:\/\/dev.wptheme.store\/s\/wpshoppc\/wp-json\/wp\/v2\/types\/product"}],"version-history":[{"count":0,"href":"https:\/\/dev.wptheme.store\/s\/wpshoppc\/wp-json\/wp\/v2\/product\/458\/revisions"}],"wp:featuredmedia":[{"embeddable":true,"href":"https:\/\/dev.wptheme.store\/s\/wpshoppc\/wp-json\/wp\/v2\/media\/459"}],"wp:attachment":[{"href":"https:\/\/dev.wptheme.store\/s\/wpshoppc\/wp-json\/wp\/v2\/media?parent=458"}],"wp:term":[{"taxonomy":"product_cat","embeddable":true,"href":"https:\/\/dev.wptheme.store\/s\/wpshoppc\/wp-json\/wp\/v2\/product_cat?post=458"},{"taxonomy":"product_tag","embeddable":true,"href":"https:\/\/dev.wptheme.store\/s\/wpshoppc\/wp-json\/wp\/v2\/product_tag?post=458"},{"taxonomy":"ztteam_product_brand","embeddable":true,"href":"https:\/\/dev.wptheme.store\/s\/wpshoppc\/wp-json\/wp\/v2\/ztteam_product_brand?post=458"}],"curies":[{"name":"wp","href":"https:\/\/api.w.org\/{rel}","templated":true}]}}