{"id":462,"date":"2026-03-09T16:25:55","date_gmt":"2026-03-09T09:25:55","guid":{"rendered":"https:\/\/dev.wptheme.store\/s\/wpshoppc\/product\/mo-han-mig-mo-han-thom-che-pham-tay-sach-be-mat-kim-loai-p62a-036855\/"},"modified":"2026-03-09T16:25:55","modified_gmt":"2026-03-09T09:25:55","slug":"mo-han-mig-mo-han-thom-che-pham-tay-sach-be-mat-kim-loai-p62a-036855","status":"publish","type":"product","link":"https:\/\/dev.wptheme.store\/s\/wpshoppc\/product\/mo-han-mig-mo-han-thom-che-pham-tay-sach-be-mat-kim-loai-p62a-036855\/","title":{"rendered":"M\u1ee1 h\u00e0n Mig, M\u1ee1 h\u00e0n th\u01a1m ch\u1ebf ph\u1ea9m t\u1ea9y s\u1ea1ch b\u1ec1 m\u1eb7t kim lo\u1ea1i P62A-036855"},"content":{"rendered":"<p class=\"mb-4 leading-relaxed\">M\u1ee1 h\u00e0n Mig Jasic P62A-036855 l\u00e0 s\u1ea3n ph\u1ea9m chuy\u00ean d\u1ee5ng \u0111\u01b0\u1ee3c thi\u1ebft k\u1ebf \u0111\u1ec3 t\u1ea9y s\u1ea1ch b\u1ec1 m\u1eb7t kim lo\u1ea1i tr\u01b0\u1edbc khi h\u00e0n. V\u1edbi c\u00f4ng th\u1ee9c \u0111\u1eb7c bi\u1ec7t, s\u1ea3n ph\u1ea9m n\u00e0y kh\u00f4ng ch\u1ec9 gi\u00fap lo\u1ea1i b\u1ecf b\u1ee5i b\u1ea9n, d\u1ea7u m\u1ee1 m\u00e0 c\u00f2n t\u1ea1o ra b\u1ec1 m\u1eb7t h\u00e0n s\u1ea1ch s\u1ebd, \u0111\u1ea3m b\u1ea3o ch\u1ea5t l\u01b0\u1ee3ng m\u1ed1i h\u00e0n t\u1ed1t nh\u1ea5t.<\/p>\n<h2 class=\"py-2 my-4 text-2xl font-bold border-green-500 border-y border-opacity-10\">T\u00ednh n\u0103ng n\u1ed5i b\u1eadt<\/h2>\n<ul class=\"mb-4 space-y-1 list-none\">\n<li class=\"flex items-center gap-3 leading-relaxed text-gray-800 \"><div class=\"flex items-center justify-center w-5 h-5 bg-red-100 rounded-full shrink-0\"><svg class=\"w-3 h-3 text-red-600\" fill=\"none\" stroke=\"currentColor\" stroke- viewBox=\"0 0 24 24\"><path stroke-linecap=\"round\" stroke-linejoin=\"round\" d=\"M5 13l4 4L19 7\" \/><\/svg><\/div><div class=\"flex-1\">Ch\u1ebf ph\u1ea9m t\u1ea9y s\u1ea1ch hi\u1ec7u qu\u1ea3, d\u1ec5 s\u1eed d\u1ee5ng.<\/div><\/li>\n<li class=\"flex items-center gap-3 leading-relaxed text-gray-800 \"><div class=\"flex items-center justify-center w-5 h-5 bg-red-100 rounded-full shrink-0\"><svg class=\"w-3 h-3 text-red-600\" fill=\"none\" stroke=\"currentColor\" stroke- viewBox=\"0 0 24 24\"><path stroke-linecap=\"round\" stroke-linejoin=\"round\" d=\"M5 13l4 4L19 7\" \/><\/svg><\/div><div class=\"flex-1\">Gi\u1ea3m thi\u1ec3u nguy c\u01a1 khuy\u1ebft t\u1eadt trong m\u1ed1i h\u00e0n.<\/div><\/li>\n<li class=\"flex items-center gap-3 leading-relaxed text-gray-800 \"><div class=\"flex items-center justify-center w-5 h-5 bg-red-100 rounded-full shrink-0\"><svg class=\"w-3 h-3 text-red-600\" fill=\"none\" stroke=\"currentColor\" stroke- viewBox=\"0 0 24 24\"><path stroke-linecap=\"round\" stroke-linejoin=\"round\" d=\"M5 13l4 4L19 7\" \/><\/svg><\/div><div class=\"flex-1\">\u0110\u00f3ng g\u00f3i ti\u1ec7n l\u1ee3i 200g\/h\u1ed9p, d\u1ec5 b\u1ea3o qu\u1ea3n.<\/div><\/li>\n<\/ul>\n<h2 class=\"py-2 my-4 text-2xl font-bold border-green-500 border-y border-opacity-10\">L\u1ee3i \u00edch khi s\u1eed d\u1ee5ng<\/h2>\n<p class=\"mb-4 leading-relaxed\">S\u1eed d\u1ee5ng m\u1ee1 h\u00e0n Jasic P62A-036855 gi\u00fap n\u00e2ng cao ch\u1ea5t l\u01b0\u1ee3ng m\u1ed1i h\u00e0n, gi\u1ea3m thi\u1ec3u t\u00ecnh tr\u1ea1ng r\u1ec9 s\u00e9t v\u00e0 oxi h\u00f3a tr\u00ean b\u1ec1 m\u1eb7t kim lo\u1ea1i. \u0110i\u1ec1u n\u00e0y kh\u00f4ng ch\u1ec9 ti\u1ebft ki\u1ec7m th\u1eddi gian m\u00e0 c\u00f2n gi\u1ea3m chi ph\u00ed s\u1eeda ch\u1eefa cho c\u00e1c c\u00f4ng tr\u00ecnh h\u00e0n.<\/p>\n<h2 class=\"py-2 my-4 text-2xl font-bold border-green-500 border-y border-opacity-10\">\u1ee8ng d\u1ee5ng th\u1ef1c t\u1ebf<\/h2>\n<p class=\"mb-4 leading-relaxed\">S\u1ea3n ph\u1ea9m th\u00edch h\u1ee3p cho nhi\u1ec1u \u1ee9ng d\u1ee5ng trong ng\u00e0nh c\u00f4ng nghi\u1ec7p h\u00e0n, bao g\u1ed3m:<\/p>\n<ul class=\"mb-4 space-y-1 list-none\">\n<li class=\"flex items-center gap-3 leading-relaxed text-gray-800 \"><div class=\"flex items-center justify-center w-5 h-5 bg-red-100 rounded-full shrink-0\"><svg class=\"w-3 h-3 text-red-600\" fill=\"none\" stroke=\"currentColor\" stroke- viewBox=\"0 0 24 24\"><path stroke-linecap=\"round\" stroke-linejoin=\"round\" d=\"M5 13l4 4L19 7\" \/><\/svg><\/div><div class=\"flex-1\">H\u00e0n kim lo\u1ea1i trong c\u00e1c x\u01b0\u1edfng s\u1ea3n xu\u1ea5t.<\/div><\/li>\n<li class=\"flex items-center gap-3 leading-relaxed text-gray-800 \"><div class=\"flex items-center justify-center w-5 h-5 bg-red-100 rounded-full shrink-0\"><svg class=\"w-3 h-3 text-red-600\" fill=\"none\" stroke=\"currentColor\" stroke- viewBox=\"0 0 24 24\"><path stroke-linecap=\"round\" stroke-linejoin=\"round\" d=\"M5 13l4 4L19 7\" \/><\/svg><\/div><div class=\"flex-1\">Th\u1ef1c hi\u1ec7n c\u00e1c c\u00f4ng vi\u1ec7c s\u1eeda ch\u1eefa v\u00e0 b\u1ea3o tr\u00ec thi\u1ebft b\u1ecb.<\/div><\/li>\n<li class=\"flex items-center gap-3 leading-relaxed text-gray-800 \"><div class=\"flex items-center justify-center w-5 h-5 bg-red-100 rounded-full shrink-0\"><svg class=\"w-3 h-3 text-red-600\" fill=\"none\" stroke=\"currentColor\" stroke- viewBox=\"0 0 24 24\"><path stroke-linecap=\"round\" stroke-linejoin=\"round\" d=\"M5 13l4 4L19 7\" \/><\/svg><\/div><div class=\"flex-1\">H\u00e0n c\u00e1c s\u1ea3n ph\u1ea9m gia d\u1ee5ng v\u00e0 c\u00f4ng nghi\u1ec7p.<\/div><\/li>\n<\/ul>\n<h2 class=\"py-2 my-4 text-2xl font-bold border-green-500 border-y border-opacity-10\">L\u01b0u \u00fd khi s\u1eed d\u1ee5ng<\/h2>\n<p class=\"mb-4 leading-relaxed\">Khi s\u1eed d\u1ee5ng m\u1ee1 h\u00e0n Jasic P62A-036855, h\u00e3y \u0111\u1ea3m b\u1ea3o b\u1ec1 m\u1eb7t kim lo\u1ea1i \u0111\u01b0\u1ee3c l\u00e0m s\u1ea1ch ho\u00e0n to\u00e0n tr\u01b0\u1edbc khi h\u00e0n. \u0110\u1ec3 \u0111\u1ea1t hi\u1ec7u qu\u1ea3 t\u1ed1t nh\u1ea5t, n\u00ean s\u1eed d\u1ee5ng s\u1ea3n ph\u1ea9m trong m\u00f4i tr\u01b0\u1eddng kh\u00f4 r\u00e1o v\u00e0 tho\u00e1ng m\u00e1t.<\/p>\n","protected":false},"excerpt":{"rendered":"<p class=\"mb-4 leading-relaxed\">M\u1ee1 h\u00e0n Mig Jasic P62A-036855 l\u00e0 ch\u1ebf ph\u1ea9m t\u1ea9y s\u1ea1ch b\u1ec1 m\u1eb7t kim lo\u1ea1i, gi\u00fap n\u00e2ng cao hi\u1ec7u qu\u1ea3 h\u00e0n v\u00e0 b\u1ea3o v\u1ec7 thi\u1ebft b\u1ecb.<\/p>\n","protected":false},"featured_media":463,"template":"","meta":{"footnotes":""},"product_cat":[684,698,686],"product_tag":[],"ztteam_product_brand":[703],"class_list":["post-462","product","type-product","status-publish","has-post-thumbnail","hentry","product_cat-may-han-phu-kien","product_cat-mo-han","product_cat-phu-kien-han","ztteam_product_brand-jasic"],"meta_box":{"_sku":"P62A-036855","_regular_price":"33000","_sale_price":"","_price":"33000","_stock_status":"instock","_stock":"","_manage_stock":"no","_weight":"","_length":"","_width":"","_height":"","_product_image_gallery":[],"_featured":"no","_visibility":"visible","_virtual":"no","_downloadable":"no","product_type":"simple","product_attributes":[],"color_variations":[],"size_variations":[],"storage_variations":[],"material_variations":[]},"price":"33000","demo_url":"","_links":{"self":[{"href":"https:\/\/dev.wptheme.store\/s\/wpshoppc\/wp-json\/wp\/v2\/product\/462","targetHints":{"allow":["GET"]}}],"collection":[{"href":"https:\/\/dev.wptheme.store\/s\/wpshoppc\/wp-json\/wp\/v2\/product"}],"about":[{"href":"https:\/\/dev.wptheme.store\/s\/wpshoppc\/wp-json\/wp\/v2\/types\/product"}],"version-history":[{"count":0,"href":"https:\/\/dev.wptheme.store\/s\/wpshoppc\/wp-json\/wp\/v2\/product\/462\/revisions"}],"wp:featuredmedia":[{"embeddable":true,"href":"https:\/\/dev.wptheme.store\/s\/wpshoppc\/wp-json\/wp\/v2\/media\/463"}],"wp:attachment":[{"href":"https:\/\/dev.wptheme.store\/s\/wpshoppc\/wp-json\/wp\/v2\/media?parent=462"}],"wp:term":[{"taxonomy":"product_cat","embeddable":true,"href":"https:\/\/dev.wptheme.store\/s\/wpshoppc\/wp-json\/wp\/v2\/product_cat?post=462"},{"taxonomy":"product_tag","embeddable":true,"href":"https:\/\/dev.wptheme.store\/s\/wpshoppc\/wp-json\/wp\/v2\/product_tag?post=462"},{"taxonomy":"ztteam_product_brand","embeddable":true,"href":"https:\/\/dev.wptheme.store\/s\/wpshoppc\/wp-json\/wp\/v2\/ztteam_product_brand?post=462"}],"curies":[{"name":"wp","href":"https:\/\/api.w.org\/{rel}","templated":true}]}}