{"id":468,"date":"2026-03-09T16:25:58","date_gmt":"2026-03-09T09:25:58","guid":{"rendered":"https:\/\/dev.wptheme.store\/s\/wpshoppc\/product\/may-han-mig-jasic-nb-270d-j346\/"},"modified":"2026-03-09T16:25:58","modified_gmt":"2026-03-09T09:25:58","slug":"may-han-mig-jasic-nb-270d-j346","status":"publish","type":"product","link":"https:\/\/dev.wptheme.store\/s\/wpshoppc\/product\/may-han-mig-jasic-nb-270d-j346\/","title":{"rendered":"M\u00e1y h\u00e0n Mig Jasic NB-270D (J346)"},"content":{"rendered":"<p class=\"mb-4 leading-relaxed\">M\u00e1y h\u00e0n Mig Jasic NB-270D (J346) l\u00e0 m\u1ed9t trong nh\u1eefng s\u1ea3n ph\u1ea9m n\u1ed5i b\u1eadt c\u1ee7a th\u01b0\u01a1ng hi\u1ec7u Jasic, \u0111\u01b0\u1ee3c thi\u1ebft k\u1ebf \u0111\u1ec3 \u0111\u00e1p \u1ee9ng nhu c\u1ea7u h\u00e0n \u0111a d\u1ea1ng trong ng\u00e0nh c\u00f4ng nghi\u1ec7p v\u00e0 x\u00e2y d\u1ef1ng. V\u1edbi c\u00f4ng ngh\u1ec7 h\u00e0n Mig\/Mag\/MMA, m\u00e1y mang l\u1ea1i hi\u1ec7u su\u1ea5t h\u00e0n \u1ed5n \u0111\u1ecbnh v\u00e0 ch\u1ea5t l\u01b0\u1ee3ng m\u1ed1i h\u00e0n cao.<\/p>\n<h2 class=\"py-2 my-4 text-2xl font-bold border-green-500 border-y border-opacity-10\">T\u00ednh n\u0103ng n\u1ed5i b\u1eadt<\/h2>\n<p class=\"mb-4 leading-relaxed\">M\u00e1y h\u00e0n n\u00e0y s\u1edf h\u1eefu nhi\u1ec1u t\u00ednh n\u0103ng \u01b0u vi\u1ec7t nh\u01b0:<\/p>\n<ul class=\"mb-4 space-y-1 list-none\">\n<li class=\"flex items-center gap-3 leading-relaxed text-gray-800 \"><div class=\"flex items-center justify-center w-5 h-5 bg-red-100 rounded-full shrink-0\"><svg class=\"w-3 h-3 text-red-600\" fill=\"none\" stroke=\"currentColor\" stroke- viewBox=\"0 0 24 24\"><path stroke-linecap=\"round\" stroke-linejoin=\"round\" d=\"M5 13l4 4L19 7\" \/><\/svg><\/div><div class=\"flex-1\">C\u00f4ng ngh\u1ec7 h\u00e0n ti\u00ean ti\u1ebfn, d\u1ec5 s\u1eed d\u1ee5ng.<\/div><\/li>\n<li class=\"flex items-center gap-3 leading-relaxed text-gray-800 \"><div class=\"flex items-center justify-center w-5 h-5 bg-red-100 rounded-full shrink-0\"><svg class=\"w-3 h-3 text-red-600\" fill=\"none\" stroke=\"currentColor\" stroke- viewBox=\"0 0 24 24\"><path stroke-linecap=\"round\" stroke-linejoin=\"round\" d=\"M5 13l4 4L19 7\" \/><\/svg><\/div><div class=\"flex-1\">Kh\u1ea3 n\u0103ng h\u00e0n v\u1edbi nhi\u1ec1u lo\u1ea1i d\u00e2y v\u00e0 que h\u00e0n kh\u00e1c nhau.<\/div><\/li>\n<li class=\"flex items-center gap-3 leading-relaxed text-gray-800 \"><div class=\"flex items-center justify-center w-5 h-5 bg-red-100 rounded-full shrink-0\"><svg class=\"w-3 h-3 text-red-600\" fill=\"none\" stroke=\"currentColor\" stroke- viewBox=\"0 0 24 24\"><path stroke-linecap=\"round\" stroke-linejoin=\"round\" d=\"M5 13l4 4L19 7\" \/><\/svg><\/div><div class=\"flex-1\">C\u1ea5p \u0111\u1ed9 b\u1ea3o v\u1ec7 IP 21S, \u0111\u1ea3m b\u1ea3o an to\u00e0n trong qu\u00e1 tr\u00ecnh s\u1eed d\u1ee5ng.<\/div><\/li>\n<\/ul>\n<h2 class=\"py-2 my-4 text-2xl font-bold border-green-500 border-y border-opacity-10\">L\u1ee3i \u00edch khi s\u1eed d\u1ee5ng<\/h2>\n<p class=\"mb-4 leading-relaxed\">S\u1eed d\u1ee5ng m\u00e1y h\u00e0n Mig Jasic NB-270D gi\u00fap ng\u01b0\u1eddi d\u00f9ng ti\u1ebft ki\u1ec7m th\u1eddi gian v\u00e0 c\u00f4ng s\u1ee9c, \u0111\u1ed3ng th\u1eddi \u0111\u1ea3m b\u1ea3o ch\u1ea5t l\u01b0\u1ee3ng m\u1ed1i h\u00e0n. M\u00e1y c\u00f3 kh\u1ea3 n\u0103ng h\u00e0n tr\u00ean nhi\u1ec1u lo\u1ea1i v\u1eadt li\u1ec7u kh\u00e1c nhau, t\u1eeb m\u1ecfng \u0111\u1ebfn d\u00e0y, ph\u00f9 h\u1ee3p cho nhi\u1ec1u \u1ee9ng d\u1ee5ng kh\u00e1c nhau.<\/p>\n<h2 class=\"py-2 my-4 text-2xl font-bold border-green-500 border-y border-opacity-10\">\u1ee8ng d\u1ee5ng th\u1ef1c t\u1ebf<\/h2>\n<p class=\"mb-4 leading-relaxed\">M\u00e1y h\u00e0n Mig Jasic NB-270D th\u01b0\u1eddng \u0111\u01b0\u1ee3c s\u1eed d\u1ee5ng trong:<\/p>\n<ul class=\"mb-4 space-y-1 list-none\">\n<li class=\"flex items-center gap-3 leading-relaxed text-gray-800 \"><div class=\"flex items-center justify-center w-5 h-5 bg-red-100 rounded-full shrink-0\"><svg class=\"w-3 h-3 text-red-600\" fill=\"none\" stroke=\"currentColor\" stroke- viewBox=\"0 0 24 24\"><path stroke-linecap=\"round\" stroke-linejoin=\"round\" d=\"M5 13l4 4L19 7\" \/><\/svg><\/div><div class=\"flex-1\">C\u00e1c x\u01b0\u1edfng s\u1ea3n xu\u1ea5t c\u01a1 kh\u00ed.<\/div><\/li>\n<li class=\"flex items-center gap-3 leading-relaxed text-gray-800 \"><div class=\"flex items-center justify-center w-5 h-5 bg-red-100 rounded-full shrink-0\"><svg class=\"w-3 h-3 text-red-600\" fill=\"none\" stroke=\"currentColor\" stroke- viewBox=\"0 0 24 24\"><path stroke-linecap=\"round\" stroke-linejoin=\"round\" d=\"M5 13l4 4L19 7\" \/><\/svg><\/div><div class=\"flex-1\">C\u00f4ng tr\u00ecnh x\u00e2y d\u1ef1ng.<\/div><\/li>\n<li class=\"flex items-center gap-3 leading-relaxed text-gray-800 \"><div class=\"flex items-center justify-center w-5 h-5 bg-red-100 rounded-full shrink-0\"><svg class=\"w-3 h-3 text-red-600\" fill=\"none\" stroke=\"currentColor\" stroke- viewBox=\"0 0 24 24\"><path stroke-linecap=\"round\" stroke-linejoin=\"round\" d=\"M5 13l4 4L19 7\" \/><\/svg><\/div><div class=\"flex-1\">Ng\u00e0nh ch\u1ebf t\u1ea1o \u00f4 t\u00f4 v\u00e0 t\u00e0u bi\u1ec3n.<\/div><\/li>\n<\/ul>\n<h2 class=\"py-2 my-4 text-2xl font-bold border-green-500 border-y border-opacity-10\">L\u01b0u \u00fd khi s\u1eed d\u1ee5ng<\/h2>\n<p class=\"mb-4 leading-relaxed\">Khi s\u1eed d\u1ee5ng m\u00e1y h\u00e0n, ng\u01b0\u1eddi d\u00f9ng c\u1ea7n ch\u00fa \u00fd:<\/p>\n<ul class=\"mb-4 space-y-1 list-none\">\n<li class=\"flex items-center gap-3 leading-relaxed text-gray-800 \"><div class=\"flex items-center justify-center w-5 h-5 bg-red-100 rounded-full shrink-0\"><svg class=\"w-3 h-3 text-red-600\" fill=\"none\" stroke=\"currentColor\" stroke- viewBox=\"0 0 24 24\"><path stroke-linecap=\"round\" stroke-linejoin=\"round\" d=\"M5 13l4 4L19 7\" \/><\/svg><\/div><div class=\"flex-1\">\u0110\u1ea3m b\u1ea3o an to\u00e0n \u0111i\u1ec7n v\u00e0 s\u1eed d\u1ee5ng \u0111\u00fang \u0111i\u1ec7n \u00e1p.<\/div><\/li>\n<li class=\"flex items-center gap-3 leading-relaxed text-gray-800 \"><div class=\"flex items-center justify-center w-5 h-5 bg-red-100 rounded-full shrink-0\"><svg class=\"w-3 h-3 text-red-600\" fill=\"none\" stroke=\"currentColor\" stroke- viewBox=\"0 0 24 24\"><path stroke-linecap=\"round\" stroke-linejoin=\"round\" d=\"M5 13l4 4L19 7\" \/><\/svg><\/div><div class=\"flex-1\">Th\u1ef1c hi\u1ec7n ki\u1ec3m tra \u0111\u1ecbnh k\u1ef3 m\u00e1y \u0111\u1ec3 \u0111\u1ea3m b\u1ea3o hi\u1ec7u su\u1ea5t.<\/div><\/li>\n<li class=\"flex items-center gap-3 leading-relaxed text-gray-800 \"><div class=\"flex items-center justify-center w-5 h-5 bg-red-100 rounded-full shrink-0\"><svg class=\"w-3 h-3 text-red-600\" fill=\"none\" stroke=\"currentColor\" stroke- viewBox=\"0 0 24 24\"><path stroke-linecap=\"round\" stroke-linejoin=\"round\" d=\"M5 13l4 4L19 7\" \/><\/svg><\/div><div class=\"flex-1\">Ki\u1ec3m tra tem ch\u1ed1ng gi\u1ea3 v\u00e0 k\u00edch ho\u1ea1t b\u1ea3o h\u00e0nh \u0111i\u1ec7n t\u1eed n\u1ebfu s\u1ea3n ph\u1ea9m thu\u1ed9c th\u01b0\u01a1ng hi\u1ec7u l\u1edbn.<\/div><\/li>\n<\/ul>\n","protected":false},"excerpt":{"rendered":"<p class=\"mb-4 leading-relaxed\">M\u00e1y h\u00e0n Mig Jasic NB-270D (J346) l\u00e0 thi\u1ebft b\u1ecb h\u00e0n ch\u1ea5t l\u01b0\u1ee3ng cao, ph\u00f9 h\u1ee3p cho c\u1ea3 c\u00f4ng vi\u1ec7c chuy\u00ean nghi\u1ec7p v\u00e0 gia \u0111\u00ecnh, v\u1edbi nhi\u1ec1u t\u00ednh n\u0103ng \u01b0u vi\u1ec7t.<\/p>\n","protected":false},"featured_media":469,"template":"","meta":{"footnotes":""},"product_cat":[684,694],"product_tag":[],"ztteam_product_brand":[703],"class_list":["post-468","product","type-product","status-publish","has-post-thumbnail","hentry","product_cat-may-han-phu-kien","product_cat-may-han-mig","ztteam_product_brand-jasic"],"meta_box":{"_sku":"NB-270D","_regular_price":"15010000","_sale_price":"","_price":"15010000","_stock_status":"instock","_stock":"","_manage_stock":"no","_weight":"","_length":"","_width":"","_height":"","_product_image_gallery":[],"_featured":"no","_visibility":"visible","_virtual":"no","_downloadable":"no","product_type":"simple","product_attributes":[],"color_variations":[],"size_variations":[],"storage_variations":[],"material_variations":[]},"price":"15010000","demo_url":"","_links":{"self":[{"href":"https:\/\/dev.wptheme.store\/s\/wpshoppc\/wp-json\/wp\/v2\/product\/468","targetHints":{"allow":["GET"]}}],"collection":[{"href":"https:\/\/dev.wptheme.store\/s\/wpshoppc\/wp-json\/wp\/v2\/product"}],"about":[{"href":"https:\/\/dev.wptheme.store\/s\/wpshoppc\/wp-json\/wp\/v2\/types\/product"}],"version-history":[{"count":0,"href":"https:\/\/dev.wptheme.store\/s\/wpshoppc\/wp-json\/wp\/v2\/product\/468\/revisions"}],"wp:featuredmedia":[{"embeddable":true,"href":"https:\/\/dev.wptheme.store\/s\/wpshoppc\/wp-json\/wp\/v2\/media\/469"}],"wp:attachment":[{"href":"https:\/\/dev.wptheme.store\/s\/wpshoppc\/wp-json\/wp\/v2\/media?parent=468"}],"wp:term":[{"taxonomy":"product_cat","embeddable":true,"href":"https:\/\/dev.wptheme.store\/s\/wpshoppc\/wp-json\/wp\/v2\/product_cat?post=468"},{"taxonomy":"product_tag","embeddable":true,"href":"https:\/\/dev.wptheme.store\/s\/wpshoppc\/wp-json\/wp\/v2\/product_tag?post=468"},{"taxonomy":"ztteam_product_brand","embeddable":true,"href":"https:\/\/dev.wptheme.store\/s\/wpshoppc\/wp-json\/wp\/v2\/ztteam_product_brand?post=468"}],"curies":[{"name":"wp","href":"https:\/\/api.w.org\/{rel}","templated":true}]}}