{"id":473,"date":"2026-03-09T16:26:01","date_gmt":"2026-03-09T09:26:01","guid":{"rendered":"https:\/\/dev.wptheme.store\/s\/wpshoppc\/product\/may-han-jasic-tig-500p-ac-dc-e312\/"},"modified":"2026-03-09T16:26:01","modified_gmt":"2026-03-09T09:26:01","slug":"may-han-jasic-tig-500p-ac-dc-e312","status":"publish","type":"product","link":"https:\/\/dev.wptheme.store\/s\/wpshoppc\/product\/may-han-jasic-tig-500p-ac-dc-e312\/","title":{"rendered":"M\u00e1y h\u00e0n Jasic Tig 500P AC\/DC (E312)"},"content":{"rendered":"<p class=\"mb-4 leading-relaxed\">M\u00e1y h\u00e0n Jasic Tig 500P AC\/DC (E312) l\u00e0 m\u1ed9t trong nh\u1eefng s\u1ea3n ph\u1ea9m n\u1ed5i b\u1eadt trong d\u00f2ng m\u00e1y h\u00e0n TIG, \u0111\u01b0\u1ee3c thi\u1ebft k\u1ebf \u0111\u1ec3 \u0111\u00e1p \u1ee9ng nhu c\u1ea7u h\u00e0n cho nhi\u1ec1u lo\u1ea1i v\u1eadt li\u1ec7u kh\u00e1c nhau. V\u1edbi c\u00f4ng ngh\u1ec7 ti\u00ean ti\u1ebfn t\u1eeb Anh Qu\u1ed1c, m\u00e1y h\u00e0n n\u00e0y kh\u00f4ng ch\u1ec9 mang l\u1ea1i hi\u1ec7u su\u1ea5t cao m\u00e0 c\u00f2n \u0111\u1ea3m b\u1ea3o \u0111\u1ed9 b\u1ec1n v\u00e0 \u0111\u1ed9 tin c\u1eady trong qu\u00e1 tr\u00ecnh s\u1eed d\u1ee5ng.<\/p>\n<h2 class=\"py-2 my-4 text-2xl font-bold border-green-500 border-y border-opacity-10\">T\u00ednh n\u0103ng n\u1ed5i b\u1eadt<\/h2>\n<p class=\"mb-4 leading-relaxed\">M\u00e1y h\u00e0n Jasic Tig 500P AC\/DC (E312) s\u1edf h\u1eefu nhi\u1ec1u t\u00ednh n\u0103ng \u01b0u vi\u1ec7t, bao g\u1ed3m:<\/p>\n<ul class=\"mb-4 space-y-1 list-none\">\n<li class=\"flex items-center gap-3 leading-relaxed text-gray-800 \"><div class=\"flex items-center justify-center w-5 h-5 bg-red-100 rounded-full shrink-0\"><svg class=\"w-3 h-3 text-red-600\" fill=\"none\" stroke=\"currentColor\" stroke- viewBox=\"0 0 24 24\"><path stroke-linecap=\"round\" stroke-linejoin=\"round\" d=\"M5 13l4 4L19 7\" \/><\/svg><\/div><div class=\"flex-1\">Ch\u1ee9c n\u0103ng h\u00e0n TIG AC\/DC v\u00e0 h\u00e0n que, t\u00edch h\u1ee3p ch\u1ee9c n\u0103ng h\u00e0n xung.<\/div><\/li>\n<li class=\"flex items-center gap-3 leading-relaxed text-gray-800 \"><div class=\"flex items-center justify-center w-5 h-5 bg-red-100 rounded-full shrink-0\"><svg class=\"w-3 h-3 text-red-600\" fill=\"none\" stroke=\"currentColor\" stroke- viewBox=\"0 0 24 24\"><path stroke-linecap=\"round\" stroke-linejoin=\"round\" d=\"M5 13l4 4L19 7\" \/><\/svg><\/div><div class=\"flex-1\">\u0110i\u1ec1u ch\u1ec9nh d\u00f2ng h\u00e0n linh ho\u1ea1t, ph\u00f9 h\u1ee3p v\u1edbi nhi\u1ec1u lo\u1ea1i v\u1eadt li\u1ec7u nh\u01b0 th\u00e9p carbon, inox, nh\u00f4m v\u00e0 h\u1ee3p kim.<\/div><\/li>\n<li class=\"flex items-center gap-3 leading-relaxed text-gray-800 \"><div class=\"flex items-center justify-center w-5 h-5 bg-red-100 rounded-full shrink-0\"><svg class=\"w-3 h-3 text-red-600\" fill=\"none\" stroke=\"currentColor\" stroke- viewBox=\"0 0 24 24\"><path stroke-linecap=\"round\" stroke-linejoin=\"round\" d=\"M5 13l4 4L19 7\" \/><\/svg><\/div><div class=\"flex-1\">C\u00f4ng su\u1ea5t m\u1ea1nh m\u1ebd v\u1edbi kh\u1ea3 n\u0103ng h\u00e0n l\u00ean \u0111\u1ebfn 500A.<\/div><\/li>\n<\/ul>\n<h2 class=\"py-2 my-4 text-2xl font-bold border-green-500 border-y border-opacity-10\">L\u1ee3i \u00edch khi s\u1eed d\u1ee5ng<\/h2>\n<p class=\"mb-4 leading-relaxed\">S\u1eed d\u1ee5ng m\u00e1y h\u00e0n Jasic Tig 500P AC\/DC (E312) mang l\u1ea1i nhi\u1ec1u l\u1ee3i \u00edch cho ng\u01b0\u1eddi d\u00f9ng:<\/p>\n<ul class=\"mb-4 space-y-1 list-none\">\n<li class=\"flex items-center gap-3 leading-relaxed text-gray-800 \"><div class=\"flex items-center justify-center w-5 h-5 bg-red-100 rounded-full shrink-0\"><svg class=\"w-3 h-3 text-red-600\" fill=\"none\" stroke=\"currentColor\" stroke- viewBox=\"0 0 24 24\"><path stroke-linecap=\"round\" stroke-linejoin=\"round\" d=\"M5 13l4 4L19 7\" \/><\/svg><\/div><div class=\"flex-1\">Ti\u1ebft ki\u1ec7m th\u1eddi gian v\u00e0 c\u00f4ng s\u1ee9c nh\u1edd v\u00e0o hi\u1ec7u su\u1ea5t h\u00e0n cao.<\/div><\/li>\n<li class=\"flex items-center gap-3 leading-relaxed text-gray-800 \"><div class=\"flex items-center justify-center w-5 h-5 bg-red-100 rounded-full shrink-0\"><svg class=\"w-3 h-3 text-red-600\" fill=\"none\" stroke=\"currentColor\" stroke- viewBox=\"0 0 24 24\"><path stroke-linecap=\"round\" stroke-linejoin=\"round\" d=\"M5 13l4 4L19 7\" \/><\/svg><\/div><div class=\"flex-1\">\u0110\u1ea3m b\u1ea3o ch\u1ea5t l\u01b0\u1ee3ng m\u1ed1i h\u00e0n t\u1ed1t, gi\u1ea3m thi\u1ec3u l\u1ed7i h\u00e0n.<\/div><\/li>\n<li class=\"flex items-center gap-3 leading-relaxed text-gray-800 \"><div class=\"flex items-center justify-center w-5 h-5 bg-red-100 rounded-full shrink-0\"><svg class=\"w-3 h-3 text-red-600\" fill=\"none\" stroke=\"currentColor\" stroke- viewBox=\"0 0 24 24\"><path stroke-linecap=\"round\" stroke-linejoin=\"round\" d=\"M5 13l4 4L19 7\" \/><\/svg><\/div><div class=\"flex-1\">Thi\u1ebft k\u1ebf ch\u1eafc ch\u1eafn, d\u1ec5 d\u00e0ng v\u1eadn h\u00e0nh v\u00e0 b\u1ea3o tr\u00ec.<\/div><\/li>\n<\/ul>\n<h2 class=\"py-2 my-4 text-2xl font-bold border-green-500 border-y border-opacity-10\">\u1ee8ng d\u1ee5ng th\u1ef1c t\u1ebf<\/h2>\n<p class=\"mb-4 leading-relaxed\">M\u00e1y h\u00e0n Jasic Tig 500P AC\/DC (E312) \u0111\u01b0\u1ee3c s\u1eed d\u1ee5ng r\u1ed9ng r\u00e3i trong c\u00e1c l\u0129nh v\u1ef1c nh\u01b0:<\/p>\n<ul class=\"mb-4 space-y-1 list-none\">\n<li class=\"flex items-center gap-3 leading-relaxed text-gray-800 \"><div class=\"flex items-center justify-center w-5 h-5 bg-red-100 rounded-full shrink-0\"><svg class=\"w-3 h-3 text-red-600\" fill=\"none\" stroke=\"currentColor\" stroke- viewBox=\"0 0 24 24\"><path stroke-linecap=\"round\" stroke-linejoin=\"round\" d=\"M5 13l4 4L19 7\" \/><\/svg><\/div><div class=\"flex-1\">C\u00f4ng nghi\u1ec7p ch\u1ebf t\u1ea1o m\u00e1y.<\/div><\/li>\n<li class=\"flex items-center gap-3 leading-relaxed text-gray-800 \"><div class=\"flex items-center justify-center w-5 h-5 bg-red-100 rounded-full shrink-0\"><svg class=\"w-3 h-3 text-red-600\" fill=\"none\" stroke=\"currentColor\" stroke- viewBox=\"0 0 24 24\"><path stroke-linecap=\"round\" stroke-linejoin=\"round\" d=\"M5 13l4 4L19 7\" \/><\/svg><\/div><div class=\"flex-1\">S\u1ea3n xu\u1ea5t v\u00e0 s\u1eeda ch\u1eefa \u00f4 t\u00f4.<\/div><\/li>\n<li class=\"flex items-center gap-3 leading-relaxed text-gray-800 \"><div class=\"flex items-center justify-center w-5 h-5 bg-red-100 rounded-full shrink-0\"><svg class=\"w-3 h-3 text-red-600\" fill=\"none\" stroke=\"currentColor\" stroke- viewBox=\"0 0 24 24\"><path stroke-linecap=\"round\" stroke-linejoin=\"round\" d=\"M5 13l4 4L19 7\" \/><\/svg><\/div><div class=\"flex-1\">C\u00e1c c\u00f4ng tr\u00ecnh x\u00e2y d\u1ef1ng v\u00e0 l\u1eafp \u0111\u1eb7t.<\/div><\/li>\n<\/ul>\n<h2 class=\"py-2 my-4 text-2xl font-bold border-green-500 border-y border-opacity-10\">L\u01b0u \u00fd khi s\u1eed d\u1ee5ng<\/h2>\n<p class=\"mb-4 leading-relaxed\">Khi s\u1eed d\u1ee5ng m\u00e1y h\u00e0n Jasic Tig 500P AC\/DC (E312), ng\u01b0\u1eddi d\u00f9ng c\u1ea7n l\u01b0u \u00fd:<\/p>\n<ul class=\"mb-4 space-y-1 list-none\">\n<li class=\"flex items-center gap-3 leading-relaxed text-gray-800 \"><div class=\"flex items-center justify-center w-5 h-5 bg-red-100 rounded-full shrink-0\"><svg class=\"w-3 h-3 text-red-600\" fill=\"none\" stroke=\"currentColor\" stroke- viewBox=\"0 0 24 24\"><path stroke-linecap=\"round\" stroke-linejoin=\"round\" d=\"M5 13l4 4L19 7\" \/><\/svg><\/div><div class=\"flex-1\">\u0110\u1ea3m b\u1ea3o an to\u00e0n lao \u0111\u1ed9ng, s\u1eed d\u1ee5ng \u0111\u1ea7y \u0111\u1ee7 thi\u1ebft b\u1ecb b\u1ea3o h\u1ed9.<\/div><\/li>\n<li class=\"flex items-center gap-3 leading-relaxed text-gray-800 \"><div class=\"flex items-center justify-center w-5 h-5 bg-red-100 rounded-full shrink-0\"><svg class=\"w-3 h-3 text-red-600\" fill=\"none\" stroke=\"currentColor\" stroke- viewBox=\"0 0 24 24\"><path stroke-linecap=\"round\" stroke-linejoin=\"round\" d=\"M5 13l4 4L19 7\" \/><\/svg><\/div><div class=\"flex-1\">Ki\u1ec3m tra k\u1ef9 l\u01b0\u1ee1ng c\u00e1c k\u1ebft n\u1ed1i tr\u01b0\u1edbc khi v\u1eadn h\u00e0nh.<\/div><\/li>\n<li class=\"flex items-center gap-3 leading-relaxed text-gray-800 \"><div class=\"flex items-center justify-center w-5 h-5 bg-red-100 rounded-full shrink-0\"><svg class=\"w-3 h-3 text-red-600\" fill=\"none\" stroke=\"currentColor\" stroke- viewBox=\"0 0 24 24\"><path stroke-linecap=\"round\" stroke-linejoin=\"round\" d=\"M5 13l4 4L19 7\" \/><\/svg><\/div><div class=\"flex-1\">Th\u1ef1c hi\u1ec7n b\u1ea3o tr\u00ec \u0111\u1ecbnh k\u1ef3 \u0111\u1ec3 duy tr\u00ec hi\u1ec7u su\u1ea5t m\u00e1y.<\/div><\/li>\n<\/ul>\n","protected":false},"excerpt":{"rendered":"<p class=\"mb-4 leading-relaxed\">M\u00e1y h\u00e0n Jasic Tig 500P AC\/DC (E312) l\u00e0 thi\u1ebft b\u1ecb h\u00e0n chuy\u00ean nghi\u1ec7p, ph\u00f9 h\u1ee3p cho nhi\u1ec1u lo\u1ea1i v\u1eadt li\u1ec7u v\u1edbi c\u00f4ng ngh\u1ec7 ti\u00ean ti\u1ebfn t\u1eeb Anh Qu\u1ed1c.<\/p>\n","protected":false},"featured_media":474,"template":"","meta":{"footnotes":""},"product_cat":[684,705],"product_tag":[],"ztteam_product_brand":[703],"class_list":["post-473","product","type-product","status-publish","has-post-thumbnail","hentry","product_cat-may-han-phu-kien","product_cat-may-han-tig","ztteam_product_brand-jasic"],"meta_box":{"_sku":"Tig 500P AC\/DC (E312)","_regular_price":"71535000","_sale_price":"","_price":"71535000","_stock_status":"instock","_stock":"","_manage_stock":"no","_weight":"","_length":"","_width":"","_height":"","_product_image_gallery":[{"width":150,"height":150,"file":"2026\/03\/may-han-jasic-tig-500p-ac-dc-e312-2.jpg","filesize":62592,"sizes":[],"image_meta":{"aperture":"0","credit":"","camera":"","caption":"","created_timestamp":"0","copyright":"","focal_length":"0","iso":"0","shutter_speed":"0","title":"","orientation":"1","keywords":[]},"ID":"475","name":"may-han-jasic-tig-500p-ac-dc-e312-2.jpg","path":"\/home\/dev.wptheme.store\/public_html\/s\/wpshoppc\/wp-content\/uploads\/2026\/03\/may-han-jasic-tig-500p-ac-dc-e312-2.jpg","url":"https:\/\/dev.wptheme.store\/s\/wpshoppc\/wp-content\/uploads\/2026\/03\/may-han-jasic-tig-500p-ac-dc-e312-2.jpg","full_url":"https:\/\/dev.wptheme.store\/s\/wpshoppc\/wp-content\/uploads\/2026\/03\/may-han-jasic-tig-500p-ac-dc-e312-2.jpg","title":"may-han-jasic-tig-500p-ac-dc-e312-2","caption":"","description":"","alt":"M\u00e1y h\u00e0n Jasic Tig 500P AC\/DC (E312)","srcset":false},{"width":150,"height":150,"file":"2026\/03\/may-han-jasic-tig-500p-ac-dc-e312.jpg","filesize":78178,"sizes":[],"image_meta":{"aperture":"0","credit":"","camera":"","caption":"","created_timestamp":"0","copyright":"","focal_length":"0","iso":"0","shutter_speed":"0","title":"","orientation":"1","keywords":[]},"ID":"476","name":"may-han-jasic-tig-500p-ac-dc-e312.jpg","path":"\/home\/dev.wptheme.store\/public_html\/s\/wpshoppc\/wp-content\/uploads\/2026\/03\/may-han-jasic-tig-500p-ac-dc-e312.jpg","url":"https:\/\/dev.wptheme.store\/s\/wpshoppc\/wp-content\/uploads\/2026\/03\/may-han-jasic-tig-500p-ac-dc-e312.jpg","full_url":"https:\/\/dev.wptheme.store\/s\/wpshoppc\/wp-content\/uploads\/2026\/03\/may-han-jasic-tig-500p-ac-dc-e312.jpg","title":"may-han-jasic-tig-500p-ac-dc-e312","caption":"","description":"","alt":"M\u00e1y h\u00e0n Jasic Tig 500P AC\/DC (E312)","srcset":false},{"width":150,"height":150,"file":"2026\/03\/may-han-jasic-tig-500p-ac-dc-e312-1650016084-1.jpg","filesize":18097,"sizes":[],"image_meta":{"aperture":"0","credit":"","camera":"","caption":"","created_timestamp":"0","copyright":"","focal_length":"0","iso":"0","shutter_speed":"0","title":"","orientation":"0","keywords":[]},"ID":"477","name":"may-han-jasic-tig-500p-ac-dc-e312-1650016084-1.jpg","path":"\/home\/dev.wptheme.store\/public_html\/s\/wpshoppc\/wp-content\/uploads\/2026\/03\/may-han-jasic-tig-500p-ac-dc-e312-1650016084-1.jpg","url":"https:\/\/dev.wptheme.store\/s\/wpshoppc\/wp-content\/uploads\/2026\/03\/may-han-jasic-tig-500p-ac-dc-e312-1650016084-1.jpg","full_url":"https:\/\/dev.wptheme.store\/s\/wpshoppc\/wp-content\/uploads\/2026\/03\/may-han-jasic-tig-500p-ac-dc-e312-1650016084-1.jpg","title":"may-han-jasic-tig-500p-ac-dc-e312-1650016084-1","caption":"","description":"","alt":"M\u00e1y h\u00e0n Jasic Tig 500P AC\/DC (E312)","srcset":false},{"width":150,"height":150,"file":"2026\/03\/may-han-jasic-tig-500p-ac-dc-e312-2-1.jpg","filesize":13140,"sizes":[],"image_meta":{"aperture":"0","credit":"","camera":"","caption":"","created_timestamp":"0","copyright":"","focal_length":"0","iso":"0","shutter_speed":"0","title":"","orientation":"0","keywords":[]},"ID":"478","name":"may-han-jasic-tig-500p-ac-dc-e312-2-1.jpg","path":"\/home\/dev.wptheme.store\/public_html\/s\/wpshoppc\/wp-content\/uploads\/2026\/03\/may-han-jasic-tig-500p-ac-dc-e312-2-1.jpg","url":"https:\/\/dev.wptheme.store\/s\/wpshoppc\/wp-content\/uploads\/2026\/03\/may-han-jasic-tig-500p-ac-dc-e312-2-1.jpg","full_url":"https:\/\/dev.wptheme.store\/s\/wpshoppc\/wp-content\/uploads\/2026\/03\/may-han-jasic-tig-500p-ac-dc-e312-2-1.jpg","title":"may-han-jasic-tig-500p-ac-dc-e312-2-1","caption":"","description":"","alt":"M\u00e1y h\u00e0n Jasic Tig 500P AC\/DC (E312)","srcset":false},{"width":150,"height":150,"file":"2026\/03\/may-han-jasic-tig-500p-ac-dc-e312-1.jpg","filesize":18097,"sizes":[],"image_meta":{"aperture":"0","credit":"","camera":"","caption":"","created_timestamp":"0","copyright":"","focal_length":"0","iso":"0","shutter_speed":"0","title":"","orientation":"0","keywords":[]},"ID":"479","name":"may-han-jasic-tig-500p-ac-dc-e312-1.jpg","path":"\/home\/dev.wptheme.store\/public_html\/s\/wpshoppc\/wp-content\/uploads\/2026\/03\/may-han-jasic-tig-500p-ac-dc-e312-1.jpg","url":"https:\/\/dev.wptheme.store\/s\/wpshoppc\/wp-content\/uploads\/2026\/03\/may-han-jasic-tig-500p-ac-dc-e312-1.jpg","full_url":"https:\/\/dev.wptheme.store\/s\/wpshoppc\/wp-content\/uploads\/2026\/03\/may-han-jasic-tig-500p-ac-dc-e312-1.jpg","title":"may-han-jasic-tig-500p-ac-dc-e312-1","caption":"","description":"","alt":"M\u00e1y h\u00e0n Jasic Tig 500P AC\/DC (E312)","srcset":false}],"_featured":"no","_visibility":"visible","_virtual":"no","_downloadable":"no","product_type":"simple","product_attributes":[],"color_variations":[],"size_variations":[],"storage_variations":[],"material_variations":[]},"price":"71535000","demo_url":"","_links":{"self":[{"href":"https:\/\/dev.wptheme.store\/s\/wpshoppc\/wp-json\/wp\/v2\/product\/473","targetHints":{"allow":["GET"]}}],"collection":[{"href":"https:\/\/dev.wptheme.store\/s\/wpshoppc\/wp-json\/wp\/v2\/product"}],"about":[{"href":"https:\/\/dev.wptheme.store\/s\/wpshoppc\/wp-json\/wp\/v2\/types\/product"}],"version-history":[{"count":0,"href":"https:\/\/dev.wptheme.store\/s\/wpshoppc\/wp-json\/wp\/v2\/product\/473\/revisions"}],"wp:featuredmedia":[{"embeddable":true,"href":"https:\/\/dev.wptheme.store\/s\/wpshoppc\/wp-json\/wp\/v2\/media\/474"}],"wp:attachment":[{"href":"https:\/\/dev.wptheme.store\/s\/wpshoppc\/wp-json\/wp\/v2\/media?parent=473"}],"wp:term":[{"taxonomy":"product_cat","embeddable":true,"href":"https:\/\/dev.wptheme.store\/s\/wpshoppc\/wp-json\/wp\/v2\/product_cat?post=473"},{"taxonomy":"product_tag","embeddable":true,"href":"https:\/\/dev.wptheme.store\/s\/wpshoppc\/wp-json\/wp\/v2\/product_tag?post=473"},{"taxonomy":"ztteam_product_brand","embeddable":true,"href":"https:\/\/dev.wptheme.store\/s\/wpshoppc\/wp-json\/wp\/v2\/ztteam_product_brand?post=473"}],"curies":[{"name":"wp","href":"https:\/\/api.w.org\/{rel}","templated":true}]}}