{"id":480,"date":"2026-03-09T16:26:05","date_gmt":"2026-03-09T09:26:05","guid":{"rendered":"https:\/\/dev.wptheme.store\/s\/wpshoppc\/product\/may-han-laser-fiber-jasic-ls-15000\/"},"modified":"2026-03-09T16:26:05","modified_gmt":"2026-03-09T09:26:05","slug":"may-han-laser-fiber-jasic-ls-15000","status":"publish","type":"product","link":"https:\/\/dev.wptheme.store\/s\/wpshoppc\/product\/may-han-laser-fiber-jasic-ls-15000\/","title":{"rendered":"M\u00e1y h\u00e0n Laser Fiber Jasic LS-15000"},"content":{"rendered":"<p class=\"mb-4 leading-relaxed\">M\u00e1y h\u00e0n Laser Fiber Jasic LS-15000 l\u00e0 m\u1ed9t trong nh\u1eefng s\u1ea3n ph\u1ea9m n\u1ed5i b\u1eadt trong d\u00f2ng m\u00e1y h\u00e0n laser, \u0111\u01b0\u1ee3c thi\u1ebft k\u1ebf \u0111\u1ec3 \u0111\u00e1p \u1ee9ng nhu c\u1ea7u h\u00e0n v\u00e0 c\u1eaft kim lo\u1ea1i v\u1edbi \u0111\u1ed9 ch\u00ednh x\u00e1c cao. V\u1edbi c\u00f4ng su\u1ea5t 1500W v\u00e0 c\u00f4ng ngh\u1ec7 ti\u00ean ti\u1ebfn t\u1eeb Anh Qu\u1ed1c, s\u1ea3n ph\u1ea9m n\u00e0y h\u1ee9a h\u1eb9n mang l\u1ea1i hi\u1ec7u su\u1ea5t v\u01b0\u1ee3t tr\u1ed9i cho ng\u01b0\u1eddi s\u1eed d\u1ee5ng.<\/p>\n<h2 class=\"py-2 my-4 text-2xl font-bold border-green-500 border-y border-opacity-10\">T\u00ednh n\u0103ng n\u1ed5i b\u1eadt<\/h2>\n<ul class=\"mb-4 space-y-1 list-none\">\n<li class=\"flex items-center gap-3 leading-relaxed text-gray-800 \"><div class=\"flex items-center justify-center w-5 h-5 bg-red-100 rounded-full shrink-0\"><svg class=\"w-3 h-3 text-red-600\" fill=\"none\" stroke=\"currentColor\" stroke- viewBox=\"0 0 24 24\"><path stroke-linecap=\"round\" stroke-linejoin=\"round\" d=\"M5 13l4 4L19 7\" \/><\/svg><\/div><div class=\"flex-1\">C\u00f4ng ngh\u1ec7 laser ti\u00ean ti\u1ebfn, cho ph\u00e9p h\u00e0n v\u00e0 c\u1eaft v\u1edbi \u0111\u1ed9 ch\u00ednh x\u00e1c cao.<\/div><\/li>\n<li class=\"flex items-center gap-3 leading-relaxed text-gray-800 \"><div class=\"flex items-center justify-center w-5 h-5 bg-red-100 rounded-full shrink-0\"><svg class=\"w-3 h-3 text-red-600\" fill=\"none\" stroke=\"currentColor\" stroke- viewBox=\"0 0 24 24\"><path stroke-linecap=\"round\" stroke-linejoin=\"round\" d=\"M5 13l4 4L19 7\" \/><\/svg><\/div><div class=\"flex-1\">B\u1ec1 r\u1ed9ng tia laser \u0111i\u1ec1u ch\u1ec9nh t\u1eeb 0-6mm, ph\u00f9 h\u1ee3p v\u1edbi nhi\u1ec1u lo\u1ea1i v\u1eadt li\u1ec7u.<\/div><\/li>\n<li class=\"flex items-center gap-3 leading-relaxed text-gray-800 \"><div class=\"flex items-center justify-center w-5 h-5 bg-red-100 rounded-full shrink-0\"><svg class=\"w-3 h-3 text-red-600\" fill=\"none\" stroke=\"currentColor\" stroke- viewBox=\"0 0 24 24\"><path stroke-linecap=\"round\" stroke-linejoin=\"round\" d=\"M5 13l4 4L19 7\" \/><\/svg><\/div><div class=\"flex-1\">Kh\u1ea3 n\u0103ng h\u00e0n cho c\u00e1c v\u1eadt li\u1ec7u c\u00f3 \u0111\u1ed9 d\u00e0y t\u1eeb 0.5-5mm.<\/div><\/li>\n<li class=\"flex items-center gap-3 leading-relaxed text-gray-800 \"><div class=\"flex items-center justify-center w-5 h-5 bg-red-100 rounded-full shrink-0\"><svg class=\"w-3 h-3 text-red-600\" fill=\"none\" stroke=\"currentColor\" stroke- viewBox=\"0 0 24 24\"><path stroke-linecap=\"round\" stroke-linejoin=\"round\" d=\"M5 13l4 4L19 7\" \/><\/svg><\/div><div class=\"flex-1\">H\u1ec7 th\u1ed1ng l\u00e0m m\u00e1t hi\u1ec7u qu\u1ea3, gi\u00fap m\u00e1y ho\u1ea1t \u0111\u1ed9ng \u1ed5n \u0111\u1ecbnh trong th\u1eddi gian d\u00e0i.<\/div><\/li>\n<\/ul>\n<h2 class=\"py-2 my-4 text-2xl font-bold border-green-500 border-y border-opacity-10\">L\u1ee3i \u00edch khi s\u1eed d\u1ee5ng<\/h2>\n<p class=\"mb-4 leading-relaxed\">S\u1eed d\u1ee5ng M\u00e1y h\u00e0n Laser Fiber Jasic LS-15000 gi\u00fap ti\u1ebft ki\u1ec7m th\u1eddi gian v\u00e0 chi ph\u00ed s\u1ea3n xu\u1ea5t nh\u1edd v\u00e0o kh\u1ea3 n\u0103ng h\u00e0n nhanh ch\u00f3ng v\u00e0 ch\u00ednh x\u00e1c. Ngo\u00e0i ra, thi\u1ebft b\u1ecb c\u00f2n gi\u1ea3m thi\u1ec3u t\u00ecnh tr\u1ea1ng bi\u1ebfn d\u1ea1ng v\u1eadt li\u1ec7u trong qu\u00e1 tr\u00ecnh h\u00e0n, mang l\u1ea1i s\u1ea3n ph\u1ea9m cu\u1ed1i c\u00f9ng ch\u1ea5t l\u01b0\u1ee3ng cao.<\/p>\n<h2 class=\"py-2 my-4 text-2xl font-bold border-green-500 border-y border-opacity-10\">\u1ee8ng d\u1ee5ng th\u1ef1c t\u1ebf<\/h2>\n<p class=\"mb-4 leading-relaxed\">M\u00e1y h\u00e0n n\u00e0y th\u01b0\u1eddng \u0111\u01b0\u1ee3c s\u1eed d\u1ee5ng trong c\u00e1c ng\u00e0nh c\u00f4ng nghi\u1ec7p ch\u1ebf t\u1ea1o m\u00e1y, s\u1ea3n xu\u1ea5t \u00f4 t\u00f4, v\u00e0 ch\u1ebf bi\u1ebfn kim lo\u1ea1i. N\u00f3 c\u0169ng r\u1ea5t ph\u00f9 h\u1ee3p cho c\u00e1c x\u01b0\u1edfng s\u1ea3n xu\u1ea5t nh\u1ecf v\u00e0 v\u1eeba, n\u01a1i c\u1ea7n \u0111\u1ed9 ch\u00ednh x\u00e1c v\u00e0 hi\u1ec7u su\u1ea5t cao trong c\u00f4ng vi\u1ec7c h\u00e0n v\u00e0 c\u1eaft.<\/p>\n<h2 class=\"py-2 my-4 text-2xl font-bold border-green-500 border-y border-opacity-10\">L\u01b0u \u00fd khi s\u1eed d\u1ee5ng<\/h2>\n<p class=\"mb-4 leading-relaxed\">Khi s\u1eed d\u1ee5ng M\u00e1y h\u00e0n Laser Fiber Jasic LS-15000, ng\u01b0\u1eddi d\u00f9ng c\u1ea7n ch\u00fa \u00fd:<\/p>\n<ul class=\"mb-4 space-y-1 list-none\">\n<li class=\"flex items-center gap-3 leading-relaxed text-gray-800 \"><div class=\"flex items-center justify-center w-5 h-5 bg-red-100 rounded-full shrink-0\"><svg class=\"w-3 h-3 text-red-600\" fill=\"none\" stroke=\"currentColor\" stroke- viewBox=\"0 0 24 24\"><path stroke-linecap=\"round\" stroke-linejoin=\"round\" d=\"M5 13l4 4L19 7\" \/><\/svg><\/div><div class=\"flex-1\">\u0110\u1ea3m b\u1ea3o ngu\u1ed3n \u0111i\u1ec7n \u1ed5n \u0111\u1ecbnh v\u00e0 ph\u00f9 h\u1ee3p v\u1edbi y\u00eau c\u1ea7u c\u1ee7a m\u00e1y.<\/div><\/li>\n<li class=\"flex items-center gap-3 leading-relaxed text-gray-800 \"><div class=\"flex items-center justify-center w-5 h-5 bg-red-100 rounded-full shrink-0\"><svg class=\"w-3 h-3 text-red-600\" fill=\"none\" stroke=\"currentColor\" stroke- viewBox=\"0 0 24 24\"><path stroke-linecap=\"round\" stroke-linejoin=\"round\" d=\"M5 13l4 4L19 7\" \/><\/svg><\/div><div class=\"flex-1\">S\u1eed d\u1ee5ng kh\u00ed b\u1ea3o v\u1ec7 \u0111\u00fang lo\u1ea1i (Argon\/Nitrogen) \u0111\u1ec3 \u0111\u1ea3m b\u1ea3o ch\u1ea5t l\u01b0\u1ee3ng h\u00e0n.<\/div><\/li>\n<li class=\"flex items-center gap-3 leading-relaxed text-gray-800 \"><div class=\"flex items-center justify-center w-5 h-5 bg-red-100 rounded-full shrink-0\"><svg class=\"w-3 h-3 text-red-600\" fill=\"none\" stroke=\"currentColor\" stroke- viewBox=\"0 0 24 24\"><path stroke-linecap=\"round\" stroke-linejoin=\"round\" d=\"M5 13l4 4L19 7\" \/><\/svg><\/div><div class=\"flex-1\">Th\u1ef1c hi\u1ec7n ki\u1ec3m tra \u0111\u1ecbnh k\u1ef3 v\u00e0 b\u1ea3o tr\u00ec m\u00e1y \u0111\u1ec3 duy tr\u00ec hi\u1ec7u su\u1ea5t ho\u1ea1t \u0111\u1ed9ng.<\/div><\/li>\n<\/ul>\n","protected":false},"excerpt":{"rendered":"<p class=\"mb-4 leading-relaxed\">M\u00e1y h\u00e0n Laser Fiber Jasic LS-15000 l\u00e0 thi\u1ebft b\u1ecb h\u00e0n ti\u00ean ti\u1ebfn, mang l\u1ea1i hi\u1ec7u su\u1ea5t cao v\u00e0 \u0111\u1ed9 ch\u00ednh x\u00e1c tuy\u1ec7t \u0111\u1ed1i cho c\u00e1c \u1ee9ng d\u1ee5ng h\u00e0n v\u00e0 c\u1eaft kim lo\u1ea1i.<\/p>\n","protected":false},"featured_media":481,"template":"","meta":{"footnotes":""},"product_cat":[684,709],"product_tag":[],"ztteam_product_brand":[703],"class_list":["post-480","product","type-product","status-publish","has-post-thumbnail","hentry","product_cat-may-han-phu-kien","product_cat-may-han-laser","ztteam_product_brand-jasic"],"meta_box":{"_sku":"LS-15000","_regular_price":"132000000","_sale_price":"","_price":"132000000","_stock_status":"instock","_stock":"","_manage_stock":"no","_weight":"","_length":"","_width":"","_height":"","_product_image_gallery":[{"width":150,"height":150,"file":"2026\/03\/may-han-laser-fiber-jasic-ls-15000-5.jpg","filesize":159461,"sizes":[],"image_meta":{"aperture":"0","credit":"","camera":"","caption":"","created_timestamp":"0","copyright":"","focal_length":"0","iso":"0","shutter_speed":"0","title":"","orientation":"1","keywords":[]},"ID":"482","name":"may-han-laser-fiber-jasic-ls-15000-5.jpg","path":"\/home\/dev.wptheme.store\/public_html\/s\/wpshoppc\/wp-content\/uploads\/2026\/03\/may-han-laser-fiber-jasic-ls-15000-5.jpg","url":"https:\/\/dev.wptheme.store\/s\/wpshoppc\/wp-content\/uploads\/2026\/03\/may-han-laser-fiber-jasic-ls-15000-5.jpg","full_url":"https:\/\/dev.wptheme.store\/s\/wpshoppc\/wp-content\/uploads\/2026\/03\/may-han-laser-fiber-jasic-ls-15000-5.jpg","title":"may-han-laser-fiber-jasic-ls-15000-5","caption":"","description":"","alt":"M\u00e1y h\u00e0n Laser Fiber Jasic LS-15000 ch\u00ednh h\u00e3ng","srcset":false},{"width":150,"height":150,"file":"2026\/03\/may-han-laser-fiber-jasic-ls-15000-4.jpg","filesize":173522,"sizes":[],"image_meta":{"aperture":"0","credit":"","camera":"","caption":"","created_timestamp":"0","copyright":"","focal_length":"0","iso":"0","shutter_speed":"0","title":"","orientation":"1","keywords":[]},"ID":"483","name":"may-han-laser-fiber-jasic-ls-15000-4.jpg","path":"\/home\/dev.wptheme.store\/public_html\/s\/wpshoppc\/wp-content\/uploads\/2026\/03\/may-han-laser-fiber-jasic-ls-15000-4.jpg","url":"https:\/\/dev.wptheme.store\/s\/wpshoppc\/wp-content\/uploads\/2026\/03\/may-han-laser-fiber-jasic-ls-15000-4.jpg","full_url":"https:\/\/dev.wptheme.store\/s\/wpshoppc\/wp-content\/uploads\/2026\/03\/may-han-laser-fiber-jasic-ls-15000-4.jpg","title":"may-han-laser-fiber-jasic-ls-15000-4","caption":"","description":"","alt":"M\u00e1y h\u00e0n Laser Fiber Jasic LS-15000 ch\u00ednh h\u00e3ng","srcset":false},{"width":150,"height":150,"file":"2026\/03\/may-han-laser-fiber-jasic-ls-15000-3.jpg","filesize":161912,"sizes":[],"image_meta":{"aperture":"0","credit":"","camera":"","caption":"","created_timestamp":"0","copyright":"","focal_length":"0","iso":"0","shutter_speed":"0","title":"","orientation":"1","keywords":[]},"ID":"484","name":"may-han-laser-fiber-jasic-ls-15000-3.jpg","path":"\/home\/dev.wptheme.store\/public_html\/s\/wpshoppc\/wp-content\/uploads\/2026\/03\/may-han-laser-fiber-jasic-ls-15000-3.jpg","url":"https:\/\/dev.wptheme.store\/s\/wpshoppc\/wp-content\/uploads\/2026\/03\/may-han-laser-fiber-jasic-ls-15000-3.jpg","full_url":"https:\/\/dev.wptheme.store\/s\/wpshoppc\/wp-content\/uploads\/2026\/03\/may-han-laser-fiber-jasic-ls-15000-3.jpg","title":"may-han-laser-fiber-jasic-ls-15000-3","caption":"","description":"","alt":"M\u00e1y h\u00e0n Laser Fiber Jasic LS-15000 ch\u00ednh h\u00e3ng","srcset":false},{"width":150,"height":150,"file":"2026\/03\/may-han-laser-fiber-jasic-ls-15000-2.jpg","filesize":171577,"sizes":[],"image_meta":{"aperture":"0","credit":"","camera":"","caption":"","created_timestamp":"0","copyright":"","focal_length":"0","iso":"0","shutter_speed":"0","title":"","orientation":"1","keywords":[]},"ID":"485","name":"may-han-laser-fiber-jasic-ls-15000-2.jpg","path":"\/home\/dev.wptheme.store\/public_html\/s\/wpshoppc\/wp-content\/uploads\/2026\/03\/may-han-laser-fiber-jasic-ls-15000-2.jpg","url":"https:\/\/dev.wptheme.store\/s\/wpshoppc\/wp-content\/uploads\/2026\/03\/may-han-laser-fiber-jasic-ls-15000-2.jpg","full_url":"https:\/\/dev.wptheme.store\/s\/wpshoppc\/wp-content\/uploads\/2026\/03\/may-han-laser-fiber-jasic-ls-15000-2.jpg","title":"may-han-laser-fiber-jasic-ls-15000-2","caption":"","description":"","alt":"M\u00e1y h\u00e0n Laser Fiber Jasic LS-15000 ch\u00ednh h\u00e3ng","srcset":false},{"width":150,"height":150,"file":"2026\/03\/may-han-laser-fiber-jasic-ls-15000.jpg","filesize":165541,"sizes":[],"image_meta":{"aperture":"0","credit":"","camera":"","caption":"","created_timestamp":"0","copyright":"","focal_length":"0","iso":"0","shutter_speed":"0","title":"","orientation":"1","keywords":[]},"ID":"486","name":"may-han-laser-fiber-jasic-ls-15000.jpg","path":"\/home\/dev.wptheme.store\/public_html\/s\/wpshoppc\/wp-content\/uploads\/2026\/03\/may-han-laser-fiber-jasic-ls-15000.jpg","url":"https:\/\/dev.wptheme.store\/s\/wpshoppc\/wp-content\/uploads\/2026\/03\/may-han-laser-fiber-jasic-ls-15000.jpg","full_url":"https:\/\/dev.wptheme.store\/s\/wpshoppc\/wp-content\/uploads\/2026\/03\/may-han-laser-fiber-jasic-ls-15000.jpg","title":"may-han-laser-fiber-jasic-ls-15000","caption":"","description":"","alt":"M\u00e1y h\u00e0n Laser Fiber Jasic LS-15000 ch\u00ednh h\u00e3ng","srcset":false},{"width":150,"height":150,"file":"2026\/03\/may-han-laser-fiber-jasic-ls-15000-1669102403-1.jpg","filesize":16265,"sizes":[],"image_meta":{"aperture":"0","credit":"","camera":"","caption":"","created_timestamp":"0","copyright":"","focal_length":"0","iso":"0","shutter_speed":"0","title":"","orientation":"0","keywords":[]},"ID":"487","name":"may-han-laser-fiber-jasic-ls-15000-1669102403-1.jpg","path":"\/home\/dev.wptheme.store\/public_html\/s\/wpshoppc\/wp-content\/uploads\/2026\/03\/may-han-laser-fiber-jasic-ls-15000-1669102403-1.jpg","url":"https:\/\/dev.wptheme.store\/s\/wpshoppc\/wp-content\/uploads\/2026\/03\/may-han-laser-fiber-jasic-ls-15000-1669102403-1.jpg","full_url":"https:\/\/dev.wptheme.store\/s\/wpshoppc\/wp-content\/uploads\/2026\/03\/may-han-laser-fiber-jasic-ls-15000-1669102403-1.jpg","title":"may-han-laser-fiber-jasic-ls-15000-1669102403-1","caption":"","description":"","alt":"M\u00e1y h\u00e0n Laser Fiber Jasic LS-15000 ch\u00ednh h\u00e3ng","srcset":false},{"width":150,"height":150,"file":"2026\/03\/may-han-laser-fiber-jasic-ls-15000-5-1.jpg","filesize":15539,"sizes":[],"image_meta":{"aperture":"0","credit":"","camera":"","caption":"","created_timestamp":"0","copyright":"","focal_length":"0","iso":"0","shutter_speed":"0","title":"","orientation":"0","keywords":[]},"ID":"488","name":"may-han-laser-fiber-jasic-ls-15000-5-1.jpg","path":"\/home\/dev.wptheme.store\/public_html\/s\/wpshoppc\/wp-content\/uploads\/2026\/03\/may-han-laser-fiber-jasic-ls-15000-5-1.jpg","url":"https:\/\/dev.wptheme.store\/s\/wpshoppc\/wp-content\/uploads\/2026\/03\/may-han-laser-fiber-jasic-ls-15000-5-1.jpg","full_url":"https:\/\/dev.wptheme.store\/s\/wpshoppc\/wp-content\/uploads\/2026\/03\/may-han-laser-fiber-jasic-ls-15000-5-1.jpg","title":"may-han-laser-fiber-jasic-ls-15000-5-1","caption":"","description":"","alt":"M\u00e1y h\u00e0n Laser Fiber Jasic LS-15000 ch\u00ednh h\u00e3ng","srcset":false},{"width":150,"height":150,"file":"2026\/03\/may-han-laser-fiber-jasic-ls-15000-4-1.jpg","filesize":15147,"sizes":[],"image_meta":{"aperture":"0","credit":"","camera":"","caption":"","created_timestamp":"0","copyright":"","focal_length":"0","iso":"0","shutter_speed":"0","title":"","orientation":"0","keywords":[]},"ID":"489","name":"may-han-laser-fiber-jasic-ls-15000-4-1.jpg","path":"\/home\/dev.wptheme.store\/public_html\/s\/wpshoppc\/wp-content\/uploads\/2026\/03\/may-han-laser-fiber-jasic-ls-15000-4-1.jpg","url":"https:\/\/dev.wptheme.store\/s\/wpshoppc\/wp-content\/uploads\/2026\/03\/may-han-laser-fiber-jasic-ls-15000-4-1.jpg","full_url":"https:\/\/dev.wptheme.store\/s\/wpshoppc\/wp-content\/uploads\/2026\/03\/may-han-laser-fiber-jasic-ls-15000-4-1.jpg","title":"may-han-laser-fiber-jasic-ls-15000-4-1","caption":"","description":"","alt":"M\u00e1y h\u00e0n Laser Fiber Jasic LS-15000 ch\u00ednh h\u00e3ng","srcset":false},{"width":150,"height":150,"file":"2026\/03\/may-han-laser-fiber-jasic-ls-15000-3-1.jpg","filesize":13762,"sizes":[],"image_meta":{"aperture":"0","credit":"","camera":"","caption":"","created_timestamp":"0","copyright":"","focal_length":"0","iso":"0","shutter_speed":"0","title":"","orientation":"0","keywords":[]},"ID":"490","name":"may-han-laser-fiber-jasic-ls-15000-3-1.jpg","path":"\/home\/dev.wptheme.store\/public_html\/s\/wpshoppc\/wp-content\/uploads\/2026\/03\/may-han-laser-fiber-jasic-ls-15000-3-1.jpg","url":"https:\/\/dev.wptheme.store\/s\/wpshoppc\/wp-content\/uploads\/2026\/03\/may-han-laser-fiber-jasic-ls-15000-3-1.jpg","full_url":"https:\/\/dev.wptheme.store\/s\/wpshoppc\/wp-content\/uploads\/2026\/03\/may-han-laser-fiber-jasic-ls-15000-3-1.jpg","title":"may-han-laser-fiber-jasic-ls-15000-3-1","caption":"","description":"","alt":"M\u00e1y h\u00e0n Laser Fiber Jasic LS-15000 ch\u00ednh h\u00e3ng","srcset":false},{"width":150,"height":150,"file":"2026\/03\/may-han-laser-fiber-jasic-ls-15000-2-1.jpg","filesize":15025,"sizes":[],"image_meta":{"aperture":"0","credit":"","camera":"","caption":"","created_timestamp":"0","copyright":"","focal_length":"0","iso":"0","shutter_speed":"0","title":"","orientation":"0","keywords":[]},"ID":"491","name":"may-han-laser-fiber-jasic-ls-15000-2-1.jpg","path":"\/home\/dev.wptheme.store\/public_html\/s\/wpshoppc\/wp-content\/uploads\/2026\/03\/may-han-laser-fiber-jasic-ls-15000-2-1.jpg","url":"https:\/\/dev.wptheme.store\/s\/wpshoppc\/wp-content\/uploads\/2026\/03\/may-han-laser-fiber-jasic-ls-15000-2-1.jpg","full_url":"https:\/\/dev.wptheme.store\/s\/wpshoppc\/wp-content\/uploads\/2026\/03\/may-han-laser-fiber-jasic-ls-15000-2-1.jpg","title":"may-han-laser-fiber-jasic-ls-15000-2-1","caption":"","description":"","alt":"M\u00e1y h\u00e0n Laser Fiber Jasic LS-15000 ch\u00ednh h\u00e3ng","srcset":false},{"width":150,"height":150,"file":"2026\/03\/may-han-laser-fiber-jasic-ls-15000-1.jpg","filesize":16265,"sizes":[],"image_meta":{"aperture":"0","credit":"","camera":"","caption":"","created_timestamp":"0","copyright":"","focal_length":"0","iso":"0","shutter_speed":"0","title":"","orientation":"0","keywords":[]},"ID":"492","name":"may-han-laser-fiber-jasic-ls-15000-1.jpg","path":"\/home\/dev.wptheme.store\/public_html\/s\/wpshoppc\/wp-content\/uploads\/2026\/03\/may-han-laser-fiber-jasic-ls-15000-1.jpg","url":"https:\/\/dev.wptheme.store\/s\/wpshoppc\/wp-content\/uploads\/2026\/03\/may-han-laser-fiber-jasic-ls-15000-1.jpg","full_url":"https:\/\/dev.wptheme.store\/s\/wpshoppc\/wp-content\/uploads\/2026\/03\/may-han-laser-fiber-jasic-ls-15000-1.jpg","title":"may-han-laser-fiber-jasic-ls-15000-1","caption":"","description":"","alt":"M\u00e1y h\u00e0n Laser Fiber Jasic LS-15000 ch\u00ednh h\u00e3ng","srcset":false}],"_featured":"no","_visibility":"visible","_virtual":"no","_downloadable":"no","product_type":"simple","product_attributes":[],"color_variations":[],"size_variations":[],"storage_variations":[],"material_variations":[]},"price":"132000000","demo_url":"","_links":{"self":[{"href":"https:\/\/dev.wptheme.store\/s\/wpshoppc\/wp-json\/wp\/v2\/product\/480","targetHints":{"allow":["GET"]}}],"collection":[{"href":"https:\/\/dev.wptheme.store\/s\/wpshoppc\/wp-json\/wp\/v2\/product"}],"about":[{"href":"https:\/\/dev.wptheme.store\/s\/wpshoppc\/wp-json\/wp\/v2\/types\/product"}],"version-history":[{"count":0,"href":"https:\/\/dev.wptheme.store\/s\/wpshoppc\/wp-json\/wp\/v2\/product\/480\/revisions"}],"wp:featuredmedia":[{"embeddable":true,"href":"https:\/\/dev.wptheme.store\/s\/wpshoppc\/wp-json\/wp\/v2\/media\/481"}],"wp:attachment":[{"href":"https:\/\/dev.wptheme.store\/s\/wpshoppc\/wp-json\/wp\/v2\/media?parent=480"}],"wp:term":[{"taxonomy":"product_cat","embeddable":true,"href":"https:\/\/dev.wptheme.store\/s\/wpshoppc\/wp-json\/wp\/v2\/product_cat?post=480"},{"taxonomy":"product_tag","embeddable":true,"href":"https:\/\/dev.wptheme.store\/s\/wpshoppc\/wp-json\/wp\/v2\/product_tag?post=480"},{"taxonomy":"ztteam_product_brand","embeddable":true,"href":"https:\/\/dev.wptheme.store\/s\/wpshoppc\/wp-json\/wp\/v2\/ztteam_product_brand?post=480"}],"curies":[{"name":"wp","href":"https:\/\/api.w.org\/{rel}","templated":true}]}}