{"id":73,"date":"2025-09-16T17:51:20","date_gmt":"2025-09-16T10:51:20","guid":{"rendered":"https:\/\/dev.wptheme.store\/s\/wpsvpp\/?page_id=73"},"modified":"2025-09-16T17:52:26","modified_gmt":"2025-09-16T10:52:26","slug":"huong-dan-mua-hang","status":"publish","type":"page","link":"https:\/\/dev.wptheme.store\/s\/wpsvpp\/huong-dan-mua-hang\/","title":{"rendered":"H\u01b0\u1edbng d\u1eabn mua h\u00e0ng"},"content":{"rendered":"<h2 class=\"py-2 my-4 text-2xl font-bold border-emerald-500 border-y border-opacity-10\">B\u01b0\u1edbc 1: T\u00ecm s\u1ea3n ph\u1ea9m<\/h2>\n<p class=\"mb-4 leading-relaxed\">Qu\u00fd kh\u00e1ch truy c\u1eadp website v\u00e0 ch\u1ecdn s\u1ea3n ph\u1ea9m mu\u1ed1n mua. C\u00f3 th\u1ec3 d\u00f9ng thanh t\u00ecm ki\u1ebfm ho\u1eb7c l\u1ecdc theo danh m\u1ee5c.<\/p>\n<h2 class=\"py-2 my-4 text-2xl font-bold border-emerald-500 border-y border-opacity-10\">B\u01b0\u1edbc 2: Th\u00eam v\u00e0o gi\u1ecf h\u00e0ng<\/h2>\n<p class=\"mb-4 leading-relaxed\">Nh\u1ea5n n\u00fat <strong class=\"font-cal-sans\">\u201cTh\u00eam v\u00e0o gi\u1ecf h\u00e0ng\u201d<\/strong>. Xem l\u1ea1i gi\u1ecf h\u00e0ng v\u00e0 \u0111i\u1ec1u ch\u1ec9nh s\u1ed1 l\u01b0\u1ee3ng n\u1ebfu c\u1ea7n.<\/p>\n<h2 class=\"py-2 my-4 text-2xl font-bold border-emerald-500 border-y border-opacity-10\">B\u01b0\u1edbc 3: Thanh to\u00e1n<\/h2>\n<p class=\"mb-4 leading-relaxed\">\u0110i\u1ec1n th\u00f4ng tin c\u00e1 nh\u00e2n (h\u1ecd t\u00ean, s\u1ed1 \u0111i\u1ec7n tho\u1ea1i, \u0111\u1ecba ch\u1ec9 giao h\u00e0ng). Ch\u1ecdn ph\u01b0\u01a1ng th\u1ee9c thanh to\u00e1n (COD, chuy\u1ec3n kho\u1ea3n, v\u00ed \u0111i\u1ec7n t\u1eed).<\/p>\n<h2 class=\"py-2 my-4 text-2xl font-bold border-emerald-500 border-y border-opacity-10\">B\u01b0\u1edbc 4: X\u00e1c nh\u1eadn \u0111\u01a1n h\u00e0ng<\/h2>\n<p class=\"mb-4 leading-relaxed\">Sau khi \u0111\u1eb7t, h\u1ec7 th\u1ed1ng s\u1ebd g\u1eedi email\/x\u00e1c nh\u1eadn qua SMS. B\u1ed9 ph\u1eadn CSKH s\u1ebd li\u00ean h\u1ec7 \u0111\u1ec3 x\u00e1c nh\u1eadn tr\u01b0\u1edbc khi giao h\u00e0ng.<\/p>\n","protected":false},"excerpt":{"rendered":"<p class=\"mb-4 leading-relaxed\">B\u01b0\u1edbc 1: T\u00ecm s\u1ea3n ph\u1ea9m Qu\u00fd kh\u00e1ch truy c\u1eadp website v\u00e0 ch\u1ecdn s\u1ea3n ph\u1ea9m mu\u1ed1n mua. C\u00f3 th\u1ec3 d\u00f9ng thanh t\u00ecm ki\u1ebfm ho\u1eb7c l\u1ecdc theo danh m\u1ee5c. B\u01b0\u1edbc 2: Th\u00eam v\u00e0o gi\u1ecf h\u00e0ng Nh\u1ea5n n\u00fat \u201cTh\u00eam v\u00e0o gi\u1ecf h\u00e0ng\u201d. Xem l\u1ea1i gi\u1ecf h\u00e0ng v\u00e0 \u0111i\u1ec1u ch\u1ec9nh s\u1ed1 l\u01b0\u1ee3ng n\u1ebfu c\u1ea7n. B\u01b0\u1edbc 3: Thanh to\u00e1n \u0110i\u1ec1n [&hellip;]<\/p>\n","protected":false},"author":1,"featured_media":0,"parent":0,"menu_order":0,"comment_status":"closed","ping_status":"closed","template":"","meta":{"footnotes":""},"class_list":["post-73","page","type-page","status-publish","hentry"],"meta_box":{"hero_slides":[],"hero_features":[],"categories_section_badge":"","categories_section_title":"","categories_section_title_highlight":"","categories_section_description":"","featured_category_1":"","featured_1_badge":"","featured_1_gradient":"","featured_1_discount":"","featured_category_2":"","featured_2_badge":"","featured_2_gradient":"","featured_2_special":"","secondary_categories":[],"featured_products_badge_text":"","featured_products_title":"","featured_products_title_highlight":"","featured_products_description":"","featured_products_count":"","featured_products_filter_categories":[],"blog_section_badge":"","blog_section_title":"","blog_section_title_highlight":"","blog_section_description":"","blog_featured_post":"","blog_filter_categories":[],"blog_quick_tips":[],"bio_avatar":[],"bio_full_name":"","bio_job_title":"","bio_experience_years":"","bio_email":"","bio_phone":"","bio_website":"","bio_social_links":[],"bio_featured_items":[]},"_links":{"self":[{"href":"https:\/\/dev.wptheme.store\/s\/wpsvpp\/wp-json\/wp\/v2\/pages\/73","targetHints":{"allow":["GET"]}}],"collection":[{"href":"https:\/\/dev.wptheme.store\/s\/wpsvpp\/wp-json\/wp\/v2\/pages"}],"about":[{"href":"https:\/\/dev.wptheme.store\/s\/wpsvpp\/wp-json\/wp\/v2\/types\/page"}],"author":[{"embeddable":true,"href":"https:\/\/dev.wptheme.store\/s\/wpsvpp\/wp-json\/wp\/v2\/users\/1"}],"replies":[{"embeddable":true,"href":"https:\/\/dev.wptheme.store\/s\/wpsvpp\/wp-json\/wp\/v2\/comments?post=73"}],"version-history":[{"count":1,"href":"https:\/\/dev.wptheme.store\/s\/wpsvpp\/wp-json\/wp\/v2\/pages\/73\/revisions"}],"predecessor-version":[{"id":74,"href":"https:\/\/dev.wptheme.store\/s\/wpsvpp\/wp-json\/wp\/v2\/pages\/73\/revisions\/74"}],"wp:attachment":[{"href":"https:\/\/dev.wptheme.store\/s\/wpsvpp\/wp-json\/wp\/v2\/media?parent=73"}],"curies":[{"name":"wp","href":"https:\/\/api.w.org\/{rel}","templated":true}]}}