{"id":75,"date":"2025-09-16T17:52:49","date_gmt":"2025-09-16T10:52:49","guid":{"rendered":"https:\/\/dev.wptheme.store\/s\/wpsvpp\/?page_id=75"},"modified":"2025-09-16T17:52:49","modified_gmt":"2025-09-16T10:52:49","slug":"chinh-sach-doi-tra","status":"publish","type":"page","link":"https:\/\/dev.wptheme.store\/s\/wpsvpp\/chinh-sach-doi-tra\/","title":{"rendered":"Ch\u00ednh s\u00e1ch \u0111\u1ed5i tr\u1ea3"},"content":{"rendered":"<p class=\"mb-4 leading-relaxed\"><!-- Ch\u00ednh s\u00e1ch \u0111\u1ed5i tr\u1ea3 --><\/p>\n<h2 class=\"py-2 my-4 text-2xl font-bold border-emerald-500 border-y border-opacity-10\">\u0110i\u1ec1u ki\u1ec7n \u0111\u1ed5i tr\u1ea3<\/h2>\n<ul class=\"mb-4 space-y-1 list-none\">\n<li class=\"flex items-center gap-3 leading-relaxed text-gray-800 \"><div class=\"flex items-center justify-center w-5 h-5 bg-red-100 rounded-full shrink-0\"><svg class=\"w-3 h-3 text-red-600\" fill=\"none\" stroke=\"currentColor\" stroke- viewBox=\"0 0 24 24\"><path stroke-linecap=\"round\" stroke-linejoin=\"round\" d=\"M5 13l4 4L19 7\" \/><\/svg><\/div><div class=\"flex-1\">S\u1ea3n ph\u1ea9m c\u00f2n nguy\u00ean tem, nh\u00e3n m\u00e1c, ch\u01b0a qua s\u1eed d\u1ee5ng.<\/div><\/li>\n<li class=\"flex items-center gap-3 leading-relaxed text-gray-800 \"><div class=\"flex items-center justify-center w-5 h-5 bg-red-100 rounded-full shrink-0\"><svg class=\"w-3 h-3 text-red-600\" fill=\"none\" stroke=\"currentColor\" stroke- viewBox=\"0 0 24 24\"><path stroke-linecap=\"round\" stroke-linejoin=\"round\" d=\"M5 13l4 4L19 7\" \/><\/svg><\/div><div class=\"flex-1\">Y\u00eau c\u1ea7u \u0111\u1ed5i tr\u1ea3 trong v\u00f2ng <strong class=\"font-cal-sans\">7 ng\u00e0y<\/strong> k\u1ec3 t\u1eeb ng\u00e0y nh\u1eadn h\u00e0ng.<\/div><\/li>\n<li class=\"flex items-center gap-3 leading-relaxed text-gray-800 \"><div class=\"flex items-center justify-center w-5 h-5 bg-red-100 rounded-full shrink-0\"><svg class=\"w-3 h-3 text-red-600\" fill=\"none\" stroke=\"currentColor\" stroke- viewBox=\"0 0 24 24\"><path stroke-linecap=\"round\" stroke-linejoin=\"round\" d=\"M5 13l4 4L19 7\" \/><\/svg><\/div><div class=\"flex-1\">S\u1ea3n ph\u1ea9m l\u1ed7i k\u1ef9 thu\u1eadt ho\u1eb7c giao nh\u1ea7m h\u00e0ng \u0111\u01b0\u1ee3c <strong class=\"font-cal-sans\">\u0111\u1ed5i mi\u1ec5n ph\u00ed<\/strong>.<\/div><\/li>\n<\/ul>\n<h2 class=\"py-2 my-4 text-2xl font-bold border-emerald-500 border-y border-opacity-10\">Tr\u01b0\u1eddng h\u1ee3p kh\u00f4ng \u00e1p d\u1ee5ng \u0111\u1ed5i tr\u1ea3<\/h2>\n<ul class=\"mb-4 space-y-1 list-none\">\n<li class=\"flex items-center gap-3 leading-relaxed text-gray-800 \"><div class=\"flex items-center justify-center w-5 h-5 bg-red-100 rounded-full shrink-0\"><svg class=\"w-3 h-3 text-red-600\" fill=\"none\" stroke=\"currentColor\" stroke- viewBox=\"0 0 24 24\"><path stroke-linecap=\"round\" stroke-linejoin=\"round\" d=\"M5 13l4 4L19 7\" \/><\/svg><\/div><div class=\"flex-1\">S\u1ea3n ph\u1ea9m \u0111\u00e3 qua s\u1eed d\u1ee5ng, h\u01b0 h\u1ecfng do ng\u01b0\u1eddi d\u00f9ng.<\/div><\/li>\n<li class=\"flex items-center gap-3 leading-relaxed text-gray-800 \"><div class=\"flex items-center justify-center w-5 h-5 bg-red-100 rounded-full shrink-0\"><svg class=\"w-3 h-3 text-red-600\" fill=\"none\" stroke=\"currentColor\" stroke- viewBox=\"0 0 24 24\"><path stroke-linecap=\"round\" stroke-linejoin=\"round\" d=\"M5 13l4 4L19 7\" \/><\/svg><\/div><div class=\"flex-1\">S\u1ea3n ph\u1ea9m khuy\u1ebfn m\u00e3i, qu\u00e0 t\u1eb7ng k\u00e8m.<\/div><\/li>\n<\/ul>\n<h2 class=\"py-2 my-4 text-2xl font-bold border-emerald-500 border-y border-opacity-10\">Quy tr\u00ecnh \u0111\u1ed5i tr\u1ea3<\/h2>\n<ol class=\"mb-4 space-y-1 list-decimal list-inside\">\n<li class=\"flex items-center gap-3 leading-relaxed text-gray-800 \"><div class=\"flex items-center justify-center w-5 h-5 bg-red-100 rounded-full shrink-0\"><svg class=\"w-3 h-3 text-red-600\" fill=\"none\" stroke=\"currentColor\" stroke- viewBox=\"0 0 24 24\"><path stroke-linecap=\"round\" stroke-linejoin=\"round\" d=\"M5 13l4 4L19 7\" \/><\/svg><\/div><div class=\"flex-1\">Li\u00ean h\u1ec7 CSKH qua hotline\/email.<\/div><\/li>\n<li class=\"flex items-center gap-3 leading-relaxed text-gray-800 \"><div class=\"flex items-center justify-center w-5 h-5 bg-red-100 rounded-full shrink-0\"><svg class=\"w-3 h-3 text-red-600\" fill=\"none\" stroke=\"currentColor\" stroke- viewBox=\"0 0 24 24\"><path stroke-linecap=\"round\" stroke-linejoin=\"round\" d=\"M5 13l4 4L19 7\" \/><\/svg><\/div><div class=\"flex-1\">Cung c\u1ea5p th\u00f4ng tin \u0111\u01a1n h\u00e0ng v\u00e0 l\u00fd do \u0111\u1ed5i tr\u1ea3.<\/div><\/li>\n<li class=\"flex items-center gap-3 leading-relaxed text-gray-800 \"><div class=\"flex items-center justify-center w-5 h-5 bg-red-100 rounded-full shrink-0\"><svg class=\"w-3 h-3 text-red-600\" fill=\"none\" stroke=\"currentColor\" stroke- viewBox=\"0 0 24 24\"><path stroke-linecap=\"round\" stroke-linejoin=\"round\" d=\"M5 13l4 4L19 7\" \/><\/svg><\/div><div class=\"flex-1\">G\u1eedi s\u1ea3n ph\u1ea9m v\u1ec1 \u0111\u1ecba ch\u1ec9 \u0111\u01b0\u1ee3c h\u01b0\u1edbng d\u1eabn.<\/div><\/li>\n<li class=\"flex items-center gap-3 leading-relaxed text-gray-800 \"><div class=\"flex items-center justify-center w-5 h-5 bg-red-100 rounded-full shrink-0\"><svg class=\"w-3 h-3 text-red-600\" fill=\"none\" stroke=\"currentColor\" stroke- viewBox=\"0 0 24 24\"><path stroke-linecap=\"round\" stroke-linejoin=\"round\" d=\"M5 13l4 4L19 7\" \/><\/svg><\/div><div class=\"flex-1\">Nh\u1eadn s\u1ea3n ph\u1ea9m m\u1edbi ho\u1eb7c ho\u00e0n ti\u1ec1n theo th\u1ecfa thu\u1eadn.<\/div><\/li>\n<\/ol>\n","protected":false},"excerpt":{"rendered":"<p class=\"mb-4 leading-relaxed\">\u0110i\u1ec1u ki\u1ec7n \u0111\u1ed5i tr\u1ea3 S\u1ea3n ph\u1ea9m c\u00f2n nguy\u00ean tem, nh\u00e3n m\u00e1c, ch\u01b0a qua s\u1eed d\u1ee5ng. Y\u00eau c\u1ea7u \u0111\u1ed5i tr\u1ea3 trong v\u00f2ng 7 ng\u00e0y k\u1ec3 t\u1eeb ng\u00e0y nh\u1eadn h\u00e0ng. S\u1ea3n ph\u1ea9m l\u1ed7i k\u1ef9 thu\u1eadt ho\u1eb7c giao nh\u1ea7m h\u00e0ng \u0111\u01b0\u1ee3c \u0111\u1ed5i mi\u1ec5n ph\u00ed. Tr\u01b0\u1eddng h\u1ee3p kh\u00f4ng \u00e1p d\u1ee5ng \u0111\u1ed5i tr\u1ea3 S\u1ea3n ph\u1ea9m \u0111\u00e3 qua s\u1eed d\u1ee5ng, h\u01b0 [&hellip;]<\/p>\n","protected":false},"author":1,"featured_media":0,"parent":0,"menu_order":0,"comment_status":"closed","ping_status":"closed","template":"","meta":{"footnotes":""},"class_list":["post-75","page","type-page","status-publish","hentry"],"meta_box":{"hero_slides":[],"hero_features":[],"categories_section_badge":"","categories_section_title":"","categories_section_title_highlight":"","categories_section_description":"","featured_category_1":"","featured_1_badge":"","featured_1_gradient":"","featured_1_discount":"","featured_category_2":"","featured_2_badge":"","featured_2_gradient":"","featured_2_special":"","secondary_categories":[],"featured_products_badge_text":"","featured_products_title":"","featured_products_title_highlight":"","featured_products_description":"","featured_products_count":"","featured_products_filter_categories":[],"blog_section_badge":"","blog_section_title":"","blog_section_title_highlight":"","blog_section_description":"","blog_featured_post":"","blog_filter_categories":[],"blog_quick_tips":[],"bio_avatar":[],"bio_full_name":"","bio_job_title":"","bio_experience_years":"","bio_email":"","bio_phone":"","bio_website":"","bio_social_links":[],"bio_featured_items":[]},"_links":{"self":[{"href":"https:\/\/dev.wptheme.store\/s\/wpsvpp\/wp-json\/wp\/v2\/pages\/75","targetHints":{"allow":["GET"]}}],"collection":[{"href":"https:\/\/dev.wptheme.store\/s\/wpsvpp\/wp-json\/wp\/v2\/pages"}],"about":[{"href":"https:\/\/dev.wptheme.store\/s\/wpsvpp\/wp-json\/wp\/v2\/types\/page"}],"author":[{"embeddable":true,"href":"https:\/\/dev.wptheme.store\/s\/wpsvpp\/wp-json\/wp\/v2\/users\/1"}],"replies":[{"embeddable":true,"href":"https:\/\/dev.wptheme.store\/s\/wpsvpp\/wp-json\/wp\/v2\/comments?post=75"}],"version-history":[{"count":1,"href":"https:\/\/dev.wptheme.store\/s\/wpsvpp\/wp-json\/wp\/v2\/pages\/75\/revisions"}],"predecessor-version":[{"id":76,"href":"https:\/\/dev.wptheme.store\/s\/wpsvpp\/wp-json\/wp\/v2\/pages\/75\/revisions\/76"}],"wp:attachment":[{"href":"https:\/\/dev.wptheme.store\/s\/wpsvpp\/wp-json\/wp\/v2\/media?parent=75"}],"curies":[{"name":"wp","href":"https:\/\/api.w.org\/{rel}","templated":true}]}}