{"id":77,"date":"2025-09-16T17:53:01","date_gmt":"2025-09-16T10:53:01","guid":{"rendered":"https:\/\/dev.wptheme.store\/s\/wpsvpp\/?page_id=77"},"modified":"2025-09-16T17:53:01","modified_gmt":"2025-09-16T10:53:01","slug":"chinh-sach-bao-hanh","status":"publish","type":"page","link":"https:\/\/dev.wptheme.store\/s\/wpsvpp\/chinh-sach-bao-hanh\/","title":{"rendered":"Ch\u00ednh s\u00e1ch b\u1ea3o h\u00e0nh"},"content":{"rendered":"<p class=\"mb-4 leading-relaxed\"><!-- Ch\u00ednh s\u00e1ch b\u1ea3o h\u00e0nh --><\/p>\n<h2 class=\"py-2 my-4 text-2xl font-bold border-emerald-500 border-y border-opacity-10\">Th\u1eddi gian b\u1ea3o h\u00e0nh<\/h2>\n<p class=\"mb-4 leading-relaxed\">M\u1ed7i s\u1ea3n ph\u1ea9m s\u1ebd c\u00f3 th\u1eddi gian b\u1ea3o h\u00e0nh kh\u00e1c nhau (6 \u2013 12 th\u00e1ng). Th\u00f4ng tin c\u1ee5 th\u1ec3 ghi r\u00f5 tr\u00ean phi\u1ebfu b\u1ea3o h\u00e0nh ho\u1eb7c trong m\u00f4 t\u1ea3 s\u1ea3n ph\u1ea9m.<\/p>\n<h2 class=\"py-2 my-4 text-2xl font-bold border-emerald-500 border-y border-opacity-10\">\u0110i\u1ec1u ki\u1ec7n b\u1ea3o h\u00e0nh<\/h2>\n<ul class=\"mb-4 space-y-1 list-none\">\n<li class=\"flex items-center gap-3 leading-relaxed text-gray-800 \"><div class=\"flex items-center justify-center w-5 h-5 bg-red-100 rounded-full shrink-0\"><svg class=\"w-3 h-3 text-red-600\" fill=\"none\" stroke=\"currentColor\" stroke- viewBox=\"0 0 24 24\"><path stroke-linecap=\"round\" stroke-linejoin=\"round\" d=\"M5 13l4 4L19 7\" \/><\/svg><\/div><div class=\"flex-1\">L\u1ed7i k\u1ef9 thu\u1eadt t\u1eeb nh\u00e0 s\u1ea3n xu\u1ea5t.<\/div><\/li>\n<li class=\"flex items-center gap-3 leading-relaxed text-gray-800 \"><div class=\"flex items-center justify-center w-5 h-5 bg-red-100 rounded-full shrink-0\"><svg class=\"w-3 h-3 text-red-600\" fill=\"none\" stroke=\"currentColor\" stroke- viewBox=\"0 0 24 24\"><path stroke-linecap=\"round\" stroke-linejoin=\"round\" d=\"M5 13l4 4L19 7\" \/><\/svg><\/div><div class=\"flex-1\">C\u00f3 h\u00f3a \u0111\u01a1n\/phi\u1ebfu mua h\u00e0ng v\u00e0 phi\u1ebfu b\u1ea3o h\u00e0nh \u0111i k\u00e8m.<\/div><\/li>\n<\/ul>\n<h2 class=\"py-2 my-4 text-2xl font-bold border-emerald-500 border-y border-opacity-10\">Kh\u00f4ng \u00e1p d\u1ee5ng b\u1ea3o h\u00e0nh<\/h2>\n<ul class=\"mb-4 space-y-1 list-none\">\n<li class=\"flex items-center gap-3 leading-relaxed text-gray-800 \"><div class=\"flex items-center justify-center w-5 h-5 bg-red-100 rounded-full shrink-0\"><svg class=\"w-3 h-3 text-red-600\" fill=\"none\" stroke=\"currentColor\" stroke- viewBox=\"0 0 24 24\"><path stroke-linecap=\"round\" stroke-linejoin=\"round\" d=\"M5 13l4 4L19 7\" \/><\/svg><\/div><div class=\"flex-1\">H\u01b0 h\u1ecfng do s\u1eed d\u1ee5ng sai c\u00e1ch, r\u01a1i v\u1ee1, va \u0111\u1eadp, n\u01b0\u1edbc v\u00e0o.<\/div><\/li>\n<li class=\"flex items-center gap-3 leading-relaxed text-gray-800 \"><div class=\"flex items-center justify-center w-5 h-5 bg-red-100 rounded-full shrink-0\"><svg class=\"w-3 h-3 text-red-600\" fill=\"none\" stroke=\"currentColor\" stroke- viewBox=\"0 0 24 24\"><path stroke-linecap=\"round\" stroke-linejoin=\"round\" d=\"M5 13l4 4L19 7\" \/><\/svg><\/div><div class=\"flex-1\">T\u1ef1 \u00fd s\u1eeda ch\u1eefa ho\u1eb7c thay th\u1ebf linh ki\u1ec7n.<\/div><\/li>\n<\/ul>\n<h2 class=\"py-2 my-4 text-2xl font-bold border-emerald-500 border-y border-opacity-10\">H\u00ecnh th\u1ee9c b\u1ea3o h\u00e0nh<\/h2>\n<ul class=\"mb-4 space-y-1 list-none\">\n<li class=\"flex items-center gap-3 leading-relaxed text-gray-800 \"><div class=\"flex items-center justify-center w-5 h-5 bg-red-100 rounded-full shrink-0\"><svg class=\"w-3 h-3 text-red-600\" fill=\"none\" stroke=\"currentColor\" stroke- viewBox=\"0 0 24 24\"><path stroke-linecap=\"round\" stroke-linejoin=\"round\" d=\"M5 13l4 4L19 7\" \/><\/svg><\/div><div class=\"flex-1\">S\u1eeda ch\u1eefa mi\u1ec5n ph\u00ed.<\/div><\/li>\n<li class=\"flex items-center gap-3 leading-relaxed text-gray-800 \"><div class=\"flex items-center justify-center w-5 h-5 bg-red-100 rounded-full shrink-0\"><svg class=\"w-3 h-3 text-red-600\" fill=\"none\" stroke=\"currentColor\" stroke- viewBox=\"0 0 24 24\"><path stroke-linecap=\"round\" stroke-linejoin=\"round\" d=\"M5 13l4 4L19 7\" \/><\/svg><\/div><div class=\"flex-1\">\u0110\u1ed5i m\u1edbi n\u1ebfu kh\u00f4ng kh\u1eafc ph\u1ee5c \u0111\u01b0\u1ee3c l\u1ed7i.<\/div><\/li>\n<\/ul>\n","protected":false},"excerpt":{"rendered":"<p class=\"mb-4 leading-relaxed\">Th\u1eddi gian b\u1ea3o h\u00e0nh M\u1ed7i s\u1ea3n ph\u1ea9m s\u1ebd c\u00f3 th\u1eddi gian b\u1ea3o h\u00e0nh kh\u00e1c nhau (6 \u2013 12 th\u00e1ng). Th\u00f4ng tin c\u1ee5 th\u1ec3 ghi r\u00f5 tr\u00ean phi\u1ebfu b\u1ea3o h\u00e0nh ho\u1eb7c trong m\u00f4 t\u1ea3 s\u1ea3n ph\u1ea9m. \u0110i\u1ec1u ki\u1ec7n b\u1ea3o h\u00e0nh L\u1ed7i k\u1ef9 thu\u1eadt t\u1eeb nh\u00e0 s\u1ea3n xu\u1ea5t. C\u00f3 h\u00f3a \u0111\u01a1n\/phi\u1ebfu mua h\u00e0ng v\u00e0 phi\u1ebfu b\u1ea3o h\u00e0nh [&hellip;]<\/p>\n","protected":false},"author":1,"featured_media":0,"parent":0,"menu_order":0,"comment_status":"closed","ping_status":"closed","template":"","meta":{"footnotes":""},"class_list":["post-77","page","type-page","status-publish","hentry"],"meta_box":{"hero_slides":[],"hero_features":[],"categories_section_badge":"","categories_section_title":"","categories_section_title_highlight":"","categories_section_description":"","featured_category_1":"","featured_1_badge":"","featured_1_gradient":"","featured_1_discount":"","featured_category_2":"","featured_2_badge":"","featured_2_gradient":"","featured_2_special":"","secondary_categories":[],"featured_products_badge_text":"","featured_products_title":"","featured_products_title_highlight":"","featured_products_description":"","featured_products_count":"","featured_products_filter_categories":[],"blog_section_badge":"","blog_section_title":"","blog_section_title_highlight":"","blog_section_description":"","blog_featured_post":"","blog_filter_categories":[],"blog_quick_tips":[],"bio_avatar":[],"bio_full_name":"","bio_job_title":"","bio_experience_years":"","bio_email":"","bio_phone":"","bio_website":"","bio_social_links":[],"bio_featured_items":[]},"_links":{"self":[{"href":"https:\/\/dev.wptheme.store\/s\/wpsvpp\/wp-json\/wp\/v2\/pages\/77","targetHints":{"allow":["GET"]}}],"collection":[{"href":"https:\/\/dev.wptheme.store\/s\/wpsvpp\/wp-json\/wp\/v2\/pages"}],"about":[{"href":"https:\/\/dev.wptheme.store\/s\/wpsvpp\/wp-json\/wp\/v2\/types\/page"}],"author":[{"embeddable":true,"href":"https:\/\/dev.wptheme.store\/s\/wpsvpp\/wp-json\/wp\/v2\/users\/1"}],"replies":[{"embeddable":true,"href":"https:\/\/dev.wptheme.store\/s\/wpsvpp\/wp-json\/wp\/v2\/comments?post=77"}],"version-history":[{"count":1,"href":"https:\/\/dev.wptheme.store\/s\/wpsvpp\/wp-json\/wp\/v2\/pages\/77\/revisions"}],"predecessor-version":[{"id":78,"href":"https:\/\/dev.wptheme.store\/s\/wpsvpp\/wp-json\/wp\/v2\/pages\/77\/revisions\/78"}],"wp:attachment":[{"href":"https:\/\/dev.wptheme.store\/s\/wpsvpp\/wp-json\/wp\/v2\/media?parent=77"}],"curies":[{"name":"wp","href":"https:\/\/api.w.org\/{rel}","templated":true}]}}