{"id":79,"date":"2025-09-16T17:53:12","date_gmt":"2025-09-16T10:53:12","guid":{"rendered":"https:\/\/dev.wptheme.store\/s\/wpsvpp\/?page_id=79"},"modified":"2025-09-16T17:53:12","modified_gmt":"2025-09-16T10:53:12","slug":"van-chuyen-giao-hang","status":"publish","type":"page","link":"https:\/\/dev.wptheme.store\/s\/wpsvpp\/van-chuyen-giao-hang\/","title":{"rendered":"V\u1eadn chuy\u1ec3n &#038; Giao h\u00e0ng"},"content":{"rendered":"<p class=\"mb-4 leading-relaxed\"><!-- V\u1eadn chuy\u1ec3n & Giao h\u00e0ng --><\/p>\n<h2 class=\"py-2 my-4 text-2xl font-bold border-emerald-500 border-y border-opacity-10\">Ph\u1ea1m vi giao h\u00e0ng<\/h2>\n<p class=\"mb-4 leading-relaxed\">Giao h\u00e0ng to\u00e0n qu\u1ed1c th\u00f4ng qua c\u00e1c \u0111\u01a1n v\u1ecb v\u1eadn chuy\u1ec3n uy t\u00edn.<\/p>\n<h2 class=\"py-2 my-4 text-2xl font-bold border-emerald-500 border-y border-opacity-10\">Th\u1eddi gian giao h\u00e0ng<\/h2>\n<ul class=\"mb-4 space-y-1 list-none\">\n<li class=\"flex items-center gap-3 leading-relaxed text-gray-800 \"><div class=\"flex items-center justify-center w-5 h-5 bg-red-100 rounded-full shrink-0\"><svg class=\"w-3 h-3 text-red-600\" fill=\"none\" stroke=\"currentColor\" stroke- viewBox=\"0 0 24 24\"><path stroke-linecap=\"round\" stroke-linejoin=\"round\" d=\"M5 13l4 4L19 7\" \/><\/svg><\/div><div class=\"flex-1\">N\u1ed9i th\u00e0nh: 1 \u2013 2 ng\u00e0y.<\/div><\/li>\n<li class=\"flex items-center gap-3 leading-relaxed text-gray-800 \"><div class=\"flex items-center justify-center w-5 h-5 bg-red-100 rounded-full shrink-0\"><svg class=\"w-3 h-3 text-red-600\" fill=\"none\" stroke=\"currentColor\" stroke- viewBox=\"0 0 24 24\"><path stroke-linecap=\"round\" stroke-linejoin=\"round\" d=\"M5 13l4 4L19 7\" \/><\/svg><\/div><div class=\"flex-1\">Ngo\u1ea1i t\u1ec9nh: 3 \u2013 7 ng\u00e0y t\u00f9y khu v\u1ef1c.<\/div><\/li>\n<\/ul>\n<h2 class=\"py-2 my-4 text-2xl font-bold border-emerald-500 border-y border-opacity-10\">Ph\u00ed v\u1eadn chuy\u1ec3n<\/h2>\n<ul class=\"mb-4 space-y-1 list-none\">\n<li class=\"flex items-center gap-3 leading-relaxed text-gray-800 \"><div class=\"flex items-center justify-center w-5 h-5 bg-red-100 rounded-full shrink-0\"><svg class=\"w-3 h-3 text-red-600\" fill=\"none\" stroke=\"currentColor\" stroke- viewBox=\"0 0 24 24\"><path stroke-linecap=\"round\" stroke-linejoin=\"round\" d=\"M5 13l4 4L19 7\" \/><\/svg><\/div><div class=\"flex-1\">Mi\u1ec5n ph\u00ed v\u1edbi \u0111\u01a1n h\u00e0ng t\u1eeb XXX.000\u0111 tr\u1edf l\u00ean.<\/div><\/li>\n<li class=\"flex items-center gap-3 leading-relaxed text-gray-800 \"><div class=\"flex items-center justify-center w-5 h-5 bg-red-100 rounded-full shrink-0\"><svg class=\"w-3 h-3 text-red-600\" fill=\"none\" stroke=\"currentColor\" stroke- viewBox=\"0 0 24 24\"><path stroke-linecap=\"round\" stroke-linejoin=\"round\" d=\"M5 13l4 4L19 7\" \/><\/svg><\/div><div class=\"flex-1\">\u0110\u01a1n h\u00e0ng d\u01b0\u1edbi m\u1ee9c quy \u0111\u1ecbnh: t\u00ednh ph\u00ed theo \u0111\u01a1n v\u1ecb v\u1eadn chuy\u1ec3n.<\/div><\/li>\n<\/ul>\n<h2 class=\"py-2 my-4 text-2xl font-bold border-emerald-500 border-y border-opacity-10\">L\u01b0u \u00fd khi nh\u1eadn h\u00e0ng<\/h2>\n<ul class=\"mb-4 space-y-1 list-none\">\n<li class=\"flex items-center gap-3 leading-relaxed text-gray-800 \"><div class=\"flex items-center justify-center w-5 h-5 bg-red-100 rounded-full shrink-0\"><svg class=\"w-3 h-3 text-red-600\" fill=\"none\" stroke=\"currentColor\" stroke- viewBox=\"0 0 24 24\"><path stroke-linecap=\"round\" stroke-linejoin=\"round\" d=\"M5 13l4 4L19 7\" \/><\/svg><\/div><div class=\"flex-1\">Qu\u00fd kh\u00e1ch vui l\u00f2ng ki\u1ec3m tra t\u00ecnh tr\u1ea1ng s\u1ea3n ph\u1ea9m tr\u01b0\u1edbc khi k\u00fd nh\u1eadn.<\/div><\/li>\n<li class=\"flex items-center gap-3 leading-relaxed text-gray-800 \"><div class=\"flex items-center justify-center w-5 h-5 bg-red-100 rounded-full shrink-0\"><svg class=\"w-3 h-3 text-red-600\" fill=\"none\" stroke=\"currentColor\" stroke- viewBox=\"0 0 24 24\"><path stroke-linecap=\"round\" stroke-linejoin=\"round\" d=\"M5 13l4 4L19 7\" \/><\/svg><\/div><div class=\"flex-1\">N\u1ebfu ph\u00e1t hi\u1ec7n l\u1ed7i\/h\u01b0 h\u1ecfng, t\u1eeb ch\u1ed1i nh\u1eadn h\u00e0ng v\u00e0 li\u00ean h\u1ec7 ngay CSKH.<\/div><\/li>\n<\/ul>\n","protected":false},"excerpt":{"rendered":"<p class=\"mb-4 leading-relaxed\">Ph\u1ea1m vi giao h\u00e0ng Giao h\u00e0ng to\u00e0n qu\u1ed1c th\u00f4ng qua c\u00e1c \u0111\u01a1n v\u1ecb v\u1eadn chuy\u1ec3n uy t\u00edn. Th\u1eddi gian giao h\u00e0ng N\u1ed9i th\u00e0nh: 1 \u2013 2 ng\u00e0y. Ngo\u1ea1i t\u1ec9nh: 3 \u2013 7 ng\u00e0y t\u00f9y khu v\u1ef1c. Ph\u00ed v\u1eadn chuy\u1ec3n Mi\u1ec5n ph\u00ed v\u1edbi \u0111\u01a1n h\u00e0ng t\u1eeb XXX.000\u0111 tr\u1edf l\u00ean. \u0110\u01a1n h\u00e0ng d\u01b0\u1edbi m\u1ee9c quy \u0111\u1ecbnh: t\u00ednh [&hellip;]<\/p>\n","protected":false},"author":1,"featured_media":0,"parent":0,"menu_order":0,"comment_status":"closed","ping_status":"closed","template":"","meta":{"footnotes":""},"class_list":["post-79","page","type-page","status-publish","hentry"],"meta_box":{"hero_slides":[],"hero_features":[],"categories_section_badge":"","categories_section_title":"","categories_section_title_highlight":"","categories_section_description":"","featured_category_1":"","featured_1_badge":"","featured_1_gradient":"","featured_1_discount":"","featured_category_2":"","featured_2_badge":"","featured_2_gradient":"","featured_2_special":"","secondary_categories":[],"featured_products_badge_text":"","featured_products_title":"","featured_products_title_highlight":"","featured_products_description":"","featured_products_count":"","featured_products_filter_categories":[],"blog_section_badge":"","blog_section_title":"","blog_section_title_highlight":"","blog_section_description":"","blog_featured_post":"","blog_filter_categories":[],"blog_quick_tips":[],"bio_avatar":[],"bio_full_name":"","bio_job_title":"","bio_experience_years":"","bio_email":"","bio_phone":"","bio_website":"","bio_social_links":[],"bio_featured_items":[]},"_links":{"self":[{"href":"https:\/\/dev.wptheme.store\/s\/wpsvpp\/wp-json\/wp\/v2\/pages\/79","targetHints":{"allow":["GET"]}}],"collection":[{"href":"https:\/\/dev.wptheme.store\/s\/wpsvpp\/wp-json\/wp\/v2\/pages"}],"about":[{"href":"https:\/\/dev.wptheme.store\/s\/wpsvpp\/wp-json\/wp\/v2\/types\/page"}],"author":[{"embeddable":true,"href":"https:\/\/dev.wptheme.store\/s\/wpsvpp\/wp-json\/wp\/v2\/users\/1"}],"replies":[{"embeddable":true,"href":"https:\/\/dev.wptheme.store\/s\/wpsvpp\/wp-json\/wp\/v2\/comments?post=79"}],"version-history":[{"count":1,"href":"https:\/\/dev.wptheme.store\/s\/wpsvpp\/wp-json\/wp\/v2\/pages\/79\/revisions"}],"predecessor-version":[{"id":80,"href":"https:\/\/dev.wptheme.store\/s\/wpsvpp\/wp-json\/wp\/v2\/pages\/79\/revisions\/80"}],"wp:attachment":[{"href":"https:\/\/dev.wptheme.store\/s\/wpsvpp\/wp-json\/wp\/v2\/media?parent=79"}],"curies":[{"name":"wp","href":"https:\/\/api.w.org\/{rel}","templated":true}]}}